{"id":75312,"date":"2025-07-29T10:42:53","date_gmt":"2025-07-29T10:42:53","guid":{"rendered":"https:\/\/fv6qoy3ls0.wpdns.site\/product\/tripode-profesional-de-cabezal-fluido-sirui-sq75vhs10\/"},"modified":"2026-02-18T18:24:40","modified_gmt":"2026-02-18T18:24:40","slug":"sirui-tripode-profesional-de-cabezal-fluido-sirui-sq75vhs10","status":"publish","type":"product","link":"https:\/\/hi-techwonder.com\/es\/producto\/sirui-tripode-profesional-de-cabezal-fluido-sirui-sq75vhs10\/","title":{"rendered":"Tr\u00edpode profesional de cabezal fluido SIRUI SQ75+VHS10"},"content":{"rendered":"<h3>Tr\u00edpode profesional de cabezal fluido SIRUI SQ75+VHS10<\/h3>\n<p><strong>Funciones<\/strong><br \/>\u2022 Tr\u00edpode de fibra de carbono con patas dobles y sistema de ajuste r\u00e1pido<br \/>\u2022 Capacidad de carga de hasta 18 kg, ideal para equipos pesados como c\u00e1maras RED y profesionales<br \/>\u2022 Sistema de bloqueo lateral con bloqueo abatible patentado para un ajuste r\u00e1pido de la altura<br \/>\u2022 Cabezal fluido VHS10 con 7 niveles de contrapeso, adecuado para c\u00e1maras de hasta 10 kg<br \/>\u2022 Movimiento de giro e inclinaci\u00f3n de 360\u00b0 de -65\u00b0 a +90\u00b0 con ajuste de fricci\u00f3n en pasos 3+0<br \/>\u2022 Esparcidor de suelo integrado para una mayor estabilidad en diferentes superficies<br \/>\u2022 Pies de herradura y clavos met\u00e1licos para usar en terrenos duros o blandos<br \/>\u2022 Compatible con Dolly SIRUI DT-06 y otros accesorios universales<br \/>\u2022 Placa lateral de liberaci\u00f3n r\u00e1pida con pasador de seguridad y ajuste de 30 mm, ideal para teleobjetivos<br \/>\u2022 Medio recipiente de 75 mm con sistema de liberaci\u00f3n r\u00e1pida para un montaje\/desmontaje eficiente<br \/>\u2022 Asa port\u00e1til ARRI desmontable para facilitar su transporte<\/p>\n<p><img decoding=\"async\" src=\"https:\/\/cdn.shopify.com\/s\/files\/1\/0449\/9344\/6037\/files\/SQ75_9_c171e43d-f84e-4630-aee1-f48a2bcfb966.jpg?v=1724744962\" style=\"width: 25%\" alt=\"\"><\/p>\n<p><strong>Contenido del paquete<\/strong><br \/>\u2022 1x Tr\u00edpode SIRUI SQ75<br \/>\u2022 1x cabezal fluido SIRUI VHS10<br \/>\u2022 1x esparcidor de piso<br \/>\u2022 1x correa port\u00e1til<br \/>\u2022 1x bolsa de transporte<br \/>\u2022 1x llave Allen incorporada<\/p>\n<p><img decoding=\"async\" src=\"https:\/\/cdn.shopify.com\/s\/files\/1\/0449\/9344\/6037\/files\/SQ75_26.jpg?v=1724053515\" style=\"width: 25%\" alt=\"\"><\/p>\n<p><strong>Descripci\u00f3n<\/strong><br \/>El kit de tr\u00edpode SIRUI SQ75+VHS10 ofrece una estabilidad y flexibilidad excepcionales para los vide\u00f3grafos profesionales. Con patas de fibra de carbono de 16 mm y una capacidad de carga de hasta 18 kg, este tr\u00edpode es perfecto para soportar equipos pesados. El sistema patentado de bloqueo abatible le permite ajustar r\u00e1pidamente la altura, incluso con la c\u00e1mara montada. El cabezal fluido VHS10 incluye un sistema de contrapeso de 7 pasos para un ajuste preciso y movimientos suaves, con fricci\u00f3n de giro e inclinaci\u00f3n ajustable. El dise\u00f1o robusto y los pr\u00e1cticos accesorios, como el mango ARRI y el esparcidor de piso, aseguran que este kit sea ideal para disparar sobre la marcha o en ubicaciones fijas.    <\/p>\n<p><video controls=\"\" src=\"https:\/\/cdn.shopify.com\/videos\/c\/o\/v\/ae2b92f2ee9b498395c493a6802d0c95.mp4\" width=\"640\" height=\"360\" class=\"note-video-clip\"><\/video><\/p>\n<h4><b>Caracter\u00edsticas t\u00e9cnicas<\/b><\/h4>\n<h4>Cabezal VHS10<\/h4>\n<table>\n<thead>\n<tr>\n<th>Especificaci\u00f3n<\/th>\n<th>VHS10<\/th>\n<\/tr>\n<\/thead>\n<tbody>\n<tr>\n<td>Material<\/td>\n<td>: aleaci\u00f3n de aluminio<\/td>\n<\/tr>\n<tr>\n<td>Color<\/td>\n<td>Negro<\/td>\n<\/tr>\n<tr>\n<td>Capacidad de carga de la balanza (kg)<\/td>\n<td>0-10<\/td>\n<\/tr>\n<tr>\n<td>Bloqueo de seguridad<\/td>\n<td>S\u00ed<\/td>\n<\/tr>\n<tr>\n<td>Panor\u00e1mica<\/td>\n<p> de <\/p>\n<td>360\u00b0<\/td>\n<\/tr>\n<tr>\n<td>Di\u00e1metro de la bola (mm)<\/td>\n<td>75<\/td>\n<\/tr>\n<tr>\n<td><\/td>\n<td>Inclinaci\u00f3n-65\u00b0\/+90\u00b0<\/td>\n<\/tr>\n<tr>\n<td>Peso (kg)<\/td>\n<td>2.5<\/td>\n<\/tr>\n<tr>\n<td>Altura (mm)<\/td>\n<td>292<\/td>\n<\/tr>\n<tr>\n<td>Fricci\u00f3n de barrido (pasos)<\/td>\n<td>3 pasos + 0<\/td>\n<\/tr>\n<tr>\n<td>Fricci\u00f3n de inclinaci\u00f3n (pasos)<\/td>\n<td>3 pasos + 0<\/td>\n<\/tr>\n<tr>\n<td>Contrapeso (Pasos)<\/td>\n<td>7 Pasos 0-10kg<\/td>\n<\/tr>\n<tr>\n<td>Asa<\/td>\n<td>1X32-50cm<\/td>\n<\/tr>\n<\/tbody>\n<\/table>\n<hr>\n<h4>Tr\u00edpode SQ75<\/h4>\n<table>\n<thead>\n<tr>\n<th>Especificaci\u00f3n SQ75<\/th>\n<th><\/th>\n<\/tr>\n<\/thead>\n<tbody>\n<tr>\n<td>Material<\/td>\n<td>: Fibra de carbono<\/td>\n<\/tr>\n<tr>\n<td>Color<\/td>\n<td>Negro<\/td>\n<\/tr>\n<tr>\n<td>Capacidad de carga de equilibrio (kg)<\/td>\n<td>\/<\/td>\n<\/tr>\n<tr>\n<td>Bloqueo de seguridad<\/td>\n<td>\/<\/td>\n<\/tr>\n<tr>\n<td>Movimiento panor\u00e1mico<\/td>\n<td>\/<\/td>\n<\/tr>\n<tr>\n<td>Di\u00e1metro de la bola (mm)<\/td>\n<td>\/<\/td>\n<\/tr>\n<tr>\n<td>Inclinaci\u00f3n<\/td>\n<td>\/<\/td>\n<\/tr>\n<tr>\n<td>Peso (kg)<\/td>\n<td>2.5<\/td>\n<\/tr>\n<tr>\n<td>Altura (mm)<\/td>\n<td>\/<\/td>\n<\/tr>\n<tr>\n<td>Fricci\u00f3n de barrido (pasos)<\/td>\n<td>\/<\/td>\n<\/tr>\n<tr>\n<td>Fricci\u00f3n de inclinaci\u00f3n (pasos<\/td>\n<td>)\/<\/td>\n<\/tr>\n<tr>\n<td>Contrapeso (Escalones)<\/td>\n<td>\/<\/td>\n<\/tr>\n<tr>\n<td>Asa<\/td>\n<td>\/<\/td>\n<\/tr>\n<tr>\n<td>Secciones<\/td>\n<td>3<\/td>\n<\/tr>\n<tr>\n<td>Di\u00e1metro m\u00e1ximo del tubo (mm)<\/td>\n<td>16<\/td>\n<\/tr>\n<tr>\n<td>Di\u00e1metro m\u00ednimo del tubo (mm)<\/td>\n<td>13<\/td>\n<\/tr>\n<tr>\n<td>Altura plegada (mm)<\/td>\n<td>760<\/td>\n<\/tr>\n<tr>\n<td>Altura m\u00ednima de trabajo (mm)<\/td>\n<td>485<\/td>\n<\/tr>\n<tr>\n<td>Altura m\u00e1xima de trabajo (mm)<\/td>\n<td>1650<\/td>\n<\/tr>\n<tr>\n<td>Carga m\u00e1xima (kg)<\/td>\n<td>18<\/td>\n<\/tr>\n<\/tbody>\n<\/table>\n","protected":false},"excerpt":{"rendered":"<p>Tr\u00edpode profesional de cabezal fluido SIRUI SQ75+VHS10 Funciones\u2022 Tr\u00edpode de fibra de carbono con patas dobles y sistema de ajuste<\/p>\n","protected":false},"featured_media":66497,"comment_status":"closed","ping_status":"closed","template":"","meta":{"_acf_changed":false},"product_brand":[2597],"product_cat":[1091],"product_tag":[],"class_list":{"0":"post-75312","1":"product","2":"type-product","3":"status-publish","4":"has-post-thumbnail","6":"product_brand-sirui-es","7":"product_cat-kits-de-video-es","9":"first","10":"instock","11":"taxable","12":"shipping-taxable","13":"purchasable","14":"product-type-simple"},"bundled_by":[],"bundle_stock_status":"instock","bundle_stock_quantity":1,"bundle_virtual":false,"bundle_layout":"","bundle_add_to_cart_form_location":"","bundle_editable_in_cart":false,"bundle_sold_individually_context":"","bundle_item_grouping":"","bundle_min_size":"","bundle_max_size":"","bundle_price":[],"bundled_items":[],"bundle_sell_ids":[],"acf":[],"_links":{"self":[{"href":"https:\/\/hi-techwonder.com\/es\/wp-json\/wp\/v2\/product\/75312","targetHints":{"allow":["GET"]}}],"collection":[{"href":"https:\/\/hi-techwonder.com\/es\/wp-json\/wp\/v2\/product"}],"about":[{"href":"https:\/\/hi-techwonder.com\/es\/wp-json\/wp\/v2\/types\/product"}],"replies":[{"embeddable":true,"href":"https:\/\/hi-techwonder.com\/es\/wp-json\/wp\/v2\/comments?post=75312"}],"wp:featuredmedia":[{"embeddable":true,"href":"https:\/\/hi-techwonder.com\/es\/wp-json\/wp\/v2\/media\/66497"}],"wp:attachment":[{"href":"https:\/\/hi-techwonder.com\/es\/wp-json\/wp\/v2\/media?parent=75312"}],"wp:term":[{"taxonomy":"product_brand","embeddable":true,"href":"https:\/\/hi-techwonder.com\/es\/wp-json\/wp\/v2\/product_brand?post=75312"},{"taxonomy":"product_cat","embeddable":true,"href":"https:\/\/hi-techwonder.com\/es\/wp-json\/wp\/v2\/product_cat?post=75312"},{"taxonomy":"product_tag","embeddable":true,"href":"https:\/\/hi-techwonder.com\/es\/wp-json\/wp\/v2\/product_tag?post=75312"}],"curies":[{"name":"wp","href":"https:\/\/api.w.org\/{rel}","templated":true}]}}