{"id":75314,"date":"2025-07-29T10:18:10","date_gmt":"2025-07-29T10:18:10","guid":{"rendered":"https:\/\/fv6qoy3ls0.wpdns.site\/product\/sirui-softbox-click-softbox-105cm-para-bowens\/"},"modified":"2025-07-29T10:18:10","modified_gmt":"2025-07-29T10:18:10","slug":"sirui-softbox-click-softbox-105cm-para-bowens","status":"publish","type":"product","link":"https:\/\/hi-techwonder.com\/es\/producto\/sirui-softbox-click-softbox-105cm-para-bowens\/","title":{"rendered":"SIRUI Softbox Click Softbox 105cm para Bowens"},"content":{"rendered":"<p><strong>SIRUI Softbox Montaje r\u00e1pido 105cm<\/strong><\/p>\n<ul>\n<li>Difusores internos y externos<\/li>\n<li>Dise\u00f1o hexadecagonal (16 lados)<\/li>\n<li>Interior plateado para maximizar la iluminaci\u00f3n<\/li>\n<\/ul>\n<p>La caja de luz Quick Assembly de 105 cm de Sirui tiene un dise\u00f1o hexadecagonal (16 lados) y tiene versatilidad debido a su soporte Bowens extra\u00edble ampliamente compatible. Se monta y desmonta en segundos y cuenta con difusores internos y frontales extra\u00edbles para variar el contraste y un interior plateado para maximizar la iluminaci\u00f3n <\/p>\n<p>El modificador cubre un amplio campo, pero puede agregar la rejilla de tela incluida para lograr un control direccional para una iluminaci\u00f3n selectiva mientras minimiza la emisi\u00f3n de luz.<\/p>\n<ul>\n<li>Montaje y desmontaje r\u00e1pidos<\/li>\n<li>Tejido de difusi\u00f3n interna y frontal<\/li>\n<li>El soporte Bowens funciona con una variedad de sistemas, incluidos los monolights de la serie Sirui Blaze<\/li>\n<li>Incluye rejilla de tela<\/li>\n<li>Ideal para retratos, productos, entrevistas, transmisi\u00f3n en vivo y m\u00e1s<\/li>\n<\/ul>\n<p><strong>En la caja<\/strong><\/p>\n<ul>\n<li>Sirui Softbox Montaje r\u00e1pido 105cm<\/li>\n<li>Rejilla de tela<\/li>\n<li>Tejidos de difusi\u00f3n interna y frontal<\/li>\n<\/ul>\n","protected":false},"excerpt":{"rendered":"<p>SIRUI Softbox Montaje r\u00e1pido 105cm Difusores internos y externos Dise\u00f1o hexadecagonal (16 lados) Interior plateado para maximizar la iluminaci\u00f3n La<\/p>\n","protected":false},"featured_media":61421,"comment_status":"closed","ping_status":"open","template":"","meta":{"_acf_changed":false},"product_brand":[2597],"product_cat":[1009],"product_tag":[],"class_list":{"0":"post-75314","1":"product","2":"type-product","3":"status-publish","4":"has-post-thumbnail","6":"product_brand-sirui-es","7":"product_cat-hexadecagonales","9":"first","10":"instock","11":"taxable","12":"shipping-taxable","13":"purchasable","14":"product-type-simple"},"bundled_by":[],"bundle_stock_status":"instock","bundle_stock_quantity":1,"bundle_virtual":false,"bundle_layout":"","bundle_add_to_cart_form_location":"","bundle_editable_in_cart":false,"bundle_sold_individually_context":"","bundle_item_grouping":"","bundle_min_size":"","bundle_max_size":"","bundle_price":[],"bundled_items":[],"bundle_sell_ids":[],"acf":[],"_links":{"self":[{"href":"https:\/\/hi-techwonder.com\/es\/wp-json\/wp\/v2\/product\/75314","targetHints":{"allow":["GET"]}}],"collection":[{"href":"https:\/\/hi-techwonder.com\/es\/wp-json\/wp\/v2\/product"}],"about":[{"href":"https:\/\/hi-techwonder.com\/es\/wp-json\/wp\/v2\/types\/product"}],"replies":[{"embeddable":true,"href":"https:\/\/hi-techwonder.com\/es\/wp-json\/wp\/v2\/comments?post=75314"}],"wp:featuredmedia":[{"embeddable":true,"href":"https:\/\/hi-techwonder.com\/es\/wp-json\/wp\/v2\/media\/61421"}],"wp:attachment":[{"href":"https:\/\/hi-techwonder.com\/es\/wp-json\/wp\/v2\/media?parent=75314"}],"wp:term":[{"taxonomy":"product_brand","embeddable":true,"href":"https:\/\/hi-techwonder.com\/es\/wp-json\/wp\/v2\/product_brand?post=75314"},{"taxonomy":"product_cat","embeddable":true,"href":"https:\/\/hi-techwonder.com\/es\/wp-json\/wp\/v2\/product_cat?post=75314"},{"taxonomy":"product_tag","embeddable":true,"href":"https:\/\/hi-techwonder.com\/es\/wp-json\/wp\/v2\/product_tag?post=75314"}],"curies":[{"name":"wp","href":"https:\/\/api.w.org\/{rel}","templated":true}]}}