{"id":75318,"date":"2025-07-29T10:16:21","date_gmt":"2025-07-29T10:16:21","guid":{"rendered":"https:\/\/fv6qoy3ls0.wpdns.site\/product\/sirui-caja-de-luz-rectangular-60x90cm-qr6090-para-bowens\/"},"modified":"2026-01-15T16:46:29","modified_gmt":"2026-01-15T16:46:29","slug":"sirui-caja-de-luz-rectangular-60x90cm-qr6090-para-bowens","status":"publish","type":"product","link":"https:\/\/hi-techwonder.com\/es\/producto\/sirui-caja-de-luz-rectangular-60x90cm-qr6090-para-bowens\/","title":{"rendered":"SIRUI Caja de luz rectangular 60x90cm QR6090 para Bowens"},"content":{"rendered":"<h2><b>SIRUI QR6090 Softbox Rectangular 60x90cm, Rejilla y Ensamblaje Bowens<\/b><\/h2>\n<p>La <strong data-start=\"1635\" data-end=\"1659\">caja de luz SIRUI QR6090<\/strong> est\u00e1 dise\u00f1ada para fot\u00f3grafos y vide\u00f3grafos que exigen un control de luz profesional con practicidad. Con su sistema de clic r\u00e1pido y su estructura met\u00e1lica plegable, se monta y desmonta en segundos, ideal para aquellos que siempre est\u00e1n en movimiento y necesitan optimizar el tiempo. <\/p>\n<h4 data-start=\"249\" data-end=\"275\"><b><br \/><\/b><\/h4>\n<h4 data-start=\"249\" data-end=\"275\"><b>Funciones<\/b><\/h4>\n<ul data-start=\"276\" data-end=\"718\">\n<li data-start=\"276\" data-end=\"337\">\n<p data-start=\"278\" data-end=\"337\">Caja de luz rectangular de 60&#215;90 cm con sistema de clic r\u00e1pido<\/p>\n<\/li>\n<li data-start=\"338\" data-end=\"389\">\n<p data-start=\"340\" data-end=\"389\">Dise\u00f1o plegable con marco de metal resistente<\/p>\n<\/li>\n<li data-start=\"390\" data-end=\"454\">\n<p data-start=\"392\" data-end=\"454\">Montura Bowens compatible con varias marcas de iluminadores<\/p>\n<\/li>\n<li data-start=\"455\" data-end=\"504\">\n<p data-start=\"457\" data-end=\"504\">Incluye dos pa\u00f1os difusores (internos y externos)<\/p>\n<\/li>\n<li data-start=\"505\" data-end=\"566\">\n<p data-start=\"507\" data-end=\"566\">Rejilla (panal) incluida para el control direccional de la luz<\/p>\n<\/li>\n<li data-start=\"567\" data-end=\"618\">\n<p data-start=\"569\" data-end=\"618\">Compacto y f\u00e1cil de transportar: viene con una bolsa<\/p>\n<\/li>\n<li data-start=\"619\" data-end=\"675\">\n<p data-start=\"621\" data-end=\"675\">Ideal para rodajes en estudio o al aire libre<\/p>\n<\/li>\n<li data-start=\"676\" data-end=\"718\">\n<p data-start=\"678\" data-end=\"718\"><em data-start=\"678\" data-end=\"684\">Nota<\/em>: Iluminador y tr\u00edpode no incluidos<\/p>\n<p data-start=\"678\" data-end=\"718\"><\/p>\n<\/li>\n<\/ul>\n<h4 data-start=\"2740\" data-end=\"2772\"><strong data-start=\"2745\" data-end=\"2772\">Especificaciones t\u00e9cnicas<\/strong><\/h4>\n<ul data-start=\"2773\" data-end=\"3111\">\n<li data-start=\"2773\" data-end=\"2795\">\n<p data-start=\"2775\" data-end=\"2795\"><strong data-start=\"2775\" data-end=\"2785\">Modelo<\/strong>: QR6090<\/p>\n<\/li>\n<li data-start=\"2796\" data-end=\"2823\">\n<p data-start=\"2798\" data-end=\"2823\"><strong data-start=\"2798\" data-end=\"2809\">Forma<\/strong>: Rectangular<\/p>\n<\/li>\n<li data-start=\"2824\" data-end=\"2853\">\n<p data-start=\"2826\" data-end=\"2853\"><strong data-start=\"2826\" data-end=\"2839\">Dimensiones<\/strong>: 60 x 90 cm<\/p>\n<\/li>\n<li data-start=\"2854\" data-end=\"2881\">\n<p data-start=\"2856\" data-end=\"2881\"><strong data-start=\"2856\" data-end=\"2864\">Peso<\/strong>: Aprox. 1,2 kg <\/p>\n<\/li>\n<li data-start=\"2882\" data-end=\"2906\">\n<p data-start=\"2884\" data-end=\"2906\"><strong data-start=\"2884\" data-end=\"2896\">Montaje<\/strong>: Bowens<\/p>\n<\/li>\n<li data-start=\"2907\" data-end=\"2972\">\n<p data-start=\"2909\" data-end=\"2972\"><strong data-start=\"2909\" data-end=\"2921\">Material<\/strong>: Estructura met\u00e1lica + tejido de alta resistencia<\/p>\n<\/li>\n<li data-start=\"2973\" data-end=\"3021\">\n<p data-start=\"2975\" data-end=\"3021\"><strong data-start=\"2975\" data-end=\"2988\">Difusores<\/strong>: Internos y externos (incluidos)<\/p>\n<\/li>\n<li data-start=\"3022\" data-end=\"3057\">\n<p data-start=\"3024\" data-end=\"3057\"><strong data-start=\"3024\" data-end=\"3040\">Rejilla<\/strong>: S\u00ed, incluido<\/p>\n<\/li>\n<li data-start=\"3058\" data-end=\"3111\">\n<p data-start=\"3060\" data-end=\"3111\"><strong data-start=\"3060\" data-end=\"3074\">Transporte<\/strong>: Bolsa con compartimentos internos<\/p>\n<p data-start=\"3060\" data-end=\"3111\"><\/p>\n<\/li>\n<\/ul>\n<h4 data-start=\"1387\" data-end=\"1417\"><strong data-start=\"1392\" data-end=\"1417\"><br \/><\/strong><\/h4>\n<h4 data-start=\"1387\" data-end=\"1417\"><strong data-start=\"1392\" data-end=\"1417\">Contenido del paquete<\/strong><\/h4>\n<ul data-start=\"1418\" data-end=\"1596\">\n<li data-start=\"1418\" data-end=\"1456\">\n<p data-start=\"1420\" data-end=\"1456\">1x SIRUI Softbox QR6090 (60x90cm)<\/p>\n<\/li>\n<li data-start=\"1457\" data-end=\"1490\">\n<p data-start=\"1459\" data-end=\"1490\">1x Rejilla (Rejilla \/ Panal)<\/p>\n<\/li>\n<li data-start=\"1491\" data-end=\"1533\">\n<p data-start=\"1493\" data-end=\"1533\">2x Pa\u00f1os difusores (internos y externos)<\/p>\n<\/li>\n<li data-start=\"1534\" data-end=\"1569\">\n<p data-start=\"1536\" data-end=\"1569\">1x Adaptador de montura Bowens<\/p>\n<\/li>\n<li data-start=\"1570\" data-end=\"1596\">\n<p data-start=\"1572\" data-end=\"1596\">1x bolsa de transporte<\/p>\n<p data-start=\"1572\" data-end=\"1596\"><\/p>\n<p data-start=\"1572\" data-end=\"1596\"><\/p>\n<\/li>\n<\/ul>\n","protected":false},"excerpt":{"rendered":"<p>SIRUI QR6090 Softbox Rectangular 60x90cm, Rejilla y Ensamblaje Bowens La caja de luz SIRUI QR6090 est\u00e1 dise\u00f1ada para fot\u00f3grafos y<\/p>\n","protected":false},"featured_media":60927,"comment_status":"closed","ping_status":"open","template":"","meta":{"_acf_changed":false},"product_brand":[2597],"product_cat":[1014],"product_tag":[],"class_list":{"0":"post-75318","1":"product","2":"type-product","3":"status-publish","4":"has-post-thumbnail","6":"product_brand-sirui-es","7":"product_cat-rectangulares-es","9":"first","10":"instock","11":"taxable","12":"shipping-taxable","13":"purchasable","14":"product-type-simple"},"bundled_by":[],"bundle_stock_status":"instock","bundle_stock_quantity":2,"bundle_virtual":false,"bundle_layout":"","bundle_add_to_cart_form_location":"","bundle_editable_in_cart":false,"bundle_sold_individually_context":"","bundle_item_grouping":"","bundle_min_size":"","bundle_max_size":"","bundle_price":[],"bundled_items":[],"bundle_sell_ids":[],"acf":[],"_links":{"self":[{"href":"https:\/\/hi-techwonder.com\/es\/wp-json\/wp\/v2\/product\/75318","targetHints":{"allow":["GET"]}}],"collection":[{"href":"https:\/\/hi-techwonder.com\/es\/wp-json\/wp\/v2\/product"}],"about":[{"href":"https:\/\/hi-techwonder.com\/es\/wp-json\/wp\/v2\/types\/product"}],"replies":[{"embeddable":true,"href":"https:\/\/hi-techwonder.com\/es\/wp-json\/wp\/v2\/comments?post=75318"}],"wp:featuredmedia":[{"embeddable":true,"href":"https:\/\/hi-techwonder.com\/es\/wp-json\/wp\/v2\/media\/60927"}],"wp:attachment":[{"href":"https:\/\/hi-techwonder.com\/es\/wp-json\/wp\/v2\/media?parent=75318"}],"wp:term":[{"taxonomy":"product_brand","embeddable":true,"href":"https:\/\/hi-techwonder.com\/es\/wp-json\/wp\/v2\/product_brand?post=75318"},{"taxonomy":"product_cat","embeddable":true,"href":"https:\/\/hi-techwonder.com\/es\/wp-json\/wp\/v2\/product_cat?post=75318"},{"taxonomy":"product_tag","embeddable":true,"href":"https:\/\/hi-techwonder.com\/es\/wp-json\/wp\/v2\/product_tag?post=75318"}],"curies":[{"name":"wp","href":"https:\/\/api.w.org\/{rel}","templated":true}]}}