{"id":75320,"date":"2025-07-29T10:48:43","date_gmt":"2025-07-29T10:48:43","guid":{"rendered":"https:\/\/fv6qoy3ls0.wpdns.site\/product\/smallrig-4017-nato-agarre-lateral-cierre-a-presion\/"},"modified":"2025-07-29T10:48:43","modified_gmt":"2025-07-29T10:48:43","slug":"smallrig-4017-nato-agarre-lateral-cierre-a-presion","status":"publish","type":"product","link":"https:\/\/hi-techwonder.com\/es\/producto\/smallrig-4017-nato-agarre-lateral-cierre-a-presion\/","title":{"rendered":"SMALLRIG 4017 NATO Agarre lateral \/ Cierre a presi\u00f3n"},"content":{"rendered":"<p><strong>SMALLRIG 4017 NATO Agarre lateral \/ Cierre a presi\u00f3n<\/strong><\/p>\n<p><strong>Funciones:<\/strong><\/p>\n<ul>\n<li>Empu\u00f1adura lateral para el armaz\u00f3n de la c\u00e1mara<\/li>\n<li>Para usar en el lado derecho o izquierdo<\/li>\n<li>Abrazadera de bloqueo r\u00e1pido NATO<\/li>\n<li>Roscas de 1\/4&#8243;-20, ranura para correa de mu\u00f1eca<\/li>\n<li>Soporte de zapato, capacidad de carga 12 kg<\/li>\n<li>1.4 Ajuste vertical<\/li>\n<li>Llave hexagonal magn\u00e9tica incorporada<\/li>\n<\/ul>\n<p><strong>Contenido del paquete:<\/strong><\/p>\n<ul>\n<li>Empu\u00f1adura lateral SmallRig 4117 NATO de bloqueo r\u00e1pido<\/li>\n<li>Llave hexagonal magn\u00e9tica incorporada<\/li>\n<\/ul>\n<p><strong>Descripci\u00f3n:<\/strong><\/p>\n<ul>\n<li style=\"text-align: justify;\">Capaz de acoplarse al armaz\u00f3n de la c\u00e1mara con un simple \u00abclic\u00bb, esta empu\u00f1adura lateral NATO de cierre r\u00e1pido y cierre r\u00e1pido de SmallRig ofrece una empu\u00f1adura lateral derecha o izquierda con puntos de montaje adicionales para su equipo. La abrazadera NATO de bloqueo r\u00e1pido puede asegurar el mango a cualquier riel NATO compatible para una f\u00e1cil instalaci\u00f3n. El mango tambi\u00e9n se puede ajustar verticalmente en 1.4&#8243; para un equilibrio \u00f3ptimo.\n<\/li>\n<\/ul>\n<p><img loading=\"lazy\" decoding=\"async\" src=\"https:\/\/etcine.pt\/img\/cms\/1%20gif.gif\" width=\"400\" height=\"200\" alt=\"\"><\/p>\n<p>Nota\/Im\u00e1genes de demostraci\u00f3n:  <\/p>\n<p>El art\u00edculo no incluye c\u00e1maras \/ jaulas ni accesorios asociados. SmallRig 4117 NATO Quick-Lock Side Grip solamente con llave hexagonal magn\u00e9tica incorporada <\/p>\n<ul>\n<li style=\"text-align: justify;\">M\u00faltiples roscas de 1\/4&#8243;-20 y una ranura de montaje en zapata en la parte superior del mango proporcionan lugares para sujetar su luz de relleno, monitor externo o brida para cables. Tambi\u00e9n hay una ranura para la correa de la mu\u00f1eca para mayor seguridad. El mango est\u00e1 construido en aleaci\u00f3n de aluminio y tiene una capacidad de carga de 12 kg para equipos m\u00e1s pesados. Una llave hexagonal magn\u00e9tica incorporada facilita la colocaci\u00f3n y extracci\u00f3n de accesorios.   <\/li>\n<\/ul>\n<p><strong>Caracter\u00edsticas t\u00e9cnicas:<\/strong><\/p>\n<div class=\"group_fDXOr6EpR9 keySpec_fDXOr6EpR9\" style=\"box-sizing: inherit; margin-bottom: 2.1875rem; box-shadow: #cccccc 0px 0px 4px 1px; font-family: OpenSans, 'Segoe UI', Helvetica, Roboto, Arial, sans-serif; font-size: 16px; background-color: #ffffff;\">\n<div class=\"name_fDXOr6EpR9 firstGroupInItem_fDXOr6EpR9\" style=\"box-sizing: inherit; border-bottom: 2px solid #3f9a59; color: #3f9a59; font-size: 2rem; line-height: 2rem; padding: 0.9375rem 1.75rem; align-items: center; background: #f0f8ee; display: flex;\" data-selenium=\"specsItemGroupName\"><strong><span style=\"box-sizing: inherit; vertical-align: inherit;\"><span style=\"box-sizing: inherit; vertical-align: inherit;\">Principal<\/span><\/span><\/strong><\/div>\n<table class=\"table_fDXOr6EpR9\" style=\"box-sizing: inherit; width: 936.656px;\" data-selenium=\"specsItemGroupTable\">\n<tbody style=\"box-sizing: inherit;\">\n<tr class=\"pair_KqJ3Q3GPKv keySpec_KqJ3Q3GPKv\" style=\"box-sizing: inherit; border-bottom: 0.0625rem solid #e5e5e5;\" data-selenium=\"specsItemGroupTableRow\">\n<td class=\"label_KqJ3Q3GPKv \" style=\"box-sizing: inherit; border-top: none; padding: 1.25rem 0.625rem 1.25rem 1.8125rem; width: 355.922px; font-size: 1.125rem; font-weight: 600; line-height: 1.375rem; vertical-align: baseline;\" data-selenium=\"specsItemGroupTableColumnLabel\"><span style=\"box-sizing: inherit; vertical-align: inherit;\">Tipo de art\u00edculo<\/span><\/td>\n<td class=\"value_KqJ3Q3GPKv \" style=\"box-sizing: inherit; font-size: 1.125rem; line-height: 1.375rem; vertical-align: baseline; padding: 1.25rem 0px 1.25rem 2.5rem;\" data-selenium=\"specsItemGroupTableColumnValue\">\n<div class=\"expandableValue_KqJ3Q3GPKv\" style=\"box-sizing: inherit; height: auto;\">Empu\u00f1adura ambidiestra (lado izquierdo o derecho)<\/div>\n<\/td>\n<\/tr>\n<tr class=\"pair_KqJ3Q3GPKv keySpec_KqJ3Q3GPKv\" style=\"box-sizing: inherit; border-bottom: 0.0625rem solid #e5e5e5;\" data-selenium=\"specsItemGroupTableRow\">\n<td class=\"label_KqJ3Q3GPKv\" style=\"box-sizing: inherit; border-top: none; padding: 1.25rem 0.625rem 1.25rem 1.8125rem; width: 355.922px; font-size: 1.125rem; font-weight: 600; line-height: 1.375rem; vertical-align: baseline;\" data-selenium=\"specsItemGroupTableColumnLabel\"><span style=\"box-sizing: inherit; vertical-align: inherit;\">M\u00e9todo de fijaci\u00f3n<\/span><\/td>\n<td class=\"value_KqJ3Q3GPKv\" style=\"box-sizing: inherit; font-size: 1.125rem; line-height: 1.375rem; vertical-align: baseline; padding: 1.25rem 0px 1.25rem 2.5rem;\" data-selenium=\"specsItemGroupTableColumnValue\">\n<div class=\"expandableValue_KqJ3Q3GPKv\" style=\"box-sizing: inherit; height: auto;\"><span style=\"box-sizing: inherit; vertical-align: inherit;\"><span style=\"box-sizing: inherit; vertical-align: inherit;\">Fijaci\u00f3n mediante abrazadera de riel<\/span><span style=\"box-sizing: inherit; vertical-align: inherit;\"><\/span><\/span><\/div>\n<\/td>\n<\/tr>\n<tr class=\"pair_KqJ3Q3GPKv keySpec_KqJ3Q3GPKv\" style=\"box-sizing: inherit; border-bottom: 0.0625rem solid #e5e5e5;\" data-selenium=\"specsItemGroupTableRow\">\n<td class=\"label_KqJ3Q3GPKv\" style=\"box-sizing: inherit; border-top: none; padding: 1.25rem 0.625rem 1.25rem 1.8125rem; width: 355.922px; font-size: 1.125rem; font-weight: 600; line-height: 1.375rem; vertical-align: baseline;\" data-selenium=\"specsItemGroupTableColumnLabel\"><span style=\"box-sizing: inherit; vertical-align: inherit;\">Accesorios de montaje<\/span><\/td>\n<td class=\"value_KqJ3Q3GPKv\" style=\"box-sizing: inherit; font-size: 1.125rem; line-height: 1.375rem; vertical-align: baseline; padding: 1.25rem 0px 1.25rem 2.5rem;\" data-selenium=\"specsItemGroupTableColumnValue\">\n<div class=\"expandableValue_KqJ3Q3GPKv\" style=\"box-sizing: inherit; height: auto;\"><span style=\"box-sizing: inherit; font-weight: bolder;\"><span style=\"box-sizing: inherit; vertical-align: inherit;\"><span style=\"box-sizing: inherit; vertical-align: inherit;\">M\u00faltiple x<\/span><\/span><span style=\"box-sizing: inherit; vertical-align: inherit;\"> 1\/4&#8243;-20 Rosca<\/span><\/span><\/div>\n<\/td>\n<\/tr>\n<tr class=\"pair_KqJ3Q3GPKv keySpec_KqJ3Q3GPKv\" style=\"box-sizing: inherit; border-bottom: 0.0625rem solid #e5e5e5;\" data-selenium=\"specsItemGroupTableRow\">\n<td class=\"label_KqJ3Q3GPKv\" style=\"box-sizing: inherit; border-top: none; padding: 1.25rem 0.625rem 1.25rem 1.8125rem; width: 355.922px; font-size: 1.125rem; font-weight: 600; line-height: 1.375rem; vertical-align: baseline;\" data-selenium=\"specsItemGroupTableColumnLabel\"><span style=\"box-sizing: inherit; vertical-align: inherit;\">Montaje de zapata<\/span><\/td>\n<td class=\"value_KqJ3Q3GPKv\" style=\"box-sizing: inherit; font-size: 1.125rem; line-height: 1.375rem; vertical-align: baseline; padding: 1.25rem 0px 1.25rem 2.5rem;\" data-selenium=\"specsItemGroupTableColumnValue\">\n<div class=\"expandableValue_KqJ3Q3GPKv\" style=\"box-sizing: inherit; height: auto;\"><span style=\"box-sizing: inherit; font-weight: bolder;\"><span style=\"box-sizing: inherit; vertical-align: inherit;\"><span style=\"box-sizing: inherit; vertical-align: inherit;\">1 x<\/span><\/span><span style=\"box-sizing: inherit; vertical-align: inherit;\"> Ranura de zapata fr\u00eda incorporada<\/span><\/span><\/div>\n<\/td>\n<\/tr>\n<tr class=\"pair_KqJ3Q3GPKv keySpec_KqJ3Q3GPKv\" style=\"box-sizing: inherit; border-bottom: 0.0625rem solid #e5e5e5;\" data-selenium=\"specsItemGroupTableRow\">\n<td class=\"label_KqJ3Q3GPKv\" style=\"box-sizing: inherit; border-top: none; padding: 1.25rem 0.625rem 1.25rem 1.8125rem; width: 355.922px; font-size: 1.125rem; font-weight: 600; line-height: 1.375rem; vertical-align: baseline;\" data-selenium=\"specsItemGroupTableColumnLabel\"><span style=\"box-sizing: inherit; vertical-align: inherit;\">Montaje en riel<\/span><\/td>\n<td class=\"value_KqJ3Q3GPKv\" style=\"box-sizing: inherit; font-size: 1.125rem; line-height: 1.375rem; vertical-align: baseline; padding: 1.25rem 0px 1.25rem 2.5rem;\" data-selenium=\"specsItemGroupTableColumnValue\">\n<div class=\"expandableValue_KqJ3Q3GPKv\" style=\"box-sizing: inherit; height: auto;\"><span style=\"box-sizing: inherit; font-weight: bolder;\"><span style=\"box-sizing: inherit; vertical-align: inherit;\"><span style=\"box-sizing: inherit; vertical-align: inherit;\">1 x<\/span><\/span><span style=\"box-sizing: inherit; vertical-align: inherit;\"> abrazadera de riel NATO<\/span><\/span><\/div>\n<\/td>\n<\/tr>\n<\/tbody>\n<\/table>\n<\/div>\n<div class=\"group_fDXOr6EpR9\" style=\"box-sizing: inherit; margin-bottom: 2.1875rem; font-family: OpenSans, 'Segoe UI', Helvetica, Roboto, Arial, sans-serif; font-size: 16px; background-color: #ffffff;\">\n<table class=\"table_fDXOr6EpR9\" style=\"box-sizing: inherit; width: 936.656px;\" data-selenium=\"specsItemGroupTable\">\n<tbody style=\"box-sizing: inherit;\">\n<tr class=\"pair_KqJ3Q3GPKv\" style=\"box-sizing: inherit; border-bottom: 0.0625rem solid #e5e5e5;\" data-selenium=\"specsItemGroupTableRow\">\n<td class=\"label_KqJ3Q3GPKv \" style=\"box-sizing: inherit; border-top: none; padding: 1.25rem 0px; width: 355.922px; color: #666666; font-size: 1.125rem; line-height: 1.375rem; vertical-align: baseline;\" data-selenium=\"specsItemGroupTableColumnLabel\"><span style=\"box-sizing: inherit; vertical-align: inherit;\">Controles integrados<\/span><\/td>\n<td class=\"value_KqJ3Q3GPKv \" style=\"box-sizing: inherit; color: #666666; font-size: 1.125rem; line-height: 1.375rem; vertical-align: baseline; padding: 1.25rem 0px 1.25rem 2.5rem;\" data-selenium=\"specsItemGroupTableColumnValue\">\n<div class=\"expandableValue_KqJ3Q3GPKv\" style=\"box-sizing: inherit;\">No<\/div>\n<\/td>\n<\/tr>\n<\/tbody>\n<\/table>\n<\/div>\n<div class=\"group_fDXOr6EpR9\" style=\"box-sizing: inherit; margin-bottom: 2.1875rem; font-family: OpenSans, 'Segoe UI', Helvetica, Roboto, Arial, sans-serif; font-size: 16px; background-color: #ffffff;\">\n<div class=\"name_fDXOr6EpR9\" style=\"box-sizing: inherit; border-bottom: 0.125rem solid #cccccc; color: #3f9a59; font-size: 2rem; line-height: 2rem; padding: 1rem 0px 0.875rem;\" data-selenium=\"specsItemGroupName\"><strong><span style=\"box-sizing: inherit; vertical-align: inherit;\">Montura<\/span><\/strong><\/div>\n<table class=\"table_fDXOr6EpR9\" style=\"box-sizing: inherit; width: 936.656px;\" data-selenium=\"specsItemGroupTable\">\n<tbody style=\"box-sizing: inherit;\">\n<tr class=\"pair_KqJ3Q3GPKv\" style=\"box-sizing: inherit; border-bottom: 0.0625rem solid #e5e5e5;\" data-selenium=\"specsItemGroupTableRow\">\n<td class=\"label_KqJ3Q3GPKv \" style=\"box-sizing: inherit; border-top: none; padding: 1.25rem 0px; width: 355.922px; color: #666666; font-size: 1.125rem; line-height: 1.375rem; vertical-align: baseline;\" data-selenium=\"specsItemGroupTableColumnLabel\"><span style=\"box-sizing: inherit; vertical-align: inherit;\">M\u00e9todo de fijaci\u00f3n<\/span><\/td>\n<td class=\"value_KqJ3Q3GPKv \" style=\"box-sizing: inherit; color: #666666; font-size: 1.125rem; line-height: 1.375rem; vertical-align: baseline; padding: 1.25rem 0px 1.25rem 2.5rem;\" data-selenium=\"specsItemGroupTableColumnValue\">\n<div class=\"expandableValue_KqJ3Q3GPKv\" style=\"box-sizing: inherit;\"><span style=\"box-sizing: inherit; vertical-align: inherit;\">Fijaci\u00f3n mediante abrazadera de riel<\/span><\/div>\n<\/td>\n<\/tr>\n<tr class=\"pair_KqJ3Q3GPKv\" style=\"box-sizing: inherit; border-bottom: 0.0625rem solid #e5e5e5;\" data-selenium=\"specsItemGroupTableRow\">\n<td class=\"label_KqJ3Q3GPKv\" style=\"box-sizing: inherit; border-top: none; padding: 1.25rem 0px; width: 355.922px; color: #666666; font-size: 1.125rem; line-height: 1.375rem; vertical-align: baseline;\" data-selenium=\"specsItemGroupTableColumnLabel\"><span style=\"box-sizing: inherit; vertical-align: inherit;\">Accesorios de montaje<\/span><\/td>\n<td class=\"value_KqJ3Q3GPKv\" style=\"box-sizing: inherit; color: #666666; font-size: 1.125rem; line-height: 1.375rem; vertical-align: baseline; padding: 1.25rem 0px 1.25rem 2.5rem;\" data-selenium=\"specsItemGroupTableColumnValue\">\n<div class=\"expandableValue_KqJ3Q3GPKv\" style=\"box-sizing: inherit;\"><span style=\"box-sizing: inherit; font-weight: bolder;\"><span style=\"box-sizing: inherit; vertical-align: inherit;\"><span style=\"box-sizing: inherit; vertical-align: inherit;\">M\u00faltiple x<\/span><\/span><span style=\"box-sizing: inherit; vertical-align: inherit;\"> 1\/4&#8243;-20 Rosca<\/span><\/span><\/div>\n<\/td>\n<\/tr>\n<tr class=\"pair_KqJ3Q3GPKv\" style=\"box-sizing: inherit; border-bottom: 0.0625rem solid #e5e5e5;\" data-selenium=\"specsItemGroupTableRow\">\n<td class=\"label_KqJ3Q3GPKv\" style=\"box-sizing: inherit; border-top: none; padding: 1.25rem 0px; width: 355.922px; color: #666666; font-size: 1.125rem; line-height: 1.375rem; vertical-align: baseline;\" data-selenium=\"specsItemGroupTableColumnLabel\"><span style=\"box-sizing: inherit; vertical-align: inherit;\">Montaje de zapata<\/span><\/td>\n<td class=\"value_KqJ3Q3GPKv\" style=\"box-sizing: inherit; color: #666666; font-size: 1.125rem; line-height: 1.375rem; vertical-align: baseline; padding: 1.25rem 0px 1.25rem 2.5rem;\" data-selenium=\"specsItemGroupTableColumnValue\">\n<div class=\"expandableValue_KqJ3Q3GPKv\" style=\"box-sizing: inherit;\"><span style=\"box-sizing: inherit; font-weight: bolder;\"><span style=\"box-sizing: inherit; vertical-align: inherit;\"><span style=\"box-sizing: inherit; vertical-align: inherit;\">1 x<\/span><\/span><span style=\"box-sizing: inherit; vertical-align: inherit;\"> Ranura de zapata fr\u00eda incorporada<\/span><\/span><\/div>\n<\/td>\n<\/tr>\n<tr class=\"pair_KqJ3Q3GPKv\" style=\"box-sizing: inherit; border-bottom: 0.0625rem solid #e5e5e5;\" data-selenium=\"specsItemGroupTableRow\">\n<td class=\"label_KqJ3Q3GPKv\" style=\"box-sizing: inherit; border-top: none; padding: 1.25rem 0px; width: 355.922px; color: #666666; font-size: 1.125rem; line-height: 1.375rem; vertical-align: baseline;\" data-selenium=\"specsItemGroupTableColumnLabel\"><span style=\"box-sizing: inherit; vertical-align: inherit;\">Rosetones<\/span><\/td>\n<td class=\"value_KqJ3Q3GPKv\" style=\"box-sizing: inherit; color: #666666; font-size: 1.125rem; line-height: 1.375rem; vertical-align: baseline; padding: 1.25rem 0px 1.25rem 2.5rem;\" data-selenium=\"specsItemGroupTableColumnValue\">\n<div class=\"expandableValue_KqJ3Q3GPKv\" style=\"box-sizing: inherit;\">No<\/div>\n<\/td>\n<\/tr>\n<tr class=\"pair_KqJ3Q3GPKv\" style=\"box-sizing: inherit; border-bottom: 0.0625rem solid #e5e5e5;\" data-selenium=\"specsItemGroupTableRow\">\n<td class=\"label_KqJ3Q3GPKv\" style=\"box-sizing: inherit; border-top: none; padding: 1.25rem 0px; width: 355.922px; color: #666666; font-size: 1.125rem; line-height: 1.375rem; vertical-align: baseline;\" data-selenium=\"specsItemGroupTableColumnLabel\"><span style=\"box-sizing: inherit; vertical-align: inherit;\">Montaje en riel<\/span><\/td>\n<td class=\"value_KqJ3Q3GPKv\" style=\"box-sizing: inherit; color: #666666; font-size: 1.125rem; line-height: 1.375rem; vertical-align: baseline; padding: 1.25rem 0px 1.25rem 2.5rem;\" data-selenium=\"specsItemGroupTableColumnValue\">\n<div class=\"expandableValue_KqJ3Q3GPKv\" style=\"box-sizing: inherit;\"><span style=\"box-sizing: inherit; font-weight: bolder;\"><span style=\"box-sizing: inherit; vertical-align: inherit;\"><span style=\"box-sizing: inherit; vertical-align: inherit;\">1 x<\/span><\/span><span style=\"box-sizing: inherit; vertical-align: inherit;\"> abrazadera de riel NATO<\/span><\/span><\/div>\n<\/td>\n<\/tr>\n<\/tbody>\n<\/table>\n<\/div>\n<div class=\"group_fDXOr6EpR9\" style=\"box-sizing: inherit; margin-bottom: 2.1875rem; font-family: OpenSans, 'Segoe UI', Helvetica, Roboto, Arial, sans-serif; font-size: 16px; background-color: #ffffff;\">\n<div class=\"name_fDXOr6EpR9\" style=\"box-sizing: inherit; border-bottom: 0.125rem solid #cccccc; color: #3f9a59; font-size: 2rem; line-height: 2rem; padding: 1rem 0px 0.875rem;\" data-selenium=\"specsItemGroupName\"><strong><span style=\"box-sizing: inherit; vertical-align: inherit;\">General<\/span><\/strong><\/div>\n<table class=\"table_fDXOr6EpR9\" style=\"box-sizing: inherit; width: 936.656px;\" data-selenium=\"specsItemGroupTable\">\n<tbody style=\"box-sizing: inherit;\">\n<tr class=\"pair_KqJ3Q3GPKv\" style=\"box-sizing: inherit; border-bottom: 0.0625rem solid #e5e5e5;\" data-selenium=\"specsItemGroupTableRow\">\n<td class=\"label_KqJ3Q3GPKv \" style=\"box-sizing: inherit; border-top: none; padding: 1.25rem 0px; width: 355.922px; color: #666666; font-size: 1.125rem; line-height: 1.375rem; vertical-align: baseline;\" data-selenium=\"specsItemGroupTableColumnLabel\"><span style=\"box-sizing: inherit; vertical-align: inherit;\">Capacidad de carga<\/span><\/td>\n<td class=\"value_KqJ3Q3GPKv \" style=\"box-sizing: inherit; color: #666666; font-size: 1.125rem; line-height: 1.375rem; vertical-align: baseline; padding: 1.25rem 0px 1.25rem 2.5rem;\" data-selenium=\"specsItemGroupTableColumnValue\">\n<div class=\"expandableValue_KqJ3Q3GPKv\" style=\"box-sizing: inherit;\">12 kg<\/div>\n<\/td>\n<\/tr>\n<tr class=\"pair_KqJ3Q3GPKv\" style=\"box-sizing: inherit; border-bottom: 0.0625rem solid #e5e5e5;\" data-selenium=\"specsItemGroupTableRow\">\n<td class=\"label_KqJ3Q3GPKv\" style=\"box-sizing: inherit; border-top: none; padding: 1.25rem 0px; width: 355.922px; color: #666666; font-size: 1.125rem; line-height: 1.375rem; vertical-align: baseline;\" data-selenium=\"specsItemGroupTableColumnLabel\"><span style=\"box-sizing: inherit; vertical-align: inherit;\">Materiales<\/span><\/td>\n<td class=\"value_KqJ3Q3GPKv\" style=\"box-sizing: inherit; color: #666666; font-size: 1.125rem; line-height: 1.375rem; vertical-align: baseline; padding: 1.25rem 0px 1.25rem 2.5rem;\" data-selenium=\"specsItemGroupTableColumnValue\">\n<div class=\"expandableValue_KqJ3Q3GPKv\" style=\"box-sizing: inherit;\">Aluminio<\/div>\n<\/td>\n<\/tr>\n<tr class=\"pair_KqJ3Q3GPKv\" style=\"box-sizing: inherit; border-bottom: 0.0625rem solid #e5e5e5;\" data-selenium=\"specsItemGroupTableRow\">\n<td class=\"label_KqJ3Q3GPKv\" style=\"box-sizing: inherit; border-top: none; padding: 1.25rem 0px; width: 355.922px; color: #666666; font-size: 1.125rem; line-height: 1.375rem; vertical-align: baseline;\" data-selenium=\"specsItemGroupTableColumnLabel\"><span style=\"box-sizing: inherit; vertical-align: inherit;\">Dimensiones<\/span><\/td>\n<td class=\"value_KqJ3Q3GPKv\" style=\"box-sizing: inherit; color: #666666; font-size: 1.125rem; line-height: 1.375rem; vertical-align: baseline; padding: 1.25rem 0px 1.25rem 2.5rem;\" data-selenium=\"specsItemGroupTableColumnValue\">\n<div class=\"expandableValue_KqJ3Q3GPKv\" style=\"box-sizing: inherit;\">105 x 77,5 x 68,5 mm<\/div>\n<\/td>\n<\/tr>\n<tr class=\"pair_KqJ3Q3GPKv\" style=\"box-sizing: inherit; border-bottom: 0.0625rem solid #e5e5e5;\" data-selenium=\"specsItemGroupTableRow\">\n<td class=\"label_KqJ3Q3GPKv\" style=\"box-sizing: inherit; border-top: none; padding: 1.25rem 0px; width: 355.922px; color: #666666; font-size: 1.125rem; line-height: 1.375rem; vertical-align: baseline;\" data-selenium=\"specsItemGroupTableColumnLabel\"><span style=\"box-sizing: inherit; vertical-align: inherit;\">Peso<\/span><\/td>\n<td class=\"value_KqJ3Q3GPKv\" style=\"box-sizing: inherit; color: #666666; font-size: 1.125rem; line-height: 1.375rem; vertical-align: baseline; padding: 1.25rem 0px 1.25rem 2.5rem;\" data-selenium=\"specsItemGroupTableColumnValue\">\n<div class=\"expandableValue_KqJ3Q3GPKv\" style=\"box-sizing: inherit;\">238 gramos<\/div>\n<\/td>\n<\/tr>\n<\/tbody>\n<\/table>\n<\/div>\n<div class=\"group_fDXOr6EpR9\" style=\"box-sizing: inherit; margin-bottom: 2.1875rem; font-family: OpenSans, 'Segoe UI', Helvetica, Roboto, Arial, sans-serif; font-size: 16px; background-color: #ffffff;\">&nbsp;<\/div>\n","protected":false},"excerpt":{"rendered":"<p>SMALLRIG 4017 NATO Agarre lateral \/ Cierre a presi\u00f3n Funciones: Empu\u00f1adura lateral para el armaz\u00f3n de la c\u00e1mara Para usar<\/p>\n","protected":false},"featured_media":67813,"comment_status":"closed","ping_status":"open","template":"","meta":{"_acf_changed":false},"product_brand":[2550],"product_cat":[1108],"product_tag":[],"class_list":{"0":"post-75320","1":"product","2":"type-product","3":"status-publish","4":"has-post-thumbnail","6":"product_brand-smallrig-es","7":"product_cat-empunaduras-cages","9":"first","10":"onbackorder","11":"taxable","12":"shipping-taxable","13":"purchasable","14":"product-type-simple"},"bundled_by":[],"bundle_stock_status":"onbackorder","bundle_stock_quantity":0,"bundle_virtual":false,"bundle_layout":"","bundle_add_to_cart_form_location":"","bundle_editable_in_cart":false,"bundle_sold_individually_context":"","bundle_item_grouping":"","bundle_min_size":"","bundle_max_size":"","bundle_price":[],"bundled_items":[],"bundle_sell_ids":[],"acf":[],"_links":{"self":[{"href":"https:\/\/hi-techwonder.com\/es\/wp-json\/wp\/v2\/product\/75320","targetHints":{"allow":["GET"]}}],"collection":[{"href":"https:\/\/hi-techwonder.com\/es\/wp-json\/wp\/v2\/product"}],"about":[{"href":"https:\/\/hi-techwonder.com\/es\/wp-json\/wp\/v2\/types\/product"}],"replies":[{"embeddable":true,"href":"https:\/\/hi-techwonder.com\/es\/wp-json\/wp\/v2\/comments?post=75320"}],"wp:featuredmedia":[{"embeddable":true,"href":"https:\/\/hi-techwonder.com\/es\/wp-json\/wp\/v2\/media\/67813"}],"wp:attachment":[{"href":"https:\/\/hi-techwonder.com\/es\/wp-json\/wp\/v2\/media?parent=75320"}],"wp:term":[{"taxonomy":"product_brand","embeddable":true,"href":"https:\/\/hi-techwonder.com\/es\/wp-json\/wp\/v2\/product_brand?post=75320"},{"taxonomy":"product_cat","embeddable":true,"href":"https:\/\/hi-techwonder.com\/es\/wp-json\/wp\/v2\/product_cat?post=75320"},{"taxonomy":"product_tag","embeddable":true,"href":"https:\/\/hi-techwonder.com\/es\/wp-json\/wp\/v2\/product_tag?post=75320"}],"curies":[{"name":"wp","href":"https:\/\/api.w.org\/{rel}","templated":true}]}}