{"id":75323,"date":"2025-07-29T10:49:06","date_gmt":"2025-07-29T10:49:06","guid":{"rendered":"https:\/\/fv6qoy3ls0.wpdns.site\/product\/kit-de-jaula-smallrig-3941-para-nikon-z8\/"},"modified":"2026-01-31T01:25:20","modified_gmt":"2026-01-31T01:25:20","slug":"smallrig-kit-de-jaula-smallrig-3941-para-nikon-z8","status":"publish","type":"product","link":"https:\/\/hi-techwonder.com\/es\/producto\/smallrig-kit-de-jaula-smallrig-3941-para-nikon-z8\/","title":{"rendered":"Kit de jaula SMALLRIG 3941 para Nikon Z8"},"content":{"rendered":"<p><strong>Kit de jaula SMALLRIG 3941 para Nikon Z8<\/strong><\/p>\n<p><strong>Funciones:<\/strong><\/p>\n<ul>\n<li>Jaula de c\u00e1mara de ajuste de forma con mango superior<\/li>\n<li>Base tipo arca, varios soportes para zapatos<\/li>\n<li>Roscas para accesorios de 1\/4&#8243; y 3\/8&#8243;<\/li>\n<li>Carril OTAN, soportes QD, ranuras para cintur\u00f3n<\/li>\n<li>Mantiene el acceso a los controles de la c\u00e1mara<\/li>\n<li>Construcci\u00f3n de aluminio duradero<\/li>\n<li>La placa de liberaci\u00f3n r\u00e1pida Arca-Swiss admite tr\u00edpodes tipo Arca o cardanes DJI RS 2 \/ RSC 2 \/ RS 3 \/ RS 3 Pro<\/li>\n<\/ul>\n<p><strong>Contenido del paquete:<\/strong><\/p>\n<ul>\n<li>1 x Jaula 3940 para Nikon Z8<\/li>\n<li>1 x abrazadera de cable HDMI y USB-C<\/li>\n<li>1 x Mango 2165C<\/li>\n<\/ul>\n<p><strong>Descripci\u00f3n general de SmallRig 3941<\/strong><\/p>\n<p>A\u00f1ade protecci\u00f3n y montaje de accesorios a tu c\u00e1mara Nikon Z8 con este kit de jaula de c\u00e1mara de mano de aluminio ligero de SmallRig. El kit incluye una jaula de c\u00e1mara de ajuste de forma para la Nikon Z8 y una correa superior. <\/p>\n<p>El Cage conserva el acceso a los controles de la c\u00e1mara, tiene una variedad de opciones de montaje, como montaje de zapata, riel OTAN, soportes QD (Quick Detach) y m\u00faltiples roscas de accesorios de 1\/4&#8243; y 3\/8&#8243;, y tiene una base tipo Arca integrada. El mango superior de aluminio se monta en la parte superior de la jaula con una rosca antitorsi\u00f3n de 3\/8&#8243;-16 y agrega tres soportes de zapata y roscas de montaje adicionales. <\/p>\n<p><span style=\"font-size: 12pt\"><strong>Jaula de c\u00e1mara SmallRig para Nikon Z8<\/strong><\/span><\/p>\n<p>Este ligero armaz\u00f3n de aluminio para c\u00e1mara de SmallRig protege y proporciona montaje de accesorios para su c\u00e1mara Nikon Z8. Esta jaula de ajuste mantiene el acceso a todos los controles de la c\u00e1mara, la bater\u00eda y las ranuras para tarjetas SD, y cuenta con una variedad de opciones de montaje. La c\u00e1mara est\u00e1 unida a la jaula mediante un tornillo de c\u00e1mara de 1\/4&#8243;-20 con un pasador de localizaci\u00f3n y un adaptador de bloqueo lateral que evita a\u00fan m\u00e1s la torsi\u00f3n.  <\/p>\n<p>Adem\u00e1s de un soporte de zapata, un riel lateral NATO y m\u00faltiples roscas de accesorios de 1\/4&#8243;-20 y 3\/8&#8243;-16, la jaula incorpora orificios de ubicaci\u00f3n estilo ARRI para evitar que los accesorios se tuerzan cuando se montan. Tambi\u00e9n hay soportes QD (Quick Detach) y ranuras para manijas para a\u00fan m\u00e1s opciones. La jaula tambi\u00e9n tiene una placa de liberaci\u00f3n r\u00e1pida tipo Arca incorporada en la parte inferior para el montaje en tr\u00edpode.  <\/p>\n<p><strong>Compatibilidad<\/strong><\/p>\n<ul>\n<li>C\u00e1mara Nikon Z8<\/li>\n<\/ul>\n<p><span style=\"font-size: 12pt\"><strong>Empu\u00f1adura SmallRig con soporte antitorsi\u00f3n estilo ARRI<\/strong><\/span><\/p>\n<p>Lleva tu c\u00e1mara o toma fotos de \u00e1ngulo bajo con este asa superior estilo ARRI de SmallRig. El mango utiliza un tornillo de bloqueo de 3\/8&#8243;-16 con pasadores de ubicaci\u00f3n para sujetarlo de forma segura al Camera Cage. <\/p>\n<p>Adem\u00e1s de un portaca\u00f1as de 15 mm, este mango vers\u00e1til cuenta con un bloqueo y dos soportes de zapata fr\u00eda est\u00e1ndar, as\u00ed como m\u00faltiples roscas antitorsi\u00f3n estilo ARRI de 1\/4&#8243;-20 y 3\/8&#8243;-16. El mango est\u00e1 construido con componentes duraderos ?? Fabricado en aluminio y acero inoxidable.<\/p>\n<p><strong>Compatibilidad<\/strong><\/p>\n<ul>\n<li>Jaulas y plataformas montadas estilo ARRI de 3\/8&#8243;-16 con orificios de ubicaci\u00f3n<\/li>\n<\/ul>\n<p>Tambi\u00e9n compatible con, pero no limitado a:<\/p>\n<ul>\n<li>Soporte para monitor SmallRig 2294<\/li>\n<li>Soporte para monitor SmallRig 2348<\/li>\n<\/ul>\n<ul>\n<li><strong>Caracter\u00edsticas t\u00e9cnicas:\n<p><\/strong>Dimensiones del producto: 182,0 x 135,0 x 195,8 mm<\/li>\n<li>Dimensiones del paquete: 184,0 x 178,0 x 80,0 mm<\/li>\n<li>Peso del producto: 379.0 \u00b1 5.0g<\/li>\n<li>Peso del paquete: 559.0 \u00b1 5.0g<\/li>\n<li>Material: aleaci\u00f3n de aluminio<\/li>\n<\/ul>\n","protected":false},"excerpt":{"rendered":"<p>Kit de jaula SMALLRIG 3941 para Nikon Z8 Funciones: Jaula de c\u00e1mara de ajuste de forma con mango superior Base<\/p>\n","protected":false},"featured_media":67952,"comment_status":"closed","ping_status":"open","template":"","meta":{"_acf_changed":false},"product_brand":[2550],"product_cat":[1106],"product_tag":[],"class_list":{"0":"post-75323","1":"product","2":"type-product","3":"status-publish","4":"has-post-thumbnail","6":"product_brand-smallrig-es","7":"product_cat-kits-cages-es","9":"first","10":"onbackorder","11":"taxable","12":"shipping-taxable","13":"purchasable","14":"product-type-simple"},"bundled_by":[],"bundle_stock_status":"onbackorder","bundle_stock_quantity":0,"bundle_virtual":false,"bundle_layout":"","bundle_add_to_cart_form_location":"","bundle_editable_in_cart":false,"bundle_sold_individually_context":"","bundle_item_grouping":"","bundle_min_size":"","bundle_max_size":"","bundle_price":[],"bundled_items":[],"bundle_sell_ids":[],"acf":[],"_links":{"self":[{"href":"https:\/\/hi-techwonder.com\/es\/wp-json\/wp\/v2\/product\/75323","targetHints":{"allow":["GET"]}}],"collection":[{"href":"https:\/\/hi-techwonder.com\/es\/wp-json\/wp\/v2\/product"}],"about":[{"href":"https:\/\/hi-techwonder.com\/es\/wp-json\/wp\/v2\/types\/product"}],"replies":[{"embeddable":true,"href":"https:\/\/hi-techwonder.com\/es\/wp-json\/wp\/v2\/comments?post=75323"}],"wp:featuredmedia":[{"embeddable":true,"href":"https:\/\/hi-techwonder.com\/es\/wp-json\/wp\/v2\/media\/67952"}],"wp:attachment":[{"href":"https:\/\/hi-techwonder.com\/es\/wp-json\/wp\/v2\/media?parent=75323"}],"wp:term":[{"taxonomy":"product_brand","embeddable":true,"href":"https:\/\/hi-techwonder.com\/es\/wp-json\/wp\/v2\/product_brand?post=75323"},{"taxonomy":"product_cat","embeddable":true,"href":"https:\/\/hi-techwonder.com\/es\/wp-json\/wp\/v2\/product_cat?post=75323"},{"taxonomy":"product_tag","embeddable":true,"href":"https:\/\/hi-techwonder.com\/es\/wp-json\/wp\/v2\/product_tag?post=75323"}],"curies":[{"name":"wp","href":"https:\/\/api.w.org\/{rel}","templated":true}]}}