{"id":75326,"date":"2025-07-29T10:28:46","date_gmt":"2025-07-29T10:28:46","guid":{"rendered":"https:\/\/fv6qoy3ls0.wpdns.site\/product\/smallrig-3992-dt-30-soporte-de-mesa-con-2x-cabezales\/"},"modified":"2026-01-06T10:21:21","modified_gmt":"2026-01-06T10:21:21","slug":"smallrig-3992-dt-30-soporte-de-mesa-con-2x-cabezales","status":"publish","type":"product","link":"https:\/\/hi-techwonder.com\/es\/producto\/smallrig-3992-dt-30-soporte-de-mesa-con-2x-cabezales\/","title":{"rendered":"SMALLRIG 3992 DT-30 Soporte de mesa con 2x cabezales"},"content":{"rendered":"<div class=\"title_OMS5rN7R1Z\" style=\"box-sizing: inherit; margin-bottom: 0.75rem; font-family: OpenSans, 'Segoe UI', Helvetica, Roboto, Arial, sans-serif; font-size: 16px; background-color: #ffffff;\">\n<div class=\"text_TAw0W35QK_ comfy_TAw0W35QK_ sizeTitle4_TAw0W35QK_ weightBold_TAw0W35QK_ primary_i3MsQsqoe0\" style=\"box-sizing: inherit; margin: 0px; font-size: 1rem; font-weight: 600; line-height: 1.5rem;\" data-selenium=\"sellingPointsTitle\"><strong>SMALLRIG 3992 DT-30 Soporte de mesa con 2x cabezales<\/strong><\/div>\n<div class=\"text_TAw0W35QK_ comfy_TAw0W35QK_ sizeTitle4_TAw0W35QK_ weightBold_TAw0W35QK_ primary_i3MsQsqoe0\" style=\"box-sizing: inherit; margin: 0px; font-size: 1rem; font-weight: 600; line-height: 1.5rem;\" data-selenium=\"sellingPointsTitle\">&nbsp;<\/div>\n<div class=\"text_TAw0W35QK_ comfy_TAw0W35QK_ sizeTitle4_TAw0W35QK_ weightBold_TAw0W35QK_ primary_i3MsQsqoe0\" style=\"box-sizing: inherit; margin: 0px; font-size: 1rem; font-weight: 600; line-height: 1.5rem;\" data-selenium=\"sellingPointsTitle\">Funciones:<\/div>\n<\/div>\n<ul class=\"list_OMS5rN7R1Z\" style=\"box-sizing: inherit; display: flex; flex-flow: wrap; margin: 0px; padding: 0px 0px 0px 1.0625rem; font-family: OpenSans, 'Segoe UI', Helvetica, Roboto, Arial, sans-serif; font-size: 16px; background-color: #ffffff;\">\n<li class=\"listItem_OMS5rN7R1Z\" style=\"box-sizing: inherit; color: #333333; flex: 1 0 50%; font-size: 0.875rem; line-height: 1.875rem; max-width: 50%; padding-right: 0.9375rem;\" data-selenium=\"sellingPointsListItem\">Soporte de escritorio para fotos, videos, vlogs, transmisi\u00f3n<\/li>\n<li class=\"listItem_OMS5rN7R1Z\" style=\"box-sizing: inherit; color: #333333; flex: 1 0 50%; font-size: 0.875rem; line-height: 1.875rem; max-width: 50%; padding-right: 0.9375rem;\" data-selenium=\"sellingPointsListItem\">Monte el tel\u00e9fono \/ DSLR \/ c\u00e1mara en la mesa<\/li>\n<li class=\"listItem_OMS5rN7R1Z\" style=\"box-sizing: inherit; color: #333333; flex: 1 0 50%; font-size: 0.875rem; line-height: 1.875rem; max-width: 50%; padding-right: 0.9375rem;\" data-selenium=\"sellingPointsListItem\"><span style=\"color: #333333; font-family: OpenSans, Segoe UI, Helvetica, Roboto, Arial, sans-serif;\">La varilla vertical proporciona una capacidad de carga de hasta 9,97 kg<\/span><\/li>\n<li class=\"listItem_OMS5rN7R1Z\" style=\"box-sizing: inherit; color: #333333; flex: 1 0 50%; font-size: 0.875rem; line-height: 1.875rem; max-width: 50%; padding-right: 0.9375rem;\" data-selenium=\"sellingPointsListItem\">Brazo giratorio de 360\u00b0, soporta hasta 1,99 kg<\/li>\n<li class=\"listItem_OMS5rN7R1Z\" style=\"box-sizing: inherit; color: #333333; flex: 1 0 50%; font-size: 0.875rem; line-height: 1.875rem; max-width: 50%; padding-right: 0.9375rem;\" data-selenium=\"sellingPointsListItem\">Cabeza Rotula, Tornillo de Montaje de C\u00e1mara 1\/4&#8243;-20<\/li>\n<\/ul>\n<p><strong><span style=\"box-sizing: inherit; vertical-align: inherit;\">Contenido del paquete:<\/strong><\/span><\/p>\n<ul>\n<li>1 x Soporte de montaje de mesa con cabeza de r\u00f3tula<\/li>\n<li>1 x brazo de sujeci\u00f3n<\/li>\n<li>1 x adaptador de luz de anillo<\/li>\n<\/ul>\n<p><img loading=\"lazy\" decoding=\"async\" src=\"https:\/\/static.bhphoto.com\/images\/multiple_images\/images500x500\/1662127375_IMG_1830161.jpg\" width=\"200\" height=\"200\" alt=\"\"><\/p>\n<p>Monta tu c\u00e1mara en tu escritorio para una toma robusta pero ajustable para vlogging, transmisi\u00f3n de video o im\u00e1genes fijas con el soporte de escritorio Encore DT-30 con brazo de soporte de SmallRig. El soporte consta de una varilla vertical que se monta sobre una mesa o superficie de hasta 5 cm de grosor, y hay una barra horizontal que se monta perpendicular a la varilla vertical con una cabeza Rotula en el extremo. <\/p>\n<p>Hay cabezales de cabeza esf\u00e9rica integrados en los extremos de cada varilla, lo que le permite girar el dispositivo 360\u00b0 a cualquier \u00e1ngulo adecuado para su c\u00e1mara. Cada cabeza de Rotula cuenta con un tornillo de bloqueo de 1\/4&#8243;-20. La varilla vertical proporciona una capacidad de carga de hasta 9,97 kg y el brazo horizontal puede soportar hasta 1,99 kg.  <\/p>\n<p>Hecho de una aleaci\u00f3n de aluminio fuerte y duradera, el soporte antioxidante presenta una superficie mate antihuellas f\u00e1cil de limpiar. Dise\u00f1ado con 3 varillas de extensi\u00f3n que pueden extenderse hasta 1 m de altura de trabajo. El soporte est\u00e1 anodizado y mecanizado por CNC, y tambi\u00e9n viene con una r\u00f3tula esf\u00e9rica giratoria extra\u00edble de 360\u00b0 (F22 mm) y soporta una carga de 3-  <span style=\"color: #333333; font-family: OpenSans, Segoe UI, Helvetica, Roboto, Arial, sans-serif;\">1,99 kg El tornillo de 1\/4&#8243; en la parte superior garantiza un giro de 360\u00b0 para disparos panor\u00e1micos y una inclinaci\u00f3n de -90\u00b0\/+45\u00b0 para disparos desde m\u00faltiples \u00e1ngulos sin desmontar los dispositivos. Este soporte se adapta a mesas de hasta 5 cm\/2&#8243; de grosor, lo que lo hace m\u00e1s compacto que un soporte ligero. Su brazo de soporte de aleaci\u00f3n de aluminio de 355mm de largo, con una capacidad de carga de 1,99kg, cuenta con una r\u00f3tula esf\u00e9rica de F18mm y un tornillo de 1\/4&#8243; en la parte superior para fijar luz LED, micr\u00f3fono, smartphone, etc.; El adaptador de anillo de luz adjunto funciona perfectamente con la c\u00e1mara DSLR, el tel\u00e9fono inteligente, el anillo de luz, la luz del tablero, etc.<\/span><\/p>\n<p><img loading=\"lazy\" decoding=\"async\" src=\"https:\/\/static.bhphoto.com\/images\/multiple_images\/images500x500\/1662127375_IMG_1830169.jpg\" width=\"200\" height=\"200\" alt=\"\">&nbsp;&nbsp;<img loading=\"lazy\" decoding=\"async\" src=\"https:\/\/static.bhphoto.com\/images\/multiple_images\/images500x500\/1662127375_IMG_1830170.jpg\" width=\"200\" height=\"200\" alt=\"\"><\/p>\n<p>Dimensiones del producto: 485 x 54 x 42 mm<\/p>\n<p>Dimensiones del embalaje: 440 x 120 x 60 mm<\/p>\n<p>Peso del producto: 624 g \u00b1 50 g<\/p>\n<p>Peso del paquete: 850 g \u00b1 50 g<\/p>\n<p>Material(es): Aleaci\u00f3n de aluminio (85%), ABS (10%), Hierro (3%), Acero inoxidable (2%)<\/p>\n<p>Di\u00e1metro de la varilla del soporte: 25\/22\/19 mm<\/p>\n<p>Secciones de tallo: 3<\/p>\n<p>Altura plegada: 480 mm<\/p>\n<p>Altura de trabajo (m\u00e1x.): 1M<\/p>\n<p>Di\u00e1metro de la cabeza esf\u00e9rica del soporte: 22 mm<\/p>\n<p>Distancia de apertura del soporte: 50 mm<\/p>\n<p>Capacidad de carga del soporte para montaje en mesa: 3-1,99 kg<\/p>\n<p>Longitud del brazo de retenci\u00f3n: 355 mm<\/p>\n<p>Di\u00e1metro de la cabeza esf\u00e9rica del brazo de sujeci\u00f3n: 18 mm<\/p>\n<p>Distancia abierta del brazo de sujeci\u00f3n: 22-28 mm<\/p>\n<p>Capacidad de carga del brazo de sujeci\u00f3n: 1,99 kg<\/p>\n<div class=\"group_fDXOr6EpR9 keySpec_fDXOr6EpR9\" style=\"box-sizing: inherit; margin-bottom: 2.1875rem; box-shadow: #cccccc 0px 0px 4px 1px; font-family: OpenSans, 'Segoe UI', Helvetica, Roboto, Arial, sans-serif; font-size: 16px; background-color: #ffffff;\">\n<div class=\"name_fDXOr6EpR9 firstGroupInItem_fDXOr6EpR9\" style=\"box-sizing: inherit; border-bottom: 2px solid #3f9a59; color: #3f9a59; font-size: 2rem; line-height: 2rem; padding: 0.9375rem 1.75rem; align-items: center; background: #f0f8ee; display: flex;\" data-selenium=\"specsItemGroupName\"><span style=\"box-sizing: inherit; vertical-align: inherit;\">Principal<\/span><\/div>\n<table class=\"table_fDXOr6EpR9\" style=\"box-sizing: inherit; width: 936.656px;\" data-selenium=\"specsItemGroupTable\">\n<tbody style=\"box-sizing: inherit;\">\n<tr class=\"pair_KqJ3Q3GPKv keySpec_KqJ3Q3GPKv\" style=\"box-sizing: inherit; border-bottom: 0.0625rem solid #e5e5e5;\" data-selenium=\"specsItemGroupTableRow\">\n<td class=\"label_KqJ3Q3GPKv \" style=\"box-sizing: inherit; border-top: none; padding: 1.25rem 0.625rem 1.25rem 1.8125rem; width: 355.922px; font-size: 1.125rem; font-weight: 600; line-height: 1.375rem; vertical-align: baseline;\" data-selenium=\"specsItemGroupTableColumnLabel\">Montura<\/td>\n<td class=\"value_KqJ3Q3GPKv \" style=\"box-sizing: inherit; font-size: 1.125rem; line-height: 1.375rem; vertical-align: baseline; padding: 1.25rem 0px 1.25rem 2.5rem;\" data-selenium=\"specsItemGroupTableColumnValue\">\n<div class=\"expandableValue_KqJ3Q3GPKv\" style=\"box-sizing: inherit; height: auto;\"><span style=\"box-sizing: inherit; font-weight: bolder;\"><span style=\"box-sizing: inherit; vertical-align: inherit;\"><span style=\"box-sizing: inherit; vertical-align: inherit;\">Montaje en superficie:<\/span><\/span> <span style=\"box-sizing: inherit; vertical-align: inherit;\">cabeza esf\u00e9rica con <\/span><span style=\"box-sizing: inherit; vertical-align: inherit;\"><span style=\"box-sizing: inherit; vertical-align: inherit;\">2<\/span><\/span><span style=\"box-sizing: inherit; vertical-align: inherit;\"> tornillos macho empotrados de 1\/4&#8243;-20<\/span><\/span><\/div>\n<\/td>\n<\/tr>\n<tr class=\"pair_KqJ3Q3GPKv keySpec_KqJ3Q3GPKv\" style=\"box-sizing: inherit; border-bottom: 0.0625rem solid #e5e5e5;\" data-selenium=\"specsItemGroupTableRow\">\n<td class=\"label_KqJ3Q3GPKv\" style=\"box-sizing: inherit; border-top: none; padding: 1.25rem 0.625rem 1.25rem 1.8125rem; width: 355.922px; font-size: 1.125rem; font-weight: 600; line-height: 1.375rem; vertical-align: baseline;\" data-selenium=\"specsItemGroupTableColumnLabel\">Rango de sujeci\u00f3n<\/td>\n<td class=\"value_KqJ3Q3GPKv\" style=\"box-sizing: inherit; font-size: 1.125rem; line-height: 1.375rem; vertical-align: baseline; padding: 1.25rem 0px 1.25rem 2.5rem;\" data-selenium=\"specsItemGroupTableColumnValue\">\n<div class=\"expandableValue_KqJ3Q3GPKv\" style=\"box-sizing: inherit; height: auto;\">5,1 cm<\/div>\n<\/td>\n<\/tr>\n<tr class=\"pair_KqJ3Q3GPKv keySpec_KqJ3Q3GPKv\" style=\"box-sizing: inherit; border-bottom: 0.0625rem solid #e5e5e5;\" data-selenium=\"specsItemGroupTableRow\">\n<td class=\"label_KqJ3Q3GPKv\" style=\"box-sizing: inherit; border-top: none; padding: 1.25rem 0.625rem 1.25rem 1.8125rem; width: 355.922px; font-size: 1.125rem; font-weight: 600; line-height: 1.375rem; vertical-align: baseline;\" data-selenium=\"specsItemGroupTableColumnLabel\">Tubo compatible<\/td>\n<td class=\"value_KqJ3Q3GPKv\" style=\"box-sizing: inherit; font-size: 1.125rem; line-height: 1.375rem; vertical-align: baseline; padding: 1.25rem 0px 1.25rem 2.5rem;\" data-selenium=\"specsItemGroupTableColumnValue\">\n<div class=\"expandableValue_KqJ3Q3GPKv\" style=\"box-sizing: inherit; height: auto;\">Tubo de 0,7&#8243; \/ 18 mm de di\u00e1metro<\/div>\n<\/td>\n<\/tr>\n<\/tbody>\n<\/table>\n<\/div>\n<div class=\"group_fDXOr6EpR9\" style=\"box-sizing: inherit; margin-bottom: 2.1875rem; font-family: OpenSans, 'Segoe UI', Helvetica, Roboto, Arial, sans-serif; font-size: 16px; background-color: #ffffff;\">\n<table class=\"table_fDXOr6EpR9\" style=\"box-sizing: inherit; width: 936.656px;\" data-selenium=\"specsItemGroupTable\">\n<tbody style=\"box-sizing: inherit;\">\n<tr class=\"pair_KqJ3Q3GPKv\" style=\"box-sizing: inherit; border-bottom: 0.0625rem solid #e5e5e5;\" data-selenium=\"specsItemGroupTableRow\">\n<td class=\"label_KqJ3Q3GPKv \" style=\"box-sizing: inherit; border-top: none; padding: 1.25rem 0px; width: 355.922px; color: #666666; font-size: 1.125rem; line-height: 1.375rem; vertical-align: baseline;\" data-selenium=\"specsItemGroupTableColumnLabel\">Sart\u00e9n<\/td>\n<td class=\"value_KqJ3Q3GPKv \" style=\"box-sizing: inherit; color: #666666; font-size: 1.125rem; line-height: 1.375rem; vertical-align: baseline; padding: 1.25rem 0px 1.25rem 2.5rem;\" data-selenium=\"specsItemGroupTableColumnValue\">\n<div class=\"expandableValue_KqJ3Q3GPKv\" style=\"box-sizing: inherit;\">360\u00b0<\/div>\n<\/td>\n<\/tr>\n<\/tbody>\n<\/table>\n<\/div>\n<div class=\"group_fDXOr6EpR9\" style=\"box-sizing: inherit; margin-bottom: 2.1875rem; font-family: OpenSans, 'Segoe UI', Helvetica, Roboto, Arial, sans-serif; font-size: 16px; background-color: #ffffff;\">\n<div class=\"name_fDXOr6EpR9\" style=\"box-sizing: inherit; border-bottom: 0.125rem solid #cccccc; color: #3f9a59; font-size: 2rem; line-height: 2rem; padding: 1rem 0px 0.875rem;\" data-selenium=\"specsItemGroupName\">Montura<\/div>\n<table class=\"table_fDXOr6EpR9\" style=\"box-sizing: inherit; width: 936.656px;\" data-selenium=\"specsItemGroupTable\">\n<tbody style=\"box-sizing: inherit;\">\n<tr class=\"pair_KqJ3Q3GPKv\" style=\"box-sizing: inherit; border-bottom: 0.0625rem solid #e5e5e5;\" data-selenium=\"specsItemGroupTableRow\">\n<td class=\"label_KqJ3Q3GPKv \" style=\"box-sizing: inherit; border-top: none; padding: 1.25rem 0px; width: 355.922px; color: #666666; font-size: 1.125rem; line-height: 1.375rem; vertical-align: baseline;\" data-selenium=\"specsItemGroupTableColumnLabel\">Montura<\/td>\n<td class=\"value_KqJ3Q3GPKv \" style=\"box-sizing: inherit; color: #666666; font-size: 1.125rem; line-height: 1.375rem; vertical-align: baseline; padding: 1.25rem 0px 1.25rem 2.5rem;\" data-selenium=\"specsItemGroupTableColumnValue\">\n<div class=\"expandableValue_KqJ3Q3GPKv\" style=\"box-sizing: inherit;\"><span style=\"box-sizing: inherit; font-weight: bolder;\"><span style=\"box-sizing: inherit; vertical-align: inherit;\"><span style=\"box-sizing: inherit; vertical-align: inherit;\">Montaje en superficie:<\/span><\/span> <span style=\"box-sizing: inherit; vertical-align: inherit;\">cabeza esf\u00e9rica con <\/span><span style=\"box-sizing: inherit; vertical-align: inherit;\"><span style=\"box-sizing: inherit; vertical-align: inherit;\">2<\/span><\/span><span style=\"box-sizing: inherit; vertical-align: inherit;\"> tornillos macho empotrados de 1\/4&#8243;-20<\/span><\/span><\/div>\n<\/td>\n<\/tr>\n<tr class=\"pair_KqJ3Q3GPKv\" style=\"box-sizing: inherit; border-bottom: 0.0625rem solid #e5e5e5;\" data-selenium=\"specsItemGroupTableRow\">\n<td class=\"label_KqJ3Q3GPKv\" style=\"box-sizing: inherit; border-top: none; padding: 1.25rem 0px; width: 355.922px; color: #666666; font-size: 1.125rem; line-height: 1.375rem; vertical-align: baseline;\" data-selenium=\"specsItemGroupTableColumnLabel\">Rango de sujeci\u00f3n<\/td>\n<td class=\"value_KqJ3Q3GPKv\" style=\"box-sizing: inherit; color: #666666; font-size: 1.125rem; line-height: 1.375rem; vertical-align: baseline; padding: 1.25rem 0px 1.25rem 2.5rem;\" data-selenium=\"specsItemGroupTableColumnValue\">\n<div class=\"expandableValue_KqJ3Q3GPKv\" style=\"box-sizing: inherit;\">5,1 cm<\/div>\n<\/td>\n<\/tr>\n<tr class=\"pair_KqJ3Q3GPKv\" style=\"box-sizing: inherit; border-bottom: 0.0625rem solid #e5e5e5;\" data-selenium=\"specsItemGroupTableRow\">\n<td class=\"label_KqJ3Q3GPKv\" style=\"box-sizing: inherit; border-top: none; padding: 1.25rem 0px; width: 355.922px; color: #666666; font-size: 1.125rem; line-height: 1.375rem; vertical-align: baseline;\" data-selenium=\"specsItemGroupTableColumnLabel\">Tubo compatible<\/td>\n<td class=\"value_KqJ3Q3GPKv\" style=\"box-sizing: inherit; color: #666666; font-size: 1.125rem; line-height: 1.375rem; vertical-align: baseline; padding: 1.25rem 0px 1.25rem 2.5rem;\" data-selenium=\"specsItemGroupTableColumnValue\">\n<div class=\"expandableValue_KqJ3Q3GPKv\" style=\"box-sizing: inherit;\">Tubo de 0,7&#8243; \/ 18 mm de di\u00e1metro<\/div>\n<\/td>\n<\/tr>\n<tr class=\"pair_KqJ3Q3GPKv\" style=\"box-sizing: inherit; border-bottom: 0.0625rem solid #e5e5e5;\" data-selenium=\"specsItemGroupTableRow\">\n<td class=\"label_KqJ3Q3GPKv\" style=\"box-sizing: inherit; border-top: none; padding: 1.25rem 0px; width: 355.922px; color: #666666; font-size: 1.125rem; line-height: 1.375rem; vertical-align: baseline;\" data-selenium=\"specsItemGroupTableColumnLabel\">Varillas incluidas<\/td>\n<td class=\"value_KqJ3Q3GPKv\" style=\"box-sizing: inherit; color: #666666; font-size: 1.125rem; line-height: 1.375rem; vertical-align: baseline; padding: 1.25rem 0px 1.25rem 2.5rem;\" data-selenium=\"specsItemGroupTableColumnValue\">\n<div class=\"expandableValue_KqJ3Q3GPKv\" style=\"box-sizing: inherit;\"><span style=\"box-sizing: inherit; font-weight: bolder;\"><span style=\"box-sizing: inherit; vertical-align: inherit;\"><span style=\"box-sizing: inherit; vertical-align: inherit;\">2 varillas<\/span><\/span> de aluminio de <span style=\"box-sizing: inherit; vertical-align: inherit;\"> 14&#8243; \/ 35,5 cm<\/span><\/span><\/div>\n<\/td>\n<\/tr>\n<\/tbody>\n<\/table>\n<\/div>\n<div class=\"group_fDXOr6EpR9\" style=\"box-sizing: inherit; margin-bottom: 2.1875rem; font-family: OpenSans, 'Segoe UI', Helvetica, Roboto, Arial, sans-serif; font-size: 16px; background-color: #ffffff;\">\n<div class=\"name_fDXOr6EpR9\" style=\"box-sizing: inherit; border-bottom: 0.125rem solid #cccccc; color: #3f9a59; font-size: 2rem; line-height: 2rem; padding: 1rem 0px 0.875rem;\" data-selenium=\"specsItemGroupName\">Generalmente<\/div>\n<table class=\"table_fDXOr6EpR9\" style=\"box-sizing: inherit; width: 936.656px;\" data-selenium=\"specsItemGroupTable\">\n<tbody style=\"box-sizing: inherit;\">\n<tr class=\"pair_KqJ3Q3GPKv\" style=\"box-sizing: inherit; border-bottom: 0.0625rem solid #e5e5e5;\" data-selenium=\"specsItemGroupTableRow\">\n<td class=\"label_KqJ3Q3GPKv \" style=\"box-sizing: inherit; border-top: none; padding: 1.25rem 0px; width: 355.922px; color: #666666; font-size: 1.125rem; line-height: 1.375rem; vertical-align: baseline;\" data-selenium=\"specsItemGroupTableColumnLabel\">Materiales<\/td>\n<td class=\"value_KqJ3Q3GPKv \" style=\"box-sizing: inherit; color: #666666; font-size: 1.125rem; line-height: 1.375rem; vertical-align: baseline; padding: 1.25rem 0px 1.25rem 2.5rem;\" data-selenium=\"specsItemGroupTableColumnValue\">\n<div class=\"expandableValue_KqJ3Q3GPKv\" style=\"box-sizing: inherit;\">Aluminio, Pl\u00e1stico, Acero<\/div>\n<\/td>\n<\/tr>\n<tr class=\"pair_KqJ3Q3GPKv\" style=\"box-sizing: inherit; border-bottom: 0.0625rem solid #e5e5e5;\" data-selenium=\"specsItemGroupTableRow\">\n<td class=\"label_KqJ3Q3GPKv\" style=\"box-sizing: inherit; border-top: none; padding: 1.25rem 0px; width: 355.922px; color: #666666; font-size: 1.125rem; line-height: 1.375rem; vertical-align: baseline;\" data-selenium=\"specsItemGroupTableColumnLabel\">Dimensiones<\/td>\n<td class=\"value_KqJ3Q3GPKv\" style=\"box-sizing: inherit; color: #666666; font-size: 1.125rem; line-height: 1.375rem; vertical-align: baseline; padding: 1.25rem 0px 1.25rem 2.5rem;\" data-selenium=\"specsItemGroupTableColumnValue\">\n<div class=\"expandableValue_KqJ3Q3GPKv\" style=\"box-sizing: inherit;\"><span style=\"box-sizing: inherit; vertical-align: inherit;\"><span style=\"box-sizing: inherit; vertical-align: inherit;\">485 x 54 x 42 mm<\/span><br style=\"box-sizing: inherit;\"><span style=\"box-sizing: inherit; vertical-align: inherit;\">480 mm (altura plegada)<\/span><br style=\"box-sizing: inherit;\"><span style=\"box-sizing: inherit; vertical-align: inherit;\">1 m (altura de trabajo)<\/span><\/span><\/div>\n<\/td>\n<\/tr>\n<tr class=\"pair_KqJ3Q3GPKv\" style=\"box-sizing: inherit; border-bottom: 0.0625rem solid #e5e5e5;\" data-selenium=\"specsItemGroupTableRow\">\n<td class=\"label_KqJ3Q3GPKv\" style=\"box-sizing: inherit; border-top: none; padding: 1.25rem 0px; width: 355.922px; color: #666666; font-size: 1.125rem; line-height: 1.375rem; vertical-align: baseline;\" data-selenium=\"specsItemGroupTableColumnLabel\">Peso<\/td>\n<td class=\"value_KqJ3Q3GPKv\" style=\"box-sizing: inherit; color: #666666; font-size: 1.125rem; line-height: 1.375rem; vertical-align: baseline; padding: 1.25rem 0px 1.25rem 2.5rem;\" data-selenium=\"specsItemGroupTableColumnValue\">\n<div class=\"expandableValue_KqJ3Q3GPKv\" style=\"box-sizing: inherit;\">624 gramos<\/div>\n<\/td>\n<\/tr>\n<\/tbody>\n<\/table>\n<\/div>\n","protected":false},"excerpt":{"rendered":"<p>SMALLRIG 3992 DT-30 Soporte de mesa con 2x cabezales &nbsp; Funciones: Soporte de escritorio para fotos, videos, vlogs, transmisi\u00f3n Monte<\/p>\n","protected":false},"featured_media":63868,"comment_status":"closed","ping_status":"open","template":"","meta":{"_acf_changed":false},"product_brand":[2550],"product_cat":[1083],"product_tag":[],"class_list":{"0":"post-75326","1":"product","2":"type-product","3":"status-publish","4":"has-post-thumbnail","6":"product_brand-smallrig-es","7":"product_cat-de-tabla","9":"first","10":"onbackorder","11":"taxable","12":"shipping-taxable","13":"purchasable","14":"product-type-simple"},"bundled_by":[],"bundle_stock_status":"onbackorder","bundle_stock_quantity":null,"bundle_virtual":false,"bundle_layout":"","bundle_add_to_cart_form_location":"","bundle_editable_in_cart":false,"bundle_sold_individually_context":"","bundle_item_grouping":"","bundle_min_size":"","bundle_max_size":"","bundle_price":[],"bundled_items":[],"bundle_sell_ids":[],"acf":[],"_links":{"self":[{"href":"https:\/\/hi-techwonder.com\/es\/wp-json\/wp\/v2\/product\/75326","targetHints":{"allow":["GET"]}}],"collection":[{"href":"https:\/\/hi-techwonder.com\/es\/wp-json\/wp\/v2\/product"}],"about":[{"href":"https:\/\/hi-techwonder.com\/es\/wp-json\/wp\/v2\/types\/product"}],"replies":[{"embeddable":true,"href":"https:\/\/hi-techwonder.com\/es\/wp-json\/wp\/v2\/comments?post=75326"}],"wp:featuredmedia":[{"embeddable":true,"href":"https:\/\/hi-techwonder.com\/es\/wp-json\/wp\/v2\/media\/63868"}],"wp:attachment":[{"href":"https:\/\/hi-techwonder.com\/es\/wp-json\/wp\/v2\/media?parent=75326"}],"wp:term":[{"taxonomy":"product_brand","embeddable":true,"href":"https:\/\/hi-techwonder.com\/es\/wp-json\/wp\/v2\/product_brand?post=75326"},{"taxonomy":"product_cat","embeddable":true,"href":"https:\/\/hi-techwonder.com\/es\/wp-json\/wp\/v2\/product_cat?post=75326"},{"taxonomy":"product_tag","embeddable":true,"href":"https:\/\/hi-techwonder.com\/es\/wp-json\/wp\/v2\/product_tag?post=75326"}],"curies":[{"name":"wp","href":"https:\/\/api.w.org\/{rel}","templated":true}]}}