{"id":75327,"date":"2025-07-29T10:10:54","date_gmt":"2025-07-29T10:10:54","guid":{"rendered":"https:\/\/fv6qoy3ls0.wpdns.site\/product\/smallrig-3976-rc-450b-iluminador-led-cob-bi-color\/"},"modified":"2025-07-29T10:10:54","modified_gmt":"2025-07-29T10:10:54","slug":"smallrig-3976-rc-450b-iluminador-led-cob-bi-color","status":"publish","type":"product","link":"https:\/\/hi-techwonder.com\/es\/producto\/smallrig-3976-rc-450b-iluminador-led-cob-bi-color\/","title":{"rendered":"SMALLRIG 3976 RC 450B Iluminador LED Cob (Bi-Color)"},"content":{"rendered":"<p><strong> <\/strong><span style=\"font-size: 18.6667px;\"><strong>SmallRig 3976 RC 450B Cob Iluminador LED (Bi-Color)<\/strong><strong style=\"font-size: 18.6667px;\"> &#8211; Modelo Europeo<\/strong><\/span><\/p>\n<p><strong>Caracter\u00edsticas principales<\/strong><\/p>\n<ul>\n<li>Para creadores de contenido y vloggers<\/li>\n<li>Salida: 121,000 lux a 3.3&#8242; (5600K)<\/li>\n<li>Temperatura de color: 2700 a 6500K<\/li>\n<li>Alimentaci\u00f3n de CA<\/li>\n<li>Control de aplicaciones incorporado y Bluetooth<\/li>\n<li>CRI 96 | TLCI 97<\/li>\n<li>Refrigerado por ventilador<\/li>\n<li>Soporte t\u00e9cnico de Bowens-S<\/li>\n<\/ul>\n<p style=\"text-align: justify;\">Port\u00e1til, con una salida de color extremadamente brillante, este SmallRig RC 450B COB Bi-Color LED Video Monolight es adecuado tanto para trabajos de fotograf\u00eda como de video. Los vide\u00f3grafos, vloggers y fot\u00f3grafos con todos los niveles de experiencia seguramente apreciar\u00e1n su calidad de construcci\u00f3n y flexibilidad. <\/p>\n<p style=\"text-align: justify;\">Tiene un rango de salida de temperatura de color de dos colores de 2.700 a 6.500 K para grabaciones en exteriores e interiores, y es lo suficientemente potente como para ser utilizado como luz clave para producciones narrativas o entrevistas. Dise\u00f1ada pensando en los creadores de contenido, la unidad cuenta con un ventilador de enfriamiento silencioso que produce solo 28 dB a 3.3 pies. Adem\u00e1s, el monolight cuenta con una montura S-Bowens para facilitar su uso con modificadores de luz de montura S ampliamente disponibles.  <\/p>\n<p style=\"text-align: justify;\"><iframe loading=\"lazy\" src=\"https:\/\/www.youtube.com\/embed\/ta4_RaLvmHg\" width=\"1728\" height=\"497\" allowfullscreen=\"allowfullscreen\"><\/iframe><\/p>\n<p style=\"text-align: justify;\">\u00daltimo sistema \u00f3ptico \u00abAstralTech\u00bb desarrollado por SmallRig:<\/p>\n<ul>\n<li style=\"text-align: justify;\">Fuente de luz patentada: el chip LED m\u00e1s grande y de mayor potencia produce luz de manera m\u00e1s eficiente al contrastar la potencia de salida con la iluminaci\u00f3n de salida. En igualdad de condiciones, su iluminancia supera a sus pares comparables en m\u00e1s del 35%. <\/li>\n<li style=\"text-align: justify;\">Vidrio frontal de alta transmitancia: el vidrio revestido de seis capas de doble cara tiene una transmitancia de m\u00e1s del 97% en el rango de longitud de onda visible, lo que garantiza un flujo de luz sin p\u00e9rdidas.<\/li>\n<li style=\"text-align: justify;\">COB altamente reflectante y tecnolog\u00eda de disipaci\u00f3n de calor: A diferencia del SMD ordinario, COB proporciona una mezcla uniforme de colores. La placa hecha de papel de aluminio laminado y cobre compuesto garantiza una alta reflectividad y conductividad t\u00e9rmica. <\/li>\n<li style=\"text-align: justify;\">Iluminancia m\u00e1xima: 121.000 lux (1 m) (a 5600K, con reflector)<\/li>\n<\/ul>\n<p>CRI 96+ y TLCI 97+ son sin\u00f3nimo de reproducci\u00f3n y reproducci\u00f3n de color precisas.<\/p>\n<p>3. El adaptador de GaN (nitruro de galio) tiene al menos un 95% de eficiencia energ\u00e9tica con menor generaci\u00f3n de calor, tiene un dise\u00f1o de bloqueo y un cable de acero para mayor seguridad.<\/p>\n<p>El sistema de soporte de amortiguaci\u00f3n ininterrumpido ofrece una amortiguaci\u00f3n segura y un ajuste suave de la inclinaci\u00f3n.<\/p>\n<p>. Los ventiladores de enfriamiento silenciosos con algoritmo inteligente de control de temperatura mejoran la disipaci\u00f3n de calor y solo producen 32dB de sonido dentro de 1 metro, adecuados para la grabaci\u00f3n de video.<\/p>\n<p>Dise\u00f1o ligero:<\/p>\n<ul>\n<li>Hecho de metal y material V-0 no inflamable, lo que hace que la luz sea un 20% m\u00e1s liviana<\/li>\n<li>El adaptador de GaN (nitruro de galio) es un 26% m\u00e1s peque\u00f1o y 200 g m\u00e1s liviano<\/li>\n<li>El cabezal de amortiguaci\u00f3n desmontable ayuda a ahorrar espacio de almacenamiento para facilitar el transporte<\/li>\n<\/ul>\n<p>Tres formas diferentes de control: interruptor de luz \/ aplicaci\u00f3n SmallGoGo \/ panel de control (opcional).<\/p>\n<p>El soporte Bowens es compatible con la mayor\u00eda de los accesorios de control de luz para crear efectos de iluminaci\u00f3n variados.<\/p>\n<p><strong>En la caja<\/strong><\/p>\n<ul>\n<li>SmallRig RC 450B COB Bicolor LED Video Monolight<\/li>\n<li>Hiperreflector de 55\u00b0<\/li>\n<li>Adaptador de CA<\/li>\n<li>Cable de alimentaci\u00f3n<\/li>\n<li>Cubierta protectora<\/li>\n<li>Bolsa de transporte<\/li>\n<\/ul>\n<p><strong>Especificaciones <\/strong><strong>RC 350B Cob Led Illuminator (Bi-Color) &#8211; Modelo Europeo<\/strong><\/p>\n<p>L\u00e1mpara<\/p>\n<table style=\"border-collapse: collapse; width: 99.9795%;\" border=\"1\">\n<tbody>\n<tr>\n<td style=\"width: 49.1758%;\">Tipo de art\u00edculo<\/td>\n<td style=\"width: 49.1758%;\"><strong>1 x<\/strong> COB LED Monolight<\/td>\n<\/tr>\n<tr>\n<td style=\"width: 49.1758%;\">Modificador de luz incluido<\/td>\n<td style=\"width: 49.1758%;\"><strong>1 x<\/strong> Reflector<\/td>\n<\/tr>\n<tr>\n<td style=\"width: 49.1758%;\">Fotometr\u00eda<\/td>\n<td style=\"width: 49.1758%;\">\n<p><strong>De 55\u00b0 a 5600K<\/strong><\/p>\n<p>11,240 FC \/ 121,000 Lux a 3.3&#8242; \/ 1 m (con reflector)*<\/p>\n<p>*Medici\u00f3n estandarizada proporcionada por el fabricante<\/p>\n<\/td>\n<\/tr>\n<tr>\n<td style=\"width: 49.1758%;\">Temperatura de<\/td>\n<p> color<\/p>\n<td style=\"width: 49.1758%;\">De 2700 a 6500K<\/td>\n<\/tr>\n<tr>\n<td style=\"width: 49.1758%;\">Modos de<\/td>\n<p> color<\/p>\n<td style=\"width: 49.1758%;\">Luz del d\u00eda, tungsteno<\/td>\n<\/tr>\n<tr>\n<td style=\"width: 49.1758%;\">Est\u00e1ndar de precisi\u00f3n de color<\/td>\n<td style=\"width: 49.1758%;\">\n<p>CRI 96<\/p>\n<p>TLCI 97<\/p>\n<\/td>\n<\/tr>\n<tr>\n<td style=\"width: 49.1758%;\">Sistema de refrigeraci\u00f3n<\/td>\n<td style=\"width: 49.1758%;\"><em>Abanicar<\/em><\/td>\n<\/tr>\n<tr>\n<td style=\"width: 49.1758%;\">Flash<\/td>\n<p> incorporado<\/p>\n<td style=\"width: 49.1758%;\">No<\/td>\n<\/tr>\n<tr>\n<td style=\"width: 49.1758%;\">Montaje de accesorios<\/td>\n<p> frontal<\/p>\n<td style=\"width: 49.1758%;\">Bowens S<\/td>\n<\/tr>\n<\/tbody>\n<\/table>\n<p>Conectividad<\/p>\n<table style=\"border-collapse: collapse; width: 99.9795%;\" border=\"1\">\n<tbody>\n<tr>\n<td style=\"width: 49.1758%;\">Tipo de control remoto<\/td>\n<p> inal\u00e1mbrico <\/p>\n<td style=\"width: 49.1758%;\">Radio\/RF *Control remoto no incluido<\/td>\n<\/tr>\n<tr>\n<td style=\"width: 49.1758%;\">Compatible con aplicaciones m\u00f3viles<\/td>\n<td style=\"width: 49.1758%;\">\n<p>S\u00ed: Android e iOS<\/p>\n<p>Nombre de la aplicaci\u00f3n: SmallGoGo<\/p>\n<p>Caracter\u00edstica: Control remoto<\/p>\n<p>*A partir de noviembre de 2022: consulte con el fabricante para obtener la compatibilidad m\u00e1s actualizada<\/p>\n<\/td>\n<\/tr>\n<tr>\n<td style=\"width: 49.1758%;\">Alcance<\/td>\n<p> inal\u00e1mbrico<\/p>\n<td style=\"width: 49.1758%;\">328&#8217;\/100m<\/td>\n<\/tr>\n<\/tbody>\n<\/table>\n<p>Alimentaci\u00f3n y E\/S<\/p>\n<table style=\"border-collapse: collapse; width: 99.9795%;\" border=\"1\">\n<tbody>\n<tr>\n<td style=\"width: 49.1758%;\">Fuente de alimentaci\u00f3n<\/td>\n<td style=\"width: 49.1758%;\">\n<p>Alimentaci\u00f3n de CA (cable incluido)<\/p>\n<p>Bater\u00eda (no incluida)<\/p>\n<\/td>\n<\/tr>\n<tr>\n<p> Alimentaci\u00f3n de entrada <\/p>\n<td style=\"width: 49.1758%;\">de CA<\/td>\n<td style=\"width: 49.1758%;\">De 100 a 240 VCA, 50\/60 Hz<\/td>\n<\/tr>\n<tr>\n<td style=\"width: 49.1758%;\">Adaptador\/cable incluido<\/td>\n<td style=\"width: 49.1758%;\"><strong>1 x<\/strong> Enchufe Edison para cable no especificado (110,2&#8243; \/ 2,8 m)<\/td>\n<\/tr>\n<tr>\nConsumo <\/p>\n<td style=\"width: 49.1758%;\">de energ\u00eda<\/td>\n<td style=\"width: 49.1758%;\">499,8 W (m\u00e1ximo)<\/td>\n<\/tr>\n<\/tbody>\n<\/table>\n<p>Montura<\/p>\n<table style=\"border-collapse: collapse; width: 99.9795%;\" border=\"1\">\n<tbody>\n<tr>\n<td style=\"width: 49.1758%;\">Soporte de luz incluido\/montaje<\/td>\n<td style=\"width: 49.1758%;\"><strong>1 x<\/strong> Soporte de luz con pasador de 5\/8&#8243;<\/td>\n<\/tr>\n<\/tbody>\n<\/table>\n<p>Generalmente<\/p>\n<table style=\"border-collapse: collapse; width: 99.9795%;\" border=\"1\">\n<tbody>\n<tr>\n<td style=\"width: 49.1758%;\">Dimensiones<\/td>\n<td style=\"width: 49.1758%;\">29 x 14,5 x 14,5 cm (accesorio)<\/td>\n<\/tr>\n<tr>\n<td style=\"width: 49.1758%;\">Peso<\/td>\n<td style=\"width: 49.1758%;\">8,54 kg<\/td>\n<\/tr>\n<\/tbody>\n<\/table>\n","protected":false},"excerpt":{"rendered":"<p>SmallRig 3976 RC 450B Cob Iluminador LED (Bi-Color) &#8211; Modelo Europeo Caracter\u00edsticas principales Para creadores de contenido y vloggers Salida:<\/p>\n","protected":false},"featured_media":59493,"comment_status":"closed","ping_status":"open","template":"","meta":{"_acf_changed":false},"product_brand":[2550],"product_cat":[997],"product_tag":[],"class_list":{"0":"post-75327","1":"product","2":"type-product","3":"status-publish","4":"has-post-thumbnail","6":"product_brand-smallrig-es","7":"product_cat-focos","9":"first","10":"onbackorder","11":"taxable","12":"shipping-taxable","13":"purchasable","14":"product-type-simple"},"bundled_by":[],"bundle_stock_status":"onbackorder","bundle_stock_quantity":0,"bundle_virtual":false,"bundle_layout":"","bundle_add_to_cart_form_location":"","bundle_editable_in_cart":false,"bundle_sold_individually_context":"","bundle_item_grouping":"","bundle_min_size":"","bundle_max_size":"","bundle_price":[],"bundled_items":[],"bundle_sell_ids":[],"acf":[],"_links":{"self":[{"href":"https:\/\/hi-techwonder.com\/es\/wp-json\/wp\/v2\/product\/75327","targetHints":{"allow":["GET"]}}],"collection":[{"href":"https:\/\/hi-techwonder.com\/es\/wp-json\/wp\/v2\/product"}],"about":[{"href":"https:\/\/hi-techwonder.com\/es\/wp-json\/wp\/v2\/types\/product"}],"replies":[{"embeddable":true,"href":"https:\/\/hi-techwonder.com\/es\/wp-json\/wp\/v2\/comments?post=75327"}],"wp:featuredmedia":[{"embeddable":true,"href":"https:\/\/hi-techwonder.com\/es\/wp-json\/wp\/v2\/media\/59493"}],"wp:attachment":[{"href":"https:\/\/hi-techwonder.com\/es\/wp-json\/wp\/v2\/media?parent=75327"}],"wp:term":[{"taxonomy":"product_brand","embeddable":true,"href":"https:\/\/hi-techwonder.com\/es\/wp-json\/wp\/v2\/product_brand?post=75327"},{"taxonomy":"product_cat","embeddable":true,"href":"https:\/\/hi-techwonder.com\/es\/wp-json\/wp\/v2\/product_cat?post=75327"},{"taxonomy":"product_tag","embeddable":true,"href":"https:\/\/hi-techwonder.com\/es\/wp-json\/wp\/v2\/product_tag?post=75327"}],"curies":[{"name":"wp","href":"https:\/\/api.w.org\/{rel}","templated":true}]}}