{"id":75329,"date":"2025-07-29T10:27:42","date_gmt":"2025-07-29T10:27:42","guid":{"rendered":"https:\/\/fv6qoy3ls0.wpdns.site\/product\/jaula-smallrig-3934-para-fujifilm-x-h2s\/"},"modified":"2026-01-31T01:34:11","modified_gmt":"2026-01-31T01:34:11","slug":"smallrig-jaula-smallrig-3934-para-fujifilm-x-h2s","status":"publish","type":"product","link":"https:\/\/hi-techwonder.com\/es\/producto\/smallrig-jaula-smallrig-3934-para-fujifilm-x-h2s\/","title":{"rendered":"Jaula SMALLRIG 3934 para FUJIFILM X-H2S"},"content":{"rendered":"<p><strong>Jaula SMALLRIG 3934 para FUJIFILM X-H2S<\/strong><\/p>\n<p>Bloquea la c\u00e1mara mediante un tornillo de 1\/4\u00bb-20, un pasador de localizaci\u00f3n en la parte inferior y un adaptador de bloqueo lateral a la izquierda, y tiene almohadillas de goma para evitar ara\u00f1azos. El armaz\u00f3n viene con almohadillas protectoras que evitan ara\u00f1azos y un brazo articulado en la tapa de la bater\u00eda que se adapta perfectamente a la c\u00e1mara y mejora la experiencia de agarre del dedo me\u00f1ique. La jaula da acceso completo a los puertos, el dial, la pantalla LCD y la tapa de la bater\u00eda. Viene con orificios roscados de 1\/4&#8243;-20 y 3\/8&#8243;-16 para mango lateral 2093 y 3814, mango superior 3765, abrazadera de cable 1693, brazo m\u00e1gico 2070 y 2115, soporte de monitor 2904 y 2903, placa de liberaci\u00f3n r\u00e1pida Manfrotto 1280, etc. un orificio de ubicaci\u00f3n de 1\/4&#8243;-20 en el lado que soporta la abrazadera de varilla \u00fanica 3276 para Follow Focus 3010; soportes de zapata fr\u00eda para micr\u00f3fonos, luces LED, etc.; y rieles NATO para manija lateral 3260 y 3813 y brazo m\u00e1gico 2116; Agujeros para asa para correa de mano 3848 y 2456. Su fondo de placa de liberaci\u00f3n r\u00e1pida Arca-Swiss es compatible con el tr\u00edpode Arca-Swiss y DJI RS 2 \/ RSC 2 para cambiar r\u00e1pidamente entre tomas de estabilizador, de mano y de tr\u00edpode. La cabeza del destornillador est\u00e1 disponible para facilitar el montaje y desmontaje de la jaula.<\/p>\n<p>Observaci\u00f3n:<\/p>\n<p>Orden de instalaci\u00f3n: Perno inferior de 1\/4&#8243;-20, pasador de ubicaci\u00f3n M2.5, adaptador de bloqueo del lado izquierdo<\/p>\n<p>Compatibilidad<\/p>\n<p>FUJIFILM X-H2S<\/p>\n<p>En la caja<\/p>\n<p>1 \u00d7 jaula<\/p>\n<p>1 \u00d7 Adaptador de bloqueo lateral<\/p>\n<p>Dimensiones del producto: 151 \u00d7 109 \u00d7 68 mm<\/p>\n<p>Dimensiones del paquete: 160 \u00d7 150 \u00d7 68 mm<\/p>\n<p>Peso neto: 165 g \u00b1 5 g<\/p>\n<p>Peso del paquete: 255 g \u00b1 5 g<\/p>\n<p>Material: aleaci\u00f3n de aluminio<\/p>\n","protected":false},"excerpt":{"rendered":"<p>Jaula SMALLRIG 3934 para FUJIFILM X-H2S Bloquea la c\u00e1mara mediante un tornillo de 1\/4\u00bb-20, un pasador de localizaci\u00f3n en la<\/p>\n","protected":false},"featured_media":63640,"comment_status":"closed","ping_status":"open","template":"","meta":{"_acf_changed":false},"product_brand":[2550],"product_cat":[1087],"product_tag":[],"class_list":{"0":"post-75329","1":"product","2":"type-product","3":"status-publish","4":"has-post-thumbnail","6":"product_brand-smallrig-es","7":"product_cat-zapatas-y-tornillos","9":"first","10":"onbackorder","11":"taxable","12":"shipping-taxable","13":"purchasable","14":"product-type-simple"},"bundled_by":[],"bundle_stock_status":"onbackorder","bundle_stock_quantity":0,"bundle_virtual":false,"bundle_layout":"","bundle_add_to_cart_form_location":"","bundle_editable_in_cart":false,"bundle_sold_individually_context":"","bundle_item_grouping":"","bundle_min_size":"","bundle_max_size":"","bundle_price":[],"bundled_items":[],"bundle_sell_ids":[],"acf":[],"_links":{"self":[{"href":"https:\/\/hi-techwonder.com\/es\/wp-json\/wp\/v2\/product\/75329","targetHints":{"allow":["GET"]}}],"collection":[{"href":"https:\/\/hi-techwonder.com\/es\/wp-json\/wp\/v2\/product"}],"about":[{"href":"https:\/\/hi-techwonder.com\/es\/wp-json\/wp\/v2\/types\/product"}],"replies":[{"embeddable":true,"href":"https:\/\/hi-techwonder.com\/es\/wp-json\/wp\/v2\/comments?post=75329"}],"wp:featuredmedia":[{"embeddable":true,"href":"https:\/\/hi-techwonder.com\/es\/wp-json\/wp\/v2\/media\/63640"}],"wp:attachment":[{"href":"https:\/\/hi-techwonder.com\/es\/wp-json\/wp\/v2\/media?parent=75329"}],"wp:term":[{"taxonomy":"product_brand","embeddable":true,"href":"https:\/\/hi-techwonder.com\/es\/wp-json\/wp\/v2\/product_brand?post=75329"},{"taxonomy":"product_cat","embeddable":true,"href":"https:\/\/hi-techwonder.com\/es\/wp-json\/wp\/v2\/product_cat?post=75329"},{"taxonomy":"product_tag","embeddable":true,"href":"https:\/\/hi-techwonder.com\/es\/wp-json\/wp\/v2\/product_tag?post=75329"}],"curies":[{"name":"wp","href":"https:\/\/api.w.org\/{rel}","templated":true}]}}