{"id":75331,"date":"2025-07-29T10:27:34","date_gmt":"2025-07-29T10:27:34","guid":{"rendered":"https:\/\/fv6qoy3ls0.wpdns.site\/product\/soporte-en-l-smallrig-3928-para-fujifilm-x-h2s\/"},"modified":"2026-01-31T01:34:19","modified_gmt":"2026-01-31T01:34:19","slug":"smallrig-soporte-en-l-smallrig-3928-para-fujifilm-x-h2s","status":"publish","type":"product","link":"https:\/\/hi-techwonder.com\/es\/producto\/smallrig-soporte-en-l-smallrig-3928-para-fujifilm-x-h2s\/","title":{"rendered":"Soporte en L SMALLRIG 3928 para FUJIFILM X-H2S"},"content":{"rendered":"<p><strong>Soporte en L SMALLRIG 928 para FUJIFILM X-H2S<\/strong><\/p>\n<p>Fijando la c\u00e1mara a trav\u00e9s de un tornillo de 1\/4&#8243;-20 y un pasador de localizaci\u00f3n antitorsi\u00f3n en la parte inferior, la montura L viene con almohadillas protectoras que evitan ara\u00f1azos y un brazo con bisagras en el puerto de la bater\u00eda que se ajusta perfectamente a la c\u00e1mara y mejora la experiencia de agarre del dedo me\u00f1ique. Su placa base y placa lateral Arca-Swiss tienen una marca central. En la placa base, hay orificios roscados de 1\/4&#8243;-20 para Manfrotto Quick Release Plate 1280, Side Handle 2093, etc., un punto de montaje Arca-Swiss en la parte inferior para el tr\u00edpode Arca-Swiss y DJI RS 2 \/ RSC 2 \/ RS 3 \/ RS 3 Pro; y un orificio de asa incorporado para correas de mano 3848 y 2456. En la parte superior de la placa lateral, hay dos orificios roscados de 1\/4&#8243;-20 que est\u00e1n disponibles para su uso con Cold Shoe BUC2736 para conectar micr\u00f3fonos, luz y m\u00e1s La placa lateral extensible da acceso al cable HDMI y se puede ajustar hacia adelante y hacia atr\u00e1s para una apertura de 180\u00b0 de la pantalla LCD. Su dise\u00f1o de apertura significa que puede girar la pantalla alrededor de 90 \u00b0. Se incluyen un destornillador y una llave hexagonal para un montaje y desmontaje r\u00e1pidos.   <\/p>\n<p>1. La placa base y la placa lateral de Arca-Swiss son tr\u00edpodes compatibles para permitir disparos verticales u horizontales.<\/p>\n<p>2. Se incluye un brazo articulado en la tapa de la bater\u00eda, que se adapta a la c\u00e1mara y mejora la experiencia de manejo.<\/p>\n<p>3. La placa de liberaci\u00f3n r\u00e1pida inferior Arca-Swiss admite el tr\u00edpode Arca-Swiss y el estabilizador DJI RS 2 \/ RSC 2 \/ RS 3 \/ RS 3 Pro.<\/p>\n<p>4. La placa lateral extensible le permite ajustar ligeramente la posici\u00f3n delantera y trasera, dejando espacio para el acceso a los cables.<\/p>\n<p>5. Interruptor magn\u00e9tico incorporado para facilitar el desmontaje y montaje.<\/p>\n<p>Adecuado para:<\/p>\n<p>FUJIFILM X-H2S<\/p>\n<p>Lista de empaque:<\/p>\n<p>Stand L \u00d7 1<\/p>\n<p>Datos t\u00e9cnicos:<\/p>\n<p>Dimensiones del producto: 145 \u00d7 68 \u00d7 90 mm<\/p>\n<p>Dimensiones del paquete: 160 \u00d7 150 \u00d7 68 mm<\/p>\n<p>Peso neto: 135 g \u00b1 5 g<\/p>\n<p>Peso del paquete: 225 g \u00b1 5 g<\/p>\n<p>Material: aleaci\u00f3n de aluminio<\/p>\n","protected":false},"excerpt":{"rendered":"<p>Soporte en L SMALLRIG 928 para FUJIFILM X-H2S Fijando la c\u00e1mara a trav\u00e9s de un tornillo de 1\/4&#8243;-20 y un<\/p>\n","protected":false},"featured_media":63637,"comment_status":"closed","ping_status":"open","template":"","meta":{"_acf_changed":false},"product_brand":[2550],"product_cat":[1087],"product_tag":[],"class_list":{"0":"post-75331","1":"product","2":"type-product","3":"status-publish","4":"has-post-thumbnail","6":"product_brand-smallrig-es","7":"product_cat-zapatas-y-tornillos","9":"first","10":"onbackorder","11":"taxable","12":"shipping-taxable","13":"purchasable","14":"product-type-simple"},"bundled_by":[],"bundle_stock_status":"onbackorder","bundle_stock_quantity":0,"bundle_virtual":false,"bundle_layout":"","bundle_add_to_cart_form_location":"","bundle_editable_in_cart":false,"bundle_sold_individually_context":"","bundle_item_grouping":"","bundle_min_size":"","bundle_max_size":"","bundle_price":[],"bundled_items":[],"bundle_sell_ids":[],"acf":[],"_links":{"self":[{"href":"https:\/\/hi-techwonder.com\/es\/wp-json\/wp\/v2\/product\/75331","targetHints":{"allow":["GET"]}}],"collection":[{"href":"https:\/\/hi-techwonder.com\/es\/wp-json\/wp\/v2\/product"}],"about":[{"href":"https:\/\/hi-techwonder.com\/es\/wp-json\/wp\/v2\/types\/product"}],"replies":[{"embeddable":true,"href":"https:\/\/hi-techwonder.com\/es\/wp-json\/wp\/v2\/comments?post=75331"}],"wp:featuredmedia":[{"embeddable":true,"href":"https:\/\/hi-techwonder.com\/es\/wp-json\/wp\/v2\/media\/63637"}],"wp:attachment":[{"href":"https:\/\/hi-techwonder.com\/es\/wp-json\/wp\/v2\/media?parent=75331"}],"wp:term":[{"taxonomy":"product_brand","embeddable":true,"href":"https:\/\/hi-techwonder.com\/es\/wp-json\/wp\/v2\/product_brand?post=75331"},{"taxonomy":"product_cat","embeddable":true,"href":"https:\/\/hi-techwonder.com\/es\/wp-json\/wp\/v2\/product_cat?post=75331"},{"taxonomy":"product_tag","embeddable":true,"href":"https:\/\/hi-techwonder.com\/es\/wp-json\/wp\/v2\/product_tag?post=75331"}],"curies":[{"name":"wp","href":"https:\/\/api.w.org\/{rel}","templated":true}]}}