{"id":75332,"date":"2025-07-28T23:59:43","date_gmt":"2025-07-28T23:59:43","guid":{"rendered":"https:\/\/fv6qoy3ls0.wpdns.site\/product\/smallrig-3848-correa-de-mano-mamba-negra\/"},"modified":"2025-09-30T14:56:11","modified_gmt":"2025-09-30T14:56:11","slug":"smallrig-3848-correa-de-mano-mamba-negra","status":"publish","type":"product","link":"https:\/\/hi-techwonder.com\/es\/producto\/smallrig-3848-correa-de-mano-mamba-negra\/","title":{"rendered":"SMALLRIG 3848 Correa de mano Mamba negra"},"content":{"rendered":"<p><strong>Correa de mano Smallrig 3848 Black Mamba<\/strong><\/p>\n<p>La correa de mano SmallRig Black Mamba 3848 est\u00e1 dise\u00f1ada para mejorar la estabilidad y la seguridad de los disparos.<\/p>\n<p><strong>Caracter\u00edsticas principales:<\/strong><\/p>\n<ul>\n<li>Protege la c\u00e1mara de ca\u00eddas accidentales.<\/li>\n<li>La elasticidad ajustable que tiene, hace que se adapte a la mayor\u00eda de los tama\u00f1os de mu\u00f1eca.<\/li>\n<li>Mejora de la estabilidad de disparo.<\/li>\n<li>Transpirable, absorbente de sudor y c\u00f3modo de llevar.<\/li>\n<li>Se quita f\u00e1cilmente.<strong><br \/><\/strong><\/li>\n<\/ul>\n<p>Esta correa no bloquea los botones superiores de la c\u00e1mara, tiene un forro de microfibra transpirable y absorbente de sudor y un coj\u00edn de espuma suave para adaptarse al dorso de la mano.<\/p>\n<p>Proporciona una mejor experiencia de disparo.<\/p>\n<p>Gracias al ajuste estilo Black Mamba, permite un ajuste r\u00e1pido para garantizar la seguridad.<\/p>\n<p><strong>Compatibilidad:<\/strong><\/p>\n<p>Jaulas, asas laterales, soportes en L, placas base con orificio para mango m\u00e1s grande de F10 mm<\/p>\n<p><strong>Dimensiones<\/strong>: 485 x 60 x 20 mm<\/p>\n<p><strong>Notas:<\/strong><\/p>\n<p>Placa base no incluida.<\/p>\n","protected":false},"excerpt":{"rendered":"<p>Correa de mano Smallrig 3848 Black Mamba La correa de mano SmallRig Black Mamba 3848 est\u00e1 dise\u00f1ada para mejorar la<\/p>\n","protected":false},"featured_media":31327,"comment_status":"closed","ping_status":"closed","template":"","meta":{"_acf_changed":false},"product_brand":[2550],"product_cat":[903],"product_tag":[],"class_list":{"0":"post-75332","1":"product","2":"type-product","3":"status-publish","4":"has-post-thumbnail","6":"product_brand-smallrig-es","7":"product_cat-correas-y-tirantes","8":"pa_cor-negro","10":"first","11":"onbackorder","12":"taxable","13":"shipping-taxable","14":"purchasable","15":"product-type-simple"},"bundled_by":[],"bundle_stock_status":"onbackorder","bundle_stock_quantity":null,"bundle_virtual":false,"bundle_layout":"","bundle_add_to_cart_form_location":"","bundle_editable_in_cart":false,"bundle_sold_individually_context":"","bundle_item_grouping":"","bundle_min_size":"","bundle_max_size":"","bundle_price":[],"bundled_items":[],"bundle_sell_ids":[],"acf":[],"_links":{"self":[{"href":"https:\/\/hi-techwonder.com\/es\/wp-json\/wp\/v2\/product\/75332","targetHints":{"allow":["GET"]}}],"collection":[{"href":"https:\/\/hi-techwonder.com\/es\/wp-json\/wp\/v2\/product"}],"about":[{"href":"https:\/\/hi-techwonder.com\/es\/wp-json\/wp\/v2\/types\/product"}],"replies":[{"embeddable":true,"href":"https:\/\/hi-techwonder.com\/es\/wp-json\/wp\/v2\/comments?post=75332"}],"wp:featuredmedia":[{"embeddable":true,"href":"https:\/\/hi-techwonder.com\/es\/wp-json\/wp\/v2\/media\/31327"}],"wp:attachment":[{"href":"https:\/\/hi-techwonder.com\/es\/wp-json\/wp\/v2\/media?parent=75332"}],"wp:term":[{"taxonomy":"product_brand","embeddable":true,"href":"https:\/\/hi-techwonder.com\/es\/wp-json\/wp\/v2\/product_brand?post=75332"},{"taxonomy":"product_cat","embeddable":true,"href":"https:\/\/hi-techwonder.com\/es\/wp-json\/wp\/v2\/product_cat?post=75332"},{"taxonomy":"product_tag","embeddable":true,"href":"https:\/\/hi-techwonder.com\/es\/wp-json\/wp\/v2\/product_tag?post=75332"}],"curies":[{"name":"wp","href":"https:\/\/api.w.org\/{rel}","templated":true}]}}