{"id":75334,"date":"2025-07-29T10:49:00","date_gmt":"2025-07-29T10:49:00","guid":{"rendered":"https:\/\/fv6qoy3ls0.wpdns.site\/product\/kit-de-jaula-smallrig-3830-para-canon-eos-r5-r5c-r6\/"},"modified":"2026-01-31T01:26:35","modified_gmt":"2026-01-31T01:26:35","slug":"smallrig-kit-de-jaula-smallrig-3830-para-canon-eos-r5-r5c-r6","status":"publish","type":"product","link":"https:\/\/hi-techwonder.com\/es\/producto\/smallrig-kit-de-jaula-smallrig-3830-para-canon-eos-r5-r5c-r6\/","title":{"rendered":"Kit de jaula SMALLRIG 3830 para Canon EOS R5 \/ R5C \/ R6"},"content":{"rendered":"<p>Protege, complementa y toma fotos sin tr\u00edpode con tu c\u00e1mara sin espejo Canon EOS R6, R5 o R5 C con este kit port\u00e1til de SmallRig. Este kit incluye un armaz\u00f3n de c\u00e1mara de aluminio dise\u00f1ado para el R6, R5 y R5 C, una abrazadera de cable HDMI\/USB Tipo-C y una correa superior estilo queso. Hay un soporte para zapata en la jaula y tres en el asa superior, y ambos art\u00edculos tambi\u00e9n cuentan con m\u00faltiples roscas de accesorios de 1\/4&#8243;-20 y 3\/8&#8243;-16.  <\/p>\n<p>Tambi\u00e9n hay una sola abrazadera de varilla de 15 mm y un riel NATO en el armaz\u00f3n para agregar una variedad de accesorios. El mango superior se monta en la jaula con un soporte antitorsi\u00f3n de 3\/8&#8243;-16. Puede montar la jaula en un tr\u00edpode o plataforma usando roscas de 1\/4&#8243;-20 o 3\/8&#8243;-16 o la placa tipo Arca en la base. <\/p>\n<p><strong>Armaz\u00f3n de c\u00e1mara SmallRig para Canon EOS R5 C, R5 y R6<\/strong><\/p>\n<p>El ligero armaz\u00f3n de aluminio de SmallRig proporciona montaje y protecci\u00f3n de accesorios para tu c\u00e1mara Canon EOS R5 C, R5 o R6. Esta jaula con clip mantiene el acceso a los controles de la c\u00e1mara, la bater\u00eda y la ranura para tarjetas SD, y cuenta con una variedad de opciones de montaje. <\/p>\n<p>La c\u00e1mara se monta en el armaz\u00f3n con un solo tornillo de 1\/4&#8243;-20, y hay pasadores antitorsi\u00f3n y una almohadilla en la base para evitar que la c\u00e1mara se tuerza o raye. Adem\u00e1s de m\u00faltiples pernos de 1\/4&#8243;-20 y con roscas de fijaci\u00f3n de 3\/8&#8243;-16, la jaula cuenta con m\u00faltiples orificios de ubicaci\u00f3n estilo ARRI para evitar que los accesorios se tuerzan cuando se montan en la jaula.<\/p>\n<p>Un lado tiene un riel NATO integrado y hay un soporte de zapata en la parte superior. Las ranuras de correa integradas le permiten agregar una correa para el cuello o la mu\u00f1eca disponible por separado. Un destornillador para asegurar el tornillo de la c\u00e1mara se guarda en la parte inferior del armaz\u00f3n.  <\/p>\n<p><strong>Compatibilidad<\/strong><\/p>\n<p>C\u00e1maras Canon EOS R5 C, R5 y R6<\/p>\n<p>Compatible con, pero no limitado a:<\/p>\n<p>SmallRig 1984 Mango superior<\/p>\n<p>Equipo peque\u00f1o HTN2439 asa superior<\/p>\n<p>Mango lateral de madera para equipos peque\u00f1os 2093<\/p>\n<p>Brida de plataforma peque\u00f1a 2981<\/p>\n<p>ARRI 2165 SmallRig Manija de localizaci\u00f3n<\/p>\n<p>Brazo m\u00e1gico de cabeza de bola peque\u00f1a 2115<\/p>\n<p>Correa de mano para equipos PAC2456 peque\u00f1os<\/p>\n<p>Correa de mano para equipos de PSW2398 peque\u00f1os<\/p>\n<p>Collar\u00edn peque\u00f1o PSC2428<\/p>\n<p><strong>Mango superior SmallRig con soporte antitorsi\u00f3n estilo ARRI<\/strong><\/p>\n<p>Lleva tu c\u00e1mara o toma fotos de \u00e1ngulo bajo con este asa superior estilo ARRI de SmallRig. La correa utiliza un tornillo de bloqueo de 3\/8&#8243;-16 con pasadores de localizaci\u00f3n para sujetarla de forma segura a la jaula de la c\u00e1mara. <\/p>\n<p>Adem\u00e1s de un portaca\u00f1as de 15 mm, este mango vers\u00e1til cuenta con un bloqueo y dos soportes de zapata fr\u00eda est\u00e1ndar, as\u00ed como m\u00faltiples roscas antitorsi\u00f3n estilo ARRI de 1\/4&#8243;-20 y 3\/8&#8243;-16. El mango est\u00e1 construido con componentes duraderos ?? Fabricado en aluminio y acero inoxidable.<\/p>\n<p><strong>Compatibilidad<\/strong><\/p>\n<p>Jaulas y plataformas de montaje estilo ARRI de 3\/8&#8243;-16 con orificios de ubicaci\u00f3n<\/p>\n<p>Tambi\u00e9n compatible con, pero no limitado a:<\/p>\n<p>Soporte para monitor SmallRig 2294<\/p>\n<p>Soporte para monitor SmallRig 2348<\/p>\n<p><strong>Abrazadera de cable HDMI y USB tipo C SmallRig para Canon EOS R5 Cage \/ R5 \/ R6<\/strong><\/p>\n<p>Asegura y asegura los cables de tu c\u00e1mara Canon EOS R5 C, R5 o R6 con esta abrazadera de cable HDMI y USB Type-C de SmallRig. La abrazadera de aluminio duradero es compatible con el armaz\u00f3n SmallRig 2981 para la c\u00e1mara Canon EOS R5 o R6. <\/p>\n<p>Dise\u00f1ada para evitar que los cables HDMI y USB tipo C de la c\u00e1mara se desconecten accidentalmente, esta abrazadera se fija al costado del armaz\u00f3n con dos tornillos M3. Los cables est\u00e1n asegurados con tornillos moleteados de 1\/4&#8243;-20 f\u00e1ciles de agarrar. Cada perno se ajusta a un bloque deslizante que se puede apretar para adaptarse a diferentes di\u00e1metros. Se incluyen dos llaves Allen para asegurar los tornillos.   <\/p>\n<p><strong>Compatibilidad<\/strong><\/p>\n<p>Armaz\u00f3n peque\u00f1o para Canon EOS R5 C \/ R5 \/ R6 2982<\/p>\n<p><strong>Especificaciones del armaz\u00f3n de c\u00e1mara SmallRig para Canon EOS R5 C, R5 y R6<\/strong><\/p>\n<p>Soporte tipo jaula<\/p>\n<p>Tipo de agarre Ninguno<\/p>\n<p>Compatibilidad con c\u00e1maras Canon EOS R5, Canon EOS R5 C, Canon EOS R6<\/p>\n<p><strong>Montura<\/strong><\/p>\n<p>Jaula de Montaje de Accesorios: M\u00faltiple x Rosca de 1\/4&#8243;-20, M\u00faltiple x Rosca de 3\/8&#8243;-16, M\u00faltiple x Rosca Anti-Torsi\u00f3n ARRI de 3\/8&#8243;-16<\/p>\n<p>Tornillo de montaje de c\u00e1mara 1\/4&#8243;-20<\/p>\n<p>Jaula de montaje del tr\u00edpode: rosca de 1\/4&#8243;-20, rosca de 3\/8&#8243;-16<\/p>\n<p>Jaula de montaje de zapata, parte superior: 1 x zapata fr\u00eda<\/p>\n<p>Rosetas Ninguna<\/p>\n<p>Jaula de montaje en ra\u00edl, lateral: 1 x Ra\u00edl NATO<\/p>\n<p><strong>Generalmente<\/strong><\/p>\n<p>Materiales Aluminio<\/p>\n<p>Dimensiones 6.04 x 4.41 x 2.5&#8243; \/ 15.35 x 11.2 x 6.35 cm<\/p>\n<p>Peso 6.35 oz \/ 180 g<\/p>\n<p><strong>Mango superior SmallRig con especificaciones de montaje antitorsi\u00f3n estilo ARRI<\/strong><\/p>\n<p>Tipo de art\u00edculo: Asa superior con asa estilo plato de queso<\/p>\n<p>Controles incorporados Ninguno<\/p>\n<p><strong>Montura<\/strong><\/p>\n<p>M\u00e9todo de fijaci\u00f3n Se conecta a trav\u00e9s de 1 x Tornillo antitorsi\u00f3n incorporado ARRI 3\/8&#8243;-16<\/p>\n<p>Varilla est\u00e1ndar Varilla simple de 15 mm<\/p>\n<p>Puertos de varilla 1 x 15 mm Puerto de varilla<\/p>\n<p>Eje de la manija de montaje de accesorios<\/p>\n<p>Varios x 1\/4&#8243;-20 Rosca<\/p>\n<p>Varios x Rosca antitorsi\u00f3n ARRI de 3\/8&#8243;-16<\/p>\n<p>Montaje de zapata 3 x ranura de zapata fr\u00eda incorporada<\/p>\n<p>Rosetas Ninguna<\/p>\n<p>Montaje en riel: Ninguno<\/p>\n<p><strong>Generalmente<\/strong><\/p>\n<p>Materiales Aluminio, Acero<\/p>\n<p>Dimensiones 5,3 x 2,7 x 1&#8243; \/ 134 x 69 x 24,5 mm<\/p>\n<p>Peso 6.4 oz \/ 181 g<\/p>\n","protected":false},"excerpt":{"rendered":"<p>Protege, complementa y toma fotos sin tr\u00edpode con tu c\u00e1mara sin espejo Canon EOS R6, R5 o R5 C con<\/p>\n","protected":false},"featured_media":67919,"comment_status":"closed","ping_status":"open","template":"","meta":{"_acf_changed":false},"product_brand":[2550],"product_cat":[1106],"product_tag":[],"class_list":{"0":"post-75334","1":"product","2":"type-product","3":"status-publish","4":"has-post-thumbnail","6":"product_brand-smallrig-es","7":"product_cat-kits-cages-es","9":"first","10":"onbackorder","11":"taxable","12":"shipping-taxable","13":"purchasable","14":"product-type-simple"},"bundled_by":[],"bundle_stock_status":"onbackorder","bundle_stock_quantity":0,"bundle_virtual":false,"bundle_layout":"","bundle_add_to_cart_form_location":"","bundle_editable_in_cart":false,"bundle_sold_individually_context":"","bundle_item_grouping":"","bundle_min_size":"","bundle_max_size":"","bundle_price":[],"bundled_items":[],"bundle_sell_ids":[],"acf":[],"_links":{"self":[{"href":"https:\/\/hi-techwonder.com\/es\/wp-json\/wp\/v2\/product\/75334","targetHints":{"allow":["GET"]}}],"collection":[{"href":"https:\/\/hi-techwonder.com\/es\/wp-json\/wp\/v2\/product"}],"about":[{"href":"https:\/\/hi-techwonder.com\/es\/wp-json\/wp\/v2\/types\/product"}],"replies":[{"embeddable":true,"href":"https:\/\/hi-techwonder.com\/es\/wp-json\/wp\/v2\/comments?post=75334"}],"wp:featuredmedia":[{"embeddable":true,"href":"https:\/\/hi-techwonder.com\/es\/wp-json\/wp\/v2\/media\/67919"}],"wp:attachment":[{"href":"https:\/\/hi-techwonder.com\/es\/wp-json\/wp\/v2\/media?parent=75334"}],"wp:term":[{"taxonomy":"product_brand","embeddable":true,"href":"https:\/\/hi-techwonder.com\/es\/wp-json\/wp\/v2\/product_brand?post=75334"},{"taxonomy":"product_cat","embeddable":true,"href":"https:\/\/hi-techwonder.com\/es\/wp-json\/wp\/v2\/product_cat?post=75334"},{"taxonomy":"product_tag","embeddable":true,"href":"https:\/\/hi-techwonder.com\/es\/wp-json\/wp\/v2\/product_tag?post=75334"}],"curies":[{"name":"wp","href":"https:\/\/api.w.org\/{rel}","templated":true}]}}