{"id":75336,"date":"2025-07-29T10:46:24","date_gmt":"2025-07-29T10:46:24","guid":{"rendered":"https:\/\/fv6qoy3ls0.wpdns.site\/product\/smallrig-3872-kit-de-jaula-retro-para-fujifilm-x-t5\/"},"modified":"2025-07-29T10:46:24","modified_gmt":"2025-07-29T10:46:24","slug":"smallrig-3872-kit-de-jaula-retro-para-fujifilm-x-t5","status":"publish","type":"product","link":"https:\/\/hi-techwonder.com\/es\/producto\/smallrig-3872-kit-de-jaula-retro-para-fujifilm-x-t5\/","title":{"rendered":"SMALLRIG 3872 Kit de jaula retro para Fujifilm X-T5"},"content":{"rendered":"<p><strong>SMALLRIG 3872 Kit de jaula retro para Fujifilm X-T5&nbsp;<\/strong><\/p>\n<p>El kit de jaula retro Smallrig 3872 para Fujifilm X-T5 est\u00e1 dise\u00f1ado para facilitar el disparo en \u00e1ngulo bajo, proteger la c\u00e1mara y proporcionar puntos de montaje de accesorios. El kit incluye una jaula, una correa superior y una brida HDMI y USB-C y una cubierta para zapatos. La jaula est\u00e1 dotada de un nuevo estilo punk con un marco adaptador de bot\u00f3n de obturador y una correa de cuero ergon\u00f3mica para un mejor control del obturador y una mejor experiencia de manejo. Los puntos de montaje de accesorios incluyen: orificio roscado de 1\/4&#8243;-20, orificio roscado de 3\/8&#8243;-16, orificio de localizaci\u00f3n ARRI de 3\/8&#8243;-16, montaje de zapata fr\u00eda, riel OTAN, adecuado para brazo m\u00e1gico, mango lateral, mango superior, abrazadera de varilla, placa base, luz de video LED, micr\u00f3fono, etc. El mango superior ergon\u00f3mico hace que el disparo de \u00e1ngulo bajo sea c\u00f3modo y estable. Adem\u00e1s, hay un nivel de burbuja en la cubierta de la zapata para la calibraci\u00f3n.     <\/p>\n<p><strong>Funciones:<\/strong><\/p>\n<ul>\n<li>Dimensiones: 135 x 162 x 135 mm<\/li>\n<li>Material(es): Aleaci\u00f3n de aluminio, silicona, cuero, acero inoxidable<\/li>\n<\/ul>\n<p><strong>En la caja:<\/strong><\/p>\n<p>1 x jaula<\/p>\n<p>1 x Cubierta de zapato<\/p>\n<p>1 x Brida HDMI y USB-C<\/p>\n<p>1 x Asa superior<\/p>\n<p>1 x adaptador de bloqueo lateral<\/p>\n<p>1 x adaptador de bot\u00f3n de obturador<\/p>\n<p>1 x Llave Allen<\/p>\n<p>2 x Tornillo M3<\/p>\n<p>2 x Tornillo M2<\/p>\n<p>1 x tornillo c\u00f3nico<\/p>\n","protected":false},"excerpt":{"rendered":"<p>SMALLRIG 3872 Kit de jaula retro para Fujifilm X-T5&nbsp; El kit de jaula retro Smallrig 3872 para Fujifilm X-T5 est\u00e1<\/p>\n","protected":false},"featured_media":67307,"comment_status":"closed","ping_status":"open","template":"","meta":{"_acf_changed":false},"product_brand":[2550],"product_cat":[1105],"product_tag":[],"class_list":{"0":"post-75336","1":"product","2":"type-product","3":"status-publish","4":"has-post-thumbnail","6":"product_brand-smallrig-es","7":"product_cat-cages-cages-es","9":"first","10":"onbackorder","11":"taxable","12":"shipping-taxable","13":"purchasable","14":"product-type-simple"},"bundled_by":[],"bundle_stock_status":"onbackorder","bundle_stock_quantity":0,"bundle_virtual":false,"bundle_layout":"","bundle_add_to_cart_form_location":"","bundle_editable_in_cart":false,"bundle_sold_individually_context":"","bundle_item_grouping":"","bundle_min_size":"","bundle_max_size":"","bundle_price":[],"bundled_items":[],"bundle_sell_ids":[],"acf":[],"_links":{"self":[{"href":"https:\/\/hi-techwonder.com\/es\/wp-json\/wp\/v2\/product\/75336","targetHints":{"allow":["GET"]}}],"collection":[{"href":"https:\/\/hi-techwonder.com\/es\/wp-json\/wp\/v2\/product"}],"about":[{"href":"https:\/\/hi-techwonder.com\/es\/wp-json\/wp\/v2\/types\/product"}],"replies":[{"embeddable":true,"href":"https:\/\/hi-techwonder.com\/es\/wp-json\/wp\/v2\/comments?post=75336"}],"wp:featuredmedia":[{"embeddable":true,"href":"https:\/\/hi-techwonder.com\/es\/wp-json\/wp\/v2\/media\/67307"}],"wp:attachment":[{"href":"https:\/\/hi-techwonder.com\/es\/wp-json\/wp\/v2\/media?parent=75336"}],"wp:term":[{"taxonomy":"product_brand","embeddable":true,"href":"https:\/\/hi-techwonder.com\/es\/wp-json\/wp\/v2\/product_brand?post=75336"},{"taxonomy":"product_cat","embeddable":true,"href":"https:\/\/hi-techwonder.com\/es\/wp-json\/wp\/v2\/product_cat?post=75336"},{"taxonomy":"product_tag","embeddable":true,"href":"https:\/\/hi-techwonder.com\/es\/wp-json\/wp\/v2\/product_tag?post=75336"}],"curies":[{"name":"wp","href":"https:\/\/api.w.org\/{rel}","templated":true}]}}