{"id":75337,"date":"2025-07-28T23:29:10","date_gmt":"2025-07-28T23:29:10","guid":{"rendered":"https:\/\/fv6qoy3ls0.wpdns.site\/product\/kit-de-cargador-smallrig-3824b-2-baterias-np-fz100-2040mah\/"},"modified":"2026-01-31T03:54:26","modified_gmt":"2026-01-31T03:54:26","slug":"smallrig-kit-de-cargador-smallrig-3824b-2-baterias-np-fz100-2040mah","status":"publish","type":"product","link":"https:\/\/hi-techwonder.com\/es\/producto\/smallrig-kit-de-cargador-smallrig-3824b-2-baterias-np-fz100-2040mah\/","title":{"rendered":"Kit de cargador SMALLRIG 3824B + 2 bater\u00edas NP-FZ100 2040mAh"},"content":{"rendered":"<p><strong>Kit de cargador Smallrig 3824 + 2 bater\u00edas NP-FZ100 &#8211; 2040mAh<\/strong><\/p>\n<p><strong>Funciones:<\/strong><\/p>\n<ul>\n<li>Chip completamente decodificado: las bater\u00edas son compatibles con la c\u00e1mara y el cargador originales sin causar ventanas emergentes y permiten la visualizaci\u00f3n de energ\u00eda.<\/li>\n<li>Carga dual r\u00e1pida: carga r\u00e1pidamente una o dos bater\u00edas;<\/li>\n<li>La pantalla LCD muestra la corriente de carga, el voltaje de carga, el progreso de carga y la capacidad de carga en tiempo real.<\/li>\n<li>Carga multidireccional: la interfaz de entrada USB-A y USB-C incorporada permite cargar a trav\u00e9s del cargador, el cargador del autom\u00f3vil, el banco de energ\u00eda. Adaptador USB no incluido. <\/li>\n<\/ul>\n<p><strong>Contenido del paquete:<\/strong><\/p>\n<ul>\n<li>2 pilas NP-FZ100<\/li>\n<li>1 x Cargador de bater\u00eda dual (cable USB-A incorporado)<\/li>\n<\/ul>\n<p><strong>Compatibilidad:<\/strong><\/p>\n<ul>\n<li>Sony Alpha A1<\/li>\n<li>Sony Alpha A6600<\/li>\n<li>Sony Alpha A6700<\/li>\n<li>Sony Alpha A7 III<\/li>\n<li>Sony Alpha A7 IV<\/li>\n<li>Sony Alpha A7C<\/li>\n<li>Sony Alpha A7R III<\/li>\n<li>Sony Alpha A7R IV<\/li>\n<li>Sony Alpha A7R V<\/li>\n<li>Sony Alpha A7S III<\/li>\n<li>Sony Alpha A9<\/li>\n<li>Sony Alpha A9 II<\/li>\n<li>Sony FX3<\/li>\n<li>Sony FX30<\/li>\n<li>Sony NPA-MQZ1K<\/li>\n<li>Sony VG-C3EM<\/li>\n<li>Sony VG-C4EM<\/li>\n<li>Sony ZV-E1<\/li>\n<\/ul>\n<p><strong>Notas:<\/strong><\/p>\n<ul>\n<li>Se recomienda un adaptador de corriente con una salida superior a 5 V 2,1 A.<\/li>\n<li>No utilice ambas interfaces de entrada al mismo tiempo.<\/li>\n<li>El kit no incluye adaptador de corriente USB.<\/li>\n<\/ul>\n<p><strong>Caracter\u00edsticas t\u00e9cnicas:<\/strong><\/p>\n<ul>\n<li>Tipo de bater\u00eda: bater\u00eda de iones de litio<\/li>\n<li>Par\u00e1metro de la bater\u00eda: 2040mAh 7.2V 14.69Wh<\/li>\n<li>Voltaje de carga de bater\u00eda limitado: 8,4 V<\/li>\n<li>Entrada del cargador: USB-C: 5V = 2.1A (min), USB-A: 5V = 2.1A (min)<\/li>\n<li>Salida del cargador: 8,4 V = 1000 mA (simple), 8,4 V = 1000 mA (doble)<\/li>\n<li>Temperatura de funcionamiento: 0 \u00b0C ~ 40 \u00b0C<\/li>\n<\/ul>\n","protected":false},"excerpt":{"rendered":"<p>Kit de cargador Smallrig 3824 + 2 bater\u00edas NP-FZ100 &#8211; 2040mAh Funciones: Chip completamente decodificado: las bater\u00edas son compatibles con<\/p>\n","protected":false},"featured_media":22612,"comment_status":"closed","ping_status":"closed","template":"","meta":{"_acf_changed":false},"product_brand":[2550],"product_cat":[864],"product_tag":[],"class_list":{"0":"post-75337","1":"product","2":"type-product","3":"status-publish","4":"has-post-thumbnail","6":"product_brand-smallrig-es","7":"product_cat-sony-es","9":"first","10":"onbackorder","11":"taxable","12":"shipping-taxable","13":"purchasable","14":"product-type-simple"},"bundled_by":[],"bundle_stock_status":"onbackorder","bundle_stock_quantity":null,"bundle_virtual":false,"bundle_layout":"","bundle_add_to_cart_form_location":"","bundle_editable_in_cart":false,"bundle_sold_individually_context":"","bundle_item_grouping":"","bundle_min_size":"","bundle_max_size":"","bundle_price":[],"bundled_items":[],"bundle_sell_ids":[],"acf":[],"_links":{"self":[{"href":"https:\/\/hi-techwonder.com\/es\/wp-json\/wp\/v2\/product\/75337","targetHints":{"allow":["GET"]}}],"collection":[{"href":"https:\/\/hi-techwonder.com\/es\/wp-json\/wp\/v2\/product"}],"about":[{"href":"https:\/\/hi-techwonder.com\/es\/wp-json\/wp\/v2\/types\/product"}],"replies":[{"embeddable":true,"href":"https:\/\/hi-techwonder.com\/es\/wp-json\/wp\/v2\/comments?post=75337"}],"wp:featuredmedia":[{"embeddable":true,"href":"https:\/\/hi-techwonder.com\/es\/wp-json\/wp\/v2\/media\/22612"}],"wp:attachment":[{"href":"https:\/\/hi-techwonder.com\/es\/wp-json\/wp\/v2\/media?parent=75337"}],"wp:term":[{"taxonomy":"product_brand","embeddable":true,"href":"https:\/\/hi-techwonder.com\/es\/wp-json\/wp\/v2\/product_brand?post=75337"},{"taxonomy":"product_cat","embeddable":true,"href":"https:\/\/hi-techwonder.com\/es\/wp-json\/wp\/v2\/product_cat?post=75337"},{"taxonomy":"product_tag","embeddable":true,"href":"https:\/\/hi-techwonder.com\/es\/wp-json\/wp\/v2\/product_tag?post=75337"}],"curies":[{"name":"wp","href":"https:\/\/api.w.org\/{rel}","templated":true}]}}