{"id":75338,"date":"2025-07-28T23:29:10","date_gmt":"2025-07-28T23:29:10","guid":{"rendered":"https:\/\/fv6qoy3ls0.wpdns.site\/product\/kit-de-cargador-smallrig-3823-baterias-np-f970-7800mah\/"},"modified":"2026-02-04T13:09:19","modified_gmt":"2026-02-04T13:09:19","slug":"smallrig-kit-de-cargador-smallrig-3823-baterias-np-f970-7800mah","status":"publish","type":"product","link":"https:\/\/hi-techwonder.com\/es\/producto\/smallrig-kit-de-cargador-smallrig-3823-baterias-np-f970-7800mah\/","title":{"rendered":"Kit de cargador SMALLRIG 3823 + bater\u00edas NP-F970 7800mAh"},"content":{"rendered":"<p class=\"MsoNormal\" style=\"color: #4b4b4b;font-family: 'open sans', sans-serif;font-size: 14.4px;text-align: justify\"><u>Kit de cargador Smallrig 3823 + bater\u00edas NP-F970 7800mAh<\/u><\/p>\n<p class=\"MsoNormal\" style=\"color: #4b4b4b;font-family: 'open sans', sans-serif;font-size: 14.4px;text-align: justify\"><u>Funciones:<\/u><\/p>\n<p class=\"MsoListParagraphCxSpFirst\" style=\"color: #4b4b4b;font-family: 'open sans', sans-serif;font-size: 14.4px;text-align: justify;margin-left: 42.35pt;text-indent: -35.25pt\"><span><span>\u2022<span style=\"line-height: normal\">&nbsp;&nbsp;&nbsp;&nbsp;&nbsp;&nbsp;&nbsp;&nbsp;&nbsp;&nbsp;&nbsp;&nbsp;&nbsp;&nbsp;&nbsp;&nbsp;&nbsp;&nbsp;&nbsp;&nbsp;<\/span><\/span>Chip completamente decodificado: las bater\u00edas son compatibles con la c\u00e1mara y el cargador originales sin causar ventanas emergentes y permiten la visualizaci\u00f3n de energ\u00eda.<\/span><\/p>\n<p class=\"MsoListParagraphCxSpMiddle\" style=\"color: #4b4b4b;font-family: 'open sans', sans-serif;font-size: 14.4px;text-align: justify;margin-left: 42.35pt;text-indent: -35.25pt\"><span><span>\u2022<span style=\"line-height: normal\">&nbsp;&nbsp;&nbsp;&nbsp;&nbsp;&nbsp;&nbsp;&nbsp;&nbsp;&nbsp;&nbsp;&nbsp;&nbsp;&nbsp;&nbsp;&nbsp;&nbsp;&nbsp;&nbsp;&nbsp;<\/span><\/span>Carga dual r\u00e1pida: carga r\u00e1pidamente una o dos bater\u00edas;<\/span><\/p>\n<p class=\"MsoListParagraphCxSpMiddle\" style=\"color: #4b4b4b;font-family: 'open sans', sans-serif;font-size: 14.4px;text-align: justify;margin-left: 42.35pt;text-indent: -35.25pt\"><span><span>\u2022<span style=\"line-height: normal\">&nbsp;&nbsp;&nbsp;&nbsp;&nbsp;&nbsp;&nbsp;&nbsp;&nbsp;&nbsp;&nbsp;&nbsp;&nbsp;&nbsp;&nbsp;&nbsp;&nbsp;&nbsp;&nbsp;&nbsp;<\/span><\/span>LCD: la pantalla LCD muestra la corriente de carga, el voltaje de carga, el progreso de carga y la capacidad de carga en tiempo real.<\/span><\/p>\n<p class=\"MsoListParagraphCxSpLast\" style=\"color: #4b4b4b;font-family: 'open sans', sans-serif;font-size: 14.4px;text-align: justify;margin-left: 42.35pt;text-indent: -35.25pt\"><span><span>\u2022<span style=\"line-height: normal\">&nbsp;&nbsp;&nbsp;&nbsp;&nbsp;&nbsp;&nbsp;&nbsp;&nbsp;&nbsp;&nbsp;&nbsp;&nbsp;&nbsp;&nbsp;&nbsp;&nbsp;&nbsp;&nbsp;&nbsp;<\/span><\/span>Carga multidireccional: la interfaz de entrada USB-A y USB-C incorporada permite cargar a trav\u00e9s del cargador, el cargador del autom\u00f3vil, el banco de energ\u00eda. Adaptador USB no incluido. <\/span><\/p>\n<p class=\"MsoNormal\" style=\"color: #4b4b4b;font-family: 'open sans', sans-serif;font-size: 14.4px;text-align: justify\"><u>Notas:<\/u><\/p>\n<p class=\"MsoNormal\" style=\"color: #4b4b4b;font-family: 'open sans', sans-serif;font-size: 14.4px;text-align: justify\">\u2022<span>             Se recomienda un adaptador de corriente con una salida superior a 5 V 2,1 A.<\/span><\/p>\n<p class=\"MsoNormal\" style=\"color: #4b4b4b;font-family: 'open sans', sans-serif;font-size: 14.4px;text-align: justify\">\u2022<span>             No utilice ambas interfaces de entrada al mismo tiempo.<\/span><\/p>\n<p class=\"MsoNormal\" style=\"color: #4b4b4b;font-family: 'open sans', sans-serif;font-size: 14.4px;text-align: justify\">\u2022<span>             El kit no incluye un adaptador de corriente USB.<\/span><\/p>\n<p class=\"MsoNormal\" style=\"color: #4b4b4b;font-family: 'open sans', sans-serif;font-size: 14.4px;text-align: justify\"><u>Modelos compatibles:<\/u><\/p>\n<p class=\"MsoNormal\" style=\"color: #4b4b4b;font-family: 'open sans', sans-serif;font-size: 14.4px;text-align: justify\">Bater\u00edas Sony NP-F550 \/ NP-F570 \/ NP-F730 \/ NP-F750 \/ NP-F770 \/ NP- F930 \/ NP-F950 \/ NP-F960 \/ NP-970<br style=\"color: #666666;font-family: Coda, Helvetica, sans-serif;font-size: 13px;text-align: start;background-color: #ffffff\">Las c\u00e1maras (HXR-NX5R\/HXR-NX100\/HXR-MC1500C\/HXR-MC2500\/HDR-FX1000E\/HDR-AX2000E\/NEX-EA50CH\/NEX-FS700&#8230;<\/p>\n<p class=\"MsoNormal\" style=\"color: #4b4b4b;font-family: 'open sans', sans-serif;font-size: 14.4px;text-align: justify\"><u>Incluye:<\/u><\/p>\n<p class=\"MsoListParagraphCxSpFirst\" style=\"color: #4b4b4b;font-family: 'open sans', sans-serif;font-size: 14.4px;text-align: justify;text-indent: -18pt\"><span><span><span style=\"line-height: normal\">         <\/span>\u00b7<\/span>2 pilas NP-F970<\/span><\/p>\n<p class=\"MsoListParagraphCxSpLast\" style=\"color: #4b4b4b;font-family: 'open sans', sans-serif;font-size: 14.4px;text-align: justify;text-indent: -18pt\"><span><span><span style=\"line-height: normal\">         <\/span>\u00b7<\/span>1 x Cargador de bater\u00eda dual (cable USB-A incorporado)<\/span><\/p>\n<p class=\"MsoNormal\" style=\"color: #4b4b4b;font-family: 'open sans', sans-serif;font-size: 14.4px;text-align: justify\"><u>Caracter\u00edsticas t\u00e9cnicas:<\/u><\/p>\n<p class=\"MsoListParagraphCxSpFirst\" style=\"color: #4b4b4b;font-family: 'open sans', sans-serif;font-size: 14.4px;text-align: justify;text-indent: -18pt\"><span><span><span style=\"line-height: normal\">         <\/span>\u00b7<\/span>Tipo de bater\u00eda: bater\u00eda de iones de litio<\/span><\/p>\n<p class=\"MsoListParagraphCxSpMiddle\" style=\"color: #4b4b4b;font-family: 'open sans', sans-serif;font-size: 14.4px;text-align: justify;text-indent: -18pt\"><span><span><span style=\"line-height: normal\">         <\/span>\u00b7<\/span>Par\u00e1metro de la bater\u00eda: 7800mAh 7.2V 56.16Wh<\/span><\/p>\n<p class=\"MsoListParagraphCxSpMiddle\" style=\"color: #4b4b4b;font-family: 'open sans', sans-serif;font-size: 14.4px;text-align: justify;text-indent: -18pt\"><span><span><span style=\"line-height: normal\">         <\/span>\u00b7<\/span>Voltaje de carga de bater\u00eda limitado: 8,4 V<\/span><\/p>\n<p class=\"MsoListParagraphCxSpMiddle\" style=\"color: #4b4b4b;font-family: 'open sans', sans-serif;font-size: 14.4px;text-align: justify;text-indent: -18pt\"><span><span><span style=\"line-height: normal\">         <\/span>\u00b7<\/span>Entrada del cargador: Micro USB: 5V = 2.4A, USB-C: 5V = 2.4A, Micro USB: 9V = 2A, USB-C: 9V = 2A<\/span><\/p>\n<p class=\"MsoListParagraphCxSpMiddle\" style=\"color: #4b4b4b;font-family: 'open sans', sans-serif;font-size: 14.4px;text-align: justify;text-indent: -18pt\"><span><span><span style=\"line-height: normal\">         <\/span>\u00b7<\/span>Salida del cargador: 5V Entrada: 8.4V = 1000mA (Simple), 8.4V = 700mA (Dual), 9V Entrada: 8.4V = 1500mA (Simple), 8.4V = 1000mA (Dual)<\/span><\/p>\n<p class=\"MsoListParagraphCxSpLast\" style=\"color: #4b4b4b;font-family: 'open sans', sans-serif;font-size: 14.4px;text-align: justify;text-indent: -18pt\"><span><span><span style=\"line-height: normal\">         <\/span>\u00b7<\/span>Temperatura de funcionamiento: 0 \u00b0C ~ 40 \u00b0C<\/span><\/p>\n","protected":false},"excerpt":{"rendered":"<p>Kit de cargador Smallrig 3823 + bater\u00edas NP-F970 7800mAh Funciones: \u2022&nbsp;&nbsp;&nbsp;&nbsp;&nbsp;&nbsp;&nbsp;&nbsp;&nbsp;&nbsp;&nbsp;&nbsp;&nbsp;&nbsp;&nbsp;&nbsp;&nbsp;&nbsp;&nbsp;&nbsp;Chip completamente decodificado: las bater\u00edas son compatibles con la c\u00e1mara<\/p>\n","protected":false},"featured_media":22629,"comment_status":"closed","ping_status":"closed","template":"","meta":{"_acf_changed":false},"product_brand":[2550],"product_cat":[864],"product_tag":[],"class_list":{"0":"post-75338","1":"product","2":"type-product","3":"status-publish","4":"has-post-thumbnail","6":"product_brand-smallrig-es","7":"product_cat-sony-es","9":"first","10":"onbackorder","11":"taxable","12":"shipping-taxable","13":"purchasable","14":"product-type-simple"},"bundled_by":[],"bundle_stock_status":"onbackorder","bundle_stock_quantity":null,"bundle_virtual":false,"bundle_layout":"","bundle_add_to_cart_form_location":"","bundle_editable_in_cart":false,"bundle_sold_individually_context":"","bundle_item_grouping":"","bundle_min_size":"","bundle_max_size":"","bundle_price":[],"bundled_items":[],"bundle_sell_ids":[],"acf":[],"_links":{"self":[{"href":"https:\/\/hi-techwonder.com\/es\/wp-json\/wp\/v2\/product\/75338","targetHints":{"allow":["GET"]}}],"collection":[{"href":"https:\/\/hi-techwonder.com\/es\/wp-json\/wp\/v2\/product"}],"about":[{"href":"https:\/\/hi-techwonder.com\/es\/wp-json\/wp\/v2\/types\/product"}],"replies":[{"embeddable":true,"href":"https:\/\/hi-techwonder.com\/es\/wp-json\/wp\/v2\/comments?post=75338"}],"wp:featuredmedia":[{"embeddable":true,"href":"https:\/\/hi-techwonder.com\/es\/wp-json\/wp\/v2\/media\/22629"}],"wp:attachment":[{"href":"https:\/\/hi-techwonder.com\/es\/wp-json\/wp\/v2\/media?parent=75338"}],"wp:term":[{"taxonomy":"product_brand","embeddable":true,"href":"https:\/\/hi-techwonder.com\/es\/wp-json\/wp\/v2\/product_brand?post=75338"},{"taxonomy":"product_cat","embeddable":true,"href":"https:\/\/hi-techwonder.com\/es\/wp-json\/wp\/v2\/product_cat?post=75338"},{"taxonomy":"product_tag","embeddable":true,"href":"https:\/\/hi-techwonder.com\/es\/wp-json\/wp\/v2\/product_tag?post=75338"}],"curies":[{"name":"wp","href":"https:\/\/api.w.org\/{rel}","templated":true}]}}