{"id":75339,"date":"2025-07-29T10:48:54","date_gmt":"2025-07-29T10:48:54","guid":{"rendered":"https:\/\/fv6qoy3ls0.wpdns.site\/product\/kit-de-jaula-smallrig-3738-para-nikon-z9\/"},"modified":"2026-01-31T01:26:39","modified_gmt":"2026-01-31T01:26:39","slug":"smallrig-kit-de-jaula-smallrig-3738-para-nikon-z9","status":"publish","type":"product","link":"https:\/\/hi-techwonder.com\/es\/producto\/smallrig-kit-de-jaula-smallrig-3738-para-nikon-z9\/","title":{"rendered":"Kit de jaula SMALLRIG 3738 para Nikon Z9"},"content":{"rendered":"<p>Agregue y monte accesorios a su c\u00e1mara Nikon Z9 con este kit de c\u00e1mara de aluminio liviano de SmallRig. El kit incluye un armaz\u00f3n adaptable a la Nikon Z9 y un asa superior. La caja mantiene el acceso a los controles de la cabina, cuenta con una variedad de opciones de montaje, m\u00faltiples roscas como una zapata y accesorios de 1\/4&#8243;-20 y 3\/8&#8243;-16, y una base integrada tipo Ark. El mango superior de aluminio se monta en la parte superior de la jaula con una rosca antitorsi\u00f3n de 3\/8&#8243;-16 y agrega una zapata adicional y tres soportes de montaje.   <\/p>\n<p> <strong>Armaz\u00f3n de c\u00e1mara SmallRig para Nikon Z9<\/strong><\/p>\n<p>  Este ligero armaz\u00f3n de aluminio para c\u00e1mara de SmallRig protege y proporciona soporte para accesorios para su c\u00e1mara Nikon Z9. Este armaz\u00f3n con clip mantiene el acceso a los controles de la c\u00e1mara, la bater\u00eda y la ranura para tarjetas SD, y tiene una variedad de opciones de montaje. La c\u00e1mara se fija a la jaula con tres puntas de tornillo para evitar que se tuerza, y el acolchado de goma de la base asegura y asegura a\u00fan m\u00e1s la c\u00e1mara.  <\/p>\n<p>  Adem\u00e1s de un soporte de zapata y m\u00faltiples roscas de accesorios de 1\/4&#8243;-20 y 3\/8&#8243;-16, la jaula incorpora orificios de ubicaci\u00f3n estilo ARRI para evitar que los accesorios se tuerzan cuando se montan. La jaula tambi\u00e9n tiene una placa de liberaci\u00f3n r\u00e1pida tipo Arca incorporada en la parte inferior para el montaje en tr\u00edpode. <\/p>\n<p> <strong>Compatibilidad<\/strong><\/p>\n<p>  C\u00e1mara Nikon Z9<\/p>\n<p> <strong>Mango superior SmallRig con soporte antitorsi\u00f3n estilo ARRI<\/strong><\/p>\n<p>  Lleva tu c\u00e1mara o toma fotos de \u00e1ngulo bajo con este asa superior estilo ARRI de SmallRig. El mango utiliza un tornillo de bloqueo de 3\/8&#8243;-16 con pasadores de ubicaci\u00f3n para sujetarlo de forma segura a la jaula de la c\u00e1mara. <\/p>\n<p>  Adem\u00e1s de un portaca\u00f1as de 15 mm, este mango vers\u00e1til cuenta con un bloqueo y dos soportes de zapata fr\u00eda est\u00e1ndar, as\u00ed como m\u00faltiples roscas antitorsi\u00f3n estilo ARRI de 1\/4&#8243;-20 y 3\/8&#8243;-16. El mango est\u00e1 construido con componentes duraderos de aluminio y acero inoxidable. <\/p>\n<p> <strong>Compatibilidad<\/strong><\/p>\n<p>  Jaulas y plataformas estilo ARRI de 3\/8&#8243;-16 con orificios de ubicaci\u00f3n<\/p>\n<p>  Tambi\u00e9n compatible con, pero no limitado a:<\/p>\n<p>  Soporte para monitor SmallRig 2294<\/p>\n<p>  Soporte para monitor SmallRig 2348<\/p>\n<h2 class=\"western\" style=\"font-style: normal;font-weight: normal\"> <strong><span style=\"font-family: OpenSans, Segoe UI, Helvetica, Roboto, Arial, sans-serif\"><span style=\"font-size: medium\">Especificaciones del armaz\u00f3n de c\u00e1mara SmallRig para Nikon Z9<\/span><\/span><\/strong> <\/h2>\n<table border=\"0\" width=\"220\" cellspacing=\"0\" cellpadding=\"2\">\n<colgroup>\n<col width=\"145\">\n<col width=\"67\"><\/colgroup>\n<tbody>\n<tr>\n<td width=\"145\">\n<p style=\"border: none;padding: 0cm;font-weight: normal\" align=\"LEFT\">Tipo de medio<\/p>\n<\/td>\n<td width=\"67\">\n<p style=\"border: none;padding: 0cm;font-weight: normal\">  Jaula  <\/p>\n<\/td>\n<\/tr>\n<tr>\n<td width=\"145\">\n<p style=\"border: none;padding: 0cm;font-weight: normal\" align=\"LEFT\">  Tipo de agarre<\/p>\n<\/td>\n<td width=\"67\">\n<p style=\"border: none;padding: 0cm;font-weight: normal\"> <em>Ninguno<\/em> <\/p>\n<\/td>\n<\/tr>\n<tr>\n<td width=\"145\">\n<p style=\"border: none;padding: 0cm;font-weight: normal\" align=\"LEFT\">  Compatibilidad de la c\u00e1mara<\/p>\n<\/td>\n<td width=\"67\">\n<p style=\"border: none;padding: 0cm;font-weight: normal\">  Nikon Z9  <\/p>\n<\/td>\n<\/tr>\n<\/tbody>\n<\/table>\n<p style=\"margin-bottom: 0cm;border-top: none;border-bottom: 1.00pt solid #cdcdcd;border-left: none;border-right: none;font-style: normal;font-weight: normal;line-height: 200%;padding: 0cm 0cm 0.05cm 0cm\"> <strong><span style=\"font-family: OpenSans, Segoe UI, Helvetica, Roboto, Arial, sans-serif\"><span style=\"font-size: medium\">Montura<\/span><\/span><\/strong> <\/p>\n<table border=\"0\" width=\"523\" cellspacing=\"0\" cellpadding=\"2\">\n<colgroup>\n<col width=\"136\">\n<col width=\"379\"><\/colgroup>\n<tbody>\n<tr>\n<td width=\"136\">\n<p style=\"border: none;padding: 0cm;font-weight: normal\" align=\"LEFT\">Tipo de placa de bater\u00eda<\/p>\n<\/td>\n<td width=\"379\">\n<p style=\"border: none;padding: 0cm;font-weight: normal\"> <em>Ninguno<\/em> <\/p>\n<\/td>\n<\/tr>\n<tr>\n<td width=\"136\">\n<p style=\"border: none;padding: 0cm;font-weight: normal\" align=\"LEFT\">  Accesorios de montaje<\/p>\n<\/td>\n<td width=\"379\">\n<p style=\"border: none;padding: 0cm;font-weight: normal\"> <strong>Arriba:<\/strong> M\u00faltiplos x 1\/4&#8243;-20 hilos, M\u00faltiplos x 3\/8&#8243;-16 hilos  <\/p>\n<\/td>\n<\/tr>\n<tr>\n<td width=\"136\">\n<p style=\"border: none;padding: 0cm;font-weight: normal\" align=\"LEFT\">  Soporte de c\u00e1mara<\/p>\n<\/td>\n<td width=\"379\">\n<p style=\"border: none;padding: 0cm;font-weight: normal\">  Perno de 1\/4&#8243;-20  <\/p>\n<\/td>\n<\/tr>\n<tr>\n<td width=\"136\">\n<p style=\"border: none;padding: 0cm;font-weight: normal\" align=\"LEFT\">  Tr\u00edpode<\/p>\n<\/td>\n<td width=\"379\">\n<p style=\"border: none;padding: 0cm;font-weight: normal\">  Rosca de 1\/4&#8243;-20, rosca de 3\/8&#8243;-16, placa de tipo de arco incorporada  <\/p>\n<\/td>\n<\/tr>\n<tr>\n<td width=\"136\">\n<p style=\"border: none;padding: 0cm;font-weight: normal\" align=\"LEFT\">  Montaje de zapatas<\/p>\n<\/td>\n<td width=\"379\">\n<p style=\"border: none;padding: 0cm;font-weight: normal\"> <strong>Parte superior:<\/strong> 1 x Zapato fr\u00edo  <\/p>\n<\/td>\n<\/tr>\n<tr>\n<td width=\"136\">\n<p style=\"border: none;padding: 0cm;font-weight: normal\" align=\"LEFT\">  Rosetones<\/p>\n<\/td>\n<td width=\"379\">\n<p style=\"border: none;padding: 0cm;font-weight: normal\"> <em>Ninguno<\/em> <\/p>\n<\/td>\n<\/tr>\n<\/tbody>\n<\/table>\n<p style=\"margin-bottom: 0cm;border-top: none;border-bottom: 1.00pt solid #cdcdcd;border-left: none;border-right: none;font-style: normal;font-weight: normal;line-height: 200%;padding: 0cm 0cm 0.05cm 0cm\"> <strong><span style=\"font-family: OpenSans, Segoe UI, Helvetica, Roboto, Arial, sans-serif\"><span style=\"font-size: medium\">Generalmente<\/span><\/span><\/strong> <\/p>\n<table border=\"0\" width=\"341\" cellspacing=\"0\" cellpadding=\"2\">\n<colgroup>\n<col width=\"86\">\n<col width=\"247\"><\/colgroup>\n<tbody>\n<tr>\n<td width=\"86\">\n<p style=\"border: none;padding: 0cm;font-weight: normal\" align=\"LEFT\">  Construcci\u00f3n<\/p>\n<\/td>\n<td width=\"247\">\n<p style=\"border: none;padding: 0cm;font-weight: normal\">  Aluminio, Acero  <\/p>\n<\/td>\n<\/tr>\n<tr>\n<td width=\"86\">\n<p style=\"border: none;padding: 0cm;font-weight: normal\" align=\"LEFT\">  Dimensiones<\/p>\n<\/td>\n<td width=\"247\">\n<p style=\"border: none;padding: 0cm;font-weight: normal\">  6,5 x 6,3 x 2,7&#8243; \/ 164 x 160 x 69,4 mm  <\/p>\n<\/td>\n<\/tr>\n<tr>\n<td width=\"86\">\n<p style=\"border: none;padding: 0cm;font-weight: normal\" align=\"LEFT\">  Peso<\/p>\n<\/td>\n<td width=\"247\">\n<p style=\"border: none;padding: 0cm;font-weight: normal\">  9.6 onzas \/ 272 g  <\/p>\n<\/td>\n<\/tr>\n<\/tbody>\n<\/table>\n<h2 class=\"western\" style=\"margin-top: 0cm;margin-bottom: 0cm;border: none;padding: 0cm;font-style: normal;font-weight: normal;line-height: 200%\"> <span style=\"font-family: OpenSans, Segoe UI, Helvetica, Roboto, Arial, sans-serif\"><span style=\"font-size: medium\">Mango superior SmallRig con especificaciones de montaje antitorsi\u00f3n estilo ARRI<\/span><\/span> <\/h2>\n<table border=\"0\" width=\"427\" cellspacing=\"0\" cellpadding=\"2\">\n<colgroup>\n<col width=\"113\">\n<col width=\"306\"><\/colgroup>\n<tbody>\n<tr>\n<td width=\"113\">\n<p style=\"border: none;padding: 0cm;font-weight: normal\" align=\"LEFT\">Tipo de agarre<\/p>\n<\/td>\n<td width=\"306\">\n<p style=\"border: none;padding: 0cm;font-weight: normal\">  Asa superior con asa estilo plato de queso  <\/p>\n<\/td>\n<\/tr>\n<tr>\n<td width=\"113\">\n<p style=\"border: none;padding: 0cm;font-weight: normal\" align=\"LEFT\">  Controles integrados<\/p>\n<\/td>\n<td width=\"306\">\n<p style=\"border: none;padding: 0cm;font-weight: normal\"> <em>Ninguno<\/em> <\/p>\n<\/td>\n<\/tr>\n<\/tbody>\n<\/table>\n<p style=\"margin-bottom: 0cm;border-top: none;border-bottom: 1.00pt solid #cdcdcd;border-left: none;border-right: none;font-style: normal;font-weight: normal;line-height: 200%;padding: 0cm 0cm 0.05cm 0cm\"> <strong><span style=\"font-family: OpenSans, Segoe UI, Helvetica, Roboto, Arial, sans-serif\"><span style=\"font-size: medium\">Montura<\/span><\/span><\/strong> <\/p>\n<table border=\"0\" width=\"513\" cellspacing=\"0\" cellpadding=\"2\">\n<colgroup>\n<col width=\"136\">\n<col width=\"369\"><\/colgroup>\n<tbody>\n<tr>\n<td width=\"136\">\n<p style=\"border: none;padding: 0cm;font-weight: normal\" align=\"LEFT\">M\u00e9todo de fijaci\u00f3n<\/p>\n<\/td>\n<td width=\"369\">\n<p style=\"border: none;padding: 0cm;font-weight: normal\">  Se conecta a trav\u00e9s de <strong>1 x<\/strong> Tornillo Anti-Torsi\u00f3n Incorporado ARRI 3\/8&#8243;-16  <\/p>\n<\/td>\n<\/tr>\n<tr>\n<td width=\"136\">\n<p style=\"border: none;padding: 0cm;font-weight: normal\" align=\"LEFT\">  Potencia est\u00e1ndar<\/p>\n<\/td>\n<td width=\"369\">\n<p style=\"border: none;padding: 0cm;font-weight: normal\">  Varilla simple de 15 mm  <\/p>\n<\/td>\n<\/tr>\n<tr>\n<td width=\"136\">\n<p style=\"border: none;padding: 0cm;font-weight: normal\" align=\"LEFT\">  Puertos de varilla<\/p>\n<\/td>\n<td width=\"369\">\n<p style=\"border: none;padding: 0cm;font-weight: normal\"> <strong>1 x<\/strong> Puerto de varilla de 15 mm  <\/p>\n<\/td>\n<\/tr>\n<tr>\n<td width=\"136\">\n<p style=\"border: none;padding: 0cm;font-weight: normal\" align=\"LEFT\">  Accesorios de montaje<\/p>\n<\/td>\n<td width=\"369\">\n<p style=\"border: none;padding: 0cm;font-weight: normal\"> <strong>Eje del mango<\/strong><br \/><strong>Roscas m\u00faltiples x<\/strong> 1\/4&#8243;-20<br \/><strong>Varios x<\/strong> Rosca antitorsi\u00f3n ARRI de 3\/8&#8243;-16 <\/p>\n<\/td>\n<\/tr>\n<tr>\n<td width=\"136\">\n<p style=\"border: none;padding: 0cm;font-weight: normal\" align=\"LEFT\">  Montaje de zapatas<\/p>\n<\/td>\n<td width=\"369\">\n<p style=\"border: none;padding: 0cm;font-weight: normal\"> <strong>3 x<\/strong> Ranura de zapata fr\u00eda incorporada  <\/p>\n<\/td>\n<\/tr>\n<tr>\n<td width=\"136\">\n<p style=\"border: none;padding: 0cm;font-weight: normal\" align=\"LEFT\">  Rosetones<\/p>\n<\/td>\n<td width=\"369\">\n<p style=\"border: none;padding: 0cm;font-weight: normal\"> <em>Ninguno<\/em> <\/p>\n<\/td>\n<\/tr>\n<tr>\n<td width=\"136\">\n<p style=\"border: none;padding: 0cm;font-weight: normal\" align=\"LEFT\">  Montaje en riel<\/p>\n<\/td>\n<td width=\"369\">\n<p style=\"border: none;padding: 0cm;font-weight: normal\"> <em>Ninguno<\/em> <\/p>\n<\/td>\n<\/tr>\n<\/tbody>\n<\/table>\n<p style=\"margin-bottom: 0cm;border-top: none;border-bottom: 1.00pt solid #cdcdcd;border-left: none;border-right: none;font-style: normal;font-weight: normal;line-height: 200%;padding: 0cm 0cm 0.05cm 0cm\"> <strong><span style=\"font-family: OpenSans, Segoe UI, Helvetica, Roboto, Arial, sans-serif\"><span style=\"font-size: medium\">Generalmente<\/span><\/span><\/strong> <\/p>\n<table border=\"0\" width=\"321\" cellspacing=\"0\" cellpadding=\"2\">\n<colgroup>\n<col width=\"86\">\n<col width=\"227\"><\/colgroup>\n<tbody>\n<tr>\n<td width=\"86\">\n<p style=\"border: none;padding: 0cm;font-weight: normal\" align=\"LEFT\">  Construcci\u00f3n<\/p>\n<\/td>\n<td width=\"227\">\n<p style=\"border: none;padding: 0cm;font-weight: normal\">  Aluminio, Acero  <\/p>\n<\/td>\n<\/tr>\n<tr>\n<td width=\"86\">\n<p style=\"border: none;padding: 0cm;font-weight: normal\" align=\"LEFT\">  Dimensiones<\/p>\n<\/td>\n<td width=\"227\">\n<p style=\"border: none;padding: 0cm;font-weight: normal\">  5,3 x 2,7 x 1&#8243; \/ 134 x 69 x 24,5 mm  <\/p>\n<\/td>\n<\/tr>\n<tr>\n<td width=\"86\">\n<p style=\"border: none;padding: 0cm;font-weight: normal\" align=\"LEFT\">  Peso<\/p>\n<\/td>\n<td width=\"227\">\n<p style=\"border: none;padding: 0cm;font-weight: normal\">  6.4 onzas \/ 181 g<\/p>\n<\/td>\n<\/tr>\n<\/tbody>\n<\/table>\n","protected":false},"excerpt":{"rendered":"<p>Agregue y monte accesorios a su c\u00e1mara Nikon Z9 con este kit de c\u00e1mara de aluminio liviano de SmallRig. El<\/p>\n","protected":false},"featured_media":67892,"comment_status":"closed","ping_status":"open","template":"","meta":{"_acf_changed":false},"product_brand":[2550],"product_cat":[1106],"product_tag":[],"class_list":{"0":"post-75339","1":"product","2":"type-product","3":"status-publish","4":"has-post-thumbnail","6":"product_brand-smallrig-es","7":"product_cat-kits-cages-es","9":"first","10":"onbackorder","11":"taxable","12":"shipping-taxable","13":"purchasable","14":"product-type-simple"},"bundled_by":[],"bundle_stock_status":"onbackorder","bundle_stock_quantity":0,"bundle_virtual":false,"bundle_layout":"","bundle_add_to_cart_form_location":"","bundle_editable_in_cart":false,"bundle_sold_individually_context":"","bundle_item_grouping":"","bundle_min_size":"","bundle_max_size":"","bundle_price":[],"bundled_items":[],"bundle_sell_ids":[],"acf":[],"_links":{"self":[{"href":"https:\/\/hi-techwonder.com\/es\/wp-json\/wp\/v2\/product\/75339","targetHints":{"allow":["GET"]}}],"collection":[{"href":"https:\/\/hi-techwonder.com\/es\/wp-json\/wp\/v2\/product"}],"about":[{"href":"https:\/\/hi-techwonder.com\/es\/wp-json\/wp\/v2\/types\/product"}],"replies":[{"embeddable":true,"href":"https:\/\/hi-techwonder.com\/es\/wp-json\/wp\/v2\/comments?post=75339"}],"wp:featuredmedia":[{"embeddable":true,"href":"https:\/\/hi-techwonder.com\/es\/wp-json\/wp\/v2\/media\/67892"}],"wp:attachment":[{"href":"https:\/\/hi-techwonder.com\/es\/wp-json\/wp\/v2\/media?parent=75339"}],"wp:term":[{"taxonomy":"product_brand","embeddable":true,"href":"https:\/\/hi-techwonder.com\/es\/wp-json\/wp\/v2\/product_brand?post=75339"},{"taxonomy":"product_cat","embeddable":true,"href":"https:\/\/hi-techwonder.com\/es\/wp-json\/wp\/v2\/product_cat?post=75339"},{"taxonomy":"product_tag","embeddable":true,"href":"https:\/\/hi-techwonder.com\/es\/wp-json\/wp\/v2\/product_tag?post=75339"}],"curies":[{"name":"wp","href":"https:\/\/api.w.org\/{rel}","templated":true}]}}