{"id":75340,"date":"2025-07-28T23:30:37","date_gmt":"2025-07-28T23:30:37","guid":{"rendered":"https:\/\/fv6qoy3ls0.wpdns.site\/product\/kit-de-cargador-smallrig-3822-baterias-np-w235-2040mah\/"},"modified":"2026-01-31T03:52:39","modified_gmt":"2026-01-31T03:52:39","slug":"smallrig-kit-de-cargador-smallrig-3822-baterias-np-w235-2040mah","status":"publish","type":"product","link":"https:\/\/hi-techwonder.com\/es\/producto\/smallrig-kit-de-cargador-smallrig-3822-baterias-np-w235-2040mah\/","title":{"rendered":"Kit de cargador SMALLRIG 3822 + bater\u00edas NP-W235 2040mAh"},"content":{"rendered":"<p class=\"MsoNormal\"><u>Kit de cargador Smallrig 3822 + bater\u00edas NP-W235 2040mAhh<\/u><\/p>\n<p class=\"MsoNormal\"><u>Funciones:<\/u><\/p>\n<p class=\"MsoListParagraphCxSpFirst\" style=\"margin-left: 42.35pt;text-indent: -35.25pt\"><!-- [if !supportLists]--><span>\u2022<span style=\"font: 7.0pt 'Times New Roman'\">&nbsp;&nbsp;&nbsp;&nbsp;&nbsp;&nbsp;&nbsp;&nbsp;&nbsp;&nbsp;&nbsp;&nbsp;&nbsp;&nbsp;&nbsp;&nbsp;&nbsp;&nbsp;&nbsp; <\/span><\/span><!--[endif]-->Chip completamente decodificado: las bater\u00edas son compatibles con la c\u00e1mara y el cargador originales sin causar ventanas emergentes y permiten la visualizaci\u00f3n de energ\u00eda.<\/p>\n<p class=\"MsoListParagraphCxSpMiddle\" style=\"margin-left: 42.35pt;text-indent: -35.25pt\"><!-- [if !supportLists]--><span>\u2022<span style=\"font: 7.0pt 'Times New Roman'\">&nbsp;&nbsp;&nbsp;&nbsp;&nbsp;&nbsp;&nbsp;&nbsp;&nbsp;&nbsp;&nbsp;&nbsp;&nbsp;&nbsp;&nbsp;&nbsp;&nbsp;&nbsp;&nbsp; <\/span><\/span><!--[endif]-->Carga dual r\u00e1pida: carga r\u00e1pidamente una o dos bater\u00edas;<\/p>\n<p class=\"MsoListParagraphCxSpMiddle\" style=\"margin-left: 42.35pt;text-indent: -35.25pt\"><!-- [if !supportLists]--><span>\u2022<span style=\"font: 7.0pt 'Times New Roman'\">&nbsp;&nbsp;&nbsp;&nbsp;&nbsp;&nbsp;&nbsp;&nbsp;&nbsp;&nbsp;&nbsp;&nbsp;&nbsp;&nbsp;&nbsp;&nbsp;&nbsp;&nbsp;&nbsp; <\/span><\/span><!--[endif]-->LCD: la pantalla LCD muestra la corriente de carga, el voltaje de carga, el progreso de carga y la capacidad de carga en tiempo real.<\/p>\n<p class=\"MsoListParagraphCxSpLast\" style=\"margin-left: 42.35pt;text-indent: -35.25pt\"><!-- [if !supportLists]--><span>\u2022<span style=\"font: 7.0pt 'Times New Roman'\">&nbsp;&nbsp;&nbsp;&nbsp;&nbsp;&nbsp;&nbsp;&nbsp;&nbsp;&nbsp;&nbsp;&nbsp;&nbsp;&nbsp;&nbsp;&nbsp;&nbsp;&nbsp;&nbsp; <\/span><\/span><!--[endif]-->Carga multidireccional: la interfaz de entrada USB-A y USB-C incorporada permite cargar a trav\u00e9s del cargador, el cargador del autom\u00f3vil, el banco de energ\u00eda. Adaptador USB no incluido. <\/p>\n<p class=\"MsoNormal\"><u>Notas:  <\/u><\/p>\n<p class=\"MsoNormal\">\u2022 Se recomienda un adaptador de corriente con una salida superior a 5 V 2,1 A.<\/p>\n<p class=\"MsoNormal\">\u2022 No utilice ambas interfaces de entrada al mismo tiempo.<\/p>\n<p class=\"MsoNormal\">\u2022 El kit no incluye un adaptador de corriente USB.<\/p>\n<p class=\"MsoNormal\"><u>Modelos compatibles:<\/u><\/p>\n<p class=\"MsoNormal\">Fujifilm GFX 50S II, GFX 100S, X-T4<\/p>\n<p class=\"MsoNormal\"><u>Incluye:<\/u><\/p>\n<p class=\"MsoListParagraphCxSpFirst\" style=\"text-indent: -18.0pt\"><!-- [if !supportLists]--><span><span style=\"font: 7.0pt 'Times New Roman'\">         <\/span><\/span><!--[endif]-->\u00b72 pilas NP-w235<\/p>\n<p class=\"MsoListParagraphCxSpLast\" style=\"text-indent: -18.0pt\"><!-- [if !supportLists]--><span><span style=\"font: 7.0pt 'Times New Roman'\">         <\/span><\/span><!--[endif]-->\u00b71 x Cargador de bater\u00eda dual (cable USB-A incorporado)<\/p>\n<p class=\"MsoNormal\"><u>Caracter\u00edsticas t\u00e9cnicas:<\/u><\/p>\n<p class=\"MsoListParagraphCxSpFirst\" style=\"text-indent: -18.0pt\"><!-- [if !supportLists]--><span><span style=\"font: 7.0pt 'Times New Roman'\">         <\/span><\/span><!--[endif]-->\u00b7Tipo de bater\u00eda: bater\u00eda de iones de litio<\/p>\n<p class=\"MsoListParagraphCxSpMiddle\" style=\"text-indent: -18.0pt\"><!-- [if !supportLists]--><span><span style=\"font: 7.0pt 'Times New Roman'\">         <\/span><\/span><!--[endif]-->\u00b7Par\u00e1metro de la bater\u00eda: 2040mAh 7.2V 14.69Wh<\/p>\n<p class=\"MsoListParagraphCxSpMiddle\" style=\"text-indent: -18.0pt\"><!-- [if !supportLists]--><span><span style=\"font: 7.0pt 'Times New Roman'\">         <\/span><\/span><!--[endif]-->\u00b7Voltaje de carga de bater\u00eda limitado: 8,4 V<\/p>\n<p class=\"MsoListParagraphCxSpMiddle\" style=\"text-indent: -18.0pt\"><!-- [if !supportLists]--><span><span style=\"font: 7.0pt 'Times New Roman'\">         <\/span><\/span><!--[endif]-->\u00b7Entrada del cargador: USB-C: 5V = 2.1A (min), USB-A: 5V = 2.1A (min)<\/p>\n<p class=\"MsoListParagraphCxSpMiddle\" style=\"text-indent: -18.0pt\"><!-- [if !supportLists]--><span><span style=\"font: 7.0pt 'Times New Roman'\">         <\/span><\/span><!--[endif]-->\u00b7Salida del cargador: 8,4 V = 1000 mA (simple), 8,4 V = 1000 mA (doble)<\/p>\n<p class=\"MsoListParagraphCxSpLast\" style=\"text-indent: -18.0pt\"><!-- [if !supportLists]--><span><span style=\"font: 7.0pt 'Times New Roman'\">         <\/span><\/span><!--[endif]-->\u00b7Temperatura de funcionamiento: 0 \u00b0C ~ 40 \u00b0C<\/p>\n","protected":false},"excerpt":{"rendered":"<p>Kit de cargador Smallrig 3822 + bater\u00edas NP-W235 2040mAhh Funciones: \u2022&nbsp;&nbsp;&nbsp;&nbsp;&nbsp;&nbsp;&nbsp;&nbsp;&nbsp;&nbsp;&nbsp;&nbsp;&nbsp;&nbsp;&nbsp;&nbsp;&nbsp;&nbsp;&nbsp; Chip completamente decodificado: las bater\u00edas son compatibles con la<\/p>\n","protected":false},"featured_media":23108,"comment_status":"closed","ping_status":"closed","template":"","meta":{"_acf_changed":false},"product_brand":[2550],"product_cat":[858],"product_tag":[],"class_list":{"0":"post-75340","1":"product","2":"type-product","3":"status-publish","4":"has-post-thumbnail","6":"product_brand-smallrig-es","7":"product_cat-fujifilm-es","9":"first","10":"onbackorder","11":"taxable","12":"shipping-taxable","13":"purchasable","14":"product-type-simple"},"bundled_by":[],"bundle_stock_status":"onbackorder","bundle_stock_quantity":null,"bundle_virtual":false,"bundle_layout":"","bundle_add_to_cart_form_location":"","bundle_editable_in_cart":false,"bundle_sold_individually_context":"","bundle_item_grouping":"","bundle_min_size":"","bundle_max_size":"","bundle_price":[],"bundled_items":[],"bundle_sell_ids":[],"acf":[],"_links":{"self":[{"href":"https:\/\/hi-techwonder.com\/es\/wp-json\/wp\/v2\/product\/75340","targetHints":{"allow":["GET"]}}],"collection":[{"href":"https:\/\/hi-techwonder.com\/es\/wp-json\/wp\/v2\/product"}],"about":[{"href":"https:\/\/hi-techwonder.com\/es\/wp-json\/wp\/v2\/types\/product"}],"replies":[{"embeddable":true,"href":"https:\/\/hi-techwonder.com\/es\/wp-json\/wp\/v2\/comments?post=75340"}],"wp:featuredmedia":[{"embeddable":true,"href":"https:\/\/hi-techwonder.com\/es\/wp-json\/wp\/v2\/media\/23108"}],"wp:attachment":[{"href":"https:\/\/hi-techwonder.com\/es\/wp-json\/wp\/v2\/media?parent=75340"}],"wp:term":[{"taxonomy":"product_brand","embeddable":true,"href":"https:\/\/hi-techwonder.com\/es\/wp-json\/wp\/v2\/product_brand?post=75340"},{"taxonomy":"product_cat","embeddable":true,"href":"https:\/\/hi-techwonder.com\/es\/wp-json\/wp\/v2\/product_cat?post=75340"},{"taxonomy":"product_tag","embeddable":true,"href":"https:\/\/hi-techwonder.com\/es\/wp-json\/wp\/v2\/product_tag?post=75340"}],"curies":[{"name":"wp","href":"https:\/\/api.w.org\/{rel}","templated":true}]}}