{"id":75341,"date":"2025-07-28T23:33:50","date_gmt":"2025-07-28T23:33:50","guid":{"rendered":"https:\/\/fv6qoy3ls0.wpdns.site\/product\/smallrig-3676-ra-v1-placa-de-montaje-baterias-v-mount\/"},"modified":"2025-09-04T07:48:44","modified_gmt":"2025-09-04T07:48:44","slug":"smallrig-3676-ra-v1-placa-de-montaje-baterias-v-mount","status":"publish","type":"product","link":"https:\/\/hi-techwonder.com\/es\/producto\/smallrig-3676-ra-v1-placa-de-montaje-baterias-v-mount\/","title":{"rendered":"SMALLRIG 3676 RA V1 Placa de montaje Bater\u00edas V-Mount"},"content":{"rendered":"<p>Dise\u00f1ada para funcionar con tu luz LED COB SmallRig (balanceada con luz diurna o bicolor), la placa de bater\u00eda V-Mount de SmallRig proporciona energ\u00eda a tu luz desde su puerto de salida D-Tap. Simplemente monte la placa de la bater\u00eda en el soporte de luz que soporta su accesorio y conecte el cable de alimentaci\u00f3n D-Tap a 3-pin XLR de 5.9&#8242; de largo incluido a la placa de la bater\u00eda y su accesorio durante largos per\u00edodos de operaci\u00f3n sin cambiar la bater\u00eda. <\/p>\n<p><strong>Especificaciones de la placa de bater\u00eda V-mount de SmallRig<\/strong><\/p>\n<p><strong>Generalmente<\/strong><\/p>\n<p>Montura en V de Montagem<\/p>\n<p>Longitud del cable 5,91&#8242; \/ 1,8 m<\/p>\n<p>Dimensiones 5,7 x 3,5 x 2,8&#8243; \/ 145 x 90 x 70 mm<\/p>\n<p>Peso 19.4 oz \/ 550 g<\/p>\n","protected":false},"excerpt":{"rendered":"<p>Dise\u00f1ada para funcionar con tu luz LED COB SmallRig (balanceada con luz diurna o bicolor), la placa de bater\u00eda V-Mount<\/p>\n","protected":false},"featured_media":23942,"comment_status":"closed","ping_status":"open","template":"","meta":{"_acf_changed":false},"product_brand":[2550],"product_cat":[876],"product_tag":[],"class_list":{"0":"post-75341","1":"product","2":"type-product","3":"status-publish","4":"has-post-thumbnail","6":"product_brand-smallrig-es","7":"product_cat-cables-adaptadores","9":"first","10":"onbackorder","11":"taxable","12":"shipping-taxable","13":"purchasable","14":"product-type-simple"},"bundled_by":[],"bundle_stock_status":"onbackorder","bundle_stock_quantity":null,"bundle_virtual":false,"bundle_layout":"","bundle_add_to_cart_form_location":"","bundle_editable_in_cart":false,"bundle_sold_individually_context":"","bundle_item_grouping":"","bundle_min_size":"","bundle_max_size":"","bundle_price":[],"bundled_items":[],"bundle_sell_ids":[],"acf":[],"_links":{"self":[{"href":"https:\/\/hi-techwonder.com\/es\/wp-json\/wp\/v2\/product\/75341","targetHints":{"allow":["GET"]}}],"collection":[{"href":"https:\/\/hi-techwonder.com\/es\/wp-json\/wp\/v2\/product"}],"about":[{"href":"https:\/\/hi-techwonder.com\/es\/wp-json\/wp\/v2\/types\/product"}],"replies":[{"embeddable":true,"href":"https:\/\/hi-techwonder.com\/es\/wp-json\/wp\/v2\/comments?post=75341"}],"wp:featuredmedia":[{"embeddable":true,"href":"https:\/\/hi-techwonder.com\/es\/wp-json\/wp\/v2\/media\/23942"}],"wp:attachment":[{"href":"https:\/\/hi-techwonder.com\/es\/wp-json\/wp\/v2\/media?parent=75341"}],"wp:term":[{"taxonomy":"product_brand","embeddable":true,"href":"https:\/\/hi-techwonder.com\/es\/wp-json\/wp\/v2\/product_brand?post=75341"},{"taxonomy":"product_cat","embeddable":true,"href":"https:\/\/hi-techwonder.com\/es\/wp-json\/wp\/v2\/product_cat?post=75341"},{"taxonomy":"product_tag","embeddable":true,"href":"https:\/\/hi-techwonder.com\/es\/wp-json\/wp\/v2\/product_tag?post=75341"}],"curies":[{"name":"wp","href":"https:\/\/api.w.org\/{rel}","templated":true}]}}