{"id":75342,"date":"2025-07-28T23:27:27","date_gmt":"2025-07-28T23:27:27","guid":{"rendered":"https:\/\/fv6qoy3ls0.wpdns.site\/product\/kit-de-cargador-smallrig-3821-baterias-lp-e6nh-2040mah\/"},"modified":"2026-01-31T03:57:25","modified_gmt":"2026-01-31T03:57:25","slug":"smallrig-kit-de-cargador-smallrig-3821-baterias-lp-e6nh-2040mah","status":"publish","type":"product","link":"https:\/\/hi-techwonder.com\/es\/producto\/smallrig-kit-de-cargador-smallrig-3821-baterias-lp-e6nh-2040mah\/","title":{"rendered":"Kit de cargador SMALLRIG 3821 + bater\u00edas LP-E6NH 2040mAh"},"content":{"rendered":"<p class=\"MsoNormal\">Kit de cargador Smallrig 3821 + bater\u00edas LP-E6NH 2040mAh<\/p>\n<p class=\"MsoNormal\"><u>Funciones:<\/u><\/p>\n<p class=\"MsoListParagraphCxSpFirst\" style=\"margin-left: 42.35pt;text-indent: -35.25pt\"><!-- [if !supportLists]--><span>\u2022<span style=\"font: 7.0pt 'Times New Roman'\">\u00a0\u00a0\u00a0\u00a0\u00a0\u00a0\u00a0\u00a0\u00a0\u00a0\u00a0\u00a0\u00a0\u00a0\u00a0\u00a0\u00a0\u00a0\u00a0 <\/span><\/span><!--[endif]-->Chip completamente decodificado: las bater\u00edas son compatibles con la c\u00e1mara y el cargador originales sin causar ventanas emergentes y permiten la visualizaci\u00f3n de energ\u00eda.<\/p>\n<p class=\"MsoListParagraphCxSpMiddle\" style=\"margin-left: 42.35pt;text-indent: -35.25pt\"><!-- [if !supportLists]--><span>\u2022<span style=\"font: 7.0pt 'Times New Roman'\">\u00a0\u00a0\u00a0\u00a0\u00a0\u00a0\u00a0\u00a0\u00a0\u00a0\u00a0\u00a0\u00a0\u00a0\u00a0\u00a0\u00a0\u00a0\u00a0 <\/span><\/span><!--[endif]-->Carga dual r\u00e1pida: carga r\u00e1pidamente una o dos bater\u00edas;<\/p>\n<p class=\"MsoListParagraphCxSpMiddle\" style=\"margin-left: 42.35pt;text-indent: -35.25pt\"><!-- [if !supportLists]--><span>\u2022<span style=\"font: 7.0pt 'Times New Roman'\">\u00a0\u00a0\u00a0\u00a0\u00a0\u00a0\u00a0\u00a0\u00a0\u00a0\u00a0\u00a0\u00a0\u00a0\u00a0\u00a0\u00a0\u00a0\u00a0 <\/span><\/span><!--[endif]-->LCD: la pantalla LCD muestra la corriente de carga, el voltaje de carga, el progreso de carga y la capacidad de carga en tiempo real.<\/p>\n<p class=\"MsoListParagraphCxSpLast\" style=\"margin-left: 42.35pt;text-indent: -35.25pt\"><!-- [if !supportLists]--><span>\u2022<span style=\"font: 7.0pt 'Times New Roman'\">\u00a0\u00a0\u00a0\u00a0\u00a0\u00a0\u00a0\u00a0\u00a0\u00a0\u00a0\u00a0\u00a0\u00a0\u00a0\u00a0\u00a0\u00a0\u00a0 <\/span><\/span><!--[endif]-->Carga multidireccional: la interfaz de entrada USB-A y USB-C incorporada permite cargar a trav\u00e9s del cargador, el cargador del autom\u00f3vil, el banco de energ\u00eda. Adaptador USB no incluido.<\/p>\n<p class=\"MsoNormal\"><u>Notas: <\/u><\/p>\n<p class=\"MsoNormal\">\u2022 Se recomienda un adaptador de corriente con una salida superior a 5 V 2,1 A.<\/p>\n<p class=\"MsoNormal\">\u2022 No utilice ambas interfaces de entrada al mismo tiempo.<\/p>\n<p class=\"MsoNormal\">\u2022 El kit no incluye un adaptador de corriente USB.<\/p>\n<p class=\"MsoNormal\">\u2022 No es compatible con Canon EOS R5C.<\/p>\n<p class=\"MsoNormal\"><u>Modelos compatibles:<\/u><\/p>\n<p class=\"MsoNormal\">Canon EOS R \/ EOS R5 \/ EOS R6 \/ EOS 60D \/ EOS 60Da \/ EOS 70D \/ EOS 80D \/ EOS 90D \/ EOS 5D Mark II \/ EOS 5D Mark III \/ EOS 5D Mark IV \/ EOS 5DS \/ EOS 5DS R \/ EOS 6D \/ EOS 6D Mark II \/ EOS 7D \/ EOS 7D Mark II \/ BG-E6 \/ BG-E7 \/ BG-E9 \/ BG-E11 \/ BG-E13 \/ BG-E14 \/ C700 \/ XC10 \/ XC15&#8230;<\/p>\n<p class=\"MsoNormal\">*Hay demasiados modelos compatibles para ser listados. Consulte el tipo de bater\u00eda.<\/p>\n<p class=\"MsoNormal\"><u>Incluye:<\/u><\/p>\n<p class=\"MsoListParagraphCxSpFirst\" style=\"text-indent: -18.0pt\"><!-- [if !supportLists]--> <!--[endif]-->\u00b72 pilas LP-E6NH<\/p>\n<p class=\"MsoListParagraphCxSpLast\" style=\"text-indent: -18.0pt\"><!-- [if !supportLists]--> <!--[endif]-->\u00b71 x Cargador de bater\u00eda dual (cable USB-A incorporado)<\/p>\n<p class=\"MsoNormal\"><u>Caracter\u00edsticas t\u00e9cnicas:<\/u><\/p>\n<p class=\"MsoListParagraphCxSpFirst\" style=\"text-indent: -18.0pt\"><!-- [if !supportLists]--> <!--[endif]-->\u00b7Tipo de bater\u00eda: bater\u00eda de iones de litio<\/p>\n<p class=\"MsoListParagraphCxSpMiddle\" style=\"text-indent: -18.0pt\"><!-- [if !supportLists]--> <!--[endif]-->\u00b7Par\u00e1metro de la bater\u00eda: 2040mAh 7.2V 14.69Wh<\/p>\n<p class=\"MsoListParagraphCxSpMiddle\" style=\"text-indent: -18.0pt\"><!-- [if !supportLists]--> <!--[endif]-->\u00b7Voltaje de carga de bater\u00eda limitado: 8,4 V<\/p>\n<p class=\"MsoListParagraphCxSpMiddle\" style=\"text-indent: -18.0pt\"><!-- [if !supportLists]--> <!--[endif]-->\u00b7Entrada del cargador: USB-C: 5V = 2.1A (Min), USB-A: 5V = 2.1A (Min)<\/p>\n<p class=\"MsoListParagraphCxSpMiddle\" style=\"text-indent: -18.0pt\"><!-- [if !supportLists]--> <!--[endif]-->\u00b7Salida del cargador: 8,4 V = 1000 mA (simple), 8,4 V = 1000 mA (doble)<\/p>\n<p class=\"MsoListParagraphCxSpLast\" style=\"text-indent: -18.0pt\"><!-- [if !supportLists]--> <!--[endif]-->\u00b7Temperatura de funcionamiento: 0 \u00b0C ~ 40 \u00b0C<\/p>\n","protected":false},"excerpt":{"rendered":"<p>Kit de cargador Smallrig 3821 + bater\u00edas LP-E6NH 2040mAh Funciones: \u2022\u00a0\u00a0\u00a0\u00a0\u00a0\u00a0\u00a0\u00a0\u00a0\u00a0\u00a0\u00a0\u00a0\u00a0\u00a0\u00a0\u00a0\u00a0\u00a0 Chip completamente decodificado: las bater\u00edas son compatibles con la<\/p>\n","protected":false},"featured_media":22026,"comment_status":"closed","ping_status":"closed","template":"","meta":{"_acf_changed":false},"product_brand":[2550],"product_cat":[856],"product_tag":[],"class_list":{"0":"post-75342","1":"product","2":"type-product","3":"status-publish","4":"has-post-thumbnail","6":"product_brand-smallrig-es","7":"product_cat-canon-es","9":"first","10":"onbackorder","11":"taxable","12":"shipping-taxable","13":"purchasable","14":"product-type-simple"},"bundled_by":[],"bundle_stock_status":"onbackorder","bundle_stock_quantity":null,"bundle_virtual":false,"bundle_layout":"","bundle_add_to_cart_form_location":"","bundle_editable_in_cart":false,"bundle_sold_individually_context":"","bundle_item_grouping":"","bundle_min_size":"","bundle_max_size":"","bundle_price":[],"bundled_items":[],"bundle_sell_ids":[],"acf":[],"_links":{"self":[{"href":"https:\/\/hi-techwonder.com\/es\/wp-json\/wp\/v2\/product\/75342","targetHints":{"allow":["GET"]}}],"collection":[{"href":"https:\/\/hi-techwonder.com\/es\/wp-json\/wp\/v2\/product"}],"about":[{"href":"https:\/\/hi-techwonder.com\/es\/wp-json\/wp\/v2\/types\/product"}],"replies":[{"embeddable":true,"href":"https:\/\/hi-techwonder.com\/es\/wp-json\/wp\/v2\/comments?post=75342"}],"wp:featuredmedia":[{"embeddable":true,"href":"https:\/\/hi-techwonder.com\/es\/wp-json\/wp\/v2\/media\/22026"}],"wp:attachment":[{"href":"https:\/\/hi-techwonder.com\/es\/wp-json\/wp\/v2\/media?parent=75342"}],"wp:term":[{"taxonomy":"product_brand","embeddable":true,"href":"https:\/\/hi-techwonder.com\/es\/wp-json\/wp\/v2\/product_brand?post=75342"},{"taxonomy":"product_cat","embeddable":true,"href":"https:\/\/hi-techwonder.com\/es\/wp-json\/wp\/v2\/product_cat?post=75342"},{"taxonomy":"product_tag","embeddable":true,"href":"https:\/\/hi-techwonder.com\/es\/wp-json\/wp\/v2\/product_tag?post=75342"}],"curies":[{"name":"wp","href":"https:\/\/api.w.org\/{rel}","templated":true}]}}