{"id":75343,"date":"2025-07-29T10:49:00","date_gmt":"2025-07-29T10:49:00","guid":{"rendered":"https:\/\/fv6qoy3ls0.wpdns.site\/product\/kit-avanzado-smallrig-3669-para-sony-a7-iv-a7s-iii\/"},"modified":"2026-01-31T01:26:33","modified_gmt":"2026-01-31T01:26:33","slug":"smallrig-kit-avanzado-smallrig-3669-para-sony-a7-iv-a7s-iii","status":"publish","type":"product","link":"https:\/\/hi-techwonder.com\/es\/producto\/smallrig-kit-avanzado-smallrig-3669-para-sony-a7-iv-a7s-iii\/","title":{"rendered":"Kit avanzado SMALLRIG 3669 para Sony a7 IV \/ a7S III"},"content":{"rendered":"<p>Accesorios de montaje y protecci\u00f3n para tu c\u00e1mara mirrorless Sony a7 IV o a7S III con este ligero Kit de Jaula Avanzada de SmallRig. El kit incluye un armaz\u00f3n de c\u00e1mara moldeable, dos placas laterales de bloqueo, una brida para cables HDMI, un asa lateral y un asa superior con soporte estilo ARRI de 3\/8&#8243;-16. C\u00e1mara de 1\/4&#8243;-20, dos lados de bloqueo para evitar torceduras, m\u00faltiples roscas de accesorios y estilo ARRI de 1\/4&#8243;-20 y 3\/8&#8243;-16, un cintur\u00f3n de riel NATO. La jaula mantiene el acceso a los controles de la c\u00e1mara y a la zapata, y cuenta con una variedad de opciones de montaje. La abrazadera del cable HDMI protege el cable HDMI de tirones y evita la desconexi\u00f3n. El asa superior proporciona soportes para zapatas y roscas de montaje adicionales y el asa lateral proporciona un soporte manual c\u00f3modo para el costado de la jaula.    <\/p>\n<p><strong>Armaz\u00f3n de c\u00e1mara completo SmallRig para Sony a7 IV y a7S III<\/strong><\/p>\n<p>A\u00f1ade montaje y protecci\u00f3n de accesorios para tu c\u00e1mara mirrorless Sony a7 IV o a7S III con este ligero armaz\u00f3n de c\u00e1mara todo en uno de SmallRig. La c\u00e1mara est\u00e1 montada en este armaz\u00f3n de aluminio con un tornillo integrado de 1\/4&#8243;-20, incorpora un dise\u00f1o antitorsi\u00f3n mediante dos placas laterales de bloqueo y tiene acolchado en la base para proteger la c\u00e1mara de ara\u00f1azos. La c\u00e1mara y la zapata controlan y cuentan con una variedad de opciones de montaje.  <\/p>\n<p>La jaula cuenta con un soporte de zapata integrado y m\u00faltiples roscas de accesorios estilo ARRI de 1\/4&#8243;-20 y 3\/8&#8243;-16 para evitar que los accesorios se tuerzan cuando se montan en la jaula. La jaula tambi\u00e9n cuenta con un riel NATO en el costado y tambi\u00e9n tiene ranuras para una correa para el cuello o la mano disponibles por separado. <\/p>\n<p><strong>Compatibilidad<\/strong><\/p>\n<ul>\n<li>C\u00e1mara sin espejo Sony a7S III<\/li>\n<li>C\u00e1mara sin espejo Sony a7 IV<\/li>\n<\/ul>\n<p>Tambi\u00e9n compatible con, pero no limitado a:<\/p>\n<ul>\n<li>Asa lateral de plataforma peque\u00f1a 2093<\/li>\n<li>Asa superior de plataforma peque\u00f1a 2165<\/li>\n<li>Soporte para monitor SmallRig 2903<\/li>\n<li>Abrazadera de cable HDMI SmallRig 3000 Correa de mano SmallRig PAC2456<\/li>\n<li>Correa para el hombro para equipo peque\u00f1o PSC2428<\/li>\n<\/ul>\n<p><strong>Brida para cable HDMI SmallRig para soporte de c\u00e1mara Sony a7S III<\/strong><\/p>\n<p>Asegura y asegura el cable HDMI a tu c\u00e1mara Sony a7S III con esta abrazadera de cable HDMI de SmallRig. La abrazadera de aluminio duradera es compatible con el armaz\u00f3n SmallRig 2999 para la c\u00e1mara Sony a7S III. <\/p>\n<p>La abrazadera est\u00e1 dise\u00f1ada para evitar que el cable HDMI se tire o desconecte accidentalmente. Se monta al costado de la jaula con un perno de 1\/4&#8243;-20, que est\u00e1 asegurado con dos pasadores antitorsi\u00f3n para evitar que se tuerza. Los cables est\u00e1n asegurados con un tornillo moleteado de 1\/4&#8243;-20 f\u00e1cil de manejar. El tornillo ajusta un bloque deslizante que se puede apretar para adaptarse a diferentes di\u00e1metros de cable. Se incluye una llave Allen para asegurar el tornillo de montaje.   <\/p>\n<p><strong>Compatibilidad con jaulas<\/strong><\/p>\n<ul>\n<li>Jaula SmallRig 2999 para Sony a7S III<\/li>\n<\/ul>\n<p><strong>Mango superior SmallRig con soporte antitorsi\u00f3n estilo ARRI<\/strong><\/p>\n<p>Lleva tu c\u00e1mara o toma fotos de \u00e1ngulo bajo con este asa superior estilo ARRI de SmallRig. El mango utiliza un tornillo de bloqueo de 3\/8&#8243;-16 con pasadores de ubicaci\u00f3n para sujetarlo de forma segura a la jaula de la c\u00e1mara. <\/p>\n<p>Adem\u00e1s de un portaca\u00f1as de 15 mm, este mango vers\u00e1til cuenta con un bloqueo y dos soportes de zapata fr\u00eda est\u00e1ndar, as\u00ed como m\u00faltiples roscas antitorsi\u00f3n estilo ARRI de 1\/4&#8243;-20 y 3\/8&#8243;-16. El mango est\u00e1 construido con componentes duraderos de aluminio y acero inoxidable. <\/p>\n<p><strong>Compatibilidad<\/strong><\/p>\n<ul>\n<li>Jaulas y plataformas estilo ARRI de 3\/8&#8243;-16 con orificios de ubicaci\u00f3n<\/li>\n<\/ul>\n<p>Tambi\u00e9n compatible con, pero no limitado a:<\/p>\n<ul>\n<li>Soporte para monitor SmallRig 2294<\/li>\n<li>Soporte para monitor SmallRig 2348<\/li>\n<\/ul>\n<p><strong>Mango lateral universal de aluminio SmallRig<\/strong><\/p>\n<p>Utiliza el asa lateral universal de aluminio de SmallRig para sujetar de forma segura el armaz\u00f3n de la c\u00e1mara. Este mango de aluminio se monta con dos tornillos de 1\/4&#8243;-20 espaciados a 0.71&#8243; de distancia. Se puede configurar para su uso en el lado derecho o izquierdo y se desliza hacia arriba y hacia abajo 1.7&#8243; para una colocaci\u00f3n \u00f3ptima en su equipo.  <\/p>\n<p>La parte superior del mango cuenta con tres roscas de 1\/4&#8243;-20 y un soporte de zapata fr\u00eda para agregar una luz, micr\u00f3fono, monitor, brazo de montaje u otro accesorio. El mango lateral universal de aluminio cuenta con un mango de silicona antideslizante e incluye una llave Allen que se puede guardar dentro del mango. <\/p>\n<h2 class=\"western\" style=\"font-style: normal;font-weight: normal\"><strong><span style=\"font-family: OpenSans, Segoe UI, Helvetica, Roboto, Arial, sans-serif\"><span style=\"font-size: medium\">Especificaciones de la c\u00e1mara completa SmallRig para Sony A7 IV, A7S III y A1<\/span><\/span><\/strong><\/h2>\n<p><strong> <\/strong><\/p>\n<p style=\"margin-bottom: 0cm;border-top: none;border-bottom: 1.00pt solid #cdcdcd;border-left: none;border-right: none;font-style: normal;font-weight: normal;line-height: 200%;padding: 0cm 0cm 0.05cm 0cm\"><strong><span style=\"font-family: OpenSans, Segoe UI, Helvetica, Roboto, Arial, sans-serif\"><span style=\"font-size: medium\">Montura<\/span><\/span><\/strong><\/p>\n<table border=\"0\" width=\"642\" cellspacing=\"0\" cellpadding=\"2\">\n<colgroup>\n<col width=\"136\">\n<col width=\"499\"><\/colgroup>\n<tbody>\n<tr>\n<td width=\"136\">\n<p style=\"border: none;padding: 0cm;font-weight: normal\" align=\"LEFT\">Tipo de placa de bater\u00eda<\/p>\n<\/td>\n<td width=\"499\">\n<p style=\"border: none;padding: 0cm;font-weight: normal\"><em>Ninguno<\/em><\/p>\n<\/td>\n<\/tr>\n<tr>\n<td width=\"136\">\n<p style=\"border: none;padding: 0cm;font-weight: normal\" align=\"LEFT\">Accesorios de montaje<\/p>\n<\/td>\n<td width=\"499\">\n<p style=\"border: none;padding: 0cm;font-weight: normal\"><strong>Jaula:<\/strong> M\u00faltiple x Rosca de 1\/4&#8243;-20, M\u00faltiple x Rosca ARRI Anti-Torsi\u00f3n de 3\/8&#8243;-16<\/p>\n<\/td>\n<\/tr>\n<tr>\n<td width=\"136\">\n<p style=\"border: none;padding: 0cm;font-weight: normal\" align=\"LEFT\">Soporte de c\u00e1mara<\/p>\n<\/td>\n<td width=\"499\">\n<p style=\"border: none;padding: 0cm;font-weight: normal\">Perno de 1\/4&#8243;-20<\/p>\n<\/td>\n<\/tr>\n<tr>\n<td width=\"136\">\n<p style=\"border: none;padding: 0cm;font-weight: normal\" align=\"LEFT\">Tr\u00edpode<\/p>\n<\/td>\n<td width=\"499\">\n<p style=\"border: none;padding: 0cm;font-weight: normal\"><strong>Jaula:<\/strong> Rosca de 1\/4&#8243;-20, rosca de 3\/8&#8243;-16, placa de arco incorporada<\/p>\n<\/td>\n<\/tr>\n<tr>\n<td width=\"136\">\n<p style=\"border: none;padding: 0cm;font-weight: normal\" align=\"LEFT\">Montaje de zapatas<\/p>\n<\/td>\n<td width=\"499\">\n<p style=\"border: none;padding: 0cm;font-weight: normal\"><strong>Jaula, Parte superior:<\/strong> 1 x Zapata fr\u00eda<\/p>\n<\/td>\n<\/tr>\n<tr>\n<td width=\"136\">\n<p style=\"border: none;padding: 0cm;font-weight: normal\" align=\"LEFT\">Rosetones<\/p>\n<\/td>\n<td width=\"499\">\n<p style=\"border: none;padding: 0cm;font-weight: normal\"><em>Ninguno<\/em><\/p>\n<\/td>\n<\/tr>\n<tr>\n<td width=\"136\">\n<p style=\"border: none;padding: 0cm;font-weight: normal\" align=\"LEFT\">Montaje en riel<\/p>\n<\/td>\n<td width=\"499\">\n<p style=\"border: none;padding: 0cm;font-weight: normal\"><strong>Jaula, lateral:<\/strong> 1 x Carril OTAN<\/p>\n<\/td>\n<\/tr>\n<\/tbody>\n<\/table>\n<p style=\"margin-bottom: 0cm;border-top: none;border-bottom: 1.00pt solid #cdcdcd;border-left: none;border-right: none;font-style: normal;font-weight: normal;line-height: 200%;padding: 0cm 0cm 0.05cm 0cm\"><strong><span style=\"font-family: OpenSans, Segoe UI, Helvetica, Roboto, Arial, sans-serif\"><span style=\"font-size: medium\">Generalmente<\/span><\/span><\/strong><\/p>\n<table border=\"0\" width=\"412\" cellspacing=\"0\" cellpadding=\"2\">\n<colgroup>\n<col width=\"145\">\n<col width=\"259\"><\/colgroup>\n<tbody>\n<tr>\n<td width=\"145\">\n<p style=\"border: none;padding: 0cm;font-weight: normal\" align=\"LEFT\">Tipo de medio<\/p>\n<\/td>\n<td width=\"259\">\n<p style=\"border: none;padding: 0cm;font-weight: normal\">Jaula<\/p>\n<\/td>\n<\/tr>\n<tr>\n<td width=\"145\">\n<p style=\"border: none;padding: 0cm;font-weight: normal\" align=\"LEFT\">Tipo de agarre<\/p>\n<\/td>\n<td width=\"259\">\n<p style=\"border: none;padding: 0cm;font-weight: normal\"><em>Ninguno<\/em><\/p>\n<\/td>\n<\/tr>\n<tr>\n<td width=\"145\">\n<p style=\"border: none;padding: 0cm;font-weight: normal\" align=\"LEFT\">Compatibilidad de la c\u00e1mara<\/p>\n<\/td>\n<td width=\"259\">\n<p style=\"border: none;padding: 0cm;font-weight: normal\">Sony a1, Sony a7 IV, Sony a7S III<\/p>\n<\/td>\n<\/tr>\n<tr>\n<td width=\"145\">\n<p style=\"border: none;padding: 0cm;font-weight: normal\" align=\"LEFT\">Construcci\u00f3n<\/p>\n<\/td>\n<td width=\"259\">\n<p style=\"border: none;padding: 0cm;font-weight: normal\">Aluminio<\/p>\n<\/td>\n<\/tr>\n<tr>\n<td width=\"145\">\n<p style=\"border: none;padding: 0cm;font-weight: normal\" align=\"LEFT\">Dimensiones<\/p>\n<\/td>\n<td width=\"259\">\n<p style=\"border: none;padding: 0cm;font-weight: normal\">4,2 x 5,7 x 2,5&#8243; \/ 107,6 x 146 x 64,5 mm<\/p>\n<\/td>\n<\/tr>\n<tr>\n<td width=\"145\">\n<p style=\"border: none;padding: 0cm;font-weight: normal\" align=\"LEFT\">Peso<\/p>\n<\/td>\n<td width=\"259\">\n<p style=\"border: none;padding: 0cm;font-weight: normal\">6.7 oz \/ 190 g<\/p>\n<\/td>\n<\/tr>\n<\/tbody>\n<\/table>\n<h2 class=\"western\" style=\"margin-top: 0cm;margin-bottom: 0cm;border: none;padding: 0cm;font-style: normal;font-weight: normal;line-height: 200%\"><strong><span style=\"font-family: OpenSans, Segoe UI, Helvetica, Roboto, Arial, sans-serif\"><span style=\"font-size: medium\">Especificaciones de la abrazadera de cable HDMI SmallRig para la jaula de la c\u00e1mara Sony A7S III<\/span><\/span><\/strong><\/h2>\n<p style=\"margin-bottom: 0cm;border-top: none;border-bottom: 1.00pt solid #cdcdcd;border-left: none;border-right: none;font-style: normal;font-weight: normal;line-height: 200%;padding: 0cm 0cm 0.05cm 0cm\"><strong><span style=\"font-family: OpenSans, Segoe UI, Helvetica, Roboto, Arial, sans-serif\"><span style=\"font-size: medium\">Generalmente<\/span><\/span><\/strong><\/p>\n<table border=\"0\" width=\"399\" cellspacing=\"0\" cellpadding=\"2\">\n<colgroup>\n<col width=\"160\">\n<col width=\"231\"><\/colgroup>\n<tbody>\n<tr>\n<td width=\"160\">\n<p style=\"border: none;padding: 0cm;font-weight: normal\" align=\"LEFT\">Material de construcci\u00f3n<\/p>\n<\/td>\n<td width=\"231\">\n<p style=\"border: none;padding: 0cm;font-weight: normal\">Aluminio<\/p>\n<\/td>\n<\/tr>\n<tr>\n<td width=\"160\">\n<p style=\"border: none;padding: 0cm;font-weight: normal\" align=\"LEFT\">Tornillo de montaje<\/p>\n<\/td>\n<td width=\"231\">\n<p style=\"border: none;padding: 0cm;font-weight: normal\">1 x tornillo de 1\/4&#8243;-20<br \/>2 x Pasadores antitorsi\u00f3n<\/p>\n<\/td>\n<\/tr>\n<tr>\n<td width=\"160\">\n<p style=\"border: none;padding: 0cm;font-weight: normal\" align=\"LEFT\">Soporte de cable<\/p>\n<\/td>\n<td width=\"231\">\n<p style=\"border: none;padding: 0cm;font-weight: normal\">1 x Tornillo moleteado de 1\/4&#8243;-20<\/p>\n<\/td>\n<\/tr>\n<tr>\n<td width=\"160\">\n<p style=\"border: none;padding: 0cm;font-weight: normal\" align=\"LEFT\">Dimensiones<\/p>\n<\/td>\n<td width=\"231\">\n<p style=\"border: none;padding: 0cm;font-weight: normal\">1,5 x 1,2 x 1,1&#8243; \/ 38 x 31 x 29,5 mm<\/p>\n<\/td>\n<\/tr>\n<tr>\n<td width=\"160\">\n<p style=\"border: none;padding: 0cm;font-weight: normal\" align=\"LEFT\">Peso<\/p>\n<\/td>\n<td width=\"231\">\n<p style=\"border: none;padding: 0cm;font-weight: normal\">1.2 oz \/ 34 g<\/p>\n<\/td>\n<\/tr>\n<\/tbody>\n<\/table>\n<h2 class=\"western\" style=\"margin-top: 0cm;margin-bottom: 0cm;border: none;padding: 0cm;font-style: normal;font-weight: normal;line-height: 200%\"><strong><span style=\"font-family: OpenSans, Segoe UI, Helvetica, Roboto, Arial, sans-serif\"><span style=\"font-size: medium\">Mango superior SmallRig con especificaciones de montaje antitorsi\u00f3n estilo ARRI<\/span><\/span><\/strong><\/h2>\n<table border=\"0\" width=\"427\" cellspacing=\"0\" cellpadding=\"2\">\n<colgroup>\n<col width=\"113\">\n<col width=\"306\"><\/colgroup>\n<tbody>\n<tr>\n<td width=\"113\">\n<p style=\"border: none;padding: 0cm;font-weight: normal\" align=\"LEFT\">Tipo de agarre<\/p>\n<\/td>\n<td width=\"306\">\n<p style=\"border: none;padding: 0cm;font-weight: normal\">Asa superior con asa estilo plato de queso<\/p>\n<\/td>\n<\/tr>\n<tr>\n<td width=\"113\">\n<p style=\"border: none;padding: 0cm;font-weight: normal\" align=\"LEFT\">Controles integrados<\/p>\n<\/td>\n<td width=\"306\">\n<p style=\"border: none;padding: 0cm;font-weight: normal\"><em>Ninguno<\/em><\/p>\n<\/td>\n<\/tr>\n<\/tbody>\n<\/table>\n<p style=\"margin-bottom: 0cm;border-top: none;border-bottom: 1.00pt solid #cdcdcd;border-left: none;border-right: none;font-style: normal;font-weight: normal;line-height: 200%;padding: 0cm 0cm 0.05cm 0cm\"><strong><span style=\"font-family: OpenSans, Segoe UI, Helvetica, Roboto, Arial, sans-serif\"><span style=\"font-size: medium\">Montura<\/span><\/span><\/strong><\/p>\n<table border=\"0\" width=\"513\" cellspacing=\"0\" cellpadding=\"2\">\n<colgroup>\n<col width=\"136\">\n<col width=\"369\"><\/colgroup>\n<tbody>\n<tr>\n<td width=\"136\">\n<p style=\"border: none;padding: 0cm;font-weight: normal\" align=\"LEFT\">M\u00e9todo de fijaci\u00f3n<\/p>\n<\/td>\n<td width=\"369\">\n<p style=\"border: none;padding: 0cm;font-weight: normal\">Se conecta a trav\u00e9s de <strong>1 x<\/strong> Tornillo Anti-Torsi\u00f3n Incorporado ARRI 3\/8&#8243;-16<\/p>\n<\/td>\n<\/tr>\n<tr>\n<td width=\"136\">\n<p style=\"border: none;padding: 0cm;font-weight: normal\" align=\"LEFT\">Potencia est\u00e1ndar<\/p>\n<\/td>\n<td width=\"369\">\n<p style=\"border: none;padding: 0cm;font-weight: normal\">Varilla simple de 15 mm<\/p>\n<\/td>\n<\/tr>\n<tr>\n<td width=\"136\">\n<p style=\"border: none;padding: 0cm;font-weight: normal\" align=\"LEFT\">Puertos de varilla<\/p>\n<\/td>\n<td width=\"369\">\n<p style=\"border: none;padding: 0cm;font-weight: normal\"><strong>1 x<\/strong> Puerto de varilla de 15 mm<\/p>\n<\/td>\n<\/tr>\n<tr>\n<td width=\"136\">\n<p style=\"border: none;padding: 0cm;font-weight: normal\" align=\"LEFT\">Accesorios de montaje<\/p>\n<\/td>\n<td width=\"369\">\n<p style=\"border: none;padding: 0cm;font-weight: normal\"><strong>Eje del mango<\/strong><br \/><strong>Roscas m\u00faltiples x<\/strong> 1\/4&#8243;-20<br \/><strong>Varios x<\/strong> Rosca antitorsi\u00f3n ARRI de 3\/8&#8243;-16<\/p>\n<\/td>\n<\/tr>\n<tr>\n<td width=\"136\">\n<p style=\"border: none;padding: 0cm;font-weight: normal\" align=\"LEFT\">Montaje de zapatas<\/p>\n<\/td>\n<td width=\"369\">\n<p style=\"border: none;padding: 0cm;font-weight: normal\"><strong>3 x<\/strong> Ranura de zapata fr\u00eda incorporada<\/p>\n<\/td>\n<\/tr>\n<tr>\n<td width=\"136\">\n<p style=\"border: none;padding: 0cm;font-weight: normal\" align=\"LEFT\">Rosetones<\/p>\n<\/td>\n<td width=\"369\">\n<p style=\"border: none;padding: 0cm;font-weight: normal\"><em>Ninguno<\/em><\/p>\n<\/td>\n<\/tr>\n<tr>\n<td width=\"136\">\n<p style=\"border: none;padding: 0cm;font-weight: normal\" align=\"LEFT\">Montaje en riel<\/p>\n<\/td>\n<td width=\"369\">\n<p style=\"border: none;padding: 0cm;font-weight: normal\"><em>Ninguno<\/em><\/p>\n<\/td>\n<\/tr>\n<\/tbody>\n<\/table>\n<p style=\"margin-bottom: 0cm;border-top: none;border-bottom: 1.00pt solid #cdcdcd;border-left: none;border-right: none;font-style: normal;font-weight: normal;line-height: 200%;padding: 0cm 0cm 0.05cm 0cm\"><strong><span style=\"font-family: OpenSans, Segoe UI, Helvetica, Roboto, Arial, sans-serif\"><span style=\"font-size: medium\">Generalmente<\/span><\/span><\/strong><\/p>\n<table border=\"0\" width=\"321\" cellspacing=\"0\" cellpadding=\"2\">\n<colgroup>\n<col width=\"86\">\n<col width=\"227\"><\/colgroup>\n<tbody>\n<tr>\n<td width=\"86\">\n<p style=\"border: none;padding: 0cm;font-weight: normal\" align=\"LEFT\">Construcci\u00f3n<\/p>\n<\/td>\n<td width=\"227\">\n<p style=\"border: none;padding: 0cm;font-weight: normal\">Aluminio, Acero<\/p>\n<\/td>\n<\/tr>\n<tr>\n<td width=\"86\">\n<p style=\"border: none;padding: 0cm;font-weight: normal\" align=\"LEFT\">Dimensiones<\/p>\n<\/td>\n<td width=\"227\">\n<p style=\"border: none;padding: 0cm;font-weight: normal\">5,3 x 2,7 x 1&#8243; \/ 134 x 69 x 24,5 mm<\/p>\n<\/td>\n<\/tr>\n<tr>\n<td width=\"86\">\n<p style=\"border: none;padding: 0cm;font-weight: normal\" align=\"LEFT\">Peso<\/p>\n<\/td>\n<td width=\"227\">\n<p style=\"border: none;padding: 0cm;font-weight: normal\">6.4 onzas \/ 181 g<\/p>\n<\/td>\n<\/tr>\n<\/tbody>\n<\/table>\n<p style=\"margin-bottom: 0cm;border-top: none;border-bottom: 1.00pt solid #cdcdcd;border-left: none;border-right: none;font-style: normal;font-weight: normal;line-height: 200%;padding: 0cm 0cm 0.05cm 0cm\"><strong><span style=\"font-family: OpenSans, Segoe UI, Helvetica, Roboto, Arial, sans-serif\"><span style=\"font-size: medium\">Informaci\u00f3n de embalaje<\/span><\/span><\/strong><\/p>\n<table border=\"0\" width=\"285\" cellspacing=\"0\" cellpadding=\"2\">\n<colgroup>\n<col width=\"176\">\n<col width=\"101\"><\/colgroup>\n<tbody>\n<tr>\n<td width=\"176\">\n<p style=\"border: none;padding: 0cm;font-weight: normal\" align=\"LEFT\">Peso del paquete<\/p>\n<\/td>\n<td width=\"101\">\n<p style=\"border: none;padding: 0cm;font-weight: normal\">0.425 libras<\/p>\n<\/td>\n<\/tr>\n<tr>\n<td width=\"176\">\n<p style=\"border: none;padding: 0cm;font-weight: normal\" align=\"LEFT\">Dimensiones de la caja (LxWxH)<\/p>\n<\/td>\n<td width=\"101\">\n<p style=\"border: none;padding: 0cm;font-weight: normal\">6.3 x 3.1 x 1.7&#8243;<\/p>\n<\/td>\n<\/tr>\n<\/tbody>\n<\/table>\n<h2 class=\"western\" style=\"margin-top: 0cm;margin-bottom: 0cm;border: none;padding: 0cm;font-style: normal;font-weight: normal;line-height: 200%\"><strong><span style=\"font-family: OpenSans, Segoe UI, Helvetica, Roboto, Arial, sans-serif\"><span style=\"font-size: medium\">Especificaciones del mango lateral universal de aluminio SmallRig<\/span><\/span><\/strong><\/h2>\n<table border=\"0\" width=\"237\" cellspacing=\"0\" cellpadding=\"2\">\n<colgroup>\n<col width=\"68\">\n<col width=\"161\"><\/colgroup>\n<tbody>\n<tr>\n<td width=\"68\">\n<p style=\"border: none;padding: 0cm;font-weight: normal\" align=\"LEFT\">Tipo de agarre<\/p>\n<\/td>\n<td width=\"161\">\n<p style=\"border: none;padding: 0cm;font-weight: normal\">Empu\u00f1adura ambidiestra<\/p>\n<\/td>\n<\/tr>\n<tr>\n<td width=\"68\">\n<p style=\"border: none;padding: 0cm;font-weight: normal\" align=\"LEFT\">Rotaci\u00f3n<\/p>\n<\/td>\n<td width=\"161\">\n<p style=\"border: none;padding: 0cm;font-weight: normal\">No<\/p>\n<\/td>\n<\/tr>\n<\/tbody>\n<\/table>\n<p style=\"margin-bottom: 0cm;border-top: none;border-bottom: 1.00pt solid #cdcdcd;border-left: none;border-right: none;font-style: normal;font-weight: normal;line-height: 200%;padding: 0cm 0cm 0.05cm 0cm\"><strong><span style=\"font-family: OpenSans, Segoe UI, Helvetica, Roboto, Arial, sans-serif\"><span style=\"font-size: medium\">Montura<\/span><\/span><\/strong><\/p>\n<table border=\"0\" width=\"401\" cellspacing=\"0\" cellpadding=\"2\">\n<colgroup>\n<col width=\"136\">\n<col width=\"257\"><\/colgroup>\n<tbody>\n<tr>\n<td width=\"136\">\n<p style=\"border: none;padding: 0cm;font-weight: normal\" align=\"LEFT\">M\u00e9todo de fijaci\u00f3n<\/p>\n<\/td>\n<td width=\"257\">\n<p style=\"border: none;padding: 0cm;font-weight: normal\">Se fija mediante <strong>2<\/strong> tornillos empotrados de 1\/4&#8243;-20<\/p>\n<\/td>\n<\/tr>\n<tr>\n<td width=\"136\">\n<p style=\"border: none;padding: 0cm;font-weight: normal\" align=\"LEFT\">Accesorios de montaje<\/p>\n<\/td>\n<td width=\"257\">\n<p style=\"border: none;padding: 0cm;font-weight: normal\"><strong>Parte superior del mango<\/strong><br \/><strong>3 x<\/strong> Rosca de 1\/4&#8243;-20<\/p>\n<\/td>\n<\/tr>\n<tr>\n<td width=\"136\">\n<p style=\"border: none;padding: 0cm;font-weight: normal\" align=\"LEFT\">Montaje de zapatas<\/p>\n<\/td>\n<td width=\"257\">\n<p style=\"border: none;padding: 0cm;font-weight: normal\"><strong>1 x<\/strong> ranura de zapata fr\u00eda incorporada<\/p>\n<\/td>\n<\/tr>\n<tr>\n<td width=\"136\">\n<p style=\"border: none;padding: 0cm;font-weight: normal\" align=\"LEFT\">Rosetones<\/p>\n<\/td>\n<td width=\"257\">\n<p style=\"border: none;padding: 0cm;font-weight: normal\"><em>Ninguno<\/em><\/p>\n<\/td>\n<\/tr>\n<tr>\n<td width=\"136\">\n<p style=\"border: none;padding: 0cm;font-weight: normal\" align=\"LEFT\">Montaje en riel<\/p>\n<\/td>\n<td width=\"257\">\n<p style=\"border: none;padding: 0cm;font-weight: normal\"><em>Ninguno<\/em><\/p>\n<\/td>\n<\/tr>\n<\/tbody>\n<\/table>\n<p style=\"margin-bottom: 0cm;border-top: none;border-bottom: 1.00pt solid #cdcdcd;border-left: none;border-right: none;font-style: normal;font-weight: normal;line-height: 200%;padding: 0cm 0cm 0.05cm 0cm\"><strong><span style=\"font-family: OpenSans, Segoe UI, Helvetica, Roboto, Arial, sans-serif\"><span style=\"font-size: medium\">Generalmente<\/span><\/span><\/strong><\/p>\n<table border=\"0\" width=\"320\" cellspacing=\"0\" cellpadding=\"2\">\n<colgroup>\n<col width=\"86\">\n<col width=\"226\"><\/colgroup>\n<tbody>\n<tr>\n<td width=\"86\">\n<p style=\"border: none;padding: 0cm;font-weight: normal\" align=\"LEFT\">Construcci\u00f3n<\/p>\n<\/td>\n<td width=\"226\">\n<p style=\"border: none;padding: 0cm;font-weight: normal\">Aluminio, Silicona<\/p>\n<\/td>\n<\/tr>\n<tr>\n<td width=\"86\">\n<p style=\"border: none;padding: 0cm;font-weight: normal\" align=\"LEFT\">Dimensiones<\/p>\n<\/td>\n<td width=\"226\">\n<p style=\"border: none;padding: 0cm;font-weight: normal\">4,3 x 2,8 x 2,2&#8243; \/ 110 x 71 x 56 mm<\/p>\n<\/td>\n<\/tr>\n<tr>\n<td width=\"86\">\n<p style=\"border: none;padding: 0cm;font-weight: normal\" align=\"LEFT\">Peso<\/p>\n<\/td>\n<td width=\"226\">\n<p style=\"border: none;padding: 0cm;font-weight: normal\">7.8 oz \/ 220 g<\/p>\n<\/td>\n<\/tr>\n<\/tbody>\n<\/table>\n","protected":false},"excerpt":{"rendered":"<p>Accesorios de montaje y protecci\u00f3n para tu c\u00e1mara mirrorless Sony a7 IV o a7S III con este ligero Kit de<\/p>\n","protected":false},"featured_media":67910,"comment_status":"closed","ping_status":"open","template":"","meta":{"_acf_changed":false},"product_brand":[2550],"product_cat":[1106],"product_tag":[],"class_list":{"0":"post-75343","1":"product","2":"type-product","3":"status-publish","4":"has-post-thumbnail","6":"product_brand-smallrig-es","7":"product_cat-kits-cages-es","9":"first","10":"pre-order","11":"taxable","12":"shipping-taxable","13":"purchasable","14":"product-type-simple"},"bundled_by":[],"bundle_stock_status":"pre-order","bundle_stock_quantity":null,"bundle_virtual":false,"bundle_layout":"","bundle_add_to_cart_form_location":"","bundle_editable_in_cart":false,"bundle_sold_individually_context":"","bundle_item_grouping":"","bundle_min_size":"","bundle_max_size":"","bundle_price":[],"bundled_items":[],"bundle_sell_ids":[],"acf":[],"_links":{"self":[{"href":"https:\/\/hi-techwonder.com\/es\/wp-json\/wp\/v2\/product\/75343","targetHints":{"allow":["GET"]}}],"collection":[{"href":"https:\/\/hi-techwonder.com\/es\/wp-json\/wp\/v2\/product"}],"about":[{"href":"https:\/\/hi-techwonder.com\/es\/wp-json\/wp\/v2\/types\/product"}],"replies":[{"embeddable":true,"href":"https:\/\/hi-techwonder.com\/es\/wp-json\/wp\/v2\/comments?post=75343"}],"wp:featuredmedia":[{"embeddable":true,"href":"https:\/\/hi-techwonder.com\/es\/wp-json\/wp\/v2\/media\/67910"}],"wp:attachment":[{"href":"https:\/\/hi-techwonder.com\/es\/wp-json\/wp\/v2\/media?parent=75343"}],"wp:term":[{"taxonomy":"product_brand","embeddable":true,"href":"https:\/\/hi-techwonder.com\/es\/wp-json\/wp\/v2\/product_brand?post=75343"},{"taxonomy":"product_cat","embeddable":true,"href":"https:\/\/hi-techwonder.com\/es\/wp-json\/wp\/v2\/product_cat?post=75343"},{"taxonomy":"product_tag","embeddable":true,"href":"https:\/\/hi-techwonder.com\/es\/wp-json\/wp\/v2\/product_tag?post=75343"}],"curies":[{"name":"wp","href":"https:\/\/api.w.org\/{rel}","templated":true}]}}