{"id":75348,"date":"2025-07-29T10:47:12","date_gmt":"2025-07-29T10:47:12","guid":{"rendered":"https:\/\/fv6qoy3ls0.wpdns.site\/product\/jaula-smallrig-3667b-para-sony-a7iv-7siii-a1\/"},"modified":"2026-03-02T13:33:24","modified_gmt":"2026-03-02T13:33:24","slug":"smallrig-jaula-smallrig-3667b-para-sony-a7iv-7siii-a1","status":"publish","type":"product","link":"https:\/\/hi-techwonder.com\/es\/producto\/smallrig-jaula-smallrig-3667b-para-sony-a7iv-7siii-a1\/","title":{"rendered":"Jaula SMALLRIG 3667B para Sony A7IV\/ 7SIII\/ A1"},"content":{"rendered":"<p><strong>Jaula SMALLRIG <\/strong><strong>3667B para las series Sony a7 y a1<\/strong><\/p>\n<p><strong>Funciones:<\/strong><\/p>\n<ul>\n<li>Para c\u00e1maras de las series Sony a7 y a1 (* Ver m\u00e1s abajo: c\u00e1maras compatibles)<\/li>\n<li>Jaula completa con una pieza rellena de goma para la protecci\u00f3n de la c\u00e1mara.<\/li>\n<li>Mantiene el acceso a la bater\u00eda y los puertos<\/li>\n<li>Un brazo articulado en la tapa de la bater\u00eda se ajusta a la curva de la c\u00e1mara y mejora la experiencia de agarre.<\/li>\n<li>M\u00faltiples puntos de montaje: orificios roscados de 1\/4&#8243;-20, orificios de ubicaci\u00f3n ARRI de 3\/8&#8243;-16, soportes de zapata fr\u00eda, manijas de soporte NATO y toma QD, micr\u00f3fonos, luces LED, monitores, etc. Dos placas laterales de bloqueo con tornillos M2.5 <\/li>\n<li>Triple Point Lock: Asegura la c\u00e1mara a trav\u00e9s de un pasador de ubicaci\u00f3n inferior, un tornillo de 1\/4&#8243;-20 y un tornillo M2.5 en el lado izquierdo<\/li>\n<li>Zapata de liberaci\u00f3n r\u00e1pida del sistema Arca-Swiss en la parte inferior para cambiar r\u00e1pidamente entre tr\u00edpode, estabilizador (DJI RS 2 \/ RSC 2 \/ RS 3 \/ RS 3 Pro) y fotograf\u00eda sin tr\u00edpode<\/li>\n<\/ul>\n<p><strong>Contenido del paquete:<\/strong><\/p>\n<ul>\n<li>1 x Jaula con protectores de goma para la protecci\u00f3n de la c\u00e1mara<\/li>\n<li>2 x Placa de bloqueo lateral&nbsp;<\/li>\n<\/ul>\n<p><strong>Descripci\u00f3n general de SmallRig 3667B<\/strong><\/p>\n<ul>\n<li style=\"text-align: justify\">La jaula de c\u00e1mara completa SmallRig para Sony Alpha 7 IV \/ Alpha 7 S III \/ Alpha 1 \/ Alpha 7R IV 3667 est\u00e1 dise\u00f1ada para proporcionar soportes para accesorios y proteger la c\u00e1mara.<\/li>\n<li style=\"text-align: justify\">Se incluyen dos placas laterales de bloqueo, junto con un tornillo de 1\/4&#8243;-20 en la parte inferior, para bloquear la c\u00e1mara y evitar la deflexi\u00f3n.<\/li>\n<li style=\"text-align: justify\">Los espaciadores protectores integrados evitan que la c\u00e1mara se raye.<\/li>\n<li style=\"text-align: justify\">La jaula da acceso a las interfaces, diales, botones o puerto de bater\u00eda.<\/li>\n<li style=\"text-align: justify\">Cuenta con una llave de eje en el compartimiento de la bater\u00eda que se ajusta a la curva de la c\u00e1mara y deja espacio para el dedo me\u00f1ique para un agarre c\u00f3modo.<\/li>\n<li style=\"text-align: justify\">Los orificios y las zapatas fr\u00edas admiten el mango superior 2165, el mango lateral 2093, el soporte del monitor 2903, los micr\u00f3fonos, las luces LED, los monitores, etc.<\/li>\n<li style=\"text-align: justify\">La zapata Arca-Swiss en la parte inferior es compatible con DJI RS 2 \/ RSC 2 y la placa de liberaci\u00f3n r\u00e1pida del card\u00e1n DJI RS 2 \/ RSC 2 (almohadilla) para disparar el card\u00e1n del gatillo.<\/li>\n<li style=\"text-align: justify\">La brida HDMI 3000 opcional funciona con Alpha 7 IV\/Alpha 7S III para proteger las interfaces y garantizar una transmisi\u00f3n de se\u00f1al estable durante la grabaci\u00f3n.<\/li>\n<li style=\"text-align: justify\">Los orificios en los lados y la parte inferior de la jaula permiten la fijaci\u00f3n de accesorios como una correa de mano PAC2456 y PSC2428 correa para el hombro.<\/li>\n<li style=\"text-align: justify\">Adem\u00e1s, la jaula viene con un interruptor magn\u00e9tico incorporado que facilita su desmontaje y montaje.<\/li>\n<li style=\"text-align: justify\">Hecho a medida para algunos modelos Sony a7 y a1, este SmallRig Cage proporciona una excelente protecci\u00f3n de la c\u00e1mara y, adem\u00e1s, proporciona una gran cantidad de puntos de montaje para configuraciones de equipos personalizables. El dise\u00f1o del Cage mantiene el acceso a los botones y puertos de la c\u00e1mara gracias a un brazo articulado para el intercambio de bater\u00edas, entre otros detalles personalizados. Dos placas laterales de bloqueo con tornillos M2.5 son intercambiables, seg\u00fan el modelo de c\u00e1mara que est\u00e9 utilizando, para mayor seguridad.  <\/li>\n<li style=\"text-align: justify\">M\u00faltiples roscas de 1\/4&#8243;-20 y roscas antitorsi\u00f3n ARRI de 3\/8&#8243;-16 en toda la jaula proporcionan puntos de montaje para brazos articulados. Dos soportes de zapata fr\u00eda y un riel NATO pueden acomodar transmisores inal\u00e1mbricos, luces de relleno o manijas laterales. La parte inferior de la jaula cuenta con una zapata Arca-Swiss para una f\u00e1cil integraci\u00f3n en un tr\u00edpode o estabilizador. La construcci\u00f3n general de aleaci\u00f3n de aluminio y acero inoxidable del Cage crea un dise\u00f1o liviano y duradero, y las almohadillas de goma en el interior protegen la c\u00e1mara de ara\u00f1azos.   <\/li>\n<\/ul>\n<p><strong>Compatibilidad:<\/strong><\/p>\n<ul>\n<li>Sony a1<\/li>\n<li>Sony a7 IV<\/li>\n<li>Sony a7R IV<\/li>\n<li>Sony a7R V<\/li>\n<li>Sony a7S III<\/li>\n<\/ul>\n<p><strong>Caracter\u00edsticas t\u00e9cnicas:<\/strong><\/p>\n<p><strong>General<\/strong><\/p>\n<div class=\"group_fDXOr6EpR9\" style=\"margin-bottom: 2.1875rem;font-family: OpenSans, 'Segoe UI', Helvetica, Roboto, Arial, sans-serif;font-size: 16px;background-color: #ffffff\">\n<table class=\"table_fDXOr6EpR9\" style=\"width: 936.656px\" data-selenium=\"specsItemGroupTable\">\n<tbody>\n<tr class=\"pair_KqJ3Q3GPKv\" style=\"border-bottom: 0.0625rem solid #e5e5e5\" data-selenium=\"specsItemGroupTableRow\">\n<td class=\"label_KqJ3Q3GPKv firstSpecWhenNoGroupName_KqJ3Q3GPKv\" style=\"border-top: none;padding: 0px 0px 1.25rem;width: 355.922px;color: #666666;font-size: 1.125rem;line-height: 1.375rem;vertical-align: baseline\" data-selenium=\"specsItemGroupTableColumnLabel\">Tipo de medio<\/td>\n<td class=\"value_KqJ3Q3GPKv firstSpecWhenNoGroupName_KqJ3Q3GPKv\" style=\"color: #666666;font-size: 1.125rem;line-height: 1.375rem;vertical-align: baseline;padding: 0px 0px 1.25rem 2.5rem\" data-selenium=\"specsItemGroupTableColumnValue\">\n<div class=\"expandableValue_KqJ3Q3GPKv\">Jaula<\/div>\n<\/td>\n<\/tr>\n<tr class=\"pair_KqJ3Q3GPKv\" style=\"border-bottom: 0.0625rem solid #e5e5e5\" data-selenium=\"specsItemGroupTableRow\">\n<td class=\"label_KqJ3Q3GPKv\" style=\"border-top: none;padding: 1.25rem 0px;width: 355.922px;color: #666666;font-size: 1.125rem;line-height: 1.375rem;vertical-align: baseline\" data-selenium=\"specsItemGroupTableColumnLabel\">Tipo de mango<\/td>\n<td class=\"value_KqJ3Q3GPKv\" style=\"color: #666666;font-size: 1.125rem;line-height: 1.375rem;vertical-align: baseline;padding: 1.25rem 0px 1.25rem 2.5rem\" data-selenium=\"specsItemGroupTableColumnValue\">\n<div class=\"expandableValue_KqJ3Q3GPKv\">No<\/div>\n<\/td>\n<\/tr>\n<tr class=\"pair_KqJ3Q3GPKv\" style=\"border-bottom: 0.0625rem solid #e5e5e5\" data-selenium=\"specsItemGroupTableRow\">\n<td class=\"label_KqJ3Q3GPKv\" style=\"border-top: none;padding: 1.25rem 0px;width: 355.922px;color: #666666;font-size: 1.125rem;line-height: 1.375rem;vertical-align: baseline\" data-selenium=\"specsItemGroupTableColumnLabel\">Compatibilidad de la c\u00e1mara<\/td>\n<td class=\"value_KqJ3Q3GPKv\" style=\"color: #666666;font-size: 1.125rem;line-height: 1.375rem;vertical-align: baseline;padding: 1.25rem 0px 1.25rem 2.5rem\" data-selenium=\"specsItemGroupTableColumnValue\">\n<div class=\"expandableValue_KqJ3Q3GPKv\">Sony a1, Sony a7 IV, Sony a7R IV, Sony a7R V, Sony a7S III<\/div>\n<\/td>\n<\/tr>\n<\/tbody>\n<\/table>\n<\/div>\n<div class=\"group_fDXOr6EpR9\" style=\"margin-bottom: 2.1875rem;font-family: OpenSans, 'Segoe UI', Helvetica, Roboto, Arial, sans-serif;font-size: 16px;background-color: #ffffff\">\n<div class=\"name_fDXOr6EpR9\" style=\"border-bottom: 0.125rem solid #cccccc;color: #3f9a59;font-size: 2rem;line-height: 2rem;padding: 1rem 0px 0.875rem\" data-selenium=\"specsItemGroupName\"><strong>Montura<\/strong><\/div>\n<table class=\"table_fDXOr6EpR9\" style=\"width: 936.656px;height: 183.182px\" data-selenium=\"specsItemGroupTable\">\n<tbody>\n<tr class=\"pair_KqJ3Q3GPKv\" style=\"border-bottom: 0.0625rem solid #e5e5e5;height: 22.8977px\" data-selenium=\"specsItemGroupTableRow\">\n<td class=\"label_KqJ3Q3GPKv \" style=\"border-top: none;padding: 1.25rem 0px;width: 355.922px;color: #666666;font-size: 1.125rem;line-height: 1.375rem;vertical-align: baseline;height: 22.8977px\" data-selenium=\"specsItemGroupTableColumnLabel\">Tipo de placa de bater\u00eda<\/td>\n<td class=\"value_KqJ3Q3GPKv \" style=\"color: #666666;font-size: 1.125rem;line-height: 1.375rem;vertical-align: baseline;padding: 1.25rem 0px 1.25rem 2.5rem;height: 22.8977px\" data-selenium=\"specsItemGroupTableColumnValue\">\n<div class=\"expandableValue_KqJ3Q3GPKv\">No<\/div>\n<\/td>\n<\/tr>\n<tr class=\"pair_KqJ3Q3GPKv\" style=\"border-bottom: 0.0625rem solid #e5e5e5;height: 45.7955px\" data-selenium=\"specsItemGroupTableRow\">\n<td class=\"label_KqJ3Q3GPKv\" style=\"border-top: none;padding: 1.25rem 0px;width: 355.922px;color: #666666;font-size: 1.125rem;line-height: 1.375rem;vertical-align: baseline;height: 45.7955px\" data-selenium=\"specsItemGroupTableColumnLabel\">Accesorios de montaje<\/td>\n<td class=\"value_KqJ3Q3GPKv\" style=\"color: #666666;font-size: 1.125rem;line-height: 1.375rem;vertical-align: baseline;padding: 1.25rem 0px 1.25rem 2.5rem;height: 45.7955px\" data-selenium=\"specsItemGroupTableColumnValue\">\n<div class=\"expandableValue_KqJ3Q3GPKv\"><span style=\"vertical-align: inherit\"><span style=\"vertical-align: inherit\">Rosca hembra m\u00faltiple <span style=\"vertical-align: inherit\">x 1\/4&#8243;-20,<\/span><\/span> <span style=\"vertical-align: inherit\">Rosca hembra m\u00faltiple <span style=\"vertical-align: inherit\">x ARRI Anti-Twist 3\/8&#8243;-16<\/span><\/span><span style=\"vertical-align: inherit\"><\/span><\/span><\/div>\n<\/td>\n<\/tr>\n<tr class=\"pair_KqJ3Q3GPKv\" style=\"border-bottom: 0.0625rem solid #e5e5e5;height: 22.8977px\" data-selenium=\"specsItemGroupTableRow\">\n<td class=\"label_KqJ3Q3GPKv\" style=\"border-top: none;padding: 1.25rem 0px;width: 355.922px;color: #666666;font-size: 1.125rem;line-height: 1.375rem;vertical-align: baseline;height: 22.8977px\" data-selenium=\"specsItemGroupTableColumnLabel\">Soporte de c\u00e1mara<\/td>\n<td class=\"value_KqJ3Q3GPKv\" style=\"color: #666666;font-size: 1.125rem;line-height: 1.375rem;vertical-align: baseline;padding: 1.25rem 0px 1.25rem 2.5rem;height: 22.8977px\" data-selenium=\"specsItemGroupTableColumnValue\">\n<div class=\"expandableValue_KqJ3Q3GPKv\">Perno macho 1\/4&#8243;-20<\/div>\n<\/td>\n<\/tr>\n<tr class=\"pair_KqJ3Q3GPKv\" style=\"border-bottom: 0.0625rem solid #e5e5e5;height: 22.8977px\" data-selenium=\"specsItemGroupTableRow\">\n<td class=\"label_KqJ3Q3GPKv\" style=\"border-top: none;padding: 1.25rem 0px;width: 355.922px;color: #666666;font-size: 1.125rem;line-height: 1.375rem;vertical-align: baseline;height: 22.8977px\" data-selenium=\"specsItemGroupTableColumnLabel\">Tr\u00edpode<\/td>\n<td class=\"value_KqJ3Q3GPKv\" style=\"color: #666666;font-size: 1.125rem;line-height: 1.375rem;vertical-align: baseline;padding: 1.25rem 0px 1.25rem 2.5rem;height: 22.8977px\" data-selenium=\"specsItemGroupTableColumnValue\">\n<div class=\"expandableValue_KqJ3Q3GPKv\">Placa de tipo Arca-Swiss incorporada<\/div>\n<\/td>\n<\/tr>\n<tr class=\"pair_KqJ3Q3GPKv\" style=\"border-bottom: 0.0625rem solid #e5e5e5;height: 22.8977px\" data-selenium=\"specsItemGroupTableRow\">\n<td class=\"label_KqJ3Q3GPKv\" style=\"border-top: none;padding: 1.25rem 0px;width: 355.922px;color: #666666;font-size: 1.125rem;line-height: 1.375rem;vertical-align: baseline;height: 22.8977px\" data-selenium=\"specsItemGroupTableColumnLabel\">Montaje de zapata<\/td>\n<td class=\"value_KqJ3Q3GPKv\" style=\"color: #666666;font-size: 1.125rem;line-height: 1.375rem;vertical-align: baseline;padding: 1.25rem 0px 1.25rem 2.5rem;height: 22.8977px\" data-selenium=\"specsItemGroupTableColumnValue\">\n<div class=\"expandableValue_KqJ3Q3GPKv\">2 x Zapato Arca-Swiss<\/div>\n<\/td>\n<\/tr>\n<tr class=\"pair_KqJ3Q3GPKv\" style=\"border-bottom: 0.0625rem solid #e5e5e5;height: 22.8977px\" data-selenium=\"specsItemGroupTableRow\">\n<td class=\"label_KqJ3Q3GPKv\" style=\"border-top: none;padding: 1.25rem 0px;width: 355.922px;color: #666666;font-size: 1.125rem;line-height: 1.375rem;vertical-align: baseline;height: 22.8977px\" data-selenium=\"specsItemGroupTableColumnLabel\">Rosetones<\/td>\n<td class=\"value_KqJ3Q3GPKv\" style=\"color: #666666;font-size: 1.125rem;line-height: 1.375rem;vertical-align: baseline;padding: 1.25rem 0px 1.25rem 2.5rem;height: 22.8977px\" data-selenium=\"specsItemGroupTableColumnValue\">\n<div class=\"expandableValue_KqJ3Q3GPKv\">No<\/div>\n<\/td>\n<\/tr>\n<tr class=\"pair_KqJ3Q3GPKv\" style=\"border-bottom: 0.0625rem solid #e5e5e5;height: 22.8977px\" data-selenium=\"specsItemGroupTableRow\">\n<td class=\"label_KqJ3Q3GPKv\" style=\"border-top: none;padding: 1.25rem 0px;width: 355.922px;color: #666666;font-size: 1.125rem;line-height: 1.375rem;vertical-align: baseline;height: 22.8977px\" data-selenium=\"specsItemGroupTableColumnLabel\">Montaje en riel<\/td>\n<td class=\"value_KqJ3Q3GPKv\" style=\"color: #666666;font-size: 1.125rem;line-height: 1.375rem;vertical-align: baseline;padding: 1.25rem 0px 1.25rem 2.5rem;height: 22.8977px\" data-selenium=\"specsItemGroupTableColumnValue\">\n<div class=\"expandableValue_KqJ3Q3GPKv\"><span style=\"font-weight: bolder\"><span style=\"vertical-align: inherit\"><span style=\"vertical-align: inherit\">1 x<\/span><\/span><span style=\"vertical-align: inherit\"> Carril de la OTAN<\/span><\/span><\/div>\n<\/td>\n<\/tr>\n<\/tbody>\n<\/table>\n<\/div>\n<div class=\"group_fDXOr6EpR9\" style=\"margin-bottom: 2.1875rem;font-family: OpenSans, 'Segoe UI', Helvetica, Roboto, Arial, sans-serif;font-size: 16px;background-color: #ffffff\">\n<div class=\"name_fDXOr6EpR9\" style=\"border-bottom: 0.125rem solid #cccccc;color: #3f9a59;font-size: 2rem;line-height: 2rem;padding: 1rem 0px 0.875rem\" data-selenium=\"specsItemGroupName\"><strong>General<\/strong><\/div>\n<table class=\"table_fDXOr6EpR9\" style=\"width: 936.656px\" data-selenium=\"specsItemGroupTable\">\n<tbody>\n<tr class=\"pair_KqJ3Q3GPKv\" style=\"border-bottom: 0.0625rem solid #e5e5e5\" data-selenium=\"specsItemGroupTableRow\">\n<td class=\"label_KqJ3Q3GPKv \" style=\"border-top: none;padding: 1.25rem 0px;width: 355.922px;color: #666666;font-size: 1.125rem;line-height: 1.375rem;vertical-align: baseline\" data-selenium=\"specsItemGroupTableColumnLabel\">Materiales<\/td>\n<td class=\"value_KqJ3Q3GPKv \" style=\"color: #666666;font-size: 1.125rem;line-height: 1.375rem;vertical-align: baseline;padding: 1.25rem 0px 1.25rem 2.5rem\" data-selenium=\"specsItemGroupTableColumnValue\">\n<div class=\"expandableValue_KqJ3Q3GPKv\">Aluminio, Caucho, Silicona, Acero<\/div>\n<\/td>\n<\/tr>\n<tr class=\"pair_KqJ3Q3GPKv\" style=\"border-bottom: 0.0625rem solid #e5e5e5\" data-selenium=\"specsItemGroupTableRow\">\n<td class=\"label_KqJ3Q3GPKv\" style=\"border-top: none;padding: 1.25rem 0px;width: 355.922px;color: #666666;font-size: 1.125rem;line-height: 1.375rem;vertical-align: baseline\" data-selenium=\"specsItemGroupTableColumnLabel\">Dimensiones<\/td>\n<td class=\"value_KqJ3Q3GPKv\" style=\"color: #666666;font-size: 1.125rem;line-height: 1.375rem;vertical-align: baseline;padding: 1.25rem 0px 1.25rem 2.5rem\" data-selenium=\"specsItemGroupTableColumnValue\">\n<div class=\"expandableValue_KqJ3Q3GPKv\">146 x 107,6 x 64,5 mm<\/div>\n<\/td>\n<\/tr>\n<tr class=\"pair_KqJ3Q3GPKv\" style=\"border-bottom: 0.0625rem solid #e5e5e5\" data-selenium=\"specsItemGroupTableRow\">\n<td class=\"label_KqJ3Q3GPKv\" style=\"border-top: none;padding: 1.25rem 0px;width: 355.922px;color: #666666;font-size: 1.125rem;line-height: 1.375rem;vertical-align: baseline\" data-selenium=\"specsItemGroupTableColumnLabel\">Peso<\/td>\n<td class=\"value_KqJ3Q3GPKv\" style=\"color: #666666;font-size: 1.125rem;line-height: 1.375rem;vertical-align: baseline;padding: 1.25rem 0px 1.25rem 2.5rem\" data-selenium=\"specsItemGroupTableColumnValue\">\n<div class=\"expandableValue_KqJ3Q3GPKv\">190 gramos<\/div>\n<\/td>\n<\/tr>\n<\/tbody>\n<\/table>\n<\/div>\n","protected":false},"excerpt":{"rendered":"<p>Jaula SMALLRIG 3667B para las series Sony a7 y a1 Funciones: Para c\u00e1maras de las series Sony a7 y a1<\/p>\n","protected":false},"featured_media":67478,"comment_status":"closed","ping_status":"closed","template":"","meta":{"_acf_changed":false},"product_brand":[2550],"product_cat":[1105],"product_tag":[],"class_list":{"0":"post-75348","1":"product","2":"type-product","3":"status-publish","4":"has-post-thumbnail","6":"product_brand-smallrig-es","7":"product_cat-cages-cages-es","9":"first","10":"onbackorder","11":"taxable","12":"shipping-taxable","13":"purchasable","14":"product-type-simple"},"bundled_by":[],"bundle_stock_status":"onbackorder","bundle_stock_quantity":null,"bundle_virtual":false,"bundle_layout":"","bundle_add_to_cart_form_location":"","bundle_editable_in_cart":false,"bundle_sold_individually_context":"","bundle_item_grouping":"","bundle_min_size":"","bundle_max_size":"","bundle_price":[],"bundled_items":[],"bundle_sell_ids":[],"acf":[],"_links":{"self":[{"href":"https:\/\/hi-techwonder.com\/es\/wp-json\/wp\/v2\/product\/75348","targetHints":{"allow":["GET"]}}],"collection":[{"href":"https:\/\/hi-techwonder.com\/es\/wp-json\/wp\/v2\/product"}],"about":[{"href":"https:\/\/hi-techwonder.com\/es\/wp-json\/wp\/v2\/types\/product"}],"replies":[{"embeddable":true,"href":"https:\/\/hi-techwonder.com\/es\/wp-json\/wp\/v2\/comments?post=75348"}],"wp:featuredmedia":[{"embeddable":true,"href":"https:\/\/hi-techwonder.com\/es\/wp-json\/wp\/v2\/media\/67478"}],"wp:attachment":[{"href":"https:\/\/hi-techwonder.com\/es\/wp-json\/wp\/v2\/media?parent=75348"}],"wp:term":[{"taxonomy":"product_brand","embeddable":true,"href":"https:\/\/hi-techwonder.com\/es\/wp-json\/wp\/v2\/product_brand?post=75348"},{"taxonomy":"product_cat","embeddable":true,"href":"https:\/\/hi-techwonder.com\/es\/wp-json\/wp\/v2\/product_cat?post=75348"},{"taxonomy":"product_tag","embeddable":true,"href":"https:\/\/hi-techwonder.com\/es\/wp-json\/wp\/v2\/product_tag?post=75348"}],"curies":[{"name":"wp","href":"https:\/\/api.w.org\/{rel}","templated":true}]}}