{"id":75349,"date":"2025-07-29T10:27:34","date_gmt":"2025-07-29T10:27:34","guid":{"rendered":"https:\/\/fv6qoy3ls0.wpdns.site\/product\/zapata-smallrig-3666-para-sony-a7-iv\/"},"modified":"2026-01-31T01:34:17","modified_gmt":"2026-01-31T01:34:17","slug":"smallrig-zapata-smallrig-3666-para-sony-a7-iv","status":"publish","type":"product","link":"https:\/\/hi-techwonder.com\/es\/producto\/smallrig-zapata-smallrig-3666-para-sony-a7-iv\/","title":{"rendered":"Zapata SMALLRIG 3666 para Sony a7 IV"},"content":{"rendered":"<p><strong>Zapata SmallRig 3666 para Sony Alpha 7 IV<\/strong><\/p>\n<p>La zapata SmallRig para Sony Alpha 7 IV tiene como objetivo mejorar la experiencia del tr\u00edpode y la c\u00e1mara en mano mientras protege la parte inferior de la c\u00e1mara. En la parte inferior de la c\u00e1mara hay un tornillo de 1\/4&#8243;-20 y un pasador de localizaci\u00f3n, con caracter\u00edsticas de almohadilla de silicona integradas para evitar ara\u00f1azos y torceduras. Una llave de husillo en la tapa de la bater\u00eda que se ajusta a la curva de la c\u00e1mara para un manejo c\u00f3modo. Incorpora cuero genuino seleccionado en la placa base y se integra en el cuerpo de la c\u00e1mara. Los orificios roscados de 1\/4&#8243;-20 y las zapatas geniales en la parte inferior soportan mini tr\u00edpodes y micr\u00f3fonos. El zapato es compatible con Ark. Una pr\u00e1ctica llave magn\u00e9tica incorporada facilita el desmontaje y el montaje.   <\/p>\n<p><strong>Caracter\u00edsticas<\/strong><\/p>\n<ul>\n<li>Mejora la experiencia de agarre y evita ara\u00f1azos.<\/li>\n<li>La llave de husillo en la puerta de la bater\u00eda se ajusta a la curva de la c\u00e1mara&nbsp;<\/li>\n<li>El cuero genuino seleccionado incrustado en la placa base se integra en el cuerpo de la c\u00e1mara.<\/li>\n<li>Placa de liberaci\u00f3n r\u00e1pida Arca en la parte inferior para cambiar r\u00e1pidamente entre tr\u00edpode, estabilizador y disparo manual.<\/li>\n<li>Llave magn\u00e9tica incorporada para facilitar el desmontaje y montaje.<\/li>\n<li>Dimensiones: 132 x 65 x 12,5 mm<\/li>\n<li>Peso: 90g<\/li>\n<li>Material: aleaci\u00f3n de aluminio, acero inoxidable, silicona, cuero genuino<\/li>\n<\/ul>\n<p><strong>En la caja<\/strong><\/p>\n<ul>\n<li>1 x Placa base<\/li>\n<\/ul>\n","protected":false},"excerpt":{"rendered":"<p>Zapata SmallRig 3666 para Sony Alpha 7 IV La zapata SmallRig para Sony Alpha 7 IV tiene como objetivo mejorar<\/p>\n","protected":false},"featured_media":63628,"comment_status":"closed","ping_status":"open","template":"","meta":{"_acf_changed":false},"product_brand":[2550],"product_cat":[1087],"product_tag":[],"class_list":{"0":"post-75349","1":"product","2":"type-product","3":"status-publish","4":"has-post-thumbnail","6":"product_brand-smallrig-es","7":"product_cat-zapatas-y-tornillos","9":"first","10":"onbackorder","11":"taxable","12":"shipping-taxable","13":"purchasable","14":"product-type-simple"},"bundled_by":[],"bundle_stock_status":"onbackorder","bundle_stock_quantity":0,"bundle_virtual":false,"bundle_layout":"","bundle_add_to_cart_form_location":"","bundle_editable_in_cart":false,"bundle_sold_individually_context":"","bundle_item_grouping":"","bundle_min_size":"","bundle_max_size":"","bundle_price":[],"bundled_items":[],"bundle_sell_ids":[],"acf":[],"_links":{"self":[{"href":"https:\/\/hi-techwonder.com\/es\/wp-json\/wp\/v2\/product\/75349","targetHints":{"allow":["GET"]}}],"collection":[{"href":"https:\/\/hi-techwonder.com\/es\/wp-json\/wp\/v2\/product"}],"about":[{"href":"https:\/\/hi-techwonder.com\/es\/wp-json\/wp\/v2\/types\/product"}],"replies":[{"embeddable":true,"href":"https:\/\/hi-techwonder.com\/es\/wp-json\/wp\/v2\/comments?post=75349"}],"wp:featuredmedia":[{"embeddable":true,"href":"https:\/\/hi-techwonder.com\/es\/wp-json\/wp\/v2\/media\/63628"}],"wp:attachment":[{"href":"https:\/\/hi-techwonder.com\/es\/wp-json\/wp\/v2\/media?parent=75349"}],"wp:term":[{"taxonomy":"product_brand","embeddable":true,"href":"https:\/\/hi-techwonder.com\/es\/wp-json\/wp\/v2\/product_brand?post=75349"},{"taxonomy":"product_cat","embeddable":true,"href":"https:\/\/hi-techwonder.com\/es\/wp-json\/wp\/v2\/product_cat?post=75349"},{"taxonomy":"product_tag","embeddable":true,"href":"https:\/\/hi-techwonder.com\/es\/wp-json\/wp\/v2\/product_tag?post=75349"}],"curies":[{"name":"wp","href":"https:\/\/api.w.org\/{rel}","templated":true}]}}