{"id":75351,"date":"2025-07-29T10:47:43","date_gmt":"2025-07-29T10:47:43","guid":{"rendered":"https:\/\/fv6qoy3ls0.wpdns.site\/product\/soporte-en-l-smallrig-3660-para-sony-a7-iv-a7s-iii-a1\/"},"modified":"2026-04-20T13:22:40","modified_gmt":"2026-04-20T12:22:40","slug":"smallrig-soporte-en-l-smallrig-3660-para-sony-a7-iv-a7s-iii-a1","status":"publish","type":"product","link":"https:\/\/hi-techwonder.com\/es\/producto\/smallrig-soporte-en-l-smallrig-3660-para-sony-a7-iv-a7s-iii-a1\/","title":{"rendered":"Soporte en L SMALLRIG 3660 para Sony a7 IV \/ a7S III \/ a1"},"content":{"rendered":"<p>Soporte en L SmallRig 3660 para Sony Alpha 7 IV \/ Alpha 7S III \/ Alpha 1<\/p>\n<p>El soporte en L 3660 de SmallRig para Sony Alpha 7 IV \/ Alpha 7S III \/ Alpha 1 permite cambiar r\u00e1pidamente entre tomas horizontales y verticales al tiempo que mejora la experiencia de agarre. En la parte inferior de la c\u00e1mara hay un tornillo de 1\/4&#8243;-20 y un pasador de localizaci\u00f3n, con caracter\u00edsticas de almohadilla de silicona integradas para evitar ara\u00f1azos y torceduras. Una llave de husillo en la puerta de la bater\u00eda que se ajusta a la curva de la c\u00e1mara para un manejo c\u00f3modo. El cuero genuino seleccionado incorporado en la placa base se integra en el cuerpo de la c\u00e1mara; la placa base y las placas laterales compatibles con Ark vienen con la marca central de la lente. La placa lateral es extensible para permitir que los cables HDMI se conecten y ajusten hacia adelante y hacia atr\u00e1s para una f\u00e1cil apertura de 180 grados y una rotaci\u00f3n de 120 grados de la pantalla LCD Alpha 7 IV \/ Alpha 7S III. La placa base tiene una ranura para mango en el lado derecho y un destornillador incorporado y una llave hexagonal para una f\u00e1cil instalaci\u00f3n y extracci\u00f3n.  <\/p>\n<p><strong>Caracter\u00edsticas<\/strong><\/p>\n<ul>\n<li>Placa lateral y placa base compatibles con Arca&nbsp;<\/li>\n<li>Llave de husillo en la bater\u00eda<\/li>\n<li>El cuero genuino seleccionado incrustado en la placa base se integra en el cuerpo de la c\u00e1mara<\/li>\n<li>La placa lateral extensible deja espacio para los cables<\/li>\n<li>Llave magn\u00e9tica incorporada para facilitar el montaje y desmontaje<\/li>\n<li>Dimensiones: 142,2 x 88,8 x 65,1 mm<\/li>\n<li>Peso: 152g<\/li>\n<li>Material: aleaci\u00f3n de aluminio, acero inoxidable, silicona, cuero genuino<\/li>\n<\/ul>\n<p><strong>En la caja<\/strong><\/p>\n<ul>\n<li>1 x Soporte en L<\/li>\n<\/ul>\n","protected":false},"excerpt":{"rendered":"<p>Soporte en L SmallRig 3660 para Sony Alpha 7 IV \/ Alpha 7S III \/ Alpha 1 El soporte en<\/p>\n","protected":false},"featured_media":67630,"comment_status":"closed","ping_status":"open","template":"","meta":{"_acf_changed":false},"product_brand":[2550],"product_cat":[1107],"product_tag":[],"class_list":{"0":"post-75351","1":"product","2":"type-product","3":"status-publish","4":"has-post-thumbnail","6":"product_brand-smallrig-es","7":"product_cat-l-brackets-es","9":"first","10":"instock","11":"taxable","12":"shipping-taxable","13":"purchasable","14":"product-type-simple"},"bundled_by":[],"bundle_stock_status":"instock","bundle_stock_quantity":1,"bundle_virtual":false,"bundle_layout":"","bundle_add_to_cart_form_location":"","bundle_editable_in_cart":false,"bundle_sold_individually_context":"","bundle_item_grouping":"","bundle_min_size":"","bundle_max_size":"","bundle_price":[],"bundled_items":[],"bundle_sell_ids":[],"acf":[],"_links":{"self":[{"href":"https:\/\/hi-techwonder.com\/es\/wp-json\/wp\/v2\/product\/75351","targetHints":{"allow":["GET"]}}],"collection":[{"href":"https:\/\/hi-techwonder.com\/es\/wp-json\/wp\/v2\/product"}],"about":[{"href":"https:\/\/hi-techwonder.com\/es\/wp-json\/wp\/v2\/types\/product"}],"replies":[{"embeddable":true,"href":"https:\/\/hi-techwonder.com\/es\/wp-json\/wp\/v2\/comments?post=75351"}],"wp:featuredmedia":[{"embeddable":true,"href":"https:\/\/hi-techwonder.com\/es\/wp-json\/wp\/v2\/media\/67630"}],"wp:attachment":[{"href":"https:\/\/hi-techwonder.com\/es\/wp-json\/wp\/v2\/media?parent=75351"}],"wp:term":[{"taxonomy":"product_brand","embeddable":true,"href":"https:\/\/hi-techwonder.com\/es\/wp-json\/wp\/v2\/product_brand?post=75351"},{"taxonomy":"product_cat","embeddable":true,"href":"https:\/\/hi-techwonder.com\/es\/wp-json\/wp\/v2\/product_cat?post=75351"},{"taxonomy":"product_tag","embeddable":true,"href":"https:\/\/hi-techwonder.com\/es\/wp-json\/wp\/v2\/product_tag?post=75351"}],"curies":[{"name":"wp","href":"https:\/\/api.w.org\/{rel}","templated":true}]}}