{"id":75352,"date":"2025-07-28T23:30:46","date_gmt":"2025-07-28T23:30:46","guid":{"rendered":"https:\/\/fv6qoy3ls0.wpdns.site\/product\/smallrig-3579-vb50-bateria-mini-montura-en-v\/"},"modified":"2025-10-23T17:00:00","modified_gmt":"2025-10-23T17:00:00","slug":"smallrig-3579-vb50-bateria-mini-montura-en-v","status":"publish","type":"product","link":"https:\/\/hi-techwonder.com\/es\/producto\/smallrig-3579-vb50-bateria-mini-montura-en-v\/","title":{"rendered":"SMALLRIG 3579 VB50 bater\u00eda mini montura en v"},"content":{"rendered":"<p><strong>SMALLRIG 3579 VB50 bater\u00eda mini montura en v<\/strong><\/p>\n<p>La bater\u00eda SmallRig VB50 mini V Mount 3579 es aproximadamente el 70% del tama\u00f1o de una bater\u00eda V-mount normal, debido a su dise\u00f1o altamente integrado que ocupa menos espacio, lo que la hace m\u00e1s liviana y port\u00e1til.<\/p>\n<p>El chip BMS altamente integrado (chip de protocolo de carga r\u00e1pida + MCU + control de aumento de voltaje) admite una amplia gama de protocolos de carga r\u00e1pida convencionales (PD \/ QC \/ SCP \/ PPS \/ APPLE-2.4A, etc.), carga r\u00e1pida bidireccional USB-C PD de 45 W (m\u00e1x.), as\u00ed como aumento de voltaje adaptativo \/ regulaci\u00f3n de corriente adaptativa, etc. Adem\u00e1s, su sistema BMS inteligente personalizado garantiza una carga m\u00e1s r\u00e1pida y segura al proporcionar varias protecciones contra sobrecorriente\/cortocircuito\/sobretemperatura\/sobretensi\u00f3n, etc. Tambi\u00e9n se incluyen interfaces como USB-A\/USB-C\/D-tap\/DC 8V\/DC 12V\/V Mount para una carga eficiente\/alimentaci\u00f3n de la c\u00e1mara\/videoc\u00e1mara\/monitor\/transmisor de video inal\u00e1mbrico\/luz de video\/tel\u00e9fono m\u00f3vil\/computadora port\u00e1til, etc., \u00a1sin usar una placa de montura V para convertir! El chip BMS tiene un algoritmo ADC\/medidor de potencia de 16 bits, junto con un MCU y una pantalla digital OLED para realizar un seguimiento del estado de la bater\u00eda en todo momento. Bater\u00eda incorporada premium de alto rendimiento (sin capacidad inflada), recargable y estable, cumple con MSDS \/ UN38.3 \/ IEC62133 \/ UL2054 \/ UL62368 y otros est\u00e1ndares reconocidos internacionalmente, lo que le permite capturar cada momento sin sobrecargarse.<\/p>\n<p>1. Compacto y liviano para transportar: Dise\u00f1ado para aliviar la carga de la industria cinematogr\u00e1fica, la serie VB es aproximadamente un 30% m\u00e1s peque\u00f1a que las bater\u00edas tradicionales de montaje en V.<\/p>\n<p>2. Chip BMS inteligente para un uso eficiente y seguro: \u00a1Un chip BMS incorporado altamente integrado ocupa menos espacio y admite m\u00faltiples protocolos de carga r\u00e1pida y carga r\u00e1pida bidireccional USB-C PD de 45 W (m\u00e1x.)!<\/p>\n<p>3. M\u00faltiples interfaces para una alta compatibilidad: compatible con c\u00e1mara \/ videoc\u00e1mara \/ monitor \/ transmisor de video inal\u00e1mbrico \/ luz de video, etc.<\/p>\n<p>4. Pr\u00e1ctica pantalla OLED para un control preciso: \u00a1Realiza un seguimiento del estado de funcionamiento de la bater\u00eda en todo momento!<\/p>\n<p>5. Bater\u00eda de litio premium con calidad y seguridad garantizadas: bater\u00eda de litio premium de alta capacidad incorporada, una doble garant\u00eda de calidad y rendimiento.<\/p>\n<p>Observaci\u00f3n:<\/p>\n<p>Mant\u00e9ngalo limpio, seco y alejado de sustancias corrosivas para reducir el riesgo de cortocircuitos.<\/p>\n<p>Verifique la duraci\u00f3n de la bater\u00eda con regularidad en caso de que la necesite en cualquier momento y en cualquier lugar.<\/p>\n<p>Si la bater\u00eda no se usa durante mucho tiempo, c\u00e1rguela a aproximadamente el 70% cada tres meses y col\u00f3quela en un ambiente seco y ventilado para una vida \u00fatil m\u00e1s larga.<\/p>\n<p>Temperatura de trabajo:<\/p>\n<p>-10\u00ba &#8211; 45\u00ba (14\u00ba &#8211; 113\u00ba),<\/p>\n<p>Temperatura de almacenamiento:<\/p>\n<p>Un mes: -20 &#8211; 60 (-4 &#8211; 140)<\/p>\n<p>Tres meses: -20\u00ba~45\u00ba (-4\u00ba &#8211; 113\u00ba)<\/p>\n<p>Un a\u00f1o: -20\u00ba~20\u00ba (-4\u00ba &#8211; 68\u00ba)<\/p>\n<p>Temperatura \/ humedad de almacenamiento de referencia:<\/p>\n<p>Temperatura: 20\u00ba\u00b15?<\/p>\n<p>Humedad: 60\u00b115%<\/p>\n<p>Otra informaci\u00f3n:<\/p>\n<p>Es normal que la bater\u00eda se caliente ligeramente durante la carga o el uso.<\/p>\n<p>Cuando utilice el conector D-TAP, distinga los terminales positivo y negativo y no invierta la bater\u00eda.<\/p>\n<p>Es normal que durante mucho tiempo de almacenamiento la bater\u00eda pierda un poco de energ\u00eda porque tiene autoconsumo.<\/p>\n<p>No exceda su salida nominal cuando encienda otros dispositivos.<\/p>\n<p>Mant\u00e9ngalo alejado del agua o el fuego durante su uso.<\/p>\n<p>Por favor, evite caerse o aplastarse.<\/p>\n<p>Los ni\u00f1os solo pueden usarlo bajo la supervisi\u00f3n de un adulto.<\/p>\n","protected":false},"excerpt":{"rendered":"<p>SMALLRIG 3579 VB50 bater\u00eda mini montura en v La bater\u00eda SmallRig VB50 mini V Mount 3579 es aproximadamente el 70%<\/p>\n","protected":false},"featured_media":23166,"comment_status":"closed","ping_status":"open","template":"","meta":{"_acf_changed":false},"product_brand":[2550],"product_cat":[865],"product_tag":[],"class_list":{"0":"post-75352","1":"product","2":"type-product","3":"status-publish","4":"has-post-thumbnail","6":"product_brand-smallrig-es","7":"product_cat-v-mount-es","9":"first","10":"onbackorder","11":"taxable","12":"shipping-taxable","13":"purchasable","14":"product-type-simple"},"bundled_by":[],"bundle_stock_status":"onbackorder","bundle_stock_quantity":null,"bundle_virtual":false,"bundle_layout":"","bundle_add_to_cart_form_location":"","bundle_editable_in_cart":false,"bundle_sold_individually_context":"","bundle_item_grouping":"","bundle_min_size":"","bundle_max_size":"","bundle_price":[],"bundled_items":[],"bundle_sell_ids":[],"acf":[],"_links":{"self":[{"href":"https:\/\/hi-techwonder.com\/es\/wp-json\/wp\/v2\/product\/75352","targetHints":{"allow":["GET"]}}],"collection":[{"href":"https:\/\/hi-techwonder.com\/es\/wp-json\/wp\/v2\/product"}],"about":[{"href":"https:\/\/hi-techwonder.com\/es\/wp-json\/wp\/v2\/types\/product"}],"replies":[{"embeddable":true,"href":"https:\/\/hi-techwonder.com\/es\/wp-json\/wp\/v2\/comments?post=75352"}],"wp:featuredmedia":[{"embeddable":true,"href":"https:\/\/hi-techwonder.com\/es\/wp-json\/wp\/v2\/media\/23166"}],"wp:attachment":[{"href":"https:\/\/hi-techwonder.com\/es\/wp-json\/wp\/v2\/media?parent=75352"}],"wp:term":[{"taxonomy":"product_brand","embeddable":true,"href":"https:\/\/hi-techwonder.com\/es\/wp-json\/wp\/v2\/product_brand?post=75352"},{"taxonomy":"product_cat","embeddable":true,"href":"https:\/\/hi-techwonder.com\/es\/wp-json\/wp\/v2\/product_cat?post=75352"},{"taxonomy":"product_tag","embeddable":true,"href":"https:\/\/hi-techwonder.com\/es\/wp-json\/wp\/v2\/product_tag?post=75352"}],"curies":[{"name":"wp","href":"https:\/\/api.w.org\/{rel}","templated":true}]}}