{"id":75353,"date":"2025-07-29T10:50:29","date_gmt":"2025-07-29T10:50:29","guid":{"rendered":"https:\/\/fv6qoy3ls0.wpdns.site\/product\/smallrig-3575-mini-caja-mate-lite\/"},"modified":"2026-02-05T10:28:10","modified_gmt":"2026-02-05T10:28:10","slug":"smallrig-3575-mini-caja-mate-lite","status":"publish","type":"product","link":"https:\/\/hi-techwonder.com\/es\/producto\/smallrig-3575-mini-caja-mate-lite\/","title":{"rendered":"SMALLRIG 3575 Mini Caja Mate Lite"},"content":{"rendered":"<p><strong>SmallRig 3575 Mini Caja Mate Lite<\/strong><\/p>\n<p>El SmallRig Mini Matte Box Lite 3575 est\u00e1 dise\u00f1ado para DSLR y c\u00e1maras sin espejo para evitar que la luz solar u otra luz cause reflejos y destellos, y para controlar las im\u00e1genes en pantalla. Su conector de abrazadera funciona con anillos adaptadores de varios tama\u00f1os o conectados directamente a lentes de \u03a695 mm; su anillo adaptador permite la instalaci\u00f3n de filtros CPL, ND y otros filtros circulares con un di\u00e1metro de hasta \u03a692,5 mm. Con la bandeja de filtros, puede instalar r\u00e1pidamente filtros enchufables de 4&#215;5,65&#8243; (100&#215;140 mm)\/ 4&#215;4&#8243; (100&#215;100 mm) de 4 mm de grosor. La bandera superior de fibra de carbono ajustable bloquea la luz solar o la luz brillante y tambi\u00e9n evita los reflejos internos con su dise\u00f1o antideslumbrante.   <\/p>\n<p><strong>Funciones<\/strong><\/p>\n<ul>\n<li>Pesa solo 108 g para una experiencia liviana.<\/li>\n<li>Admite m\u00faltiples filtros al mismo tiempo, contiene filtros de complemento y filtros circulares seg\u00fan sea necesario.<\/li>\n<li>Admite varios filtros de 4&#215;5.65&#8243;\/4&#215;4&#8243;.<\/li>\n<li>Compatible con filtros: \u03a652, \u03a655, \u03a658, \u03a662, \u03a667, \u03a672, \u03a677, \u03a682, \u03a686, CPL, ND, GND, VND.<\/li>\n<li>Dimensiones: 176 x 134 x 46,5 mm<\/li>\n<li>Material: AL6061 + PC + fibra de carbono<\/li>\n<\/ul>\n<p><strong>En la caja<\/strong><\/p>\n<ul>\n<li>1 x Mini Caja Mate Lite<\/li>\n<li>1 x \u03a667\/72\/77\/82-95mm Anillo adaptador<\/li>\n<li>1 x Bandeja de filtro (4 x 5,65)<\/li>\n<li>1 x Bolsa de almacenamiento<\/li>\n<\/ul>\n","protected":false},"excerpt":{"rendered":"<p>SmallRig 3575 Mini Caja Mate Lite El SmallRig Mini Matte Box Lite 3575 est\u00e1 dise\u00f1ado para DSLR y c\u00e1maras sin<\/p>\n","protected":false},"featured_media":68284,"comment_status":"closed","ping_status":"open","template":"","meta":{"_acf_changed":false},"product_brand":[2550],"product_cat":[1116],"product_tag":[],"class_list":{"0":"post-75353","1":"product","2":"type-product","3":"status-publish","4":"has-post-thumbnail","6":"product_brand-smallrig-es","7":"product_cat-matte-boxes-es","9":"first","10":"onbackorder","11":"taxable","12":"shipping-taxable","13":"purchasable","14":"product-type-simple"},"bundled_by":[],"bundle_stock_status":"onbackorder","bundle_stock_quantity":null,"bundle_virtual":false,"bundle_layout":"","bundle_add_to_cart_form_location":"","bundle_editable_in_cart":false,"bundle_sold_individually_context":"","bundle_item_grouping":"","bundle_min_size":"","bundle_max_size":"","bundle_price":[],"bundled_items":[],"bundle_sell_ids":[],"acf":[],"_links":{"self":[{"href":"https:\/\/hi-techwonder.com\/es\/wp-json\/wp\/v2\/product\/75353","targetHints":{"allow":["GET"]}}],"collection":[{"href":"https:\/\/hi-techwonder.com\/es\/wp-json\/wp\/v2\/product"}],"about":[{"href":"https:\/\/hi-techwonder.com\/es\/wp-json\/wp\/v2\/types\/product"}],"replies":[{"embeddable":true,"href":"https:\/\/hi-techwonder.com\/es\/wp-json\/wp\/v2\/comments?post=75353"}],"wp:featuredmedia":[{"embeddable":true,"href":"https:\/\/hi-techwonder.com\/es\/wp-json\/wp\/v2\/media\/68284"}],"wp:attachment":[{"href":"https:\/\/hi-techwonder.com\/es\/wp-json\/wp\/v2\/media?parent=75353"}],"wp:term":[{"taxonomy":"product_brand","embeddable":true,"href":"https:\/\/hi-techwonder.com\/es\/wp-json\/wp\/v2\/product_brand?post=75353"},{"taxonomy":"product_cat","embeddable":true,"href":"https:\/\/hi-techwonder.com\/es\/wp-json\/wp\/v2\/product_cat?post=75353"},{"taxonomy":"product_tag","embeddable":true,"href":"https:\/\/hi-techwonder.com\/es\/wp-json\/wp\/v2\/product_tag?post=75353"}],"curies":[{"name":"wp","href":"https:\/\/api.w.org\/{rel}","templated":true}]}}