{"id":75355,"date":"2025-07-29T10:28:13","date_gmt":"2025-07-29T10:28:13","guid":{"rendered":"https:\/\/fv6qoy3ls0.wpdns.site\/product\/smallrig-3566-sc-2k-doble-ventosa-para-camara-y-camara-de-accion\/"},"modified":"2026-04-13T18:37:04","modified_gmt":"2026-04-13T17:37:04","slug":"smallrig-3566-sc-2k-doble-ventosa-para-camara-y-camara-de-accion","status":"publish","type":"product","link":"https:\/\/hi-techwonder.com\/es\/producto\/smallrig-3566-sc-2k-doble-ventosa-para-camara-y-camara-de-accion\/","title":{"rendered":"SMALLRIG 3566 SC-2K Doble ventosa para c\u00e1mara y c\u00e1mara de acci\u00f3n"},"content":{"rendered":"<p><strong>SMALLRIG 3566 Soporte de c\u00e1mara con ventosa doble SC-2K<\/strong><\/p>\n<p>El dise\u00f1o modular, que incluye dos ventosas, un brazo m\u00e1gico universal y un soporte para c\u00e1mara de acci\u00f3n, es compatible con la mayor\u00eda de las c\u00e1maras livianas (por ejemplo, Sony ZV-1, serie Canon G7X, etc.), c\u00e1maras de acci\u00f3n y tel\u00e9fonos m\u00f3viles del mercado. El soporte de c\u00e1mara de doble ventosa est\u00e1 dise\u00f1ado para un desmontaje r\u00e1pido con solo presionar un bot\u00f3n; Adem\u00e1s, el dise\u00f1o patentado \u00fanico de la ventosa de doble capa permite un disparo de soporte seguro, duradero y estable; Hay un espacio ajustable de 20\u00b0 donde las ventosas se unen entre s\u00ed, lo que permite unirlas a superficies curvas. El brazo m\u00e1gico universal se conecta a las ventosas dobles a trav\u00e9s de un riel NATO en un extremo y se monta r\u00e1pidamente en otros accesorios de riel NATO y el tornillo de 1\/4&#8243;-20 en el otro extremo conecta c\u00e1maras, tel\u00e9fonos m\u00f3viles, c\u00e1maras de acci\u00f3n y otros. El accesorio de la c\u00e1mara de acci\u00f3n incluye un soporte universal para GoPro y un tornillo de bloqueo que soporta el brazo m\u00e1gico para c\u00e1maras de acci\u00f3n. Adem\u00e1s, se incluye una cubierta antipolvo con una ventosa especial para evitar el polvo, alargando as\u00ed su vida \u00fatil.    <\/p>\n<p>Observaci\u00f3n:<\/p>\n<ul>\n<li>Adecuado para superficies secas, lisas y limpias;<\/li>\n<li>No lo monte sobre superficies revestidas, m\u00e1rmol, azulejos viejos, papel tapiz poroso, paredes de barro, paredes de madera sin pintar, vidrio esmerilado u otras superficies rugosas y transpirables.<\/li>\n<li>Se recomienda controlar la velocidad por debajo de 80 km\/h dentro y fuera de la carretera y comprobar el estado de aspiraci\u00f3n antes de su uso<\/li>\n<li>Se recomienda ponerse un cord\u00f3n y revisar el equipo cada 2 horas.<\/li>\n<li>Temperatura adecuada: -40\u00ba ~ 140\u00ba<\/li>\n<\/ul>\n<p>Compatibilidad y capacidad de carga:<\/p>\n<p>Capacidad de carga de 0,5 kg\/1,1 lb para velocidades de hasta 80 km\/h (50 mph), capacidad de carga de 3 kg\/6,6 lb cuando no se mueve, perfecto para c\u00e1maras ligeras (= 2 kg\/4,4 lb), c\u00e1maras de acci\u00f3n, tel\u00e9fonos m\u00f3viles<\/p>\n<p>En la caja:<\/p>\n<p>1 x Ventosas dobles<\/p>\n<p>1 x Brazo m\u00e1gico<\/p>\n<p>1 x Soporte para c\u00e1mara de acci\u00f3n<\/p>\n<p>2 x Tapa antipolvo con ventosa<\/p>\n<p>Caracter\u00edsticas t\u00e9cnicas:<\/p>\n<p>Dimensiones del producto: 185 x 218,8 x 85 mm<\/p>\n<p>Dimensiones del paquete: 217 x 119 x 66 mm<\/p>\n<p>Peso del producto: 288 g \u00b1 5 g<\/p>\n<p>Peso del paquete: 392 g \u00b1 5 g<\/p>\n<p>Material(es): Aleaci\u00f3n de aluminio, acero inoxidable, PC + fibra de vidrio<\/p>\n","protected":false},"excerpt":{"rendered":"<p>SMALLRIG 3566 Soporte de c\u00e1mara con ventosa doble SC-2K El dise\u00f1o modular, que incluye dos ventosas, un brazo m\u00e1gico universal<\/p>\n","protected":false},"featured_media":63776,"comment_status":"closed","ping_status":"open","template":"","meta":{"_acf_changed":false},"product_brand":[2550],"product_cat":[1084],"product_tag":[],"class_list":{"0":"post-75355","1":"product","2":"type-product","3":"status-publish","4":"has-post-thumbnail","6":"product_brand-smallrig-es","7":"product_cat-ventosas-es","9":"first","10":"onbackorder","11":"taxable","12":"shipping-taxable","13":"purchasable","14":"product-type-simple"},"bundled_by":[],"bundle_stock_status":"onbackorder","bundle_stock_quantity":null,"bundle_virtual":false,"bundle_layout":"","bundle_add_to_cart_form_location":"","bundle_editable_in_cart":false,"bundle_sold_individually_context":"","bundle_item_grouping":"","bundle_min_size":"","bundle_max_size":"","bundle_price":[],"bundled_items":[],"bundle_sell_ids":[],"acf":[],"_links":{"self":[{"href":"https:\/\/hi-techwonder.com\/es\/wp-json\/wp\/v2\/product\/75355","targetHints":{"allow":["GET"]}}],"collection":[{"href":"https:\/\/hi-techwonder.com\/es\/wp-json\/wp\/v2\/product"}],"about":[{"href":"https:\/\/hi-techwonder.com\/es\/wp-json\/wp\/v2\/types\/product"}],"replies":[{"embeddable":true,"href":"https:\/\/hi-techwonder.com\/es\/wp-json\/wp\/v2\/comments?post=75355"}],"wp:featuredmedia":[{"embeddable":true,"href":"https:\/\/hi-techwonder.com\/es\/wp-json\/wp\/v2\/media\/63776"}],"wp:attachment":[{"href":"https:\/\/hi-techwonder.com\/es\/wp-json\/wp\/v2\/media?parent=75355"}],"wp:term":[{"taxonomy":"product_brand","embeddable":true,"href":"https:\/\/hi-techwonder.com\/es\/wp-json\/wp\/v2\/product_brand?post=75355"},{"taxonomy":"product_cat","embeddable":true,"href":"https:\/\/hi-techwonder.com\/es\/wp-json\/wp\/v2\/product_cat?post=75355"},{"taxonomy":"product_tag","embeddable":true,"href":"https:\/\/hi-techwonder.com\/es\/wp-json\/wp\/v2\/product_tag?post=75355"}],"curies":[{"name":"wp","href":"https:\/\/api.w.org\/{rel}","templated":true}]}}