{"id":75357,"date":"2025-07-29T10:10:26","date_gmt":"2025-07-29T10:10:26","guid":{"rendered":"https:\/\/fv6qoy3ls0.wpdns.site\/product\/iluminador-led-smallrig-3612-rc120d-luz-diurna\/"},"modified":"2026-01-31T01:47:56","modified_gmt":"2026-01-31T01:47:56","slug":"smallrig-iluminador-led-smallrig-3612-rc120d-luz-diurna","status":"publish","type":"product","link":"https:\/\/hi-techwonder.com\/es\/producto\/smallrig-iluminador-led-smallrig-3612-rc120d-luz-diurna\/","title":{"rendered":"Iluminador LED SMALLRIG 3612 RC120D (luz diurna)"},"content":{"rendered":"<p><strong>Iluminador LED SMALLRIG 3612 RC120D (luz diurna)<\/strong><\/p>\n<p><strong>Funciones<\/strong><\/p>\n<ul>\n<li>Alta calificaci\u00f3n CRI<\/li>\n<li>9 efectos de luz, CCT de 5600K<\/li>\n<li>Alcanza los 62.600 Lux a 1 metro (con el hiperrreflector)<\/li>\n<li>Atenuaci\u00f3n continua, refrigeraci\u00f3n silenciosa del ventilador<\/li>\n<li>Ventilador de refrigeraci\u00f3n incorporado<\/li>\n<li>Porta accesorios Bowens<\/li>\n<li>Control local y de aplicaciones<\/li>\n<li>Puerto de entrada de alimentaci\u00f3n XLR<\/li>\n<\/ul>\n<p><strong>Contenido del paquete:<\/strong><\/p>\n<ul>\n<li>Iluminador LED SmallRig 3612 RC120D (luz del d\u00eda)<\/li>\n<li>Hiperrreflector<\/li>\n<li>Adaptador de CA<\/li>\n<li>Cable de alimentaci\u00f3n<\/li>\n<li>Bolsa de transporte\/almacenamiento lateral suave<\/li>\n<\/ul>\n<p>Port\u00e1til, con una salida de color extremadamente brillante, esta luz de video balanceada con luz diurna SmallRig RC120D es adecuada tanto para trabajos de imagen como de video. Los cineastas y fot\u00f3grafos de todos los niveles de experiencia seguramente apreciar\u00e1n su calidad de construcci\u00f3n y flexibilidad. Tiene una temperatura de color de 5600K equilibrada con luz diurna para tomas en exteriores e interiores con medios de filtro de correcci\u00f3n de color disponibles. El resaltador es lo suficientemente potente como para ser utilizado como luz clave para producciones narrativas o para entrevistas. El uso del hiperreflector incluido crea un haz con un centro intenso y una ca\u00edda suave hasta el borde del haz. Puede ajustar continuamente el brillo del equipo, para que pueda obtener exactamente el nivel de brillo adecuado para lo que desea.     <\/p>\n<p>Alimente el aparato con la fuente de alimentaci\u00f3n de CA\/CC incluida o una bater\u00eda de 14,4 V\/26 V con un cable de alimentaci\u00f3n D-Tap a XLR opcional de 3 pines. El ventilador de enfriamiento incorporado se enciende autom\u00e1ticamente para evitar que la luz se sobrecaliente y, a 27db, el ventilador es bastante silencioso. Con nueve modos para efectos de iluminaci\u00f3n creativos, el equipo se puede utilizar para una variedad de efectos dram\u00e1ticos. Para agregar cajas de luz y otras herramientas de difusi\u00f3n \/ modelado de luz, el iluminador es compatible con los accesorios de control de luz Bowens. Una pantalla de visualizaci\u00f3n integrada le permite ver la configuraci\u00f3n de la luz de un vistazo, mientras que para los ajustes puede controlar la luz localmente o a trav\u00e9s de la aplicaci\u00f3n SmallGoGo, que proporciona control inal\u00e1mbrico sobre su dispositivo hasta 100 m de distancia.    <\/p>\n<p><iframe loading=\"lazy\" src=\"https:\/\/www.youtube.com\/embed\/q_TYBmHoybw\" width=\"560\" height=\"314\" allowfullscreen=\"allowfullscreen\"><\/iframe><\/p>\n<p><strong>Salida<\/strong><\/p>\n<p>La luz presenta una temperatura de color de 5600K y tiene una salida de 5370 lux a 1 m. El uso del hiperreflector incluido iluminar\u00e1 la salida del equipo a 62,600 lux. <\/p>\n<p><strong>9 Efectos de luz<\/strong><\/p>\n<p>Paparazzi, Fuegos artificiales, Rel\u00e1mpagos, L\u00e1mpara defectuosa, TV, Aliento, Flash, Fiesta, Llama<\/p>\n<p><strong>Control<\/strong><\/p>\n<p>Control local y aplicaci\u00f3n SmallGoGo, que puede controlar simult\u00e1neamente m\u00faltiples luces SmallRig y lograr una cobertura de se\u00f1al extendida y una distancia de control gracias al m\u00f3dulo de red Bluetooth Mesh incorporado.<\/p>\n<p><strong>Enfriamiento<\/strong><\/p>\n<p>El sistema de disipaci\u00f3n de calor se enciende cuando la temperatura del cuerpo de la l\u00e1mpara supera los 140 \u00b0 F y es silencioso a solo 25dB (\u00b12dB) a 1 m<\/p>\n<p><strong>Soporte Bowens est\u00e1ndar<\/strong><\/p>\n<p>El accesorio tiene un soporte Bowens, por lo que es totalmente compatible con una variedad de accesorios.<\/p>\n<p><strong>Poder<\/strong><\/p>\n<p>El dispositivo tiene un conector de entrada de alimentaci\u00f3n XLR, por lo que puede alimentarlo desde una bater\u00eda de 14,4 V a trav\u00e9s de un cable D-Tap a XLR de 3 pines opcional desde una bater\u00eda profesional (14,4 o 26 voltios) con una capacidad superior a 150 Wh, o desde la fuente de alimentaci\u00f3n de amplio rango de 12 a 30 V CC incluida.<\/p>\n<p><strong>Caracter\u00edsticas adicionales<\/strong><\/p>\n<ul>\n<li>Accesorios de iluminaci\u00f3n para paraguas f\u00e1ciles de montar y desmontar con orificios para paraguas incorporados<\/li>\n<li>Ajuste de inclinaci\u00f3n de 270\u00b0 sin barreras<\/li>\n<li>Una pantalla integrada en el dispositivo muestra el brillo, la energ\u00eda restante, la fuente de alimentaci\u00f3n de CA conectada, la frecuencia inal\u00e1mbrica y el modo FX<\/li>\n<li>Compacto y port\u00e1til, viene con una bolsa de almacenamiento de lona duradera que cuenta con un inserto moldeado con precisi\u00f3n para sostener la luz, una tapa est\u00e1ndar y un cable de alimentaci\u00f3n para un f\u00e1cil almacenamiento y protecci\u00f3n durante el transporte<\/li>\n<\/ul>\n<p><strong>Caracter\u00edsticas t\u00e9cnicas:<\/strong><\/p>\n<div class=\"group_3sxa25I0gg\" style=\"margin-bottom: 2.1875rem;font-family: OpenSans, 'Segoe UI', Helvetica, Roboto, Arial, sans-serif;font-size: 16px;background-color: #ffffff\">\n<div class=\"name_3sxa25I0gg firstGroupInItem_3sxa25I0gg\" style=\"border-bottom: 0.125rem solid #cdcdcd;color: #769e2d;font-size: 2rem;line-height: 2rem;padding: 0px 0px 0.875rem\" data-selenium=\"specsItemGroupName\"><strong>Iluminaci\u00f3n<\/strong><\/div>\n<table class=\"table_3sxa25I0gg\" style=\"width: 981.75px\" data-selenium=\"specsItemGroupTable\">\n<tbody>\n<tr class=\"pair_3sxa25I0gg\" style=\"border-bottom: 0.0625rem solid #e7e7e7\" data-selenium=\"specsItemGroupTableRow\">\n<td class=\"label_3sxa25I0gg \" style=\"border-top: none;padding: 1.25rem 0px;width: 373.062px;color: #666666;font-size: 1.125rem;line-height: 1.375rem;vertical-align: baseline\" data-selenium=\"specsItemGroupTableColumnLabel\">Fotometr\u00eda<\/td>\n<td class=\"value_3sxa25I0gg \" style=\"color: #666666;font-size: 1.125rem;line-height: 1.375rem;vertical-align: baseline;padding: 1.25rem 0px 1.25rem 2.5rem\" data-selenium=\"specsItemGroupTableColumnValue\">5370 Lux a 1 m<\/td>\n<\/tr>\n<tr class=\"pair_3sxa25I0gg\" style=\"border-bottom: 0.0625rem solid #e7e7e7\" data-selenium=\"specsItemGroupTableRow\">\n<td class=\"label_3sxa25I0gg\" style=\"border-top: none;padding: 1.25rem 0px;width: 373.062px;color: #666666;font-size: 1.125rem;line-height: 1.375rem;vertical-align: baseline\" data-selenium=\"specsItemGroupTableColumnLabel\">Temperatura de<\/td>\n<p> color<\/p>\n<td class=\"value_3sxa25I0gg\" style=\"color: #666666;font-size: 1.125rem;line-height: 1.375rem;vertical-align: baseline;padding: 1.25rem 0px 1.25rem 2.5rem\" data-selenium=\"specsItemGroupTableColumnValue\">5600K<\/td>\n<\/tr>\n<tr class=\"pair_3sxa25I0gg\" style=\"border-bottom: 0.0625rem solid #e7e7e7\" data-selenium=\"specsItemGroupTableRow\">\n<td class=\"label_3sxa25I0gg\" style=\"border-top: none;padding: 1.25rem 0px;width: 373.062px;color: #666666;font-size: 1.125rem;line-height: 1.375rem;vertical-align: baseline\" data-selenium=\"specsItemGroupTableColumnLabel\">Est\u00e1ndar de precisi\u00f3n de color<\/td>\n<td class=\"value_3sxa25I0gg\" style=\"color: #666666;font-size: 1.125rem;line-height: 1.375rem;vertical-align: baseline;padding: 1.25rem 0px 1.25rem 2.5rem\" data-selenium=\"specsItemGroupTableColumnValue\">CRI 95<br \/>TLCI 96<\/td>\n<\/tr>\n<tr class=\"pair_3sxa25I0gg\" style=\"border-bottom: 0.0625rem solid #e7e7e7\" data-selenium=\"specsItemGroupTableRow\">\n<td class=\"label_3sxa25I0gg\" style=\"border-top: none;padding: 1.25rem 0px;width: 373.062px;color: #666666;font-size: 1.125rem;line-height: 1.375rem;vertical-align: baseline\" data-selenium=\"specsItemGroupTableColumnLabel\">Atenuaci\u00f3n<\/td>\n<td class=\"value_3sxa25I0gg\" style=\"color: #666666;font-size: 1.125rem;line-height: 1.375rem;vertical-align: baseline;padding: 1.25rem 0px 1.25rem 2.5rem\" data-selenium=\"specsItemGroupTableColumnValue\">S\u00ed, continuo<\/td>\n<\/tr>\n<tr class=\"pair_3sxa25I0gg\" style=\"border-bottom: 0.0625rem solid #e7e7e7\" data-selenium=\"specsItemGroupTableRow\">\n<td class=\"label_3sxa25I0gg\" style=\"border-top: none;padding: 1.25rem 0px;width: 373.062px;color: #666666;font-size: 1.125rem;line-height: 1.375rem;vertical-align: baseline\" data-selenium=\"specsItemGroupTableColumnLabel\">Dimensiones del iluminador<\/td>\n<td class=\"value_3sxa25I0gg\" style=\"color: #666666;font-size: 1.125rem;line-height: 1.375rem;vertical-align: baseline;padding: 1.25rem 0px 1.25rem 2.5rem\" data-selenium=\"specsItemGroupTableColumnValue\">240,0 x 237,6 x 122,0 mm<\/td>\n<\/tr>\n<tr class=\"pair_3sxa25I0gg\" style=\"border-bottom: 0.0625rem solid #e7e7e7\" data-selenium=\"specsItemGroupTableRow\">\n<td class=\"label_3sxa25I0gg\" style=\"border-top: none;padding: 1.25rem 0px;width: 373.062px;color: #666666;font-size: 1.125rem;line-height: 1.375rem;vertical-align: baseline\" data-selenium=\"specsItemGroupTableColumnLabel\">Peso del resaltador<\/td>\n<td class=\"value_3sxa25I0gg\" style=\"color: #666666;font-size: 1.125rem;line-height: 1.375rem;vertical-align: baseline;padding: 1.25rem 0px 1.25rem 2.5rem\" data-selenium=\"specsItemGroupTableColumnValue\">2,4 kg<\/td>\n<\/tr>\n<\/tbody>\n<\/table>\n<\/div>\n<div class=\"group_3sxa25I0gg\" style=\"margin-bottom: 2.1875rem;font-family: OpenSans, 'Segoe UI', Helvetica, Roboto, Arial, sans-serif;font-size: 16px;background-color: #ffffff\">\n<div class=\"name_3sxa25I0gg\" style=\"border-bottom: 0.125rem solid #cdcdcd;color: #769e2d;font-size: 2rem;line-height: 2rem;padding: 1rem 0px 0.875rem\" data-selenium=\"specsItemGroupName\"><strong>Conectores<\/strong><\/div>\n<table class=\"table_3sxa25I0gg\" style=\"width: 981.75px\" data-selenium=\"specsItemGroupTable\">\n<tbody>\n<tr class=\"pair_3sxa25I0gg\" style=\"border-bottom: 0.0625rem solid #e7e7e7\" data-selenium=\"specsItemGroupTableRow\">\n<td class=\"label_3sxa25I0gg \" style=\"border-top: none;padding: 1.25rem 0px;width: 373.062px;color: #666666;font-size: 1.125rem;line-height: 1.375rem;vertical-align: baseline\" data-selenium=\"specsItemGroupTableColumnLabel\">Conexi\u00f3n de entrada de energ\u00eda<\/td>\n<td class=\"value_3sxa25I0gg \" style=\"color: #666666;font-size: 1.125rem;line-height: 1.375rem;vertical-align: baseline;padding: 1.25rem 0px 1.25rem 2.5rem\" data-selenium=\"specsItemGroupTableColumnValue\">XLR de 3 pines<\/td>\n<\/tr>\n<\/tbody>\n<\/table>\n<\/div>\n<div class=\"group_3sxa25I0gg\" style=\"margin-bottom: 2.1875rem;font-family: OpenSans, 'Segoe UI', Helvetica, Roboto, Arial, sans-serif;font-size: 16px;background-color: #ffffff\">\n<div class=\"name_3sxa25I0gg\" style=\"border-bottom: 0.125rem solid #cdcdcd;color: #769e2d;font-size: 2rem;line-height: 2rem;padding: 1rem 0px 0.875rem\" data-selenium=\"specsItemGroupName\"><strong>Montaje del reflector<\/strong><\/div>\n<table class=\"table_3sxa25I0gg\" style=\"width: 981.75px\" data-selenium=\"specsItemGroupTable\">\n<tbody>\n<tr class=\"pair_3sxa25I0gg\" style=\"border-bottom: 0.0625rem solid #e7e7e7\" data-selenium=\"specsItemGroupTableRow\">\n<td class=\"label_3sxa25I0gg \" style=\"border-top: none;padding: 1.25rem 0px;width: 373.062px;color: #666666;font-size: 1.125rem;line-height: 1.375rem;vertical-align: baseline\" data-selenium=\"specsItemGroupTableColumnLabel\">Montaje del reflector<\/td>\n<td class=\"value_3sxa25I0gg \" style=\"color: #666666;font-size: 1.125rem;line-height: 1.375rem;vertical-align: baseline;padding: 1.25rem 0px 1.25rem 2.5rem\" data-selenium=\"specsItemGroupTableColumnValue\">Bowens Tipo S<\/td>\n<\/tr>\n<\/tbody>\n<\/table>\n<\/div>\n<div class=\"group_3sxa25I0gg\" style=\"margin-bottom: 2.1875rem;font-family: OpenSans, 'Segoe UI', Helvetica, Roboto, Arial, sans-serif;font-size: 16px;background-color: #ffffff\">\n<div class=\"name_3sxa25I0gg\" style=\"border-bottom: 0.125rem solid #cdcdcd;color: #769e2d;font-size: 2rem;line-height: 2rem;padding: 1rem 0px 0.875rem\" data-selenium=\"specsItemGroupName\"><strong>Montura<\/strong><\/div>\n<table class=\"table_3sxa25I0gg\" style=\"width: 981.75px\" data-selenium=\"specsItemGroupTable\">\n<tbody>\n<tr class=\"pair_3sxa25I0gg\" style=\"border-bottom: 0.0625rem solid #e7e7e7\" data-selenium=\"specsItemGroupTableRow\">\n<td class=\"label_3sxa25I0gg \" style=\"border-top: none;padding: 1.25rem 0px;width: 373.062px;color: #666666;font-size: 1.125rem;line-height: 1.375rem;vertical-align: baseline\" data-selenium=\"specsItemGroupTableColumnLabel\">Ensamblaje de yugo<\/td>\n<td class=\"value_3sxa25I0gg \" style=\"color: #666666;font-size: 1.125rem;line-height: 1.375rem;vertical-align: baseline;padding: 1.25rem 0px 1.25rem 2.5rem\" data-selenium=\"specsItemGroupTableColumnValue\">TVMP\/Perno hexagonal<\/td>\n<\/tr>\n<\/tbody>\n<\/table>\n<\/div>\n<div class=\"group_3sxa25I0gg\" style=\"margin-bottom: 2.1875rem;font-family: OpenSans, 'Segoe UI', Helvetica, Roboto, Arial, sans-serif;font-size: 16px;background-color: #ffffff\">\n<div class=\"name_3sxa25I0gg\" style=\"border-bottom: 0.125rem solid #cdcdcd;color: #769e2d;font-size: 2rem;line-height: 2rem;padding: 1rem 0px 0.875rem\" data-selenium=\"specsItemGroupName\"><strong>Yugo<\/strong><\/div>\n<table class=\"table_3sxa25I0gg\" style=\"width: 981.75px\" data-selenium=\"specsItemGroupTable\">\n<tbody>\n<tr class=\"pair_3sxa25I0gg\" style=\"border-bottom: 0.0625rem solid #e7e7e7\" data-selenium=\"specsItemGroupTableRow\">\n<td class=\"label_3sxa25I0gg \" style=\"border-top: none;padding: 1.25rem 0px;width: 373.062px;color: #666666;font-size: 1.125rem;line-height: 1.375rem;vertical-align: baseline\" data-selenium=\"specsItemGroupTableColumnLabel\">Tipo de yugo<\/td>\n<td class=\"value_3sxa25I0gg \" style=\"color: #666666;font-size: 1.125rem;line-height: 1.375rem;vertical-align: baseline;padding: 1.25rem 0px 1.25rem 2.5rem\" data-selenium=\"specsItemGroupTableColumnValue\">Yugo\/Soporte<\/td>\n<\/tr>\n<tr class=\"pair_3sxa25I0gg\" style=\"border-bottom: 0.0625rem solid #e7e7e7\" data-selenium=\"specsItemGroupTableRow\">\n<td class=\"label_3sxa25I0gg\" style=\"border-top: none;padding: 1.25rem 0px;width: 373.062px;color: #666666;font-size: 1.125rem;line-height: 1.375rem;vertical-align: baseline\" data-selenium=\"specsItemGroupTableColumnLabel\">Ladear<\/td>\n<td class=\"value_3sxa25I0gg\" style=\"color: #666666;font-size: 1.125rem;line-height: 1.375rem;vertical-align: baseline;padding: 1.25rem 0px 1.25rem 2.5rem\" data-selenium=\"specsItemGroupTableColumnValue\">270\u00b0<\/td>\n<\/tr>\n<\/tbody>\n<\/table>\n<\/div>\n<div class=\"group_3sxa25I0gg\" style=\"margin-bottom: 2.1875rem;font-family: OpenSans, 'Segoe UI', Helvetica, Roboto, Arial, sans-serif;font-size: 16px;background-color: #ffffff\">\n<div class=\"name_3sxa25I0gg\" style=\"border-bottom: 0.125rem solid #cdcdcd;color: #769e2d;font-size: 2rem;line-height: 2rem;padding: 1rem 0px 0.875rem\" data-selenium=\"specsItemGroupName\"><strong>Operaci\u00f3n remota<\/strong><\/div>\n<table class=\"table_3sxa25I0gg\" style=\"width: 981.75px\" data-selenium=\"specsItemGroupTable\">\n<tbody>\n<tr class=\"pair_3sxa25I0gg\" style=\"border-bottom: 0.0625rem solid #e7e7e7\" data-selenium=\"specsItemGroupTableRow\">\n<td class=\"label_3sxa25I0gg \" style=\"border-top: none;padding: 1.25rem 0px;width: 373.062px;color: #666666;font-size: 1.125rem;line-height: 1.375rem;vertical-align: baseline\" data-selenium=\"specsItemGroupTableColumnLabel\">Tipo<\/td>\n<p> de control remoto <\/p>\n<td class=\"value_3sxa25I0gg \" style=\"color: #666666;font-size: 1.125rem;line-height: 1.375rem;vertical-align: baseline;padding: 1.25rem 0px 1.25rem 2.5rem\" data-selenium=\"specsItemGroupTableColumnValue\">Conexi\u00f3n Wi-Fi<\/td>\n<\/tr>\n<tr class=\"pair_3sxa25I0gg\" style=\"border-bottom: 0.0625rem solid #e7e7e7\" data-selenium=\"specsItemGroupTableRow\">\n<td class=\"label_3sxa25I0gg\" style=\"border-top: none;padding: 1.25rem 0px;width: 373.062px;color: #666666;font-size: 1.125rem;line-height: 1.375rem;vertical-align: baseline\" data-selenium=\"specsItemGroupTableColumnLabel\">Alcance inal\u00e1mbrico<\/td>\n<td class=\"value_3sxa25I0gg\" style=\"color: #666666;font-size: 1.125rem;line-height: 1.375rem;vertical-align: baseline;padding: 1.25rem 0px 1.25rem 2.5rem\" data-selenium=\"specsItemGroupTableColumnValue\">100 m<\/td>\n<\/tr>\n<\/tbody>\n<\/table>\n<\/div>\n<div class=\"group_3sxa25I0gg\" style=\"margin-bottom: 2.1875rem;font-family: OpenSans, 'Segoe UI', Helvetica, Roboto, Arial, sans-serif;font-size: 16px;background-color: #ffffff\">\n<div class=\"name_3sxa25I0gg\" style=\"border-bottom: 0.125rem solid #cdcdcd;color: #769e2d;font-size: 2rem;line-height: 2rem;padding: 1rem 0px 0.875rem\" data-selenium=\"specsItemGroupName\"><strong>Energ\u00eda<\/strong><\/div>\n<table class=\"table_3sxa25I0gg\" style=\"width: 981.75px\" data-selenium=\"specsItemGroupTable\">\n<tbody>\n<tr class=\"pair_3sxa25I0gg\" style=\"border-bottom: 0.0625rem solid #e7e7e7\" data-selenium=\"specsItemGroupTableRow\">\n<p> Alimentaci\u00f3n de entrada <\/p>\n<td class=\"label_3sxa25I0gg \" style=\"border-top: none;padding: 1.25rem 0px;width: 373.062px;color: #666666;font-size: 1.125rem;line-height: 1.375rem;vertical-align: baseline\" data-selenium=\"specsItemGroupTableColumnLabel\">de CA<\/td>\n<td class=\"value_3sxa25I0gg \" style=\"color: #666666;font-size: 1.125rem;line-height: 1.375rem;vertical-align: baseline;padding: 1.25rem 0px 1.25rem 2.5rem\" data-selenium=\"specsItemGroupTableColumnValue\">De 100 a 240 VCA, 50 \/ 60 Hz<\/td>\n<\/tr>\n<tr class=\"pair_3sxa25I0gg\" style=\"border-bottom: 0.0625rem solid #e7e7e7\" data-selenium=\"specsItemGroupTableRow\">\nPotencia de entrada <\/p>\n<td class=\"label_3sxa25I0gg\" style=\"border-top: none;padding: 1.25rem 0px;width: 373.062px;color: #666666;font-size: 1.125rem;line-height: 1.375rem;vertical-align: baseline\" data-selenium=\"specsItemGroupTableColumnLabel\">de CC<\/td>\n<td class=\"value_3sxa25I0gg\" style=\"color: #666666;font-size: 1.125rem;line-height: 1.375rem;vertical-align: baseline;padding: 1.25rem 0px 1.25rem 2.5rem\" data-selenium=\"specsItemGroupTableColumnValue\">De 12 a 30 VCC<\/td>\n<\/tr>\n<tr class=\"pair_3sxa25I0gg\" style=\"border-bottom: 0.0625rem solid #e7e7e7\" data-selenium=\"specsItemGroupTableRow\">\nFuente <\/p>\n<td class=\"label_3sxa25I0gg\" style=\"border-top: none;padding: 1.25rem 0px;width: 373.062px;color: #666666;font-size: 1.125rem;line-height: 1.375rem;vertical-align: baseline\" data-selenium=\"specsItemGroupTableColumnLabel\">de alimentaci\u00f3n<\/td>\n<td class=\"value_3sxa25I0gg\" style=\"color: #666666;font-size: 1.125rem;line-height: 1.375rem;vertical-align: baseline;padding: 1.25rem 0px 1.25rem 2.5rem\" data-selenium=\"specsItemGroupTableColumnValue\">Adaptador de CA, bater\u00eda externa<\/td>\n<\/tr>\n<tr class=\"pair_3sxa25I0gg\" style=\"border-bottom: 0.0625rem solid #e7e7e7\" data-selenium=\"specsItemGroupTableRow\">\n<td class=\"label_3sxa25I0gg\" style=\"border-top: none;padding: 1.25rem 0px;width: 373.062px;color: #666666;font-size: 1.125rem;line-height: 1.375rem;vertical-align: baseline\" data-selenium=\"specsItemGroupTableColumnLabel\">Consumo m\u00e1ximo de energ\u00eda<\/td>\n<td class=\"value_3sxa25I0gg\" style=\"color: #666666;font-size: 1.125rem;line-height: 1.375rem;vertical-align: baseline;padding: 1.25rem 0px 1.25rem 2.5rem\" data-selenium=\"specsItemGroupTableColumnValue\">150 W<\/td>\n<\/tr>\n<\/tbody>\n<\/table>\n<\/div>\n<div class=\"group_3sxa25I0gg\" style=\"margin-bottom: 2.1875rem;font-family: OpenSans, 'Segoe UI', Helvetica, Roboto, Arial, sans-serif;font-size: 16px;background-color: #ffffff\">\n<div class=\"name_3sxa25I0gg\" style=\"border-bottom: 0.125rem solid #cdcdcd;color: #769e2d;font-size: 2rem;line-height: 2rem;padding: 1rem 0px 0.875rem\" data-selenium=\"specsItemGroupName\"><strong>Fuente de alimentaci\u00f3n<\/strong><\/div>\n<table class=\"table_3sxa25I0gg\" style=\"width: 981.75px\" data-selenium=\"specsItemGroupTable\">\n<tbody>\n<tr class=\"pair_3sxa25I0gg\" style=\"border-bottom: 0.0625rem solid #e7e7e7\" data-selenium=\"specsItemGroupTableRow\">\n<td class=\"label_3sxa25I0gg \" style=\"border-top: none;padding: 1.25rem 0px;width: 373.062px;color: #666666;font-size: 1.125rem;line-height: 1.375rem;vertical-align: baseline\" data-selenium=\"specsItemGroupTableColumnLabel\">Conector de alimentaci\u00f3n de la fuente de alimentaci\u00f3n<\/td>\n<td class=\"value_3sxa25I0gg \" style=\"color: #666666;font-size: 1.125rem;line-height: 1.375rem;vertical-align: baseline;padding: 1.25rem 0px 1.25rem 2.5rem\" data-selenium=\"specsItemGroupTableColumnValue\">Entrada IEC \/ Salida XLR de 3 pines<\/td>\n<\/tr>\n<tr class=\"pair_3sxa25I0gg\" style=\"border-bottom: 0.0625rem solid #e7e7e7\" data-selenium=\"specsItemGroupTableRow\">\n<td class=\"label_3sxa25I0gg\" style=\"border-top: none;padding: 1.25rem 0px;width: 373.062px;color: #666666;font-size: 1.125rem;line-height: 1.375rem;vertical-align: baseline\" data-selenium=\"specsItemGroupTableColumnLabel\">Tipo de cable<\/td>\n<td class=\"value_3sxa25I0gg\" style=\"color: #666666;font-size: 1.125rem;line-height: 1.375rem;vertical-align: baseline;padding: 1.25rem 0px 1.25rem 2.5rem\" data-selenium=\"specsItemGroupTableColumnValue\">XLR de 3 pines para no especificado<\/td>\n<\/tr>\n<\/tbody>\n<\/table>\n<p><img decoding=\"async\" src=\"https:\/\/cdn11.bigcommerce.com\/s-1zvaiaywbz\/product_images\/uploaded_images\/3471.jpg\" alt=\"\" width=\"100%\" height=\"100%\"><\/p>\n<\/div>\n","protected":false},"excerpt":{"rendered":"<p>Iluminador LED SMALLRIG 3612 RC120D (luz diurna) Funciones Alta calificaci\u00f3n CRI 9 efectos de luz, CCT de 5600K Alcanza los<\/p>\n","protected":false},"featured_media":59440,"comment_status":"closed","ping_status":"open","template":"","meta":{"_acf_changed":false},"product_brand":[2550],"product_cat":[997],"product_tag":[],"class_list":{"0":"post-75357","1":"product","2":"type-product","3":"status-publish","4":"has-post-thumbnail","6":"product_brand-smallrig-es","7":"product_cat-focos","9":"first","10":"onbackorder","11":"taxable","12":"shipping-taxable","13":"purchasable","14":"product-type-simple"},"bundled_by":[],"bundle_stock_status":"onbackorder","bundle_stock_quantity":0,"bundle_virtual":false,"bundle_layout":"","bundle_add_to_cart_form_location":"","bundle_editable_in_cart":false,"bundle_sold_individually_context":"","bundle_item_grouping":"","bundle_min_size":"","bundle_max_size":"","bundle_price":[],"bundled_items":[],"bundle_sell_ids":[],"acf":[],"_links":{"self":[{"href":"https:\/\/hi-techwonder.com\/es\/wp-json\/wp\/v2\/product\/75357","targetHints":{"allow":["GET"]}}],"collection":[{"href":"https:\/\/hi-techwonder.com\/es\/wp-json\/wp\/v2\/product"}],"about":[{"href":"https:\/\/hi-techwonder.com\/es\/wp-json\/wp\/v2\/types\/product"}],"replies":[{"embeddable":true,"href":"https:\/\/hi-techwonder.com\/es\/wp-json\/wp\/v2\/comments?post=75357"}],"wp:featuredmedia":[{"embeddable":true,"href":"https:\/\/hi-techwonder.com\/es\/wp-json\/wp\/v2\/media\/59440"}],"wp:attachment":[{"href":"https:\/\/hi-techwonder.com\/es\/wp-json\/wp\/v2\/media?parent=75357"}],"wp:term":[{"taxonomy":"product_brand","embeddable":true,"href":"https:\/\/hi-techwonder.com\/es\/wp-json\/wp\/v2\/product_brand?post=75357"},{"taxonomy":"product_cat","embeddable":true,"href":"https:\/\/hi-techwonder.com\/es\/wp-json\/wp\/v2\/product_cat?post=75357"},{"taxonomy":"product_tag","embeddable":true,"href":"https:\/\/hi-techwonder.com\/es\/wp-json\/wp\/v2\/product_tag?post=75357"}],"curies":[{"name":"wp","href":"https:\/\/api.w.org\/{rel}","templated":true}]}}