{"id":75359,"date":"2025-07-29T10:46:35","date_gmt":"2025-07-29T10:46:35","guid":{"rendered":"https:\/\/fv6qoy3ls0.wpdns.site\/product\/jaula-smallrig-4159-para-canon-eos-r6-mark-ii\/"},"modified":"2026-01-31T01:27:29","modified_gmt":"2026-01-31T01:27:29","slug":"smallrig-jaula-smallrig-4159-para-canon-eos-r6-mark-ii","status":"publish","type":"product","link":"https:\/\/hi-techwonder.com\/es\/producto\/smallrig-jaula-smallrig-4159-para-canon-eos-r6-mark-ii\/","title":{"rendered":"Jaula SMALLRIG 4159 para Canon EOS R6 Mark II"},"content":{"rendered":"<p><strong>Jaula 4159 para Canon EOS R6 Mark II<\/strong><\/p>\n<p>El armaz\u00f3n SmallRig 4159 para Canon EOS R6 Mark II est\u00e1 dise\u00f1ado para proporcionar protecci\u00f3n y accesorios seguros. El frenado de la c\u00e1mara seg\u00fan lo previsto es a trav\u00e9s de un perno de 1\/4&#8243;-20 en la parte inferior y un adaptador de bloqueo lateral en ambos lados, con almohadillas de goma que evitan ara\u00f1azos. El armaz\u00f3n conserva el acceso al bot\u00f3n de la c\u00e1mara, el soporte de la tarjeta, la pantalla y la tapa de la bater\u00eda y viene con m\u00faltiples soportes para accesorios, incluyendo un orificio roscado de 1\/4&#8243;-20, un orificio roscado de 3\/8&#8243;-16 y un orificio de montaje ARRI de 3\/8&#8243;-16 para soportar el mango lateral 2093 y 3814, el mango superior 3765, el soporte para monitor 2903 y 2904,  Placa inferior Manfrotto 1280 y 2458, soporte para bancos de energ\u00eda port\u00e1tiles 2336 y placa de bater\u00eda de montaje Mini V 2987. Los orificios de montaje de 1\/4&#8243;-20 en ambos lados se ajustan a Single Rod Clamp 3598 y Magic Arm 3873.  <\/p>\n<p>La jaula tambi\u00e9n cuenta con un soporte de zapata fr\u00eda para conectar un micr\u00f3fono, luz de video LED, etc., orificios para asas para correa de mano 3848 y 2456 y un conector QD compatible con el sistema de desconexi\u00f3n r\u00e1pida para la correa para el hombro.<\/p>\n<p>Otro punto a destacar es la placa de liberaci\u00f3n r\u00e1pida Arca-Swiss, que admite tr\u00edpodes tipo Arca o estabilizadores DJI RS 2 \/ RSC 2 \/ RS 3 \/ RS 3 Pro para cambiar r\u00e1pidamente entre los modos estabilizador, de mano y tr\u00edpode. Adem\u00e1s, hay una llave de doble cabezal para facilitar el desmontaje y el montaje. <\/p>\n<p><strong>Funciones:<\/strong><\/p>\n<p>Jaula completa de una sola pieza que protege la c\u00e1mara;<\/p>\n<p>Bloquea la c\u00e1mara mediante un tornillo de 1\/4&#8243;-20 y dos adaptadores de bloqueo lateral;<\/p>\n<p>Puntos de montaje de accesorios: Orificio roscado de 1\/4&#8243;-20, orificio roscado de 3\/8&#8243;-16, orificio de localizaci\u00f3n ARRI de 3\/8&#8243;-16, montaje de zapata fr\u00eda, 4. Carril NATO, enchufe QD, orificio para correa de mano\/hombro, etc; <\/p>\n<p>Rieles NATO integrados para una conexi\u00f3n r\u00e1pida de accesorios NATO;<\/p>\n<p>Dos orificios roscados de 1\/4&#8243;-20 en el lado derecho proporcionan un disparo vertical estable;<\/p>\n<p>La placa de liberaci\u00f3n r\u00e1pida Arca-Swiss admite tr\u00edpodes tipo Arca o estabilizadores DJI RS 2 \/ RSC 2 \/ RS 3 \/ RS 3 Pro;<\/p>\n<p>Dimensiones: 152,5 x 64 x 116,5 mm&nbsp;<\/p>\n<p>Peso: 172g<\/p>\n<p>Material: aleaci\u00f3n de aluminio<\/p>\n<p><strong>Contenido del paquete:<\/strong><\/p>\n<p>1 x jaula<\/p>\n<p>2 x Adaptadores de bloqueo lateral<\/p>\n","protected":false},"excerpt":{"rendered":"<p>Jaula 4159 para Canon EOS R6 Mark II El armaz\u00f3n SmallRig 4159 para Canon EOS R6 Mark II est\u00e1 dise\u00f1ado<\/p>\n","protected":false},"featured_media":67310,"comment_status":"closed","ping_status":"open","template":"","meta":{"_acf_changed":false},"product_brand":[2550],"product_cat":[1105],"product_tag":[],"class_list":{"0":"post-75359","1":"product","2":"type-product","3":"status-publish","4":"has-post-thumbnail","6":"product_brand-smallrig-es","7":"product_cat-cages-cages-es","9":"first","10":"pre-order","11":"taxable","12":"shipping-taxable","13":"purchasable","14":"product-type-simple"},"bundled_by":[],"bundle_stock_status":"pre-order","bundle_stock_quantity":null,"bundle_virtual":false,"bundle_layout":"","bundle_add_to_cart_form_location":"","bundle_editable_in_cart":false,"bundle_sold_individually_context":"","bundle_item_grouping":"","bundle_min_size":"","bundle_max_size":"","bundle_price":[],"bundled_items":[],"bundle_sell_ids":[],"acf":[],"_links":{"self":[{"href":"https:\/\/hi-techwonder.com\/es\/wp-json\/wp\/v2\/product\/75359","targetHints":{"allow":["GET"]}}],"collection":[{"href":"https:\/\/hi-techwonder.com\/es\/wp-json\/wp\/v2\/product"}],"about":[{"href":"https:\/\/hi-techwonder.com\/es\/wp-json\/wp\/v2\/types\/product"}],"replies":[{"embeddable":true,"href":"https:\/\/hi-techwonder.com\/es\/wp-json\/wp\/v2\/comments?post=75359"}],"wp:featuredmedia":[{"embeddable":true,"href":"https:\/\/hi-techwonder.com\/es\/wp-json\/wp\/v2\/media\/67310"}],"wp:attachment":[{"href":"https:\/\/hi-techwonder.com\/es\/wp-json\/wp\/v2\/media?parent=75359"}],"wp:term":[{"taxonomy":"product_brand","embeddable":true,"href":"https:\/\/hi-techwonder.com\/es\/wp-json\/wp\/v2\/product_brand?post=75359"},{"taxonomy":"product_cat","embeddable":true,"href":"https:\/\/hi-techwonder.com\/es\/wp-json\/wp\/v2\/product_cat?post=75359"},{"taxonomy":"product_tag","embeddable":true,"href":"https:\/\/hi-techwonder.com\/es\/wp-json\/wp\/v2\/product_tag?post=75359"}],"curies":[{"name":"wp","href":"https:\/\/api.w.org\/{rel}","templated":true}]}}