{"id":75361,"date":"2025-07-29T10:49:06","date_gmt":"2025-07-29T10:49:06","guid":{"rendered":"https:\/\/fv6qoy3ls0.wpdns.site\/product\/kit-de-jaula-smallrig-4143-para-lumix-s5-ii-s5-iix\/"},"modified":"2026-01-31T01:25:18","modified_gmt":"2026-01-31T01:25:18","slug":"smallrig-kit-de-jaula-smallrig-4143-para-lumix-s5-ii-s5-iix","status":"publish","type":"product","link":"https:\/\/hi-techwonder.com\/es\/producto\/smallrig-kit-de-jaula-smallrig-4143-para-lumix-s5-ii-s5-iix\/","title":{"rendered":"Kit de jaula SMALLRIG 4143 para LUMIX S5 II \/ S5 IIX"},"content":{"rendered":"<p><strong>Kit de jaula SMALLRIG 4143 para <\/strong><strong>LUMIX S5 II \/ S5 IIX<\/strong><\/p>\n<p><strong>Funciones:<\/strong><\/p>\n<ul>\n<li>Kit port\u00e1til dedicado para Panasonic LUMIX S5 II \/ S5 IIX.<\/li>\n<li>&#8211; Pu\u00f1o superior de la abrazadera NATO de liberaci\u00f3n r\u00e1pida.<\/li>\n<li>La brida atornillable asegura los cables HDMI y USB-C al mismo tiempo.<\/li>\n<li>M\u00faltiples puntos de montaje admiten monitor, micr\u00f3fono, luz de video LED, etc.<\/li>\n<li>Placa de liberaci\u00f3n r\u00e1pida Arca-Swiss para tr\u00edpodes Arca-Swiss y cardanes DJI RS 2 \/ RSC 2 \/ RS 3 \/ RS 3 Pro.<\/li>\n<\/ul>\n<p><strong>Contenido del paquete:<\/strong><\/p>\n<ul>\n<li>1 x Jaula LUMIX S5 II \/ S5 IIX<\/li>\n<li>1 x Asa superior<\/li>\n<li>1 x Brida HDMI y USB-C<\/li>\n<\/ul>\n<p>Incluye una jaula, una brida HDMI y USB-C y una empu\u00f1adura superior, que, la empu\u00f1adura superior, dise\u00f1ada ergon\u00f3micamente para mejorar el agarre, se conecta a la jaula a trav\u00e9s de la abrazadera NATO y la brida para cables atornillada puede fijar cables HDMI y USB-C al mismo tiempo. Entre los puntos de montaje de accesorios, los orificios roscados de 1\/4&#8243;-20 soportan el mango lateral 3322, soporte para bancos de energ\u00eda port\u00e1tiles BUB2336; soportes de zapata fr\u00eda para micr\u00f3fono, luz de video LED, monitor, etc.; y ARRI 3\/8&#8243;-16 Ajuste Montaje en monitor 2903B Agujeros de ubicaci\u00f3n. Tambi\u00e9n viene con riel NATO a la izquierda para Mango lateral 3847 y orificios para manijas en ambos lados, compatible con la empu\u00f1adura. Adem\u00e1s, se incluye una llave magn\u00e9tica para facilitar el desmontaje y el montaje.   <\/p>\n<p><strong>Observaci\u00f3n:<\/strong><\/p>\n<ul>\n<li>Retire los adaptadores de bloqueo lateral antes de instalar esta jaula.<\/li>\n<\/ul>\n<p><strong>Compatible con:<\/strong><\/p>\n<ul>\n<li>Panasonic LUMIX S5 II<\/li>\n<li>Panasonic LUMIX S5 IIX<\/li>\n<\/ul>\n<p><strong>Datos t\u00e9cnicos:<\/strong><\/p>\n<ul>\n<li>Dimensiones del producto: 168 x 135 x 185 mm<\/li>\n<li>Dimensiones del paquete: 167 x 157,5 x 86 mm<\/li>\n<li>Peso del producto: 303 g \u00b1 5 g<\/li>\n<li>Peso del paquete: 444,9 g \u00b1 5 g<\/li>\n<li>Material(es): Aleaci\u00f3n de aluminio<\/li>\n<\/ul>\n<div class=\"group_fDXOr6EpR9\" style=\"margin-bottom: 2.1875rem;font-family: OpenSans, 'Segoe UI', Helvetica, Roboto, Arial, sans-serif;font-size: 16px;background-color: #ffffff\">\n<div class=\"name_fDXOr6EpR9\" style=\"border-bottom: 0.125rem solid #cdcdcd;color: #769e2d;font-size: 2rem;line-height: 2rem;padding: 1rem 0px 0.875rem\" data-selenium=\"specsItemGroupName\">&nbsp;<\/div>\n<\/div>\n","protected":false},"excerpt":{"rendered":"<p>Kit de jaula SMALLRIG 4143 para LUMIX S5 II \/ S5 IIX Funciones: Kit port\u00e1til dedicado para Panasonic LUMIX S5<\/p>\n","protected":false},"featured_media":67939,"comment_status":"closed","ping_status":"open","template":"","meta":{"_acf_changed":false},"product_brand":[2550],"product_cat":[1106],"product_tag":[],"class_list":{"0":"post-75361","1":"product","2":"type-product","3":"status-publish","4":"has-post-thumbnail","6":"product_brand-smallrig-es","7":"product_cat-kits-cages-es","9":"first","10":"instock","11":"taxable","12":"shipping-taxable","13":"purchasable","14":"product-type-simple"},"bundled_by":[],"bundle_stock_status":"instock","bundle_stock_quantity":1,"bundle_virtual":false,"bundle_layout":"","bundle_add_to_cart_form_location":"","bundle_editable_in_cart":false,"bundle_sold_individually_context":"","bundle_item_grouping":"","bundle_min_size":"","bundle_max_size":"","bundle_price":[],"bundled_items":[],"bundle_sell_ids":[],"acf":[],"_links":{"self":[{"href":"https:\/\/hi-techwonder.com\/es\/wp-json\/wp\/v2\/product\/75361","targetHints":{"allow":["GET"]}}],"collection":[{"href":"https:\/\/hi-techwonder.com\/es\/wp-json\/wp\/v2\/product"}],"about":[{"href":"https:\/\/hi-techwonder.com\/es\/wp-json\/wp\/v2\/types\/product"}],"replies":[{"embeddable":true,"href":"https:\/\/hi-techwonder.com\/es\/wp-json\/wp\/v2\/comments?post=75361"}],"wp:featuredmedia":[{"embeddable":true,"href":"https:\/\/hi-techwonder.com\/es\/wp-json\/wp\/v2\/media\/67939"}],"wp:attachment":[{"href":"https:\/\/hi-techwonder.com\/es\/wp-json\/wp\/v2\/media?parent=75361"}],"wp:term":[{"taxonomy":"product_brand","embeddable":true,"href":"https:\/\/hi-techwonder.com\/es\/wp-json\/wp\/v2\/product_brand?post=75361"},{"taxonomy":"product_cat","embeddable":true,"href":"https:\/\/hi-techwonder.com\/es\/wp-json\/wp\/v2\/product_cat?post=75361"},{"taxonomy":"product_tag","embeddable":true,"href":"https:\/\/hi-techwonder.com\/es\/wp-json\/wp\/v2\/product_tag?post=75361"}],"curies":[{"name":"wp","href":"https:\/\/api.w.org\/{rel}","templated":true}]}}