{"id":75362,"date":"2025-07-29T10:52:43","date_gmt":"2025-07-29T10:52:43","guid":{"rendered":"https:\/\/fv6qoy3ls0.wpdns.site\/product\/smallrig-4194-brazo-magico-con-roseta-7\/"},"modified":"2025-07-29T10:52:43","modified_gmt":"2025-07-29T10:52:43","slug":"smallrig-4194-brazo-magico-con-roseta-7","status":"publish","type":"product","link":"https:\/\/hi-techwonder.com\/es\/producto\/smallrig-4194-brazo-magico-con-roseta-7\/","title":{"rendered":"SMALLRIG 4194 Brazo m\u00e1gico con roseta 7&#8243;"},"content":{"rendered":"<p><strong>Smallrig 4194 Brazo m\u00e1gico con roseta de 7&#8243;<\/strong><\/p>\n<p><strong>Caracter\u00edsticas principales<\/strong><\/p>\n<ul>\n<li>El brazo mide 17,8 cm (7&#8243;)<\/li>\n<li>Tornillo de mariposa de 1\/4&#8243;-20 y cabeza esf\u00e9rica en los extremos<\/li>\n<li>Acolchado de goma en los soportes de los tornillos<\/li>\n<li>Roseta central con palanca de bloqueo grande<\/li>\n<li>Carga m\u00e1xima de 3,5 kg. (7,7 libras) <\/li>\n<li>Construcci\u00f3n resistente y duradera de aluminio y acero<\/li>\n<li>Dimensiones totales: 17,8 x 6,9 x 2,55 cm<\/li>\n<\/ul>\n<p>Monta un monitor, una luz u otros accesorios en tu equipo de c\u00e1mara, en casi cualquier \u00e1ngulo, gracias a este brazo m\u00e1gico de 17,8 cm de largo con Rosette Gear de SmallRig.<\/p>\n<p>El brazo de aluminio y acero inoxidable tiene tornillos de 1\/4&#8243;-20 en cada extremo. Tanto las cabezas esf\u00e9ricas como la junta central est\u00e1n aseguradas mediante una gran palanca de bloqueo central, y las secciones est\u00e1n conectadas por una r\u00f3tula central giratoria de 360\u00b0. <\/p>\n<p>Este palo tiene una capacidad de carga m\u00e1xima recomendada de 3,5 kg. Cada soporte de tornillo tiene un tornillo de apriete para facilitar el montaje de accesorios y un acolchado de goma, que protege su equipo y proporciona un apriete a\u00fan mayor de los tornillos. <\/p>\n","protected":false},"excerpt":{"rendered":"<p>Smallrig 4194 Brazo m\u00e1gico con roseta de 7&#8243; Caracter\u00edsticas principales El brazo mide 17,8 cm (7&#8243;) Tornillo de mariposa de<\/p>\n","protected":false},"featured_media":68733,"comment_status":"closed","ping_status":"open","template":"","meta":{"_acf_changed":false},"product_brand":[2550],"product_cat":[1099],"product_tag":[],"class_list":{"0":"post-75362","1":"product","2":"type-product","3":"status-publish","4":"has-post-thumbnail","6":"product_brand-smallrig-es","7":"product_cat-brazos-es","9":"first","10":"onbackorder","11":"taxable","12":"shipping-taxable","13":"purchasable","14":"product-type-simple"},"bundled_by":[],"bundle_stock_status":"onbackorder","bundle_stock_quantity":0,"bundle_virtual":false,"bundle_layout":"","bundle_add_to_cart_form_location":"","bundle_editable_in_cart":false,"bundle_sold_individually_context":"","bundle_item_grouping":"","bundle_min_size":"","bundle_max_size":"","bundle_price":[],"bundled_items":[],"bundle_sell_ids":[],"acf":[],"_links":{"self":[{"href":"https:\/\/hi-techwonder.com\/es\/wp-json\/wp\/v2\/product\/75362","targetHints":{"allow":["GET"]}}],"collection":[{"href":"https:\/\/hi-techwonder.com\/es\/wp-json\/wp\/v2\/product"}],"about":[{"href":"https:\/\/hi-techwonder.com\/es\/wp-json\/wp\/v2\/types\/product"}],"replies":[{"embeddable":true,"href":"https:\/\/hi-techwonder.com\/es\/wp-json\/wp\/v2\/comments?post=75362"}],"wp:featuredmedia":[{"embeddable":true,"href":"https:\/\/hi-techwonder.com\/es\/wp-json\/wp\/v2\/media\/68733"}],"wp:attachment":[{"href":"https:\/\/hi-techwonder.com\/es\/wp-json\/wp\/v2\/media?parent=75362"}],"wp:term":[{"taxonomy":"product_brand","embeddable":true,"href":"https:\/\/hi-techwonder.com\/es\/wp-json\/wp\/v2\/product_brand?post=75362"},{"taxonomy":"product_cat","embeddable":true,"href":"https:\/\/hi-techwonder.com\/es\/wp-json\/wp\/v2\/product_cat?post=75362"},{"taxonomy":"product_tag","embeddable":true,"href":"https:\/\/hi-techwonder.com\/es\/wp-json\/wp\/v2\/product_tag?post=75362"}],"curies":[{"name":"wp","href":"https:\/\/api.w.org\/{rel}","templated":true}]}}