{"id":75363,"date":"2025-07-29T10:27:42","date_gmt":"2025-07-29T10:27:42","guid":{"rendered":"https:\/\/fv6qoy3ls0.wpdns.site\/product\/smallrig-4137-soporte-en-l-para-fujifilm-x-t5\/"},"modified":"2025-07-29T10:27:42","modified_gmt":"2025-07-29T10:27:42","slug":"smallrig-4137-soporte-en-l-para-fujifilm-x-t5","status":"publish","type":"product","link":"https:\/\/hi-techwonder.com\/es\/producto\/smallrig-4137-soporte-en-l-para-fujifilm-x-t5\/","title":{"rendered":"SMALLRIG 4137 Soporte en L para Fujifilm X-T5"},"content":{"rendered":"<p><strong>SMALLRIG 4137 Soporte en L para Fujifilm X-T5<\/strong><\/p>\n<p>El soporte en L SmallRig 4137 para FUJIFILM X-T5 est\u00e1 dise\u00f1ado para facilitar el cambio entre los modos horizontal y vertical y mejorar la experiencia de agarre. Bloquea la c\u00e1mara mediante un tornillo de 1\/4&#8243;-20 y un pasador de localizaci\u00f3n en la parte inferior, con almohadillas de goma para evitar ara\u00f1azos, y da acceso completo a los botones, las ranuras para tarjetas, la tapa de la bater\u00eda y la pantalla abatible. &nbsp;<\/p>\n<p>Adem\u00e1s de un mango de madera negra integrado para una experiencia de agarre mejorada, la tabla tambi\u00e9n tiene m\u00faltiples soportes para accesorios. En la parte inferior hay una placa de liberaci\u00f3n r\u00e1pida Arca-Swiss para tr\u00edpodes Arca-Swiss y cardanes DJI RS 2 \/ RSC 2 \/ RS 3 \/ RS 3 Pro, orificios roscados de 1\/4&#8243;-20 y 3\/8&#8243;-16. &nbsp;<\/p>\n<p>Para mayor seguridad, una ranura para el mango y un puerto QD est\u00e1n disponibles para sujetar la correa de mano o la hebilla de hombro QD de liberaci\u00f3n r\u00e1pida. Adem\u00e1s, la placa lateral tiene orificios roscados de 1\/4&#8243;-20 para montar el BUC2736 de montaje de zapata fr\u00eda para el micr\u00f3fono, etc., y se puede estirar para permitir el paso de los cables. &nbsp;<\/p>\n<p>Otros aspectos destacados incluyen un destornillador magn\u00e9tico para facilitar el montaje y desmontaje, y un bot\u00f3n de obturador complementario que ayuda a mejorar el tacto.<\/p>\n<p><strong>Funciones:<\/strong><\/p>\n<p>Placa de liberaci\u00f3n r\u00e1pida Arca-Swiss en la parte inferior y lateral para cambiar r\u00e1pidamente entre los modos horizontal y vertical.<\/p>\n<p>Empu\u00f1adura ergon\u00f3mica de madera negra para una experiencia de agarre mejorada.<\/p>\n<p>Montura inferior Arca-Swiss para tr\u00edpodes Arca-Swiss y cardanes DJI RS 2 \/ RSC 2 \/ RS 3 \/ RS 3 Pro.<\/p>\n<p>Orificios roscados de 1\/4&#8243;-20, orificios roscados de 3\/8&#8243;-16, puerto QD, etc.<\/p>\n<p>Una placa lateral el\u00e1stica permite que los cables pasen en modo vertical.<\/p>\n<p><strong>En la caja:<\/strong><\/p>\n<p>1 x Soporte en L<\/p>\n<p>1 x Llave Allen<\/p>\n","protected":false},"excerpt":{"rendered":"<p>SMALLRIG 4137 Soporte en L para Fujifilm X-T5 El soporte en L SmallRig 4137 para FUJIFILM X-T5 est\u00e1 dise\u00f1ado para<\/p>\n","protected":false},"featured_media":63643,"comment_status":"closed","ping_status":"open","template":"","meta":{"_acf_changed":false},"product_brand":[2550],"product_cat":[1087],"product_tag":[],"class_list":{"0":"post-75363","1":"product","2":"type-product","3":"status-publish","4":"has-post-thumbnail","6":"product_brand-smallrig-es","7":"product_cat-zapatas-y-tornillos","9":"first","10":"onbackorder","11":"taxable","12":"shipping-taxable","13":"purchasable","14":"product-type-simple"},"bundled_by":[],"bundle_stock_status":"onbackorder","bundle_stock_quantity":0,"bundle_virtual":false,"bundle_layout":"","bundle_add_to_cart_form_location":"","bundle_editable_in_cart":false,"bundle_sold_individually_context":"","bundle_item_grouping":"","bundle_min_size":"","bundle_max_size":"","bundle_price":[],"bundled_items":[],"bundle_sell_ids":[],"acf":[],"_links":{"self":[{"href":"https:\/\/hi-techwonder.com\/es\/wp-json\/wp\/v2\/product\/75363","targetHints":{"allow":["GET"]}}],"collection":[{"href":"https:\/\/hi-techwonder.com\/es\/wp-json\/wp\/v2\/product"}],"about":[{"href":"https:\/\/hi-techwonder.com\/es\/wp-json\/wp\/v2\/types\/product"}],"replies":[{"embeddable":true,"href":"https:\/\/hi-techwonder.com\/es\/wp-json\/wp\/v2\/comments?post=75363"}],"wp:featuredmedia":[{"embeddable":true,"href":"https:\/\/hi-techwonder.com\/es\/wp-json\/wp\/v2\/media\/63643"}],"wp:attachment":[{"href":"https:\/\/hi-techwonder.com\/es\/wp-json\/wp\/v2\/media?parent=75363"}],"wp:term":[{"taxonomy":"product_brand","embeddable":true,"href":"https:\/\/hi-techwonder.com\/es\/wp-json\/wp\/v2\/product_brand?post=75363"},{"taxonomy":"product_cat","embeddable":true,"href":"https:\/\/hi-techwonder.com\/es\/wp-json\/wp\/v2\/product_cat?post=75363"},{"taxonomy":"product_tag","embeddable":true,"href":"https:\/\/hi-techwonder.com\/es\/wp-json\/wp\/v2\/product_tag?post=75363"}],"curies":[{"name":"wp","href":"https:\/\/api.w.org\/{rel}","templated":true}]}}