{"id":75364,"date":"2025-07-28T23:25:50","date_gmt":"2025-07-28T23:25:50","guid":{"rendered":"https:\/\/fv6qoy3ls0.wpdns.site\/product\/smallrig-4136-empunadura-de-metal-para-fujifilm-x-t5\/"},"modified":"2025-09-04T10:04:32","modified_gmt":"2025-09-04T10:04:32","slug":"smallrig-4136-empunadura-de-metal-para-fujifilm-x-t5","status":"publish","type":"product","link":"https:\/\/hi-techwonder.com\/es\/producto\/smallrig-4136-empunadura-de-metal-para-fujifilm-x-t5\/","title":{"rendered":"SMALLRIG 4136 Empu\u00f1adura de metal para Fujifilm X-T5"},"content":{"rendered":"<p><strong>Empu\u00f1adura de metal SmallRig 4136 para Fujifilm X-T5<\/strong><\/p>\n<p>La empu\u00f1adura met\u00e1lica SmallRig 4136 para Fujifilm X-T5 fue creada para mejorar su agarre en la c\u00e1mara. Con la misma textura y color, combina perfectamente con la FUJIFILM F2. El mango bloquea f\u00e1cilmente la c\u00e1mara en su lugar a trav\u00e9s de un tornillo de anillo en D de 1\/4&#8243;-20 en la parte inferior, que tambi\u00e9n incorpora varios soportes para accesorios. Estos incluyen una placa de liberaci\u00f3n r\u00e1pida Arca-Swiss para tr\u00edpodes Arca-Swiss, tres orificios de 1\/4&#8243;-20 para tr\u00edpodes o placas tipo Manfrotto, y una ranura para asa para la correa de mano 3848. El mango tiene una placa base delgada y compacta que pesa solo 79 gramos. Tambi\u00e9n viene con un bot\u00f3n de obturador para mejorar el tacto.    <\/p>\n<p><strong>Funciones:<\/strong><\/p>\n<p>Empu\u00f1adura especial en forma de L para FUJIFILM X-T5<\/p>\n<p>La empu\u00f1adura de silicona de dise\u00f1o ergon\u00f3mico mejora la experiencia de agarre<\/p>\n<p>Ligero, compacto y port\u00e1til, con un peso de solo 79 g<\/p>\n<p>Placa inferior de liberaci\u00f3n r\u00e1pida Arca-Swiss para tr\u00edpodes Arca-Swiss<\/p>\n<p>F\u00e1cil bloqueo de la c\u00e1mara mediante un tornillo de dedo anular en D de 1\/4&#8243;-20 en la parte inferior<\/p>\n<p>6. Se incluye un bot\u00f3n de obturador para un mejor toque.<\/p>\n<p><strong>En la caja:<\/strong><\/p>\n<p>1 x Mango en L<\/p>\n<p>1 x Bot\u00f3n del obturador<\/p>\n","protected":false},"excerpt":{"rendered":"<p>Empu\u00f1adura de metal SmallRig 4136 para Fujifilm X-T5 La empu\u00f1adura met\u00e1lica SmallRig 4136 para Fujifilm X-T5 fue creada para mejorar<\/p>\n","protected":false},"featured_media":21480,"comment_status":"closed","ping_status":"open","template":"","meta":{"_acf_changed":false},"product_brand":[2550],"product_cat":[1087],"product_tag":[],"class_list":{"0":"post-75364","1":"product","2":"type-product","3":"status-publish","4":"has-post-thumbnail","6":"product_brand-smallrig-es","7":"product_cat-zapatas-y-tornillos","9":"first","10":"onbackorder","11":"taxable","12":"shipping-taxable","13":"purchasable","14":"product-type-simple"},"bundled_by":[],"bundle_stock_status":"onbackorder","bundle_stock_quantity":null,"bundle_virtual":false,"bundle_layout":"","bundle_add_to_cart_form_location":"","bundle_editable_in_cart":false,"bundle_sold_individually_context":"","bundle_item_grouping":"","bundle_min_size":"","bundle_max_size":"","bundle_price":[],"bundled_items":[],"bundle_sell_ids":[],"acf":[],"_links":{"self":[{"href":"https:\/\/hi-techwonder.com\/es\/wp-json\/wp\/v2\/product\/75364","targetHints":{"allow":["GET"]}}],"collection":[{"href":"https:\/\/hi-techwonder.com\/es\/wp-json\/wp\/v2\/product"}],"about":[{"href":"https:\/\/hi-techwonder.com\/es\/wp-json\/wp\/v2\/types\/product"}],"replies":[{"embeddable":true,"href":"https:\/\/hi-techwonder.com\/es\/wp-json\/wp\/v2\/comments?post=75364"}],"wp:featuredmedia":[{"embeddable":true,"href":"https:\/\/hi-techwonder.com\/es\/wp-json\/wp\/v2\/media\/21480"}],"wp:attachment":[{"href":"https:\/\/hi-techwonder.com\/es\/wp-json\/wp\/v2\/media?parent=75364"}],"wp:term":[{"taxonomy":"product_brand","embeddable":true,"href":"https:\/\/hi-techwonder.com\/es\/wp-json\/wp\/v2\/product_brand?post=75364"},{"taxonomy":"product_cat","embeddable":true,"href":"https:\/\/hi-techwonder.com\/es\/wp-json\/wp\/v2\/product_cat?post=75364"},{"taxonomy":"product_tag","embeddable":true,"href":"https:\/\/hi-techwonder.com\/es\/wp-json\/wp\/v2\/product_tag?post=75364"}],"curies":[{"name":"wp","href":"https:\/\/api.w.org\/{rel}","templated":true}]}}