{"id":75365,"date":"2025-07-28T23:59:43","date_gmt":"2025-07-28T23:59:43","guid":{"rendered":"https:\/\/fv6qoy3ls0.wpdns.site\/product\/jaula-smallrig-4135-para-fujifilm-x-t5\/"},"modified":"2026-01-31T03:18:10","modified_gmt":"2026-01-31T03:18:10","slug":"smallrig-jaula-smallrig-4135-para-fujifilm-x-t5","status":"publish","type":"product","link":"https:\/\/hi-techwonder.com\/es\/producto\/smallrig-jaula-smallrig-4135-para-fujifilm-x-t5\/","title":{"rendered":"Jaula SMALLRIG 4135 para Fujifilm X-T5"},"content":{"rendered":"<p><strong>Jaula SMALLRIG 4135 para Fujifilm X-T5<\/strong><\/p>\n<p>La jaula SMALLRIG 4135 para Fujifilm X-T5 est\u00e1 dise\u00f1ada para proteger la c\u00e1mara y proporcionar puntos de montaje para accesorios. Asegura la c\u00e1mara a trav\u00e9s de un tornillo de 1\/4&#8243;-20 en la parte inferior y un tornillo M2 a cada lado, con almohadillas de goma para evitar ara\u00f1azos, y permite un acceso completo a los botones, las ranuras para tarjetas, la pantalla y la tapa de la bater\u00eda. Adem\u00e1s de una correa de mano incorporada para un mejor agarre, la jaula tambi\u00e9n tiene m\u00faltiples puntos de montaje para accesorios. Estos incluyen (pero no se limitan a) orificios roscados de 1\/4&#8243;-20, orificios roscados de 3\/8&#8243;-16, y orificios de montaje ARRI de 3\/8&#8243;-16 para soporte de mango lateral 2093 y 3814, mango superior 3765, soporte de monitor 2903 y 2904, placa de liberaci\u00f3n r\u00e1pida tipo Manfrotto 1280 y 2458, soporte de banco de energ\u00eda 2336 y placa de bater\u00eda mini V-Mount 2987; y dos orificios de montaje de 1\/4&#8243;-20 en un lado para la abrazadera de v\u00e1stago \u00fanico 3598, brazo m\u00e1gico 3873. Los rieles NATO est\u00e1n ubicados en los lados superior e izquierdo para sujetar r\u00e1pidamente el mango superior NATO 3766, el soporte para monitor 2906B o el mango lateral giratorio NATO 3847 Adem\u00e1s, el armaz\u00f3n viene con soportes de zapata fr\u00eda para instalar un micr\u00f3fono, luz de video LED, etc., un puerto QD para una hebilla de hombro de liberaci\u00f3n r\u00e1pida QD y una placa de liberaci\u00f3n r\u00e1pida Arca-Swiss en la parte inferior para Arca: tr\u00edpodes suizos y card\u00e1n DJI RS 2 \/ RSC 2 \/ RS 3 \/ RS 3 Pro para cambiar r\u00e1pidamente entre los modos card\u00e1n, de mano y tr\u00edpode. Tambi\u00e9n se incluye un destornillador para facilitar el montaje y desmontaje. Un bot\u00f3n de obturador libre ayuda a mejorar el tacto.    <\/p>\n<p><strong>Funciones:<\/strong><\/p>\n<p>El agarre dise\u00f1ado ergon\u00f3micamente mejora la experiencia de agarre;<\/p>\n<p>Asegura la c\u00e1mara mediante un tornillo de 1\/4&#8243;-20 en la parte inferior y un tornillo M2 en ambos lados;<\/p>\n<p>Soportes de accesorios variados para usar en varias escenas: orificios roscados de 1\/4&#8243;-20, orificios roscados de 3\/8&#8243;-16, orificios de localizaci\u00f3n ARRI de 3\/8&#8243;-16, rieles OTAN, puerto QD, montaje en zapata fr\u00eda, etc.;<\/p>\n<p>Placa de liberaci\u00f3n r\u00e1pida inferior Arca-Swiss para tr\u00edpodes Arca-Swiss y cardanes DJI RS 2 \/ RSC 2 \/ RS 3 \/ RS 3 Pro;<\/p>\n<p><strong>En la caja:<\/strong><\/p>\n<p>1 x jaula<\/p>\n<p>1 x Bot\u00f3n del obturador<\/p>\n","protected":false},"excerpt":{"rendered":"<p>Jaula SMALLRIG 4135 para Fujifilm X-T5 La jaula SMALLRIG 4135 para Fujifilm X-T5 est\u00e1 dise\u00f1ada para proteger la c\u00e1mara y<\/p>\n","protected":false},"featured_media":31297,"comment_status":"closed","ping_status":"closed","template":"","meta":{"_acf_changed":false},"product_brand":[2550],"product_cat":[903],"product_tag":[],"class_list":{"0":"post-75365","1":"product","2":"type-product","3":"status-publish","4":"has-post-thumbnail","6":"product_brand-smallrig-es","7":"product_cat-correas-y-tirantes","8":"pa_cor-marron","10":"first","11":"instock","12":"taxable","13":"shipping-taxable","14":"purchasable","15":"product-type-simple"},"bundled_by":[],"bundle_stock_status":"instock","bundle_stock_quantity":1,"bundle_virtual":false,"bundle_layout":"","bundle_add_to_cart_form_location":"","bundle_editable_in_cart":false,"bundle_sold_individually_context":"","bundle_item_grouping":"","bundle_min_size":"","bundle_max_size":"","bundle_price":[],"bundled_items":[],"bundle_sell_ids":[],"acf":[],"_links":{"self":[{"href":"https:\/\/hi-techwonder.com\/es\/wp-json\/wp\/v2\/product\/75365","targetHints":{"allow":["GET"]}}],"collection":[{"href":"https:\/\/hi-techwonder.com\/es\/wp-json\/wp\/v2\/product"}],"about":[{"href":"https:\/\/hi-techwonder.com\/es\/wp-json\/wp\/v2\/types\/product"}],"replies":[{"embeddable":true,"href":"https:\/\/hi-techwonder.com\/es\/wp-json\/wp\/v2\/comments?post=75365"}],"wp:featuredmedia":[{"embeddable":true,"href":"https:\/\/hi-techwonder.com\/es\/wp-json\/wp\/v2\/media\/31297"}],"wp:attachment":[{"href":"https:\/\/hi-techwonder.com\/es\/wp-json\/wp\/v2\/media?parent=75365"}],"wp:term":[{"taxonomy":"product_brand","embeddable":true,"href":"https:\/\/hi-techwonder.com\/es\/wp-json\/wp\/v2\/product_brand?post=75365"},{"taxonomy":"product_cat","embeddable":true,"href":"https:\/\/hi-techwonder.com\/es\/wp-json\/wp\/v2\/product_cat?post=75365"},{"taxonomy":"product_tag","embeddable":true,"href":"https:\/\/hi-techwonder.com\/es\/wp-json\/wp\/v2\/product_tag?post=75365"}],"curies":[{"name":"wp","href":"https:\/\/api.w.org\/{rel}","templated":true}]}}