{"id":75367,"date":"2025-07-29T10:48:33","date_gmt":"2025-07-29T10:48:33","guid":{"rendered":"https:\/\/fv6qoy3ls0.wpdns.site\/product\/smallrig-4175-quick-fit-empunadura-superior-nato\/"},"modified":"2025-07-29T10:48:33","modified_gmt":"2025-07-29T10:48:33","slug":"smallrig-4175-quick-fit-empunadura-superior-nato","status":"publish","type":"product","link":"https:\/\/hi-techwonder.com\/es\/producto\/smallrig-4175-quick-fit-empunadura-superior-nato\/","title":{"rendered":"SMALLRIG 4175 Quick Fit Empu\u00f1adura superior NATO"},"content":{"rendered":"<p><strong>SMALLRIG 4175 Quick Fit Empu\u00f1adura superior NATO<\/strong><\/p>\n<p><strong>Funciones:<\/strong><\/p>\n<ul>\n<li>Empu\u00f1adura superior para la jaula de la c\u00e1mara<\/li>\n<li>Abrazadera de cierre r\u00e1pido OTAN<\/li>\n<li>Roscas de 1\/4&#8243;-20, roscas ARRI de 3\/8&#8243;-16<\/li>\n<li>Soporte de zapato, capacidad de carga 12 kg<\/li>\n<li>Ajuste de lado a lado de 3,2&#8243; \/ 8,128 cm<\/li>\n<li>Llave hexagonal magn\u00e9tica incorporada<\/li>\n<\/ul>\n<p><strong>Contenido del paquete:<\/strong><\/p>\n<ul>\n<li>1 x Empu\u00f1adura superior SmallRig 4175 NATO Quick-Lock<\/li>\n<\/ul>\n<p>Empu\u00f1adura superior SmallRig 4175 NATO Quick-Lock<\/p>\n<p>Capaz de acoplarse a la jaula de la c\u00e1mara con un simple \u00abclic\u00bb, esta empu\u00f1adura superior SmallRig Snap-On Quick Lock NATO ofrece una empu\u00f1adura superior con puntos de montaje adicionales para tu equipo. La abrazadera NATO de bloqueo r\u00e1pido puede asegurar el mango a cualquier riel NATO compatible para una f\u00e1cil instalaci\u00f3n. El mango tambi\u00e9n se puede ajustar 3.2&#8243; \/ 8.128 cm de lado a lado para un equilibrio \u00f3ptimo.  <\/p>\n<p>M\u00faltiples roscas ARRI de 1\/4&#8243;-20 y 3\/8&#8242;-16 y una ranura de montaje de zapata fr\u00eda en la parte superior del mango proporcionan lugares para sujetar su luz de relleno, monitor externo o brida para cables. Incluso hay un pasador de bloqueo en la zapata fr\u00eda para evitar que su accesorio se resbale. El mango est\u00e1 construido en aleaci\u00f3n de aluminio y tiene una capacidad de carga de 12 kg para equipos m\u00e1s pesados. Una llave hexagonal magn\u00e9tica incorporada facilita la colocaci\u00f3n y extracci\u00f3n de accesorios.   <\/p>\n<p>Caracter\u00edsticas t\u00e9cnicas:<\/p>\n<div class=\"leftPanel_PCPNqBQRJv\" style=\"box-sizing: inherit; outline: none; animation: 0.5s ease 0s 1 normal none running fadeSlideDown_PCPNqBQRJv; flex: 1 1 0%; margin-right: 45.8438px; width: 936.656px;\">\n<div style=\"box-sizing: inherit; outline: none;\">\n<div class=\"group_fDXOr6EpR9 keySpec_fDXOr6EpR9\" style=\"box-sizing: inherit; outline: none; margin-bottom: 2.1875rem; box-shadow: #cccccc 0px 0px 4px 1px;\">\n<div class=\"name_fDXOr6EpR9 firstGroupInItem_fDXOr6EpR9\" style=\"box-sizing: inherit; outline: none; border-bottom: 2px solid #3f9a59; color: #3f9a59; font-size: 2rem; line-height: 2rem; padding: 0.9375rem 1.75rem; align-items: center; background: #f0f8ee; display: flex;\" data-selenium=\"specsItemGroupName\"><strong><span style=\"box-sizing: inherit; outline: none; vertical-align: inherit;\"><span style=\"box-sizing: inherit; outline: none; vertical-align: inherit;\">Principal<\/span><\/strong><\/span><\/div>\n<table class=\"table_fDXOr6EpR9\" style=\"box-sizing: inherit; outline: none; width: 936.656px;\" data-selenium=\"specsItemGroupTable\">\n<tbody style=\"box-sizing: inherit; outline: none;\">\n<tr class=\"pair_KqJ3Q3GPKv keySpec_KqJ3Q3GPKv\" style=\"box-sizing: inherit; outline: none; border-bottom: 0.0625rem solid #e5e5e5;\" data-selenium=\"specsItemGroupTableRow\">\n<td class=\"label_KqJ3Q3GPKv \" style=\"box-sizing: inherit; outline: none; border-top: none; padding: 1.25rem 0.625rem 1.25rem 1.8125rem; width: 355.922px; font-size: 1.125rem; font-weight: 600; line-height: 1.375rem; vertical-align: baseline;\" data-selenium=\"specsItemGroupTableColumnLabel\">Tipo de art\u00edculo<\/td>\n<td class=\"value_KqJ3Q3GPKv \" style=\"box-sizing: inherit; outline: none; font-size: 1.125rem; line-height: 1.375rem; vertical-align: baseline; padding: 1.25rem 0px 1.25rem 2.5rem;\" data-selenium=\"specsItemGroupTableColumnValue\">\n<div class=\"expandableValue_KqJ3Q3GPKv\" style=\"box-sizing: inherit; outline: none; height: auto;\">Asa superior<\/div>\n<\/td>\n<\/tr>\n<tr class=\"pair_KqJ3Q3GPKv keySpec_KqJ3Q3GPKv\" style=\"box-sizing: inherit; outline: none; border-bottom: 0.0625rem solid #e5e5e5;\" data-selenium=\"specsItemGroupTableRow\">\n<td class=\"label_KqJ3Q3GPKv\" style=\"box-sizing: inherit; outline: none; border-top: none; padding: 1.25rem 0.625rem 1.25rem 1.8125rem; width: 355.922px; font-size: 1.125rem; font-weight: 600; line-height: 1.375rem; vertical-align: baseline;\" data-selenium=\"specsItemGroupTableColumnLabel\">M\u00e9todo de fijaci\u00f3n<\/td>\n<td class=\"value_KqJ3Q3GPKv\" style=\"box-sizing: inherit; outline: none; font-size: 1.125rem; line-height: 1.375rem; vertical-align: baseline; padding: 1.25rem 0px 1.25rem 2.5rem;\" data-selenium=\"specsItemGroupTableColumnValue\">\n<div class=\"expandableValue_KqJ3Q3GPKv\" style=\"box-sizing: inherit; outline: none; height: auto;\"><span style=\"box-sizing: inherit; outline: none; vertical-align: inherit;\"><span style=\"box-sizing: inherit; outline: none; vertical-align: inherit;\">Se fija a trav\u00e9s de<\/span><span style=\"box-sizing: inherit; outline: none; vertical-align: inherit;\">la abrazadera del riel<\/span><\/span><\/div>\n<\/td>\n<\/tr>\n<tr class=\"pair_KqJ3Q3GPKv keySpec_KqJ3Q3GPKv\" style=\"box-sizing: inherit; outline: none; border-bottom: 0.0625rem solid #e5e5e5;\" data-selenium=\"specsItemGroupTableRow\">\n<td class=\"label_KqJ3Q3GPKv\" style=\"box-sizing: inherit; outline: none; border-top: none; padding: 1.25rem 0.625rem 1.25rem 1.8125rem; width: 355.922px; font-size: 1.125rem; font-weight: 600; line-height: 1.375rem; vertical-align: baseline;\" data-selenium=\"specsItemGroupTableColumnLabel\">Accesorios de montaje<\/td>\n<td class=\"value_KqJ3Q3GPKv\" style=\"box-sizing: inherit; outline: none; font-size: 1.125rem; line-height: 1.375rem; vertical-align: baseline; padding: 1.25rem 0px 1.25rem 2.5rem;\" data-selenium=\"specsItemGroupTableColumnValue\">\n<div class=\"expandableValue_KqJ3Q3GPKv\" style=\"box-sizing: inherit; outline: none; height: auto;\"><span style=\"box-sizing: inherit; font-weight: bolder; outline: none;\"><span style=\"box-sizing: inherit; outline: none; vertical-align: inherit;\"><span style=\"box-sizing: inherit; outline: none; vertical-align: inherit;\">M\u00faltiple x<\/span><\/span><span style=\"box-sizing: inherit; outline: none; vertical-align: inherit;\"> 1\/4&#8243;-20 Rosca<\/span><br style=\"box-sizing: inherit; outline: none;\"><span style=\"box-sizing: inherit; outline: none; vertical-align: inherit;\"><span style=\"box-sizing: inherit; outline: none; vertical-align: inherit;\">M\u00faltiple x<\/span><\/span><span style=\"box-sizing: inherit; outline: none; vertical-align: inherit;\"> Rosca antitorsi\u00f3n ARRI 3\/8&#8243;-16<\/span><\/span><\/div>\n<\/td>\n<\/tr>\n<tr class=\"pair_KqJ3Q3GPKv keySpec_KqJ3Q3GPKv\" style=\"box-sizing: inherit; outline: none; border-bottom: 0.0625rem solid #e5e5e5;\" data-selenium=\"specsItemGroupTableRow\">\n<td class=\"label_KqJ3Q3GPKv\" style=\"box-sizing: inherit; outline: none; border-top: none; padding: 1.25rem 0.625rem 1.25rem 1.8125rem; width: 355.922px; font-size: 1.125rem; font-weight: 600; line-height: 1.375rem; vertical-align: baseline;\" data-selenium=\"specsItemGroupTableColumnLabel\">Montaje de zapata<\/td>\n<td class=\"value_KqJ3Q3GPKv\" style=\"box-sizing: inherit; outline: none; font-size: 1.125rem; line-height: 1.375rem; vertical-align: baseline; padding: 1.25rem 0px 1.25rem 2.5rem;\" data-selenium=\"specsItemGroupTableColumnValue\">\n<div class=\"expandableValue_KqJ3Q3GPKv\" style=\"box-sizing: inherit; outline: none; height: auto;\"><span style=\"box-sizing: inherit; font-weight: bolder; outline: none;\"><span style=\"box-sizing: inherit; outline: none; vertical-align: inherit;\"><span style=\"box-sizing: inherit; outline: none; vertical-align: inherit;\">1 x<\/span><\/span><span style=\"box-sizing: inherit; outline: none; vertical-align: inherit;\"> ranura para zapata incorporada<\/span><\/span><\/div>\n<\/td>\n<\/tr>\n<tr class=\"pair_KqJ3Q3GPKv keySpec_KqJ3Q3GPKv\" style=\"box-sizing: inherit; outline: none; border-bottom: 0.0625rem solid #e5e5e5;\" data-selenium=\"specsItemGroupTableRow\">\n<td class=\"label_KqJ3Q3GPKv\" style=\"box-sizing: inherit; outline: none; border-top: none; padding: 1.25rem 0.625rem 1.25rem 1.8125rem; width: 355.922px; font-size: 1.125rem; font-weight: 600; line-height: 1.375rem; vertical-align: baseline;\" data-selenium=\"specsItemGroupTableColumnLabel\">Montura<\/td>\n<td class=\"value_KqJ3Q3GPKv\" style=\"box-sizing: inherit; outline: none; font-size: 1.125rem; line-height: 1.375rem; vertical-align: baseline; padding: 1.25rem 0px 1.25rem 2.5rem;\" data-selenium=\"specsItemGroupTableColumnValue\">\n<div class=\"expandableValue_KqJ3Q3GPKv\" style=\"box-sizing: inherit; outline: none; height: auto;\"><span style=\"box-sizing: inherit; font-weight: bolder; outline: none;\"><span style=\"box-sizing: inherit; outline: none; vertical-align: inherit;\"><span style=\"box-sizing: inherit; outline: none; vertical-align: inherit;\">1 x<\/span><\/span><span style=\"box-sizing: inherit; outline: none; vertical-align: inherit;\"> abrazadera de riel NATO<\/span><\/span><\/div>\n<\/td>\n<\/tr>\n<\/tbody>\n<\/table>\n<\/div>\n<div class=\"group_fDXOr6EpR9\" style=\"box-sizing: inherit; outline: none; margin-bottom: 2.1875rem;\">\n<table class=\"table_fDXOr6EpR9\" style=\"box-sizing: inherit; outline: none; width: 936.656px;\" data-selenium=\"specsItemGroupTable\">\n<tbody style=\"box-sizing: inherit; outline: none;\">\n<tr class=\"pair_KqJ3Q3GPKv\" style=\"box-sizing: inherit; outline: none; border-bottom: 0.0625rem solid #e5e5e5;\" data-selenium=\"specsItemGroupTableRow\">\n<td class=\"label_KqJ3Q3GPKv \" style=\"box-sizing: inherit; outline: none; border-top: none; padding: 1.25rem 0px; width: 355.922px; color: #666666; font-size: 1.125rem; line-height: 1.375rem; vertical-align: baseline;\" data-selenium=\"specsItemGroupTableColumnLabel\">Controles integrados<\/td>\n<td class=\"value_KqJ3Q3GPKv \" style=\"box-sizing: inherit; outline: none; color: #666666; font-size: 1.125rem; line-height: 1.375rem; vertical-align: baseline; padding: 1.25rem 0px 1.25rem 2.5rem;\" data-selenium=\"specsItemGroupTableColumnValue\">\n<div class=\"expandableValue_KqJ3Q3GPKv\" style=\"box-sizing: inherit; outline: none;\">No<\/div>\n<\/td>\n<\/tr>\n<\/tbody>\n<\/table>\n<\/div>\n<div class=\"group_fDXOr6EpR9\" style=\"box-sizing: inherit; outline: none; margin-bottom: 2.1875rem;\">\n<div class=\"name_fDXOr6EpR9\" style=\"box-sizing: inherit; outline: none; border-bottom: 0.125rem solid #cccccc; color: #3f9a59; font-size: 2rem; line-height: 2rem; padding: 1rem 0px 0.875rem;\" data-selenium=\"specsItemGroupName\"><strong><span style=\"box-sizing: inherit; outline: none; vertical-align: inherit;\">Montura<\/strong><\/span><\/div>\n<table class=\"table_fDXOr6EpR9\" style=\"box-sizing: inherit; outline: none; width: 936.656px;\" data-selenium=\"specsItemGroupTable\">\n<tbody style=\"box-sizing: inherit; outline: none;\">\n<tr class=\"pair_KqJ3Q3GPKv\" style=\"box-sizing: inherit; outline: none; border-bottom: 0.0625rem solid #e5e5e5;\" data-selenium=\"specsItemGroupTableRow\">\n<td class=\"label_KqJ3Q3GPKv \" style=\"box-sizing: inherit; outline: none; border-top: none; padding: 1.25rem 0px; width: 355.922px; color: #666666; font-size: 1.125rem; line-height: 1.375rem; vertical-align: baseline;\" data-selenium=\"specsItemGroupTableColumnLabel\">M\u00e9todo de fijaci\u00f3n<\/td>\n<td class=\"value_KqJ3Q3GPKv \" style=\"box-sizing: inherit; outline: none; color: #666666; font-size: 1.125rem; line-height: 1.375rem; vertical-align: baseline; padding: 1.25rem 0px 1.25rem 2.5rem;\" data-selenium=\"specsItemGroupTableColumnValue\">\n<div class=\"expandableValue_KqJ3Q3GPKv\" style=\"box-sizing: inherit; outline: none;\"><span style=\"box-sizing: inherit; outline: none; vertical-align: inherit;\"><span style=\"box-sizing: inherit; outline: none; vertical-align: inherit;\">Se fija a trav\u00e9s de <\/span><span style=\"box-sizing: inherit; outline: none; vertical-align: inherit;\">la abrazadera del riel<\/span><\/span><\/div>\n<\/td>\n<\/tr>\n<tr class=\"pair_KqJ3Q3GPKv\" style=\"box-sizing: inherit; outline: none; border-bottom: 0.0625rem solid #e5e5e5;\" data-selenium=\"specsItemGroupTableRow\">\n<td class=\"label_KqJ3Q3GPKv\" style=\"box-sizing: inherit; outline: none; border-top: none; padding: 1.25rem 0px; width: 355.922px; color: #666666; font-size: 1.125rem; line-height: 1.375rem; vertical-align: baseline;\" data-selenium=\"specsItemGroupTableColumnLabel\">Accesorios de montaje<\/td>\n<td class=\"value_KqJ3Q3GPKv\" style=\"box-sizing: inherit; outline: none; color: #666666; font-size: 1.125rem; line-height: 1.375rem; vertical-align: baseline; padding: 1.25rem 0px 1.25rem 2.5rem;\" data-selenium=\"specsItemGroupTableColumnValue\">\n<div class=\"expandableValue_KqJ3Q3GPKv\" style=\"box-sizing: inherit; outline: none;\"><span style=\"box-sizing: inherit; font-weight: bolder; outline: none;\"><span style=\"box-sizing: inherit; outline: none; vertical-align: inherit;\"><span style=\"box-sizing: inherit; outline: none; vertical-align: inherit;\">M\u00faltiple x<\/span><\/span><span style=\"box-sizing: inherit; outline: none; vertical-align: inherit;\"> 1\/4&#8243;-20 Rosca<\/span><br style=\"box-sizing: inherit; outline: none;\"><span style=\"box-sizing: inherit; outline: none; vertical-align: inherit;\"><span style=\"box-sizing: inherit; outline: none; vertical-align: inherit;\">M\u00faltiple x<\/span><\/span><span style=\"box-sizing: inherit; outline: none; vertical-align: inherit;\"> Rosca antitorsi\u00f3n ARRI 3\/8&#8243;-16<\/span><\/span><\/div>\n<\/td>\n<\/tr>\n<tr class=\"pair_KqJ3Q3GPKv\" style=\"box-sizing: inherit; outline: none; border-bottom: 0.0625rem solid #e5e5e5;\" data-selenium=\"specsItemGroupTableRow\">\n<td class=\"label_KqJ3Q3GPKv\" style=\"box-sizing: inherit; outline: none; border-top: none; padding: 1.25rem 0px; width: 355.922px; color: #666666; font-size: 1.125rem; line-height: 1.375rem; vertical-align: baseline;\" data-selenium=\"specsItemGroupTableColumnLabel\">Montaje de zapata<\/td>\n<td class=\"value_KqJ3Q3GPKv\" style=\"box-sizing: inherit; outline: none; color: #666666; font-size: 1.125rem; line-height: 1.375rem; vertical-align: baseline; padding: 1.25rem 0px 1.25rem 2.5rem;\" data-selenium=\"specsItemGroupTableColumnValue\">\n<div class=\"expandableValue_KqJ3Q3GPKv\" style=\"box-sizing: inherit; outline: none;\"><span style=\"box-sizing: inherit; font-weight: bolder; outline: none;\"><span style=\"box-sizing: inherit; outline: none; vertical-align: inherit;\"><span style=\"box-sizing: inherit; outline: none; vertical-align: inherit;\">1 x<\/span><\/span><span style=\"box-sizing: inherit; outline: none; vertical-align: inherit;\"> Ranura de zapata fr\u00eda incorporada<\/span><\/span><\/div>\n<\/td>\n<\/tr>\n<tr class=\"pair_KqJ3Q3GPKv\" style=\"box-sizing: inherit; outline: none; border-bottom: 0.0625rem solid #e5e5e5;\" data-selenium=\"specsItemGroupTableRow\">\n<td class=\"label_KqJ3Q3GPKv\" style=\"box-sizing: inherit; outline: none; border-top: none; padding: 1.25rem 0px; width: 355.922px; color: #666666; font-size: 1.125rem; line-height: 1.375rem; vertical-align: baseline;\" data-selenium=\"specsItemGroupTableColumnLabel\">Rosetones<\/td>\n<td class=\"value_KqJ3Q3GPKv\" style=\"box-sizing: inherit; outline: none; color: #666666; font-size: 1.125rem; line-height: 1.375rem; vertical-align: baseline; padding: 1.25rem 0px 1.25rem 2.5rem;\" data-selenium=\"specsItemGroupTableColumnValue\">\n<div class=\"expandableValue_KqJ3Q3GPKv\" style=\"box-sizing: inherit; outline: none;\">No<\/div>\n<\/td>\n<\/tr>\n<tr class=\"pair_KqJ3Q3GPKv\" style=\"box-sizing: inherit; outline: none; border-bottom: 0.0625rem solid #e5e5e5;\" data-selenium=\"specsItemGroupTableRow\">\n<td class=\"label_KqJ3Q3GPKv\" style=\"box-sizing: inherit; outline: none; border-top: none; padding: 1.25rem 0px; width: 355.922px; color: #666666; font-size: 1.125rem; line-height: 1.375rem; vertical-align: baseline;\" data-selenium=\"specsItemGroupTableColumnLabel\">Montura<\/td>\n<td class=\"value_KqJ3Q3GPKv\" style=\"box-sizing: inherit; outline: none; color: #666666; font-size: 1.125rem; line-height: 1.375rem; vertical-align: baseline; padding: 1.25rem 0px 1.25rem 2.5rem;\" data-selenium=\"specsItemGroupTableColumnValue\">\n<div class=\"expandableValue_KqJ3Q3GPKv\" style=\"box-sizing: inherit; outline: none;\"><span style=\"box-sizing: inherit; font-weight: bolder; outline: none;\"><span style=\"box-sizing: inherit; outline: none; vertical-align: inherit;\"><span style=\"box-sizing: inherit; outline: none; vertical-align: inherit;\">1 x<\/span><\/span><span style=\"box-sizing: inherit; outline: none; vertical-align: inherit;\"> abrazadera de riel NATO<\/span><\/span><\/div>\n<\/td>\n<\/tr>\n<\/tbody>\n<\/table>\n<\/div>\n<div class=\"group_fDXOr6EpR9\" style=\"box-sizing: inherit; outline: none; margin-bottom: 2.1875rem;\">\n<div class=\"name_fDXOr6EpR9\" style=\"box-sizing: inherit; outline: none; border-bottom: 0.125rem solid #cccccc; color: #3f9a59; font-size: 2rem; line-height: 2rem; padding: 1rem 0px 0.875rem;\" data-selenium=\"specsItemGroupName\"><strong><span style=\"box-sizing: inherit; outline: none; vertical-align: inherit;\">Generalmente<\/strong><\/span><\/div>\n<table class=\"table_fDXOr6EpR9\" style=\"box-sizing: inherit; outline: none; width: 936.656px;\" data-selenium=\"specsItemGroupTable\">\n<tbody style=\"box-sizing: inherit; outline: none;\">\n<tr class=\"pair_KqJ3Q3GPKv\" style=\"box-sizing: inherit; outline: none; border-bottom: 0.0625rem solid #e5e5e5;\" data-selenium=\"specsItemGroupTableRow\">\n<td class=\"label_KqJ3Q3GPKv \" style=\"box-sizing: inherit; outline: none; border-top: none; padding: 1.25rem 0px; width: 355.922px; color: #666666; font-size: 1.125rem; line-height: 1.375rem; vertical-align: baseline;\" data-selenium=\"specsItemGroupTableColumnLabel\">Capacidad de carga<\/td>\n<td class=\"value_KqJ3Q3GPKv \" style=\"box-sizing: inherit; outline: none; color: #666666; font-size: 1.125rem; line-height: 1.375rem; vertical-align: baseline; padding: 1.25rem 0px 1.25rem 2.5rem;\" data-selenium=\"specsItemGroupTableColumnValue\">\n<div class=\"expandableValue_KqJ3Q3GPKv\" style=\"box-sizing: inherit; outline: none;\">12 kg<\/div>\n<\/td>\n<\/tr>\n<tr class=\"pair_KqJ3Q3GPKv\" style=\"box-sizing: inherit; outline: none; border-bottom: 0.0625rem solid #e5e5e5;\" data-selenium=\"specsItemGroupTableRow\">\n<td class=\"label_KqJ3Q3GPKv\" style=\"box-sizing: inherit; outline: none; border-top: none; padding: 1.25rem 0px; width: 355.922px; color: #666666; font-size: 1.125rem; line-height: 1.375rem; vertical-align: baseline;\" data-selenium=\"specsItemGroupTableColumnLabel\">Materiales<\/td>\n<td class=\"value_KqJ3Q3GPKv\" style=\"box-sizing: inherit; outline: none; color: #666666; font-size: 1.125rem; line-height: 1.375rem; vertical-align: baseline; padding: 1.25rem 0px 1.25rem 2.5rem;\" data-selenium=\"specsItemGroupTableColumnValue\">\n<div class=\"expandableValue_KqJ3Q3GPKv\" style=\"box-sizing: inherit; outline: none;\">Aluminio<\/div>\n<\/td>\n<\/tr>\n<tr class=\"pair_KqJ3Q3GPKv\" style=\"box-sizing: inherit; outline: none; border-bottom: 0.0625rem solid #e5e5e5;\" data-selenium=\"specsItemGroupTableRow\">\n<td class=\"label_KqJ3Q3GPKv\" style=\"box-sizing: inherit; outline: none; border-top: none; padding: 1.25rem 0px; width: 355.922px; color: #666666; font-size: 1.125rem; line-height: 1.375rem; vertical-align: baseline;\" data-selenium=\"specsItemGroupTableColumnLabel\">Dimensiones<\/td>\n<td class=\"value_KqJ3Q3GPKv\" style=\"box-sizing: inherit; outline: none; color: #666666; font-size: 1.125rem; line-height: 1.375rem; vertical-align: baseline; padding: 1.25rem 0px 1.25rem 2.5rem;\" data-selenium=\"specsItemGroupTableColumnValue\">\n<div class=\"expandableValue_KqJ3Q3GPKv\" style=\"box-sizing: inherit; outline: none;\">134 x 78 x 31,6 mil\u00edmetros<\/div>\n<\/td>\n<\/tr>\n<tr class=\"pair_KqJ3Q3GPKv\" style=\"box-sizing: inherit; outline: none; border-bottom: 0.0625rem solid #e5e5e5;\" data-selenium=\"specsItemGroupTableRow\">\n<td class=\"label_KqJ3Q3GPKv\" style=\"box-sizing: inherit; outline: none; border-top: none; padding: 1.25rem 0px; width: 355.922px; color: #666666; font-size: 1.125rem; line-height: 1.375rem; vertical-align: baseline;\" data-selenium=\"specsItemGroupTableColumnLabel\">Peso<\/td>\n<td class=\"value_KqJ3Q3GPKv\" style=\"box-sizing: inherit; outline: none; color: #666666; font-size: 1.125rem; line-height: 1.375rem; vertical-align: baseline; padding: 1.25rem 0px 1.25rem 2.5rem;\" data-selenium=\"specsItemGroupTableColumnValue\">\n<div class=\"expandableValue_KqJ3Q3GPKv\" style=\"box-sizing: inherit; outline: none;\">170 gramos<\/div>\n<\/td>\n<\/tr>\n<\/tbody>\n<\/table>\n<\/div>\n<div class=\"group_fDXOr6EpR9\" style=\"box-sizing: inherit; outline: none; margin-bottom: 2.1875rem;\">\n<div class=\"name_fDXOr6EpR9\" style=\"box-sizing: inherit; outline: none; border-bottom: 0.125rem solid #cccccc; color: #3f9a59; font-size: 2rem; line-height: 2rem; padding: 1rem 0px 0.875rem;\" data-selenium=\"specsItemGroupName\"><strong><span style=\"box-sizing: inherit; outline: none; vertical-align: inherit;\">Informaci\u00f3n de embalaje<\/strong><\/span><\/div>\n<table class=\"table_fDXOr6EpR9\" style=\"box-sizing: inherit; outline: none; width: 936.656px;\" data-selenium=\"specsItemGroupTable\">\n<tbody style=\"box-sizing: inherit; outline: none;\">\n<tr class=\"pair_KqJ3Q3GPKv\" style=\"box-sizing: inherit; outline: none; border-bottom: 0.0625rem solid #e5e5e5;\" data-selenium=\"specsItemGroupTableRow\">\n<td class=\"label_KqJ3Q3GPKv \" style=\"box-sizing: inherit; outline: none; border-top: none; padding: 1.25rem 0px; width: 355.922px; color: #666666; font-size: 1.125rem; line-height: 1.375rem; vertical-align: baseline;\" data-selenium=\"specsItemGroupTableColumnLabel\">Peso del paquete<\/td>\n<td class=\"value_KqJ3Q3GPKv \" style=\"box-sizing: inherit; outline: none; color: #666666; font-size: 1.125rem; line-height: 1.375rem; vertical-align: baseline; padding: 1.25rem 0px 1.25rem 2.5rem;\" data-selenium=\"specsItemGroupTableColumnValue\">\n<div class=\"expandableValue_KqJ3Q3GPKv\" style=\"box-sizing: inherit; outline: none;\">0,231 gramos<\/div>\n<\/td>\n<\/tr>\n<tr class=\"pair_KqJ3Q3GPKv\" style=\"box-sizing: inherit; outline: none; border-bottom: 0.0625rem solid #e5e5e5;\" data-selenium=\"specsItemGroupTableRow\">\n<td class=\"label_KqJ3Q3GPKv\" style=\"box-sizing: inherit; outline: none; border-top: none; padding: 1.25rem 0px; width: 355.922px; color: #666666; font-size: 1.125rem; line-height: 1.375rem; vertical-align: baseline;\" data-selenium=\"specsItemGroupTableColumnLabel\">Dimensiones de la caja (LxAxA)<\/td>\n<td class=\"value_KqJ3Q3GPKv\" style=\"box-sizing: inherit; outline: none; color: #666666; font-size: 1.125rem; line-height: 1.375rem; vertical-align: baseline; padding: 1.25rem 0px 1.25rem 2.5rem;\" data-selenium=\"specsItemGroupTableColumnValue\">\n<div class=\"expandableValue_KqJ3Q3GPKv\" style=\"box-sizing: inherit; outline: none;\">18,1 x 11,7 x 3,81 cm<\/div>\n<\/td>\n<\/tr>\n<\/tbody>\n<\/table>\n<\/div>\n<\/div>\n<\/div>\n<aside class=\"rightNavbar_PCPNqBQRJv\" style=\"box-sizing: inherit; outline: none; margin-top: 8.3125rem; min-width: 15.625rem; width: 327.5px;\">\n<\/aside>\n","protected":false},"excerpt":{"rendered":"<p>SMALLRIG 4175 Quick Fit Empu\u00f1adura superior NATO Funciones: Empu\u00f1adura superior para la jaula de la c\u00e1mara Abrazadera de cierre r\u00e1pido<\/p>\n","protected":false},"featured_media":67780,"comment_status":"closed","ping_status":"open","template":"","meta":{"_acf_changed":false},"product_brand":[2550],"product_cat":[1108],"product_tag":[],"class_list":{"0":"post-75367","1":"product","2":"type-product","3":"status-publish","4":"has-post-thumbnail","6":"product_brand-smallrig-es","7":"product_cat-empunaduras-cages","9":"first","10":"onbackorder","11":"taxable","12":"shipping-taxable","13":"purchasable","14":"product-type-simple"},"bundled_by":[],"bundle_stock_status":"onbackorder","bundle_stock_quantity":0,"bundle_virtual":false,"bundle_layout":"","bundle_add_to_cart_form_location":"","bundle_editable_in_cart":false,"bundle_sold_individually_context":"","bundle_item_grouping":"","bundle_min_size":"","bundle_max_size":"","bundle_price":[],"bundled_items":[],"bundle_sell_ids":[],"acf":[],"_links":{"self":[{"href":"https:\/\/hi-techwonder.com\/es\/wp-json\/wp\/v2\/product\/75367","targetHints":{"allow":["GET"]}}],"collection":[{"href":"https:\/\/hi-techwonder.com\/es\/wp-json\/wp\/v2\/product"}],"about":[{"href":"https:\/\/hi-techwonder.com\/es\/wp-json\/wp\/v2\/types\/product"}],"replies":[{"embeddable":true,"href":"https:\/\/hi-techwonder.com\/es\/wp-json\/wp\/v2\/comments?post=75367"}],"wp:featuredmedia":[{"embeddable":true,"href":"https:\/\/hi-techwonder.com\/es\/wp-json\/wp\/v2\/media\/67780"}],"wp:attachment":[{"href":"https:\/\/hi-techwonder.com\/es\/wp-json\/wp\/v2\/media?parent=75367"}],"wp:term":[{"taxonomy":"product_brand","embeddable":true,"href":"https:\/\/hi-techwonder.com\/es\/wp-json\/wp\/v2\/product_brand?post=75367"},{"taxonomy":"product_cat","embeddable":true,"href":"https:\/\/hi-techwonder.com\/es\/wp-json\/wp\/v2\/product_cat?post=75367"},{"taxonomy":"product_tag","embeddable":true,"href":"https:\/\/hi-techwonder.com\/es\/wp-json\/wp\/v2\/product_tag?post=75367"}],"curies":[{"name":"wp","href":"https:\/\/api.w.org\/{rel}","templated":true}]}}