{"id":75368,"date":"2025-07-29T10:47:12","date_gmt":"2025-07-29T10:47:12","guid":{"rendered":"https:\/\/fv6qoy3ls0.wpdns.site\/product\/smallrig-4161-armazon-black-mamba-para-canon-eos-r6-mark-ii\/"},"modified":"2025-07-29T10:47:12","modified_gmt":"2025-07-29T10:47:12","slug":"smallrig-4161-armazon-black-mamba-para-canon-eos-r6-mark-ii","status":"publish","type":"product","link":"https:\/\/hi-techwonder.com\/es\/producto\/smallrig-4161-armazon-black-mamba-para-canon-eos-r6-mark-ii\/","title":{"rendered":"SMALLRIG 4161 Armaz\u00f3n \u00abBlack Mamba\u00bb para Canon EOS R6 Mark II"},"content":{"rendered":"<p><strong>SMALLRIG 4161 Armaz\u00f3n \u00abBlack Mamba\u00bb para Canon EOS R6 Mark II<\/strong><\/p>\n<p><strong>Funciones:<\/strong><\/p>\n<ul>\n<li>Adapta el dise\u00f1o bi\u00f3nico y ofrece acceso completo al bot\u00f3n superior; La jaula completa aerodin\u00e1mica viene con almohadillas redondeadas para proteger la c\u00e1mara.<\/li>\n<li>Tiene m\u00faltiples puntos de montaje como orificio roscado de 1\/4&#8243;-20 y 3\/8&#8243;-16, orificio de ubicaci\u00f3n ARRI de 3\/8&#8243;-16; soporte de zapata fr\u00eda, orificio para correa de hombro y mu\u00f1eca, soporte QD para sujetar la correa, micr\u00f3fono, luz de video LED, monitor, correa para el hombro y la mu\u00f1eca, etc.<\/li>\n<li>Cuenta con una placa de liberaci\u00f3n r\u00e1pida Arca-Swiss incorporada para cardanes DJI RS 2 \/ RSC 2 \/ RS 3 \/ RS 3 Pro o tr\u00edpodes tipo Arca.<\/li>\n<li>Dise\u00f1o de bloqueo de tres puntos antitorsi\u00f3n.<\/li>\n<li>Llave incorporada para un f\u00e1cil montaje y liberaci\u00f3n.<\/li>\n<\/ul>\n<p><strong>Contenido del paquete:<\/strong><\/p>\n<ul>\n<li>1 x Jaula \u00abBlack Mamba\u00bb para Canon EOS R6 Mark II<\/li>\n<li>1 x Destornillador doble.<\/li>\n<\/ul>\n<p style=\"text-align: justify;\">El armaz\u00f3n de c\u00e1mara SmallRig \u00abBlack Mamba\u00bb para Canon EOS R6 Mark II 4161 est\u00e1 dise\u00f1ado para proteger la c\u00e1mara y conectar accesorios. Bloquea la Canon EOS R6 Mark II mediante un tornillo inferior de 1\/4&#8243;-20 y dos adaptadores de bloqueo laterales, con almohadillas de goma que evitan ara\u00f1azos. Con un dise\u00f1o \u00abBlack Mamba\u00bb, esta jaula tiene acceso completo a todos los botones de la c\u00e1mara y varias opciones de montaje. Entre ellos, el orificio de localizaci\u00f3n ARRI de 3\/8&#8243;-16 admite el mango superior 3765\/2165C y el soporte para monitor 2903B; Los orificios roscados de 1\/4&#8243;-20 encajan con el mango lateral 4016; el soporte de zapata fr\u00eda incorporado contiene micr\u00f3fono, luz de video LED; y los orificios para el hombro y la correa para la mu\u00f1eca funcionan con la correa de mano 3848 o la correa PSC2428 para el hombro. Hay una placa de liberaci\u00f3n r\u00e1pida Arca-Swiss integrada en la parte inferior para cardanes DJI RS 2 \/ RSC 2 \/ RS 3 \/ RS 3 Pro o tr\u00edpodes tipo Arca para cambiar r\u00e1pidamente entre los modos port\u00e1til, card\u00e1n y tr\u00edpode, as\u00ed como una montura QD para una hebilla de correa para el hombro de liberaci\u00f3n r\u00e1pida. Adem\u00e1s, se incluye un destornillador doble para facilitar el montaje y desmontaje.   <\/p>\n<p><strong>Caracter\u00edsticas t\u00e9cnicas:<\/strong><\/p>\n<ul>\n<li>Compatibilidad: Canon EOS R6 Mark II<\/li>\n<li>Dimensiones del producto: 153 x 73,9 x 114,5 mm<\/li>\n<li>Dimensiones del paquete: 184 x 130 x 76 mm<\/li>\n<li>Peso del producto: 158 g \u00b1 5 g<\/li>\n<li>Peso del paquete: 238 g<\/li>\n<li>Material(es): Aleaci\u00f3n de aluminio<\/li>\n<\/ul>\n","protected":false},"excerpt":{"rendered":"<p>SMALLRIG 4161 Armaz\u00f3n \u00abBlack Mamba\u00bb para Canon EOS R6 Mark II Funciones: Adapta el dise\u00f1o bi\u00f3nico y ofrece acceso completo<\/p>\n","protected":false},"featured_media":67442,"comment_status":"closed","ping_status":"open","template":"","meta":{"_acf_changed":false},"product_brand":[2550],"product_cat":[1105],"product_tag":[],"class_list":{"0":"post-75368","1":"product","2":"type-product","3":"status-publish","4":"has-post-thumbnail","6":"product_brand-smallrig-es","7":"product_cat-cages-cages-es","9":"first","10":"onbackorder","11":"taxable","12":"shipping-taxable","13":"purchasable","14":"product-type-simple"},"bundled_by":[],"bundle_stock_status":"onbackorder","bundle_stock_quantity":0,"bundle_virtual":false,"bundle_layout":"","bundle_add_to_cart_form_location":"","bundle_editable_in_cart":false,"bundle_sold_individually_context":"","bundle_item_grouping":"","bundle_min_size":"","bundle_max_size":"","bundle_price":[],"bundled_items":[],"bundle_sell_ids":[],"acf":[],"_links":{"self":[{"href":"https:\/\/hi-techwonder.com\/es\/wp-json\/wp\/v2\/product\/75368","targetHints":{"allow":["GET"]}}],"collection":[{"href":"https:\/\/hi-techwonder.com\/es\/wp-json\/wp\/v2\/product"}],"about":[{"href":"https:\/\/hi-techwonder.com\/es\/wp-json\/wp\/v2\/types\/product"}],"replies":[{"embeddable":true,"href":"https:\/\/hi-techwonder.com\/es\/wp-json\/wp\/v2\/comments?post=75368"}],"wp:featuredmedia":[{"embeddable":true,"href":"https:\/\/hi-techwonder.com\/es\/wp-json\/wp\/v2\/media\/67442"}],"wp:attachment":[{"href":"https:\/\/hi-techwonder.com\/es\/wp-json\/wp\/v2\/media?parent=75368"}],"wp:term":[{"taxonomy":"product_brand","embeddable":true,"href":"https:\/\/hi-techwonder.com\/es\/wp-json\/wp\/v2\/product_brand?post=75368"},{"taxonomy":"product_cat","embeddable":true,"href":"https:\/\/hi-techwonder.com\/es\/wp-json\/wp\/v2\/product_cat?post=75368"},{"taxonomy":"product_tag","embeddable":true,"href":"https:\/\/hi-techwonder.com\/es\/wp-json\/wp\/v2\/product_tag?post=75368"}],"curies":[{"name":"wp","href":"https:\/\/api.w.org\/{rel}","templated":true}]}}