{"id":75372,"date":"2025-07-29T10:28:13","date_gmt":"2025-07-29T10:28:13","guid":{"rendered":"https:\/\/fv6qoy3ls0.wpdns.site\/product\/smallrig-4122-soporte-de-camara-de-4-con-ventosa\/"},"modified":"2025-11-20T17:21:23","modified_gmt":"2025-11-20T17:21:23","slug":"smallrig-4122-soporte-de-camara-de-4-con-ventosa","status":"publish","type":"product","link":"https:\/\/hi-techwonder.com\/es\/producto\/smallrig-4122-soporte-de-camara-de-4-con-ventosa\/","title":{"rendered":"SMALLRIG 4122 Soporte de c\u00e1mara de 4&#8243; con ventosa"},"content":{"rendered":"<p><strong>SMALLRIG <\/strong><strong>4122 Soporte de ventosa SmallRig de 4&#8243; para c\u00e1maras<\/strong><\/p>\n<p>El soporte para c\u00e1mara con ventosa SmallRig 4122 de 4&#8243; consta de un soporte de ventosa, ventosa, bomba manual y cubierta antipolvo. El soporte de ventosa, hecho principalmente de NBR robusto y resistente al desgaste, puede funcionar de -20 \u00b0 C a 60 \u00b0 C.  No es f\u00e1cil de deformar y tiene una excelente estanqueidad, adecuada para superficies limpias, secas y lisas. Con su potente potencia de succi\u00f3n, tiene una potencia de succi\u00f3n horizontal m\u00e1xima de 50 kg y una potencia de succi\u00f3n vertical m\u00e1xima de 35 kg. El soporte de ventosa de aleaci\u00f3n de aluminio cuenta con puntos de montaje para accesorios como orificios roscados de 1\/4&#8243;-20, orificios roscados de 3\/8&#8243;-16 y orificios de montaje ARRI de 3\/8&#8243;-16 para montar 3757, 3873, 3874, 3875, 2906B, 2070B, 2115C, etc. Se bombea y bloquea manualmente, con un indicador de l\u00ednea de seguridad para garantizar la seguridad y la confiabilidad. Cuando no est\u00e9 en uso, coloque la cubierta antipolvo para una mayor longevidad del producto. Ensamble en las superficies recomendadas (limpias, secas y lisas) y verifique cada cuatro horas.       <\/p>\n<p><strong>Funciones:<\/strong><\/p>\n<ul>\n<li>Tiene una potente succi\u00f3n que dura 24 horas; cargable hasta 50 kg;<\/li>\n<li>M\u00faltiples puntos de montaje para accesorios, incluyendo agujeros roscados de 1\/4&#8243;-20 y agujeros de montaje ARRI de 3\/8&#8243;-16.<\/li>\n<\/ul>\n<p><strong>Especificaciones t\u00e9cnicas:<\/strong><\/p>\n<ul>\n<li>Dimensiones: 139,6 x 105,8 x 50,2 mm<\/li>\n<li>Peso: alrededor de 270 g<\/li>\n<li>Material: aleaci\u00f3n de aluminio, NBR, ABS, acero inoxidable<\/li>\n<\/ul>\n<p><strong>Contenido del paquete:<\/strong><\/p>\n<ul>\n<li>1 x Soporte de c\u00e1mara con ventosa de 4&#8243;<\/li>\n<\/ul>\n","protected":false},"excerpt":{"rendered":"<p>SMALLRIG 4122 Soporte de ventosa SmallRig de 4&#8243; para c\u00e1maras El soporte para c\u00e1mara con ventosa SmallRig 4122 de 4&#8243;<\/p>\n","protected":false},"featured_media":63790,"comment_status":"closed","ping_status":"open","template":"","meta":{"_acf_changed":false},"product_brand":[2550],"product_cat":[1084],"product_tag":[],"class_list":{"0":"post-75372","1":"product","2":"type-product","3":"status-publish","4":"has-post-thumbnail","6":"product_brand-smallrig-es","7":"product_cat-ventosas-es","9":"first","10":"onbackorder","11":"taxable","12":"shipping-taxable","13":"purchasable","14":"product-type-simple"},"bundled_by":[],"bundle_stock_status":"onbackorder","bundle_stock_quantity":null,"bundle_virtual":false,"bundle_layout":"","bundle_add_to_cart_form_location":"","bundle_editable_in_cart":false,"bundle_sold_individually_context":"","bundle_item_grouping":"","bundle_min_size":"","bundle_max_size":"","bundle_price":[],"bundled_items":[],"bundle_sell_ids":[],"acf":[],"_links":{"self":[{"href":"https:\/\/hi-techwonder.com\/es\/wp-json\/wp\/v2\/product\/75372","targetHints":{"allow":["GET"]}}],"collection":[{"href":"https:\/\/hi-techwonder.com\/es\/wp-json\/wp\/v2\/product"}],"about":[{"href":"https:\/\/hi-techwonder.com\/es\/wp-json\/wp\/v2\/types\/product"}],"replies":[{"embeddable":true,"href":"https:\/\/hi-techwonder.com\/es\/wp-json\/wp\/v2\/comments?post=75372"}],"wp:featuredmedia":[{"embeddable":true,"href":"https:\/\/hi-techwonder.com\/es\/wp-json\/wp\/v2\/media\/63790"}],"wp:attachment":[{"href":"https:\/\/hi-techwonder.com\/es\/wp-json\/wp\/v2\/media?parent=75372"}],"wp:term":[{"taxonomy":"product_brand","embeddable":true,"href":"https:\/\/hi-techwonder.com\/es\/wp-json\/wp\/v2\/product_brand?post=75372"},{"taxonomy":"product_cat","embeddable":true,"href":"https:\/\/hi-techwonder.com\/es\/wp-json\/wp\/v2\/product_cat?post=75372"},{"taxonomy":"product_tag","embeddable":true,"href":"https:\/\/hi-techwonder.com\/es\/wp-json\/wp\/v2\/product_tag?post=75372"}],"curies":[{"name":"wp","href":"https:\/\/api.w.org\/{rel}","templated":true}]}}