{"id":75373,"date":"2025-07-29T10:46:41","date_gmt":"2025-07-29T10:46:41","guid":{"rendered":"https:\/\/fv6qoy3ls0.wpdns.site\/product\/jaula-smallrig-4022-para-panasonic-lumix-s5-ii-s5-iix\/"},"modified":"2026-01-31T01:27:27","modified_gmt":"2026-01-31T01:27:27","slug":"smallrig-jaula-smallrig-4022-para-panasonic-lumix-s5-ii-s5-iix","status":"publish","type":"product","link":"https:\/\/hi-techwonder.com\/es\/producto\/smallrig-jaula-smallrig-4022-para-panasonic-lumix-s5-ii-s5-iix\/","title":{"rendered":"Jaula SMALLRIG 4022 para Panasonic LUMIX S5 II \/ S5 IIX"},"content":{"rendered":"<p><strong>Jaula SMALLRIG 4022 para Panasonic LUMIX S5 II \/ S5 IIX<\/strong><\/p>\n<p><strong>Funciones:<\/strong><\/p>\n<ul>\n<li>Acceso sin restricciones a controles y puertos<\/li>\n<li>2 x ra\u00edles NATO, 2 x soportes de zapata<\/li>\n<li>Roscas para accesorios de 1\/4&#8243;-20 y 3\/8&#8243;-16&#8243;<\/li>\n<li>Base de liberaci\u00f3n r\u00e1pida tipo Arca<\/li>\n<\/ul>\n<p><strong>Qu\u00e9 hay en la caja:<\/strong><\/p>\n<ul>\n<li>Armaz\u00f3n de c\u00e1mara SmallRig para Panasonic Lumix S5 II y S5 IIX<\/li>\n<li>Tornillo de c\u00e1mara de 1\/4&#8243;-20<\/li>\n<\/ul>\n<p>Ampl\u00eda las capacidades de tu c\u00e1mara mirrorless Panasonic Lumix S5 II o S5 IIX con el Camera Cage. Dise\u00f1ado para montarse de forma segura en el cuerpo de la c\u00e1mara, proporciona un marco protector para conectar todo tipo de accesorios a trav\u00e9s de sus roscas de 1\/4&#8243;-20 y 3\/8&#8243;-16, dos rieles NATO en la parte superior y lateral, y dos soportes de zapata. Su dise\u00f1o de bloqueo de tres puntos evita que la c\u00e1mara se mueva o gire dentro del armaz\u00f3n.  <\/p>\n<p>Los cambios instant\u00e1neos de un tr\u00edpode a un card\u00e1n motorizado o una plataforma de hombro ocurren a trav\u00e9s de la base de liberaci\u00f3n r\u00e1pida Arca incorporada, y tambi\u00e9n puede utilizar el z\u00f3calo QD, as\u00ed como cables de 1\/4&#8243;-20 y 3\/8&#8243;-16 en la parte inferior. El armaz\u00f3n de aluminio liviano y duradero est\u00e1 dise\u00f1ado teniendo en cuenta la ergonom\u00eda, lo que permite grabaciones durante todo el d\u00eda. <\/p>\n<p><strong>Compatible con:<\/strong><\/p>\n<ul>\n<li>Panasonic LUMIX S5 II<\/li>\n<li>Panasonic LUMIX S5 IIX<\/li>\n<\/ul>\n<p><strong>Expansibilidad<\/strong><\/p>\n<p>El S5 II y el S5 IIX alcanzan su m\u00e1ximo potencial cuando se combinan con una variedad de monitores, bater\u00edas m\u00e1s grandes, parasoles, etc. (disponibles por separado). Est\u00e1n asegurados a trav\u00e9s de roscas de 1\/4&#8243;-20 y 3\/8&#8243;-16, los dos rieles NATO y dos soportes de zapata, as\u00ed como el puerto QD y las ranuras para manijas. <\/p>\n<p><strong>Conexiones seguras<\/strong><\/p>\n<p>La base de liberaci\u00f3n r\u00e1pida Arca mantiene su equipo en su lugar de forma segura cuando lo necesita, pero no causa un retraso cuando necesita cambiar los soportes de la c\u00e1mara. Un m\u00e9todo de bloqueo antitorsi\u00f3n de tres puntos, que incluye un interruptor magn\u00e9tico de c\u00e1mara incorporado, mantiene la lente apuntando hacia abajo. <\/p>\n<p><strong>Caracter\u00edsticas t\u00e9cnicas:<\/strong><\/p>\n<div class=\"group_fDXOr6EpR9\" style=\"margin-bottom: 2.1875rem;font-family: OpenSans, 'Segoe UI', Helvetica, Roboto, Arial, sans-serif;font-size: 16px;background-color: #ffffff\">\n<table class=\"table_fDXOr6EpR9\" style=\"width: 982.5px\" data-selenium=\"specsItemGroupTable\">\n<tbody>\n<tr class=\"pair_fDXOr6EpR9\" style=\"border-bottom: 0.0625rem solid #e7e7e7\" data-selenium=\"specsItemGroupTableRow\">\n<td class=\"label_fDXOr6EpR9 firstSpecWhenNoGroupName_fDXOr6EpR9\" style=\"border-top: none;padding: 0px 0px 1.25rem;width: 373.333px;color: #666666;font-size: 1.125rem;line-height: 1.375rem;vertical-align: baseline\" data-selenium=\"specsItemGroupTableColumnLabel\"><span style=\"vertical-align: inherit\">Tipo de medio<\/span><\/td>\n<td class=\"value_fDXOr6EpR9 firstSpecWhenNoGroupName_fDXOr6EpR9\" style=\"color: #666666;font-size: 1.125rem;line-height: 1.375rem;vertical-align: baseline;padding: 0px 0px 1.25rem 2.5rem\" data-selenium=\"specsItemGroupTableColumnValue\">Jaula<\/td>\n<\/tr>\n<tr class=\"pair_fDXOr6EpR9\" style=\"border-bottom: 0.0625rem solid #e7e7e7\" data-selenium=\"specsItemGroupTableRow\">\n<td class=\"label_fDXOr6EpR9\" style=\"border-top: none;padding: 1.25rem 0px;width: 373.333px;color: #666666;font-size: 1.125rem;line-height: 1.375rem;vertical-align: baseline\" data-selenium=\"specsItemGroupTableColumnLabel\"><span style=\"vertical-align: inherit\">Tipo de agarre<\/span><\/td>\n<td class=\"value_fDXOr6EpR9\" style=\"color: #666666;font-size: 1.125rem;line-height: 1.375rem;vertical-align: baseline;padding: 1.25rem 0px 1.25rem 2.5rem\" data-selenium=\"specsItemGroupTableColumnValue\"><em>Ninguno<\/em><\/td>\n<\/tr>\n<tr class=\"pair_fDXOr6EpR9\" style=\"border-bottom: 0.0625rem solid #e7e7e7\" data-selenium=\"specsItemGroupTableRow\">\n<td class=\"label_fDXOr6EpR9\" style=\"border-top: none;padding: 1.25rem 0px;width: 373.333px;color: #666666;font-size: 1.125rem;line-height: 1.375rem;vertical-align: baseline\" data-selenium=\"specsItemGroupTableColumnLabel\"><span style=\"vertical-align: inherit\">Compatibilidad de la c\u00e1mara<\/span><\/td>\n<td class=\"value_fDXOr6EpR9\" style=\"color: #666666;font-size: 1.125rem;line-height: 1.375rem;vertical-align: baseline;padding: 1.25rem 0px 1.25rem 2.5rem\" data-selenium=\"specsItemGroupTableColumnValue\">Panasonic DC-S5 II, Panasonic DC-S5 IIX<\/td>\n<\/tr>\n<\/tbody>\n<\/table>\n<\/div>\n<div class=\"group_fDXOr6EpR9\" style=\"margin-bottom: 2.1875rem;font-family: OpenSans, 'Segoe UI', Helvetica, Roboto, Arial, sans-serif;font-size: 16px;background-color: #ffffff\">\n<div class=\"name_fDXOr6EpR9\" style=\"border-bottom: 0.125rem solid #cdcdcd;color: #769e2d;font-size: 2rem;line-height: 2rem;padding: 1rem 0px 0.875rem\" data-selenium=\"specsItemGroupName\"><span style=\"vertical-align: inherit\">Montura<\/span><\/div>\n<table class=\"table_fDXOr6EpR9\" style=\"width: 982.5px\" data-selenium=\"specsItemGroupTable\">\n<tbody>\n<tr class=\"pair_fDXOr6EpR9\" style=\"border-bottom: 0.0625rem solid #e7e7e7\" data-selenium=\"specsItemGroupTableRow\">\n<td class=\"label_fDXOr6EpR9 \" style=\"border-top: none;padding: 1.25rem 0px;width: 373.333px;color: #666666;font-size: 1.125rem;line-height: 1.375rem;vertical-align: baseline\" data-selenium=\"specsItemGroupTableColumnLabel\"><span style=\"vertical-align: inherit\">Potencia<\/span><\/td>\n<p> est\u00e1ndar<\/p>\n<td class=\"value_fDXOr6EpR9 \" style=\"color: #666666;font-size: 1.125rem;line-height: 1.375rem;vertical-align: baseline;padding: 1.25rem 0px 1.25rem 2.5rem\" data-selenium=\"specsItemGroupTableColumnValue\">No especificado por el fabricante<\/td>\n<\/tr>\n<tr class=\"pair_fDXOr6EpR9\" style=\"border-bottom: 0.0625rem solid #e7e7e7\" data-selenium=\"specsItemGroupTableRow\">\n<td class=\"label_fDXOr6EpR9\" style=\"border-top: none;padding: 1.25rem 0px;width: 373.333px;color: #666666;font-size: 1.125rem;line-height: 1.375rem;vertical-align: baseline\" data-selenium=\"specsItemGroupTableColumnLabel\"><span style=\"vertical-align: inherit\">Tipo de placa<\/span><\/td>\n<p> de bater\u00eda<\/p>\n<td class=\"value_fDXOr6EpR9\" style=\"color: #666666;font-size: 1.125rem;line-height: 1.375rem;vertical-align: baseline;padding: 1.25rem 0px 1.25rem 2.5rem\" data-selenium=\"specsItemGroupTableColumnValue\"><em>Ninguno<\/em><\/td>\n<\/tr>\n<tr class=\"pair_fDXOr6EpR9\" style=\"border-bottom: 0.0625rem solid #e7e7e7\" data-selenium=\"specsItemGroupTableRow\">\n<td class=\"label_fDXOr6EpR9\" style=\"border-top: none;padding: 1.25rem 0px;width: 373.333px;color: #666666;font-size: 1.125rem;line-height: 1.375rem;vertical-align: baseline\" data-selenium=\"specsItemGroupTableColumnLabel\"><span style=\"vertical-align: inherit\">Accesorios<\/span><\/td>\n<p> de montaje<\/p>\n<td class=\"value_fDXOr6EpR9\" style=\"color: #666666;font-size: 1.125rem;line-height: 1.375rem;vertical-align: baseline;padding: 1.25rem 0px 1.25rem 2.5rem\" data-selenium=\"specsItemGroupTableColumnValue\"><span style=\"font-weight: bolder\"><span style=\"vertical-align: inherit\"><span style=\"vertical-align: inherit\">Jaula: <\/span><\/span><span style=\"vertical-align: inherit\"><span style=\"vertical-align: inherit\">M\u00faltiple x<\/span><\/span><span style=\"vertical-align: inherit\"> Rosca hembra de 1\/4&#8243;-20, M\u00faltiple x Rosca hembra de 3\/8&#8243;-16, 1 x QD (Extracci\u00f3n r\u00e1pida)<\/span><\/span><\/td>\n<\/tr>\n<tr class=\"pair_fDXOr6EpR9\" style=\"border-bottom: 0.0625rem solid #e7e7e7\" data-selenium=\"specsItemGroupTableRow\">\n<td class=\"label_fDXOr6EpR9\" style=\"border-top: none;padding: 1.25rem 0px;width: 373.333px;color: #666666;font-size: 1.125rem;line-height: 1.375rem;vertical-align: baseline\" data-selenium=\"specsItemGroupTableColumnLabel\"><span style=\"vertical-align: inherit\">Soporte de<\/span><\/td>\n<p> c\u00e1mara<\/p>\n<td class=\"value_fDXOr6EpR9\" style=\"color: #666666;font-size: 1.125rem;line-height: 1.375rem;vertical-align: baseline;padding: 1.25rem 0px 1.25rem 2.5rem\" data-selenium=\"specsItemGroupTableColumnValue\">Placa tipo Arca con tornillo macho 1\/4&#8243;-20<\/td>\n<\/tr>\n<tr class=\"pair_fDXOr6EpR9\" style=\"border-bottom: 0.0625rem solid #e7e7e7\" data-selenium=\"specsItemGroupTableRow\">\n<td class=\"label_fDXOr6EpR9\" style=\"border-top: none;padding: 1.25rem 0px;width: 373.333px;color: #666666;font-size: 1.125rem;line-height: 1.375rem;vertical-align: baseline\" data-selenium=\"specsItemGroupTableColumnLabel\"><span style=\"vertical-align: inherit\">Montaje en tr\u00edpode<\/span><\/td>\n<td class=\"value_fDXOr6EpR9\" style=\"color: #666666;font-size: 1.125rem;line-height: 1.375rem;vertical-align: baseline;padding: 1.25rem 0px 1.25rem 2.5rem\" data-selenium=\"specsItemGroupTableColumnValue\"><span style=\"font-weight: bolder\"><span style=\"vertical-align: inherit\"><span style=\"vertical-align: inherit\">Placa de liberaci\u00f3n r\u00e1pida:<\/span><\/span><span style=\"vertical-align: inherit\"> rosca hembra de 1\/4&#8243;-20, rosca hembra de 3\/8&#8243;-16, placa de tipo Arca incorporada<\/span><\/span><\/td>\n<\/tr>\n<tr class=\"pair_fDXOr6EpR9\" style=\"border-bottom: 0.0625rem solid #e7e7e7\" data-selenium=\"specsItemGroupTableRow\">\n<td class=\"label_fDXOr6EpR9\" style=\"border-top: none;padding: 1.25rem 0px;width: 373.333px;color: #666666;font-size: 1.125rem;line-height: 1.375rem;vertical-align: baseline\" data-selenium=\"specsItemGroupTableColumnLabel\"><span style=\"vertical-align: inherit\">Zapata de montaje<\/span><\/td>\n<td class=\"value_fDXOr6EpR9\" style=\"color: #666666;font-size: 1.125rem;line-height: 1.375rem;vertical-align: baseline;padding: 1.25rem 0px 1.25rem 2.5rem\" data-selenium=\"specsItemGroupTableColumnValue\"><span style=\"font-weight: bolder\"><span style=\"vertical-align: inherit\"><span style=\"vertical-align: inherit\">Jaula, Parte superior:<\/span><\/span><span style=\"vertical-align: inherit\"> 2 x Zapata fr\u00eda<\/span><\/span><\/td>\n<\/tr>\n<tr class=\"pair_fDXOr6EpR9\" style=\"border-bottom: 0.0625rem solid #e7e7e7\" data-selenium=\"specsItemGroupTableRow\">\n<td class=\"label_fDXOr6EpR9\" style=\"border-top: none;padding: 1.25rem 0px;width: 373.333px;color: #666666;font-size: 1.125rem;line-height: 1.375rem;vertical-align: baseline\" data-selenium=\"specsItemGroupTableColumnLabel\"><span style=\"vertical-align: inherit\">Rosetones<\/span><\/td>\n<td class=\"value_fDXOr6EpR9\" style=\"color: #666666;font-size: 1.125rem;line-height: 1.375rem;vertical-align: baseline;padding: 1.25rem 0px 1.25rem 2.5rem\" data-selenium=\"specsItemGroupTableColumnValue\"><em>Ninguno<\/em><\/td>\n<\/tr>\n<tr class=\"pair_fDXOr6EpR9\" style=\"border-bottom: 0.0625rem solid #e7e7e7\" data-selenium=\"specsItemGroupTableRow\">\n<td class=\"label_fDXOr6EpR9\" style=\"border-top: none;padding: 1.25rem 0px;width: 373.333px;color: #666666;font-size: 1.125rem;line-height: 1.375rem;vertical-align: baseline\" data-selenium=\"specsItemGroupTableColumnLabel\"><span style=\"vertical-align: inherit\">Montaje en riel<\/span><\/td>\n<td class=\"value_fDXOr6EpR9\" style=\"color: #666666;font-size: 1.125rem;line-height: 1.375rem;vertical-align: baseline;padding: 1.25rem 0px 1.25rem 2.5rem\" data-selenium=\"specsItemGroupTableColumnValue\"><span style=\"font-weight: bolder\"><span style=\"vertical-align: inherit\"><span style=\"vertical-align: inherit\">Jaula, lateral: <\/span><\/span><span style=\"vertical-align: inherit\"><span style=\"vertical-align: inherit\">1 x<\/span><\/span><span style=\"vertical-align: inherit\"> Carril OTAN<\/span><br \/><span style=\"vertical-align: inherit\"><span style=\"vertical-align: inherit\">Jaula, superior: <\/span><\/span><span style=\"vertical-align: inherit\"><span style=\"vertical-align: inherit\">1 x<\/span><\/span><span style=\"vertical-align: inherit\"> ra\u00edl NATO<\/span><\/span><\/td>\n<\/tr>\n<\/tbody>\n<\/table>\n<\/div>\n<div class=\"group_fDXOr6EpR9\" style=\"margin-bottom: 2.1875rem;font-family: OpenSans, 'Segoe UI', Helvetica, Roboto, Arial, sans-serif;font-size: 16px;background-color: #ffffff\">\n<div class=\"name_fDXOr6EpR9\" style=\"border-bottom: 0.125rem solid #cdcdcd;color: #769e2d;font-size: 2rem;line-height: 2rem;padding: 1rem 0px 0.875rem\" data-selenium=\"specsItemGroupName\"><span style=\"vertical-align: inherit\">Generalmente<\/span><\/div>\n<table class=\"table_fDXOr6EpR9\" style=\"width: 982.5px\" data-selenium=\"specsItemGroupTable\">\n<tbody>\n<tr class=\"pair_fDXOr6EpR9\" style=\"border-bottom: 0.0625rem solid #e7e7e7\" data-selenium=\"specsItemGroupTableRow\">\n<td class=\"label_fDXOr6EpR9 \" style=\"border-top: none;padding: 1.25rem 0px;width: 373.333px;color: #666666;font-size: 1.125rem;line-height: 1.375rem;vertical-align: baseline\" data-selenium=\"specsItemGroupTableColumnLabel\"><span style=\"vertical-align: inherit\">Materiales<\/span><\/td>\n<td class=\"value_fDXOr6EpR9 \" style=\"color: #666666;font-size: 1.125rem;line-height: 1.375rem;vertical-align: baseline;padding: 1.25rem 0px 1.25rem 2.5rem\" data-selenium=\"specsItemGroupTableColumnValue\">Aluminio, Acero<\/td>\n<\/tr>\n<tr class=\"pair_fDXOr6EpR9\" style=\"border-bottom: 0.0625rem solid #e7e7e7\" data-selenium=\"specsItemGroupTableRow\">\n<td class=\"label_fDXOr6EpR9\" style=\"border-top: none;padding: 1.25rem 0px;width: 373.333px;color: #666666;font-size: 1.125rem;line-height: 1.375rem;vertical-align: baseline\" data-selenium=\"specsItemGroupTableColumnLabel\"><span style=\"vertical-align: inherit\">Dimensiones<\/span><\/td>\n<td class=\"value_fDXOr6EpR9\" style=\"color: #666666;font-size: 1.125rem;line-height: 1.375rem;vertical-align: baseline;padding: 1.25rem 0px 1.25rem 2.5rem\" data-selenium=\"specsItemGroupTableColumnValue\">147,5 x 118,5 x 62 mm<\/td>\n<\/tr>\n<tr class=\"pair_fDXOr6EpR9\" style=\"border-bottom: 0.0625rem solid #e7e7e7\" data-selenium=\"specsItemGroupTableRow\">\n<td class=\"label_fDXOr6EpR9\" style=\"border-top: none;padding: 1.25rem 0px;width: 373.333px;color: #666666;font-size: 1.125rem;line-height: 1.375rem;vertical-align: baseline\" data-selenium=\"specsItemGroupTableColumnLabel\"><span style=\"vertical-align: inherit\">Peso<\/span><\/td>\n<td class=\"value_fDXOr6EpR9\" style=\"color: #666666;font-size: 1.125rem;line-height: 1.375rem;vertical-align: baseline;padding: 1.25rem 0px 1.25rem 2.5rem\" data-selenium=\"specsItemGroupTableColumnValue\">161 gramos<\/td>\n<\/tr>\n<\/tbody>\n<\/table>\n<\/div>\n","protected":false},"excerpt":{"rendered":"<p>Jaula SMALLRIG 4022 para Panasonic LUMIX S5 II \/ S5 IIX Funciones: Acceso sin restricciones a controles y puertos 2<\/p>\n","protected":false},"featured_media":67338,"comment_status":"closed","ping_status":"open","template":"","meta":{"_acf_changed":false},"product_brand":[2550],"product_cat":[1105],"product_tag":[],"class_list":{"0":"post-75373","1":"product","2":"type-product","3":"status-publish","4":"has-post-thumbnail","6":"product_brand-smallrig-es","7":"product_cat-cages-cages-es","9":"first","10":"onbackorder","11":"taxable","12":"shipping-taxable","13":"purchasable","14":"product-type-simple"},"bundled_by":[],"bundle_stock_status":"onbackorder","bundle_stock_quantity":0,"bundle_virtual":false,"bundle_layout":"","bundle_add_to_cart_form_location":"","bundle_editable_in_cart":false,"bundle_sold_individually_context":"","bundle_item_grouping":"","bundle_min_size":"","bundle_max_size":"","bundle_price":[],"bundled_items":[],"bundle_sell_ids":[],"acf":[],"_links":{"self":[{"href":"https:\/\/hi-techwonder.com\/es\/wp-json\/wp\/v2\/product\/75373","targetHints":{"allow":["GET"]}}],"collection":[{"href":"https:\/\/hi-techwonder.com\/es\/wp-json\/wp\/v2\/product"}],"about":[{"href":"https:\/\/hi-techwonder.com\/es\/wp-json\/wp\/v2\/types\/product"}],"replies":[{"embeddable":true,"href":"https:\/\/hi-techwonder.com\/es\/wp-json\/wp\/v2\/comments?post=75373"}],"wp:featuredmedia":[{"embeddable":true,"href":"https:\/\/hi-techwonder.com\/es\/wp-json\/wp\/v2\/media\/67338"}],"wp:attachment":[{"href":"https:\/\/hi-techwonder.com\/es\/wp-json\/wp\/v2\/media?parent=75373"}],"wp:term":[{"taxonomy":"product_brand","embeddable":true,"href":"https:\/\/hi-techwonder.com\/es\/wp-json\/wp\/v2\/product_brand?post=75373"},{"taxonomy":"product_cat","embeddable":true,"href":"https:\/\/hi-techwonder.com\/es\/wp-json\/wp\/v2\/product_cat?post=75373"},{"taxonomy":"product_tag","embeddable":true,"href":"https:\/\/hi-techwonder.com\/es\/wp-json\/wp\/v2\/product_tag?post=75373"}],"curies":[{"name":"wp","href":"https:\/\/api.w.org\/{rel}","templated":true}]}}