{"id":75374,"date":"2025-07-29T10:28:13","date_gmt":"2025-07-29T10:28:13","guid":{"rendered":"https:\/\/fv6qoy3ls0.wpdns.site\/product\/smallrig-4114-soporte-de-camara-de-6-con-ventosa\/"},"modified":"2025-09-15T17:19:32","modified_gmt":"2025-09-15T17:19:32","slug":"smallrig-4114-soporte-de-camara-de-6-con-ventosa","status":"publish","type":"product","link":"https:\/\/hi-techwonder.com\/es\/producto\/smallrig-4114-soporte-de-camara-de-6-con-ventosa\/","title":{"rendered":"SMALLRIG 4114 Soporte de c\u00e1mara de 6&#8243; con ventosa"},"content":{"rendered":"<p><span style=\"font-family: verdana, geneva, sans-serif;\"><strong>SMALLRIG <\/strong><strong style=\"font-family: verdana, geneva, sans-serif;\">4114 Soporte de c\u00e1mara de 6&#8243; con ventosa<\/strong><\/span><\/p>\n<p>El soporte para c\u00e1mara con ventosa SmallRig 4114 de 6&#8243; consta de un soporte de ventosa, ventosa, bomba manual y cubierta antipolvo. Hecho de NBR robusto y resistente al desgaste, puede funcionar de -20 \u00b0 C a 60 \u00b0 C.  No es f\u00e1cil de deformar, tiene una excelente estanqueidad y es adecuado para superficies limpias, secas y lisas. Con su potente potencia de succi\u00f3n, tiene una potencia de succi\u00f3n horizontal m\u00e1xima de 80 kg y una potencia de succi\u00f3n vertical m\u00e1xima de 60 kg. El soporte de ventosa de aleaci\u00f3n de aluminio viene con puntos de montaje para accesorios: orificios roscados de 1\/4&#8243;-20, orificios roscados de 3\/8&#8243;-16 y orificios de montaje ARRI de 3\/8&#8243;-16. Admite la fijaci\u00f3n de brazos m\u00e1gicos (3873, 3874, 3875, 2906B, 2907B, 2115C, etc.) para una mayor capacidad de expansi\u00f3n.       <\/p>\n<p>La cubierta antipolvo debe colocarse cuando no se utilice este art\u00edculo. M\u00f3ntelo en las superficies recomendadas (limpias, secas y lisas) y verifique al menos cada cuatro horas. <\/p>\n<p><strong>Funciones<\/strong><\/p>\n<ul>\n<li>Es una ventosa industrial fija, cerrada por una bomba manual, segura y fiable.<\/li>\n<li>Material \u00fanico, excelente estanqueidad y resistencia al desgaste para una succi\u00f3n continua y estable, a fin de proporcionar seguridad.<\/li>\n<li>Potente succi\u00f3n que dura 24 horas, capacidad de carga de 80 kg;<\/li>\n<li>M\u00faltiples puntos de montaje para accesorios, incluyendo agujeros roscados de 1\/4&#8243;-20 y agujeros de montaje ARRI de 3\/8&#8243;-16.<\/li>\n<\/ul>\n<p><strong>Especificaciones t\u00e9cnicas :<\/strong><\/p>\n<ul>\n<li>Dimensiones: 159,0 x 159,0 x 60,9 mm<\/li>\n<li>Peso: 482 g \u00b1 5 g<\/li>\n<li>Material: aleaci\u00f3n de aluminio, NBR, ABS, acero inoxidable<\/li>\n<\/ul>\n<p><strong>Contenido del paquete:<\/strong><\/p>\n<ul>\n<li>1 x Soporte de c\u00e1mara con ventosa de 6&#8243;<\/li>\n<\/ul>\n","protected":false},"excerpt":{"rendered":"<p>SMALLRIG 4114 Soporte de c\u00e1mara de 6&#8243; con ventosa El soporte para c\u00e1mara con ventosa SmallRig 4114 de 6&#8243; consta<\/p>\n","protected":false},"featured_media":63779,"comment_status":"closed","ping_status":"open","template":"","meta":{"_acf_changed":false},"product_brand":[2550],"product_cat":[1084],"product_tag":[],"class_list":{"0":"post-75374","1":"product","2":"type-product","3":"status-publish","4":"has-post-thumbnail","6":"product_brand-smallrig-es","7":"product_cat-ventosas-es","9":"first","10":"onbackorder","11":"taxable","12":"shipping-taxable","13":"purchasable","14":"product-type-simple"},"bundled_by":[],"bundle_stock_status":"onbackorder","bundle_stock_quantity":null,"bundle_virtual":false,"bundle_layout":"","bundle_add_to_cart_form_location":"","bundle_editable_in_cart":false,"bundle_sold_individually_context":"","bundle_item_grouping":"","bundle_min_size":"","bundle_max_size":"","bundle_price":[],"bundled_items":[],"bundle_sell_ids":[],"acf":[],"_links":{"self":[{"href":"https:\/\/hi-techwonder.com\/es\/wp-json\/wp\/v2\/product\/75374","targetHints":{"allow":["GET"]}}],"collection":[{"href":"https:\/\/hi-techwonder.com\/es\/wp-json\/wp\/v2\/product"}],"about":[{"href":"https:\/\/hi-techwonder.com\/es\/wp-json\/wp\/v2\/types\/product"}],"replies":[{"embeddable":true,"href":"https:\/\/hi-techwonder.com\/es\/wp-json\/wp\/v2\/comments?post=75374"}],"wp:featuredmedia":[{"embeddable":true,"href":"https:\/\/hi-techwonder.com\/es\/wp-json\/wp\/v2\/media\/63779"}],"wp:attachment":[{"href":"https:\/\/hi-techwonder.com\/es\/wp-json\/wp\/v2\/media?parent=75374"}],"wp:term":[{"taxonomy":"product_brand","embeddable":true,"href":"https:\/\/hi-techwonder.com\/es\/wp-json\/wp\/v2\/product_brand?post=75374"},{"taxonomy":"product_cat","embeddable":true,"href":"https:\/\/hi-techwonder.com\/es\/wp-json\/wp\/v2\/product_cat?post=75374"},{"taxonomy":"product_tag","embeddable":true,"href":"https:\/\/hi-techwonder.com\/es\/wp-json\/wp\/v2\/product_tag?post=75374"}],"curies":[{"name":"wp","href":"https:\/\/api.w.org\/{rel}","templated":true}]}}