{"id":75375,"date":"2025-07-28T23:33:50","date_gmt":"2025-07-28T23:33:50","guid":{"rendered":"https:\/\/fv6qoy3ls0.wpdns.site\/product\/sistema-de-montaje-de-bateria-v-mount-compatible-con-smallrig-4064\/"},"modified":"2026-01-31T03:47:29","modified_gmt":"2026-01-31T03:47:29","slug":"smallrig-sistema-de-montaje-de-bateria-v-mount-compatible-con-smallrig-4064","status":"publish","type":"product","link":"https:\/\/hi-techwonder.com\/es\/producto\/smallrig-sistema-de-montaje-de-bateria-v-mount-compatible-con-smallrig-4064\/","title":{"rendered":"Sistema de montaje de bater\u00eda V-Mount compatible con SMALLRIG 4064"},"content":{"rendered":"<p><strong>Sistema de montaje de bater\u00eda V-Mount compatible con SMALLRIG 4064<\/strong><\/p>\n<p><strong>Funciones:<\/strong><\/p>\n<ul>\n<li>Zapata de bater\u00eda V-Mount<\/li>\n<li>Zapata de liberaci\u00f3n r\u00e1pida Sistema Arca-Swiss<\/li>\n<li>M\u00faltiples roscas de 1\/4&#8243;, zapata V-Mount<\/li>\n<li>Giro de 90\u00b0<\/li>\n<li>Capacidad de carga de 5 kg<\/li>\n<\/ul>\n<p><strong>Contenido del paquete:<\/strong><\/p>\n<ul>\n<li>Sistema de montaje de bater\u00eda compacto SmallRig V-Mount<\/li>\n<li>Zapata de bater\u00eda V-Mount<\/li>\n<li>Zapata de montaje en V<\/li>\n<li>Zapata de liberaci\u00f3n r\u00e1pida Sistema Arca-Swiss<\/li>\n<\/ul>\n<p>Monte su c\u00e1mara DSLR o Mirrorless en el sistema de montaje de bater\u00eda Compat V-Mount y conecte una fuente de alimentaci\u00f3n de su elecci\u00f3n para su equipo port\u00e1til o montado en tr\u00edpode. Con el sistema se incluye una zapata de bater\u00eda V-Mount, una zapata de liberaci\u00f3n r\u00e1pida Arca-Swiss y una zapata V-Mount para ampliar sus opciones de energ\u00eda. El sistema tiene una capacidad de carga total de 5 kg.  <\/p>\n<p>Las m\u00faltiples roscas de 1\/4&#8243; le permiten integrar accesorios adicionales como bridas para cables, brazos articulados o placas adaptadoras de bater\u00eda. Puede montar o desconectar f\u00e1cilmente todo el sistema gracias a la zapata de liberaci\u00f3n r\u00e1pida Arca-Swiss, y la zapata base en s\u00ed se puede ajustar en 14.4 \u00abpara adaptarse a la mayor\u00eda de las c\u00e1maras. La zapata de bater\u00eda V-Mount se puede girar 90\u00b0 para que puedas seguir usando el visor de tu c\u00e1mara. <\/p>\n<p><strong>C\u00e1maras y estabilizadores compatibles:<\/strong><\/p>\n<ul>\n<li><strong>Sony:<\/strong> a7 IV, a7C, a7R V, a7S III, FX3, FX30<\/li>\n<li><strong>Can\u00f3nigo:<\/strong> EOS RP, EOS R5, EOS R5C, EOS R6, EOS R6 Mark II, EOS R7, EOS R10<\/li>\n<li><strong>Panasonic: <\/strong>Guandrales de la serie Lumix GH5, Lumix GH6, Lumix S1H, Lumix DC-S1, Lumix DC-S1R, Lumix S5, Lumix S5 II<\/li>\n<li><strong>DJI: <\/strong>RS<\/li>\n<\/ul>\n<p><strong>Caracter\u00edsticas t\u00e9cnicas:<\/strong><\/p>\n<table class=\"table_fDXOr6EpR9\" style=\"width: 936.662px;font-family: OpenSans, 'Segoe UI', Helvetica, Roboto, Arial, sans-serif;font-size: 16px;background-color: #ffffff;height: 184.861px\" data-selenium=\"specsItemGroupTable\">\n<tbody>\n<tr class=\"pair_KqJ3Q3GPKv\" style=\"border-bottom: 0.0625rem solid #e5e5e5;height: 69.3229px\" data-selenium=\"specsItemGroupTableRow\">\n<td class=\"label_KqJ3Q3GPKv \" style=\"border-top: none;padding: 1.25rem 0px;width: 355.923px;color: #666666;font-size: 1.125rem;line-height: 1.375rem;vertical-align: baseline;height: 69.3229px\" data-selenium=\"specsItemGroupTableColumnLabel\"><span style=\"vertical-align: inherit\">Montura<\/span><\/td>\n<td class=\"value_KqJ3Q3GPKv \" style=\"color: #666666;font-size: 1.125rem;line-height: 1.375rem;vertical-align: baseline;padding: 1.25rem 0px 1.25rem 2.5rem;height: 69.3229px\" data-selenium=\"specsItemGroupTableColumnValue\">\n<div class=\"expandableValue_KqJ3Q3GPKv\"><span style=\"vertical-align: inherit\"><span style=\"vertical-align: inherit\">2 x zapatas de montura en V<\/span><br \/><span style=\"vertical-align: inherit\">M\u00faltiples cables de 1\/4&#8243;<\/span><br \/><span style=\"vertical-align: inherit\">1 x Zapata Arca-Swiss<\/span><\/span><\/div>\n<\/td>\n<\/tr>\n<tr class=\"pair_KqJ3Q3GPKv\" style=\"border-bottom: 0.0625rem solid #e5e5e5;height: 23.1076px\" data-selenium=\"specsItemGroupTableRow\">\n<td class=\"label_KqJ3Q3GPKv\" style=\"border-top: none;padding: 1.25rem 0px;width: 355.923px;color: #666666;font-size: 1.125rem;line-height: 1.375rem;vertical-align: baseline;height: 23.1076px\" data-selenium=\"specsItemGroupTableColumnLabel\"><span style=\"vertical-align: inherit\">Capacidad de carga<\/span><\/td>\n<td class=\"value_KqJ3Q3GPKv\" style=\"color: #666666;font-size: 1.125rem;line-height: 1.375rem;vertical-align: baseline;padding: 1.25rem 0px 1.25rem 2.5rem;height: 23.1076px\" data-selenium=\"specsItemGroupTableColumnValue\">\n<div class=\"expandableValue_KqJ3Q3GPKv\">5 kg<\/div>\n<\/td>\n<\/tr>\n<tr class=\"pair_KqJ3Q3GPKv\" style=\"border-bottom: 0.0625rem solid #e5e5e5;height: 23.1076px\" data-selenium=\"specsItemGroupTableRow\">\n<td class=\"label_KqJ3Q3GPKv\" style=\"border-top: none;padding: 1.25rem 0px;width: 355.923px;color: #666666;font-size: 1.125rem;line-height: 1.375rem;vertical-align: baseline;height: 23.1076px\" data-selenium=\"specsItemGroupTableColumnLabel\"><span style=\"vertical-align: inherit\">Color<\/span><\/td>\n<td class=\"value_KqJ3Q3GPKv\" style=\"color: #666666;font-size: 1.125rem;line-height: 1.375rem;vertical-align: baseline;padding: 1.25rem 0px 1.25rem 2.5rem;height: 23.1076px\" data-selenium=\"specsItemGroupTableColumnValue\">\n<div class=\"expandableValue_KqJ3Q3GPKv\">Negro<\/div>\n<\/td>\n<\/tr>\n<tr class=\"pair_KqJ3Q3GPKv\" style=\"border-bottom: 0.0625rem solid #e5e5e5;height: 23.1076px\" data-selenium=\"specsItemGroupTableRow\">\n<td class=\"label_KqJ3Q3GPKv\" style=\"border-top: none;padding: 1.25rem 0px;width: 355.923px;color: #666666;font-size: 1.125rem;line-height: 1.375rem;vertical-align: baseline;height: 23.1076px\" data-selenium=\"specsItemGroupTableColumnLabel\"><span style=\"vertical-align: inherit\">Material de construcci\u00f3n<\/span><\/td>\n<td class=\"value_KqJ3Q3GPKv\" style=\"color: #666666;font-size: 1.125rem;line-height: 1.375rem;vertical-align: baseline;padding: 1.25rem 0px 1.25rem 2.5rem;height: 23.1076px\" data-selenium=\"specsItemGroupTableColumnValue\">\n<div class=\"expandableValue_KqJ3Q3GPKv\">Aleaci\u00f3n de aluminio, acero inoxidable<\/div>\n<\/td>\n<\/tr>\n<tr class=\"pair_KqJ3Q3GPKv\" style=\"border-bottom: 0.0625rem solid #e5e5e5;height: 23.1076px\" data-selenium=\"specsItemGroupTableRow\">\n<td class=\"label_KqJ3Q3GPKv\" style=\"border-top: none;padding: 1.25rem 0px;width: 355.923px;color: #666666;font-size: 1.125rem;line-height: 1.375rem;vertical-align: baseline;height: 23.1076px\" data-selenium=\"specsItemGroupTableColumnLabel\"><span style=\"vertical-align: inherit\">Dimensiones<\/span><\/td>\n<td class=\"value_KqJ3Q3GPKv\" style=\"color: #666666;font-size: 1.125rem;line-height: 1.375rem;vertical-align: baseline;padding: 1.25rem 0px 1.25rem 2.5rem;height: 23.1076px\" data-selenium=\"specsItemGroupTableColumnValue\">\n<div class=\"expandableValue_KqJ3Q3GPKv\">117 x 92 x 33 mm<\/div>\n<\/td>\n<\/tr>\n<tr class=\"pair_KqJ3Q3GPKv\" style=\"border-bottom: 0.0625rem solid #e5e5e5;height: 23.1076px\" data-selenium=\"specsItemGroupTableRow\">\n<td class=\"label_KqJ3Q3GPKv\" style=\"border-top: none;padding: 1.25rem 0px;width: 355.923px;color: #666666;font-size: 1.125rem;line-height: 1.375rem;vertical-align: baseline;height: 23.1076px\" data-selenium=\"specsItemGroupTableColumnLabel\"><span style=\"vertical-align: inherit\">Peso<\/span><\/td>\n<td class=\"value_KqJ3Q3GPKv\" style=\"color: #666666;font-size: 1.125rem;line-height: 1.375rem;vertical-align: baseline;padding: 1.25rem 0px 1.25rem 2.5rem;height: 23.1076px\" data-selenium=\"specsItemGroupTableColumnValue\">\n<div class=\"expandableValue_KqJ3Q3GPKv\">275 gramos<\/div>\n<\/td>\n<\/tr>\n<\/tbody>\n<\/table>\n","protected":false},"excerpt":{"rendered":"<p>Sistema de montaje de bater\u00eda V-Mount compatible con SMALLRIG 4064 Funciones: Zapata de bater\u00eda V-Mount Zapata de liberaci\u00f3n r\u00e1pida Sistema<\/p>\n","protected":false},"featured_media":23953,"comment_status":"closed","ping_status":"open","template":"","meta":{"_acf_changed":false},"product_brand":[2550],"product_cat":[876],"product_tag":[],"class_list":{"0":"post-75375","1":"product","2":"type-product","3":"status-publish","4":"has-post-thumbnail","6":"product_brand-smallrig-es","7":"product_cat-cables-adaptadores","9":"first","10":"onbackorder","11":"taxable","12":"shipping-taxable","13":"purchasable","14":"product-type-simple"},"bundled_by":[],"bundle_stock_status":"onbackorder","bundle_stock_quantity":null,"bundle_virtual":false,"bundle_layout":"","bundle_add_to_cart_form_location":"","bundle_editable_in_cart":false,"bundle_sold_individually_context":"","bundle_item_grouping":"","bundle_min_size":"","bundle_max_size":"","bundle_price":[],"bundled_items":[],"bundle_sell_ids":[],"acf":[],"_links":{"self":[{"href":"https:\/\/hi-techwonder.com\/es\/wp-json\/wp\/v2\/product\/75375","targetHints":{"allow":["GET"]}}],"collection":[{"href":"https:\/\/hi-techwonder.com\/es\/wp-json\/wp\/v2\/product"}],"about":[{"href":"https:\/\/hi-techwonder.com\/es\/wp-json\/wp\/v2\/types\/product"}],"replies":[{"embeddable":true,"href":"https:\/\/hi-techwonder.com\/es\/wp-json\/wp\/v2\/comments?post=75375"}],"wp:featuredmedia":[{"embeddable":true,"href":"https:\/\/hi-techwonder.com\/es\/wp-json\/wp\/v2\/media\/23953"}],"wp:attachment":[{"href":"https:\/\/hi-techwonder.com\/es\/wp-json\/wp\/v2\/media?parent=75375"}],"wp:term":[{"taxonomy":"product_brand","embeddable":true,"href":"https:\/\/hi-techwonder.com\/es\/wp-json\/wp\/v2\/product_brand?post=75375"},{"taxonomy":"product_cat","embeddable":true,"href":"https:\/\/hi-techwonder.com\/es\/wp-json\/wp\/v2\/product_cat?post=75375"},{"taxonomy":"product_tag","embeddable":true,"href":"https:\/\/hi-techwonder.com\/es\/wp-json\/wp\/v2\/product_tag?post=75375"}],"curies":[{"name":"wp","href":"https:\/\/api.w.org\/{rel}","templated":true}]}}