{"id":75382,"date":"2025-07-29T10:28:05","date_gmt":"2025-07-29T10:28:05","guid":{"rendered":"https:\/\/fv6qoy3ls0.wpdns.site\/product\/zapata-giratoria-horizontal-vertical-smallrig-4244-para-sony\/"},"modified":"2026-01-31T01:34:01","modified_gmt":"2026-01-31T01:34:01","slug":"smallrig-zapata-giratoria-horizontal-vertical-smallrig-4244-para-sony","status":"publish","type":"product","link":"https:\/\/hi-techwonder.com\/es\/producto\/smallrig-zapata-giratoria-horizontal-vertical-smallrig-4244-para-sony\/","title":{"rendered":"Zapata giratoria horizontal\/vertical SMALLRIG 4244 para Sony"},"content":{"rendered":"<p><strong> Zapata giratoria horizontal vertical<\/strong> <strong>SMALLRIG 4244<\/strong> para Sony<\/p>\n<p><strong>Funciones:<\/strong><\/p>\n<p>Zapata giratoria horizontal vertical Sony SmallRig 4244 para Sony Alpha 1 \/ Alpha 7 \/ Alpha 9 \/ FX Series<\/p>\n<ul>\n<li>Le permite girar r\u00e1pidamente la c\u00e1mara entre las orientaciones vertical y horizontal.<\/li>\n<li>Proporciona un centro de gravedad m\u00e1s estable.<\/li>\n<li>No es necesario sacarlo de la abrazadera del tr\u00edpode para volver a colocarlo.<\/li>\n<li>Cuenta con indicadores t\u00e1ctiles a 0, 90 y 180 grados para obtener im\u00e1genes fluidas.<\/li>\n<li>Es adaptable a todos los tr\u00edpodes gracias al pie compatible con Arca Swiss o a la conexi\u00f3n de 1\/4&#8243;.<\/li>\n<li>Permite un cambio r\u00e1pido de lente sin necesidad de quitar el asistente o quitar la c\u00e1mara del tr\u00edpode.<\/li>\n<li>Totalmente compatible con todas las pantallas\/pantallas inclinadas y articuladas.<\/li>\n<li>La Smallrig 4244 es la soluci\u00f3n perfecta para fot\u00f3grafos y creadores de contenido que a menudo disparan en formatos horizontales y verticales.<\/li>\n<li>Es un collar giratorio que se adapta al cuerpo de la c\u00e1mara y le permite cambiar f\u00e1cilmente de orientaci\u00f3n vertical a horizontal sin tener que quitarlo del cabezal del tr\u00edpode. Esta funci\u00f3n es especialmente \u00fatil para fot\u00f3grafos de paisajes, bodegones y retratos de estudio que necesitan cambiar r\u00e1pidamente la orientaci\u00f3n de la c\u00e1mara. <\/li>\n<li>El Smallrig 4244 est\u00e1 dise\u00f1ado para funcionar a la perfecci\u00f3n con c\u00e1maras equipadas con pantallas totalmente articuladas, lo que permite que la pantalla se incline sin compromiso. Cuando se coloca a 180 grados, el asistente tambi\u00e9n se puede utilizar para tomas macro o de \u00e1ngulo bajo. <\/li>\n<li>El Smallrig 4244 est\u00e1 equipado con indicadores t\u00e1ctiles a 0\u00b0, 90\u00b0 y 180\u00b0 para garantizar una alineaci\u00f3n adecuada. Adem\u00e1s, la c\u00e1mara est\u00e1 montada con el sensor colocado en el centro de la Smallrig 4244 para garantizar el punto central de la imagen como punto fijo. &nbsp;<\/li>\n<li>El Smallrig 4244 tiene una montura compatible con Arca-Swiss y ofrece una amplia compatibilidad con la mayor\u00eda de los cabezales de tr\u00edpode y bridas para cables del mercado. Tambi\u00e9n cuenta con un soporte de 1\/4&#8243; que permite la fijaci\u00f3n de cualquier placa de liberaci\u00f3n r\u00e1pida\/Arca-Swiss, lo que la hace compatible con pr\u00e1cticamente cualquier tr\u00edpode. <\/li>\n<li>Cambia r\u00e1pidamente entre los modos horizontal y vertical sin ajustar el eje \u00f3ptico de la lente.<\/li>\n<li>Dise\u00f1o modular, soporte de collar de lente de liberaci\u00f3n r\u00e1pida para un almacenamiento y portabilidad convenientes.<\/li>\n<li>Brinda acceso completo a los botones y puertos (pantalla abatible LCD, tapa de la bater\u00eda, ranura para tarjetas).<\/li>\n<li>Admite c\u00e1mara con o sin jaula.<\/li>\n<li>Soporta tr\u00edpode Arca-Swiss\/Manfrotto RC2.<\/li>\n<li>Orificios roscados de 1\/4&#8243;-20, orificios roscados de 3\/8&#8243;-16 para mango, brazo m\u00e1gico, placa, etc.<\/li>\n<\/ul>\n<p><strong>Contenido del paquete:<\/strong><\/p>\n<ul>\n<li>Placa de montaje giratoria horizontal a vertical x 1<\/li>\n<li>Placa de liberaci\u00f3n r\u00e1pida Arca-Swiss y placa base Arca x 1<\/li>\n<li>Placa de conexi\u00f3n x 1<\/li>\n<li>Llave Sestavada x 1<\/li>\n<\/ul>\n<p><strong>Compatibilidad:<\/strong><\/p>\n<p>Modelos Sony:<\/p>\n<ul>\n<li>C\u00e1maras: Sony Alpha 7 III \/ Alpha 7 IV \/ Alpha 7R III \/ Alpha 7R IV \/ Alpha 7R V \/ Alpha 7S III \/ Alpha 1 \/ Alpha 9 II \/ FX3 \/ FX30<\/li>\n<li>Jaula: 2087D\/3667\/3667B\/3639\/4308\/4138\/4183<\/li>\n<\/ul>\n<p><strong><span style=\"--tw-border-spacing-x: 0;--tw-border-spacing-y: 0;--tw-translate-x: 0;--tw-translate-y: 0;--tw-rotate: 0;--tw-skew-x: 0;--tw-skew-y: 0;--tw-scale-x: 1;--tw-scale-y: 1;--tw-scroll-snap-strictness: proximity;--tw-ring-offset-width: 0px;--tw-ring-offset-color: #fff;--tw-ring-offset-shadow: 0 0 transparent;--tw-ring-shadow: 0 0 transparent;--tw-shadow: 0 0 transparent;--tw-shadow-colored: 0 0 transparent;border: 0px solid #e5e7eb;vertical-align: inherit\">Caracter\u00edsticas t\u00e9cnicas:<\/span><\/strong><\/p>\n<p><strong><span style=\"background-color: #ffffff\"><span style=\"color: #0a0a0a;font-family: HarmonyOS_Sans, Roboto-Regular, Roboto, Helvetica Neue, Helvetica, Arial,PingFang SC,Segoe UI,Microsoft YaHei,sans-serif\"><span style=\"font-size: 14px;background-color: #ffffff\"><span style=\"color: #e03e2d\">Nota: <\/span><\/span><\/span><\/strong><span style=\"font-size: 14px\">Retire la lente de la c\u00e1mara antes de la instalaci\u00f3n.<\/span><\/span><\/p>\n<p><span style=\"color: #0a0a0a;font-family: HarmonyOS_Sans, Roboto-Regular, Roboto, Helvetica Neue, Helvetica, Arial,PingFang SC,Segoe UI,Microsoft YaHei,sans-serif\"><span style=\"font-size: 14px\">Compatible con 4198 \/3668\/ 3668B \/3669 \/ 3669B \/ 3708 \/ 3710 \/4139\/ 4184 Kit jaula ; incompatible con brida HDMI o correa lateral en fotograf\u00eda vertical.<\/span><\/span><\/p>\n<p><span style=\"font-size: 14px\">Dimensiones del producto: 118,5 x 107 x 72 mm<\/span><\/p>\n<p><span style=\"font-size: 14px\">Dimensiones del paquete: 145 x 104 x 57 mm<\/span><\/p>\n<p><span style=\"font-size: 14px\">Peso del producto: 220\u00b15g<\/span><\/p>\n<p><span style=\"font-size: 14px\">Peso del paquete: 280\u00b15g<\/span><\/p>\n<p><span style=\"font-size: 14px\">Material(es): Aleaci\u00f3n de aluminio, acero inoxidable<\/span><\/p>\n","protected":false},"excerpt":{"rendered":"<p>Zapata giratoria horizontal vertical SMALLRIG 4244 para Sony Funciones: Zapata giratoria horizontal vertical Sony SmallRig 4244 para Sony Alpha 1<\/p>\n","protected":false},"featured_media":63748,"comment_status":"closed","ping_status":"open","template":"","meta":{"_acf_changed":false},"product_brand":[2550],"product_cat":[1088],"product_tag":[],"class_list":{"0":"post-75382","1":"product","2":"type-product","3":"status-publish","4":"has-post-thumbnail","6":"product_brand-smallrig-es","7":"product_cat-soportes-giratorios","9":"first","10":"pre-order","11":"taxable","12":"shipping-taxable","13":"purchasable","14":"product-type-simple"},"bundled_by":[],"bundle_stock_status":"pre-order","bundle_stock_quantity":null,"bundle_virtual":false,"bundle_layout":"","bundle_add_to_cart_form_location":"","bundle_editable_in_cart":false,"bundle_sold_individually_context":"","bundle_item_grouping":"","bundle_min_size":"","bundle_max_size":"","bundle_price":[],"bundled_items":[],"bundle_sell_ids":[],"acf":[],"_links":{"self":[{"href":"https:\/\/hi-techwonder.com\/es\/wp-json\/wp\/v2\/product\/75382","targetHints":{"allow":["GET"]}}],"collection":[{"href":"https:\/\/hi-techwonder.com\/es\/wp-json\/wp\/v2\/product"}],"about":[{"href":"https:\/\/hi-techwonder.com\/es\/wp-json\/wp\/v2\/types\/product"}],"replies":[{"embeddable":true,"href":"https:\/\/hi-techwonder.com\/es\/wp-json\/wp\/v2\/comments?post=75382"}],"wp:featuredmedia":[{"embeddable":true,"href":"https:\/\/hi-techwonder.com\/es\/wp-json\/wp\/v2\/media\/63748"}],"wp:attachment":[{"href":"https:\/\/hi-techwonder.com\/es\/wp-json\/wp\/v2\/media?parent=75382"}],"wp:term":[{"taxonomy":"product_brand","embeddable":true,"href":"https:\/\/hi-techwonder.com\/es\/wp-json\/wp\/v2\/product_brand?post=75382"},{"taxonomy":"product_cat","embeddable":true,"href":"https:\/\/hi-techwonder.com\/es\/wp-json\/wp\/v2\/product_cat?post=75382"},{"taxonomy":"product_tag","embeddable":true,"href":"https:\/\/hi-techwonder.com\/es\/wp-json\/wp\/v2\/product_tag?post=75382"}],"curies":[{"name":"wp","href":"https:\/\/api.w.org\/{rel}","templated":true}]}}