{"id":75383,"date":"2025-07-29T10:46:50","date_gmt":"2025-07-29T10:46:50","guid":{"rendered":"https:\/\/fv6qoy3ls0.wpdns.site\/product\/jaula-smallrig-4230-para-fujifilm-x-s20\/"},"modified":"2026-01-31T01:27:17","modified_gmt":"2026-01-31T01:27:17","slug":"smallrig-jaula-smallrig-4230-para-fujifilm-x-s20","status":"publish","type":"product","link":"https:\/\/hi-techwonder.com\/es\/producto\/smallrig-jaula-smallrig-4230-para-fujifilm-x-s20\/","title":{"rendered":"Jaula SMALLRIG 4230 para Fujifilm X-S20"},"content":{"rendered":"<p><strong>Jaula SMALLRIG 4230 para Fujifilm X-S20<\/strong><\/p>\n<p>La jaula SmallRig 4230 para FUJIFILM X-S20 est\u00e1 dise\u00f1ada para proteger la c\u00e1mara y conectar accesorios. Fije f\u00e1cilmente la FUJIFILM X-S20 con un tornillo de 1\/4&#8243;-20 en la parte inferior y un tornillo M2.5 en el lado derecho de la jaula. <\/p>\n<p>Tiene almohadillas de goma que ayudan a prevenir ara\u00f1azos y da acceso completo a los botones, ranuras para tarjetas, pantalla abatible y tapa de la bater\u00eda.<\/p>\n<p>Entre los puntos de fijaci\u00f3n para accesorios se encuentran el orificio roscado de 1\/4&#8243;-20, el orificio roscado de 3\/8&#8243;-16 y el ?? Orificio de localizaci\u00f3n ARRI 3\/8&#8243;-16. Tambi\u00e9n hay dos zapatas fr\u00edas para conectar micr\u00f3fonos y luces de video LED para Vlogging, orificios para cintur\u00f3n y accesorios QD para hebilla de cintur\u00f3n QD.<\/p>\n<p>La placa de liberaci\u00f3n r\u00e1pida Arca Swiss inferior es compatible con tr\u00edpodes tipo Arca o cardanes DJI RS 2 \/ RSC 2 \/ RS 3 \/ RS 3 Pro para cambiar r\u00e1pidamente entre los modos card\u00e1n, de mano y tr\u00edpode. Tambi\u00e9n se incluye una llave de doble extremo para facilitar el desmontaje y el montaje. <\/p>\n<p><strong>Funciones<\/strong><\/p>\n<ul>\n<li>M\u00faltiples puntos de montaje, como orificio roscado de 1\/4&#8243;-20, orificio roscado de 3\/8&#8243;-16, orificio de ubicaci\u00f3n ARRI de 3\/8&#8243;-16, zapata fr\u00eda, riel OTAN, montaje QD, orificio de correa, etc.<\/li>\n<li>Fijaci\u00f3n de la c\u00e1mara en dos puntos mediante un tornillo de 1\/4&#8243;-20 y un tornillo M2.5 en el lado derecho;<\/li>\n<li>Placa de liberaci\u00f3n r\u00e1pida Arca Swiss incorporada para tr\u00edpodes tipo Arca o cardanes DJI RS 2 \/ RSC 2 \/ RS 3 \/ RS 3 Pro;<\/li>\n<li>Dimensiones: 142,3 x 58,3 x 99 mm<\/li>\n<li>Material(es): Aleaci\u00f3n de aluminio, acero inoxidable<\/li>\n<\/ul>\n<p><strong>En la caja<\/strong><\/p>\n<p>1x Jaula SMALLRIG 4230 para Fujifilm X-S20<\/p>\n<p>1 x Manual<\/p>\n","protected":false},"excerpt":{"rendered":"<p>Jaula SMALLRIG 4230 para Fujifilm X-S20 La jaula SmallRig 4230 para FUJIFILM X-S20 est\u00e1 dise\u00f1ada para proteger la c\u00e1mara y<\/p>\n","protected":false},"featured_media":67391,"comment_status":"closed","ping_status":"open","template":"","meta":{"_acf_changed":false},"product_brand":[2550],"product_cat":[1105],"product_tag":[],"class_list":{"0":"post-75383","1":"product","2":"type-product","3":"status-publish","4":"has-post-thumbnail","6":"product_brand-smallrig-es","7":"product_cat-cages-cages-es","9":"first","10":"onbackorder","11":"taxable","12":"shipping-taxable","13":"purchasable","14":"product-type-simple"},"bundled_by":[],"bundle_stock_status":"onbackorder","bundle_stock_quantity":0,"bundle_virtual":false,"bundle_layout":"","bundle_add_to_cart_form_location":"","bundle_editable_in_cart":false,"bundle_sold_individually_context":"","bundle_item_grouping":"","bundle_min_size":"","bundle_max_size":"","bundle_price":[],"bundled_items":[],"bundle_sell_ids":[],"acf":[],"_links":{"self":[{"href":"https:\/\/hi-techwonder.com\/es\/wp-json\/wp\/v2\/product\/75383","targetHints":{"allow":["GET"]}}],"collection":[{"href":"https:\/\/hi-techwonder.com\/es\/wp-json\/wp\/v2\/product"}],"about":[{"href":"https:\/\/hi-techwonder.com\/es\/wp-json\/wp\/v2\/types\/product"}],"replies":[{"embeddable":true,"href":"https:\/\/hi-techwonder.com\/es\/wp-json\/wp\/v2\/comments?post=75383"}],"wp:featuredmedia":[{"embeddable":true,"href":"https:\/\/hi-techwonder.com\/es\/wp-json\/wp\/v2\/media\/67391"}],"wp:attachment":[{"href":"https:\/\/hi-techwonder.com\/es\/wp-json\/wp\/v2\/media?parent=75383"}],"wp:term":[{"taxonomy":"product_brand","embeddable":true,"href":"https:\/\/hi-techwonder.com\/es\/wp-json\/wp\/v2\/product_brand?post=75383"},{"taxonomy":"product_cat","embeddable":true,"href":"https:\/\/hi-techwonder.com\/es\/wp-json\/wp\/v2\/product_cat?post=75383"},{"taxonomy":"product_tag","embeddable":true,"href":"https:\/\/hi-techwonder.com\/es\/wp-json\/wp\/v2\/product_tag?post=75383"}],"curies":[{"name":"wp","href":"https:\/\/api.w.org\/{rel}","templated":true}]}}