{"id":75384,"date":"2025-07-29T10:27:58","date_gmt":"2025-07-29T10:27:58","guid":{"rendered":"https:\/\/fv6qoy3ls0.wpdns.site\/product\/smallrig-4306-zapata-giratoria-horizontal-vertical-nikon-z\/"},"modified":"2025-07-29T10:27:58","modified_gmt":"2025-07-29T10:27:58","slug":"smallrig-4306-zapata-giratoria-horizontal-vertical-nikon-z","status":"publish","type":"product","link":"https:\/\/hi-techwonder.com\/es\/producto\/smallrig-4306-zapata-giratoria-horizontal-vertical-nikon-z\/","title":{"rendered":"SMALLRIG 4306 Zapata giratoria horizontal\/vertical Nikon Z"},"content":{"rendered":"<p><strong> <\/strong><strong>Zapata giratoria horizontal\/vertical SMALLRIG para Nikon Z<\/strong><\/p>\n<p><strong>Funciones:<\/strong><\/p>\n<p>Kit SmallRig 4306, zapata de montaje de disparo giratoria horizontal y vertical para Nikon Z Series<\/p>\n<ul>\n<li>puede cambiar r\u00e1pidamente entre disparo horizontal y vertical sin cambiar el centro del eje \u00f3ptico del objetivo;<\/li>\n<li>Dise\u00f1o modular, el anillo de soporte para disparos horizontales y verticales se puede desmontar r\u00e1pidamente, lo que lo hace port\u00e1til;<\/li>\n<li>No interfiere con las teclas de funci\u00f3n y las interfaces del cuerpo y la lente (volteo de la pantalla LCD, compartimiento de la bater\u00eda, ranura para tarjetas);<\/li>\n<li>Gran versatilidad: se puede adaptar a los modelos Nikon Z 5 \/ Z 6 \/ Z 7 \/ Z 6II \/ Z 7II y SmallRig 2926B, 3940 marcos de expansi\u00f3n;<\/li>\n<li>Conmutaci\u00f3n multiescena: el anillo de soporte para disparo horizontal y vertical se puede adaptar a los tr\u00edpodes Arca Swiss y Manfrotto RC2;<\/li>\n<li>Tiene una variedad de interfaces de expansi\u00f3n incorporadas, como orificios de 1\/4 &#8220;-20, orificios de 3\/8&#8221; -16, que pueden expandir manijas, manos m\u00e1gicas, zapatos funcionales y otros accesorios.<\/li>\n<\/ul>\n<p>El kit SmallRig 4306, zapata de montaje de disparo horizontal y vertical para la serie Z de Nikon, est\u00e1 dise\u00f1ado para ayudar a la c\u00e1mara a cambiar r\u00e1pidamente entre disparo horizontal y vertical sin cambiar el centro del eje \u00f3ptico del objetivo. Despu\u00e9s de la instalaci\u00f3n, no interfiere con la rotaci\u00f3n de la pantalla LCD y la interfaz del cuerpo. Se incorpora una junta protectora en la superficie de contacto con la c\u00e1mara para evitar ara\u00f1azos y deflexiones de la c\u00e1mara. El dise\u00f1o de l\u00edmite de rotaci\u00f3n de 90 \u00b0 elimina la necesidad de desmontar la c\u00e1mara, y puede cambiar entre disparos horizontales y verticales con gran versatilidad, en la Nikon Z 5 \/ Z 6 \/ Z 7 \/ Z 6II \/ Z 7II el cuerpo \u00fanico se puede liberar r\u00e1pidamente a trav\u00e9s de la zapata suiza Ark, y el marco de extensi\u00f3n 2926B y 3940 se puede deslizar directamente; La zapata Swiss Ark del anillo de soporte de gatillo horizontal y vertical se puede adaptar a Swiss Ark Shoe, tiene orificios roscados de 1\/4 &#8220;-20 y 3\/8&#8221; -16 en la parte inferior para expandir otras especificaciones de zapata \/ zapatos de liberaci\u00f3n r\u00e1pida; se puede conectar a la zapata Swiss Ark desde la parte inferior de la c\u00e1mara. Compatible con interruptor magn\u00e9tico incorporado, f\u00e1cil de tomar y usar, f\u00e1cil de desmontar y montar.    <\/p>\n<p><strong>Precauciones:<\/strong><\/p>\n<ul>\n<li>Retire la lente antes de instalar\/desmontar el producto.<\/li>\n<li>Este producto es compatible con el adaptador de montura Nikon FTZ II<\/li>\n<\/ul>\n<p><strong>Contenido del paquete<\/strong><\/p>\n<ul>\n<li>1x Zapata de montaje giratoria horizontal a vertical<\/li>\n<li>1x Zapata \/ Zapata de conexi\u00f3n<\/li>\n<li>1x Zapatilla de liberaci\u00f3n r\u00e1pida Arca-Swiss<\/li>\n<li>1x Zapatilla \/ Zapatilla base Arca-Swiss<\/li>\n<li>1x Llave Sestavada&nbsp;<\/li>\n<\/ul>\n<p><strong>Compatibilidad:<\/strong><\/p>\n<ul>\n<li>C\u00e1maras: Nikon Z 5 \/ Z 6 \/ Z 7 \/ Z 6II \/ Z 7II \/ Z 8<\/li>\n<li>Modelos de caja de expansi\u00f3n compatibles: SmallRig Nikon Z 5 \/ Z 6 \/ Z 7 \/ Z 6II \/ Z 7II 2926B Caja de expansi\u00f3n<\/li>\n<li>Marco de expansi\u00f3n SmallRig Nikon Z 8 3940<\/li>\n<\/ul>\n<p><strong>Caracter\u00edsticas t\u00e9cnicas:<\/strong><\/p>\n<ul>\n<li>Tama\u00f1o del producto: 132x104x83mm<\/li>\n<li>Tama\u00f1o del paquete: 184 x 101 x 57 mm<\/li>\n<li>Peso del producto: 220 g \u00b1 5 g<\/li>\n<li>Peso del paquete: 305 g \u00b1 5 g<\/li>\n<li>Materiales principales: aleaci\u00f3n de aluminio, acero inoxidable<\/li>\n<\/ul>\n<p><strong>&nbsp;Productos relacionados con Smallrig:<\/strong><\/p>\n<ul>\n<li>3940, 2926B, 3942, 2947, 3941, 4059, 3457, 3487<\/li>\n<\/ul>\n","protected":false},"excerpt":{"rendered":"<p>Zapata giratoria horizontal\/vertical SMALLRIG para Nikon Z Funciones: Kit SmallRig 4306, zapata de montaje de disparo giratoria horizontal y vertical<\/p>\n","protected":false},"featured_media":63704,"comment_status":"closed","ping_status":"open","template":"","meta":{"_acf_changed":false},"product_brand":[2550],"product_cat":[1088],"product_tag":[],"class_list":{"0":"post-75384","1":"product","2":"type-product","3":"status-publish","4":"has-post-thumbnail","6":"product_brand-smallrig-es","7":"product_cat-soportes-giratorios","9":"first","10":"onbackorder","11":"taxable","12":"shipping-taxable","13":"purchasable","14":"product-type-simple"},"bundled_by":[],"bundle_stock_status":"onbackorder","bundle_stock_quantity":0,"bundle_virtual":false,"bundle_layout":"","bundle_add_to_cart_form_location":"","bundle_editable_in_cart":false,"bundle_sold_individually_context":"","bundle_item_grouping":"","bundle_min_size":"","bundle_max_size":"","bundle_price":[],"bundled_items":[],"bundle_sell_ids":[],"acf":[],"_links":{"self":[{"href":"https:\/\/hi-techwonder.com\/es\/wp-json\/wp\/v2\/product\/75384","targetHints":{"allow":["GET"]}}],"collection":[{"href":"https:\/\/hi-techwonder.com\/es\/wp-json\/wp\/v2\/product"}],"about":[{"href":"https:\/\/hi-techwonder.com\/es\/wp-json\/wp\/v2\/types\/product"}],"replies":[{"embeddable":true,"href":"https:\/\/hi-techwonder.com\/es\/wp-json\/wp\/v2\/comments?post=75384"}],"wp:featuredmedia":[{"embeddable":true,"href":"https:\/\/hi-techwonder.com\/es\/wp-json\/wp\/v2\/media\/63704"}],"wp:attachment":[{"href":"https:\/\/hi-techwonder.com\/es\/wp-json\/wp\/v2\/media?parent=75384"}],"wp:term":[{"taxonomy":"product_brand","embeddable":true,"href":"https:\/\/hi-techwonder.com\/es\/wp-json\/wp\/v2\/product_brand?post=75384"},{"taxonomy":"product_cat","embeddable":true,"href":"https:\/\/hi-techwonder.com\/es\/wp-json\/wp\/v2\/product_cat?post=75384"},{"taxonomy":"product_tag","embeddable":true,"href":"https:\/\/hi-techwonder.com\/es\/wp-json\/wp\/v2\/product_tag?post=75384"}],"curies":[{"name":"wp","href":"https:\/\/api.w.org\/{rel}","templated":true}]}}