{"id":75385,"date":"2025-07-29T10:28:05","date_gmt":"2025-07-29T10:28:05","guid":{"rendered":"https:\/\/fv6qoy3ls0.wpdns.site\/product\/smallrig-4300-eos-r-zapata-giratoria-horizontal-vertical\/"},"modified":"2025-09-16T11:53:41","modified_gmt":"2025-09-16T11:53:41","slug":"smallrig-4300-eos-r-zapata-giratoria-horizontal-vertical","status":"publish","type":"product","link":"https:\/\/hi-techwonder.com\/es\/producto\/smallrig-4300-eos-r-zapata-giratoria-horizontal-vertical\/","title":{"rendered":"SMALLRIG 4300 EOS R Zapata giratoria horizontal\/vertical"},"content":{"rendered":"<p><strong>SMALLRIG 4300 EOS R Zapata giratoria horizontal\/vertical<\/strong><\/p>\n<p><strong>Funciones:<\/strong><\/p>\n<ul>\n<li>Para la serie R de Canon<\/li>\n<li>Para cabezales de tr\u00edpode Arca y RC2<\/li>\n<li>Acceso completo a botones y puertos<\/li>\n<li>Proporciona m\u00faltiples puntos de montaje<\/li>\n<\/ul>\n<p><strong>Contenido del paquete:<\/strong><\/p>\n<ul>\n<li>1 x Anillo de soporte giratorio horizontal a vertical<\/li>\n<li>1 x Anillo de soporte giratorio horizontal para zapata de liberaci\u00f3n r\u00e1pida vertical<\/li>\n<li>1 x Zapata base<\/li>\n<li>1 x Llave hexagonal<\/li>\n<li>2 x Tornillos M4<\/li>\n<\/ul>\n<p>El kit de zapata giratoria horizontal a vertical SmallRig para c\u00e1maras EOS Canon espec\u00edficas de la serie R 4300 est\u00e1 dise\u00f1ado para cambiar r\u00e1pidamente entre fotograf\u00eda horizontal y vertical sin ajustar el eje \u00f3ptico de la lente. Mantiene acceso completo a la pantalla LCD abatible y a los puertos, y tiene almohadillas incorporadas que evitan ara\u00f1azos y torceduras. Compatible con el tr\u00edpode Ark\/Manfrotto RC2 y los cardanes de la serie DJI RS, la zapata de montaje del collar de la lente puede girar 90 grados simplemente desbloqueando un bot\u00f3n para cambiar entre disparo horizontal y vertical; Sus orificios roscados inferiores de 1\/4&#8243;-20 y 3\/8&#8243;-16 tambi\u00e9n admiten manija lateral u otras zapatas de liberaci\u00f3n r\u00e1pida. En la zapata base hay un soporte QD, un orificio para la pulsera 3848 y una llave magn\u00e9tica de doble cabezal para una f\u00e1cil instalaci\u00f3n y liberaci\u00f3n.   <\/p>\n<p><strong>Nota:<\/strong><\/p>\n<ol>\n<li>Retire la lente antes de la instalaci\u00f3n\/extracci\u00f3n.<\/li>\n<li>El producto es compatible con el adaptador de montura EF-EOS R de Canon, el adaptador de montura de anillo de control EF-EOS R de Canon.<\/li>\n<\/ol>\n<p><strong>Compatibilidad:<\/strong><\/p>\n<p>Canon EOS R5\/R5C\/R6\/R6 Mark II<\/p>\n<p><strong>Caracter\u00edsticas t\u00e9cnicas:<\/strong><\/p>\n<ul>\n<li>Dimensiones del producto: 124 x 94 x 68,7 mm<\/li>\n<li>Dimensiones del paquete: 144 x 102,5 x 56 mm<\/li>\n<li>Peso del producto: 163 \u00b1 5g<\/li>\n<li>Peso del paquete: 223 \u00b1 5g<\/li>\n<li>Material(es): Aleaci\u00f3n de aluminio, acero inoxidable<\/li>\n<\/ul>\n","protected":false},"excerpt":{"rendered":"<p>SMALLRIG 4300 EOS R Zapata giratoria horizontal\/vertical Funciones: Para la serie R de Canon Para cabezales de tr\u00edpode Arca y<\/p>\n","protected":false},"featured_media":63725,"comment_status":"closed","ping_status":"open","template":"","meta":{"_acf_changed":false},"product_brand":[2550],"product_cat":[1088],"product_tag":[],"class_list":{"0":"post-75385","1":"product","2":"type-product","3":"status-publish","4":"has-post-thumbnail","6":"product_brand-smallrig-es","7":"product_cat-soportes-giratorios","9":"first","10":"onbackorder","11":"taxable","12":"shipping-taxable","13":"purchasable","14":"product-type-simple"},"bundled_by":[],"bundle_stock_status":"onbackorder","bundle_stock_quantity":null,"bundle_virtual":false,"bundle_layout":"","bundle_add_to_cart_form_location":"","bundle_editable_in_cart":false,"bundle_sold_individually_context":"","bundle_item_grouping":"","bundle_min_size":"","bundle_max_size":"","bundle_price":[],"bundled_items":[],"bundle_sell_ids":[],"acf":[],"_links":{"self":[{"href":"https:\/\/hi-techwonder.com\/es\/wp-json\/wp\/v2\/product\/75385","targetHints":{"allow":["GET"]}}],"collection":[{"href":"https:\/\/hi-techwonder.com\/es\/wp-json\/wp\/v2\/product"}],"about":[{"href":"https:\/\/hi-techwonder.com\/es\/wp-json\/wp\/v2\/types\/product"}],"replies":[{"embeddable":true,"href":"https:\/\/hi-techwonder.com\/es\/wp-json\/wp\/v2\/comments?post=75385"}],"wp:featuredmedia":[{"embeddable":true,"href":"https:\/\/hi-techwonder.com\/es\/wp-json\/wp\/v2\/media\/63725"}],"wp:attachment":[{"href":"https:\/\/hi-techwonder.com\/es\/wp-json\/wp\/v2\/media?parent=75385"}],"wp:term":[{"taxonomy":"product_brand","embeddable":true,"href":"https:\/\/hi-techwonder.com\/es\/wp-json\/wp\/v2\/product_brand?post=75385"},{"taxonomy":"product_cat","embeddable":true,"href":"https:\/\/hi-techwonder.com\/es\/wp-json\/wp\/v2\/product_cat?post=75385"},{"taxonomy":"product_tag","embeddable":true,"href":"https:\/\/hi-techwonder.com\/es\/wp-json\/wp\/v2\/product_tag?post=75385"}],"curies":[{"name":"wp","href":"https:\/\/api.w.org\/{rel}","templated":true}]}}