{"id":75386,"date":"2025-07-29T10:11:03","date_gmt":"2025-07-29T10:11:03","guid":{"rendered":"https:\/\/fv6qoy3ls0.wpdns.site\/product\/smallrig-4280-rc30b-led-monolight-video-bi-color\/"},"modified":"2026-02-11T15:25:48","modified_gmt":"2026-02-11T15:25:48","slug":"smallrig-4280-rc30b-led-monolight-video-bi-color","status":"publish","type":"product","link":"https:\/\/hi-techwonder.com\/es\/producto\/smallrig-4280-rc30b-led-monolight-video-bi-color\/","title":{"rendered":"SMALLRIG 4280 RC30B LED Monolight Video (Bi-Color)"},"content":{"rendered":"<p><b>SMALLRIG 4280 RC30B LED Monolight Video (Bi-Color)<\/b><\/p>\n<p><\/p>\n<p><strong>Funciones<\/strong><\/p>\n<ul>\n<li>Potente luz de video LED COB ajustable, ideal para estudios y producciones de video y fotograf\u00eda.<\/li>\n<li>Ajuste continuo del \u00e1ngulo del haz: 15\u00b0 a 60\u00b0 para un control preciso de la iluminaci\u00f3n.<\/li>\n<li>Temperatura de color ajustable: 2700K a 6500K, proporcionando tonos claros de c\u00e1lidos (tungsteno) a fr\u00edos (luz del d\u00eda).<\/li>\n<li>Alta precisi\u00f3n de color con CRI 96+ y TLCI 96+ para una calidad de imagen optimizada.<\/li>\n<li>Intensidad luminosa m\u00e1xima: hasta 43400 lux a 0,5 metros (a 15\u00b0, 5600K).<\/li>\n<li>Incluye barndoor de 4 palas para control del haz de luz y montaje en paraguas.<\/li>\n<li>Sistema de refrigeraci\u00f3n por ventilador para un funcionamiento continuo y estable.<\/li>\n<\/ul>\n<p><strong>Contenido del paquete<\/strong><\/p>\n<ul>\n<li>1 x Luz de video LED SmallRig RC30B COB<\/li>\n<li>1 x Puerta de granero de 4 hojas<\/li>\n<li>1 x Adaptador de CA<\/li>\n<li>1 x Manual de usuario<\/li>\n<\/ul>\n<p><\/p>\n<p><strong>Descripci\u00f3n<\/strong><\/p>\n<p><iframe loading=\"lazy\" frameborder=\"0\" src=\"https:\/\/www.youtube.com\/embed\/4OC6a3ikk2Y\" width=\"640\" height=\"360\" class=\"note-video-clip\" referrerpolicy=\"strict-origin-when-cross-origin\"><\/iframe><strong><br \/><\/strong><\/p>\n<ul>\n<li>La SmallRig RC30B es una luz de video LED compacta y ajustable dise\u00f1ada para satisfacer las demandas de iluminaci\u00f3n de fot\u00f3grafos y creadores de contenido. Esta unidad bicolor le permite ajustar el \u00e1ngulo del haz de 15\u00b0 a 60\u00b0, proporcionando todo, desde una amplia iluminaci\u00f3n hasta un haz de luz concentrado. Con una precisi\u00f3n de color de CRI 96+ y TLCI 96+, y una temperatura de color variable entre 2700K y 6500K, la RC30B garantiza una iluminaci\u00f3n natural y fiel. Cuenta con un barnador de 4 hojas y un soporte para paraguas, que ofrece un control adicional sobre la dispersi\u00f3n de la luz, lo que lo hace perfecto para aplicaciones como productos de transmisi\u00f3n en vivo, tutoriales de belleza y fotograf\u00eda de productos.   <\/li>\n<\/ul>\n<p style=\"text-align: center;  \"><\/p>\n<p style=\"text-align: center;  \">&nbsp;&nbsp;<img decoding=\"async\" src=\"https:\/\/static.smallrig.com\/mall\/img\/public\/1718767078680_.jpg\" style=\"width: 618.413px; height: 349.905px;\" alt=\"\"><strong><br \/><\/strong><\/p>\n<p><strong>Especificaciones t\u00e9cnicas<\/strong><\/p>\n<ul>\n<li><strong>Modelo:<\/strong> RC30B<\/li>\n<li><strong>Tipo de LED:<\/strong> MAZORCA<\/li>\n<li><strong>Temperatura de color:<\/strong> 2700K a 6500K (\u00b1200K)<\/li>\n<li><strong>Intensidad luminosa:<\/strong> 43400 lux @ 0,5 m (15\u00b0, 5600K)<\/li>\n<li><strong>Precisi\u00f3n de color:<\/strong> CRI 96+, TLCI 96+<\/li>\n<li><strong>\u00c1ngulo de haz:<\/strong> 15\u00b0 a 60\u00b0<\/li>\n<li><strong>Montura:<\/strong> Adaptador de 5\/8&#8243; y soporte para paraguas<\/li>\n<li><strong>Fuente de alimentaci\u00f3n:<\/strong> Adaptador de CA\/CC incluido<\/li>\n<li><strong>Material:<\/strong> PC+ABS<\/li>\n<li><strong>Dimensiones:<\/strong> 160 x 90 x 160 mm<\/li>\n<li><strong>Peso del producto:<\/strong> 480 g<\/li>\n<\/ul>\n<p><strong>Embalaje<\/strong><\/p>\n<ul>\n<li><strong>Peso del paquete:<\/strong> 880 g<\/li>\n<li><strong>Dimensiones de la caja:<\/strong> 22 x 20,5 x 10,5 cm<\/li>\n<\/ul>\n<p><strong>Informaci\u00f3n adicional<\/strong><\/p>\n<ul>\n<li>Nota: Im\u00e1genes ilustrativas. Equipo ilustrativo no incluido. Consulte el contenido y las especificaciones del paquete para obtener m\u00e1s detalles.  <\/li>\n<\/ul>\n","protected":false},"excerpt":{"rendered":"<p>SMALLRIG 4280 RC30B LED Monolight Video (Bi-Color) Funciones Potente luz de video LED COB ajustable, ideal para estudios y producciones<\/p>\n","protected":false},"featured_media":59538,"comment_status":"closed","ping_status":"open","template":"","meta":{"_acf_changed":false},"product_brand":[2550],"product_cat":[997],"product_tag":[],"class_list":{"0":"post-75386","1":"product","2":"type-product","3":"status-publish","4":"has-post-thumbnail","6":"product_brand-smallrig-es","7":"product_cat-focos","9":"first","10":"instock","11":"taxable","12":"shipping-taxable","13":"purchasable","14":"product-type-simple"},"bundled_by":[],"bundle_stock_status":"instock","bundle_stock_quantity":2,"bundle_virtual":false,"bundle_layout":"","bundle_add_to_cart_form_location":"","bundle_editable_in_cart":false,"bundle_sold_individually_context":"","bundle_item_grouping":"","bundle_min_size":"","bundle_max_size":"","bundle_price":[],"bundled_items":[],"bundle_sell_ids":[],"acf":[],"_links":{"self":[{"href":"https:\/\/hi-techwonder.com\/es\/wp-json\/wp\/v2\/product\/75386","targetHints":{"allow":["GET"]}}],"collection":[{"href":"https:\/\/hi-techwonder.com\/es\/wp-json\/wp\/v2\/product"}],"about":[{"href":"https:\/\/hi-techwonder.com\/es\/wp-json\/wp\/v2\/types\/product"}],"replies":[{"embeddable":true,"href":"https:\/\/hi-techwonder.com\/es\/wp-json\/wp\/v2\/comments?post=75386"}],"wp:featuredmedia":[{"embeddable":true,"href":"https:\/\/hi-techwonder.com\/es\/wp-json\/wp\/v2\/media\/59538"}],"wp:attachment":[{"href":"https:\/\/hi-techwonder.com\/es\/wp-json\/wp\/v2\/media?parent=75386"}],"wp:term":[{"taxonomy":"product_brand","embeddable":true,"href":"https:\/\/hi-techwonder.com\/es\/wp-json\/wp\/v2\/product_brand?post=75386"},{"taxonomy":"product_cat","embeddable":true,"href":"https:\/\/hi-techwonder.com\/es\/wp-json\/wp\/v2\/product_cat?post=75386"},{"taxonomy":"product_tag","embeddable":true,"href":"https:\/\/hi-techwonder.com\/es\/wp-json\/wp\/v2\/product_tag?post=75386"}],"curies":[{"name":"wp","href":"https:\/\/api.w.org\/{rel}","templated":true}]}}