{"id":75389,"date":"2025-07-28T23:29:21","date_gmt":"2025-07-28T23:29:21","guid":{"rendered":"https:\/\/fv6qoy3ls0.wpdns.site\/product\/bateria-usb-c-smallrig-4330-np-fw50-1030mah\/"},"modified":"2026-03-02T17:26:39","modified_gmt":"2026-03-02T17:26:39","slug":"smallrig-bateria-usb-c-smallrig-4330-np-fw50-1030mah","status":"publish","type":"product","link":"https:\/\/hi-techwonder.com\/es\/producto\/smallrig-bateria-usb-c-smallrig-4330-np-fw50-1030mah\/","title":{"rendered":"Bater\u00eda USB-C SMALLRIG 4330 NP-FW50 &#8211; 1030mAh"},"content":{"rendered":"<p><strong>Bater\u00eda recargable SMALLRIG 4330 NP-FW50 USB-C para Sony 1030mAh<\/strong><\/p>\n<p><strong>Funciones:<\/strong><\/p>\n<ul>\n<li>Viene con un puerto de carga USB-C, que admite carga de energ\u00eda m\u00f3vil, carga dom\u00e9stica, carga de autom\u00f3vil, carga de cargador especial y otros m\u00e9todos.<\/li>\n<li>Carga directa desde el puerto USB-C, voltaje de carga 5V 1A, se puede cargar completamente en 2 horas y 15 minutos<\/li>\n<li>Verdadera alta capacidad de 1030 mAh, que proporciona una bater\u00eda de larga duraci\u00f3n<\/li>\n<li>Nueva combinaci\u00f3n de colores, identificaci\u00f3n r\u00e1pida, m\u00e1s distintivo<\/li>\n<li>Decodificaci\u00f3n completa, mayor compatibilidad, sin ventanas emergentes<\/li>\n<li>Las celdas de la bater\u00eda y el sistema de l\u00ednea de fabricantes famosos son seguros y confiables, lo que garantiza una salida estable de voltaje y corriente.<\/li>\n<\/ul>\n<p style=\"text-align: justify\">&nbsp;La bater\u00eda de carga directa SmallRig NP-FW50 USB-C 4330 viene con un puerto de carga USB-C y admite carga de energ\u00eda m\u00f3vil, carga dom\u00e9stica, carga de autom\u00f3vil, carga de cargador especial y otros m\u00e9todos. Puedes cargarlo en cualquier momento y en cualquier lugar; puede usar carga directa del puerto USB-C, voltaje de carga 5V, corriente de carga m\u00e1xima 1A, puede lograr una carga completa r\u00e1pida en 2 horas y 15 minutos; 1030 mAh de alta capacidad est\u00e1ndar real, lo que brinda una bater\u00eda de larga duraci\u00f3n; Usando un chip de decodificaci\u00f3n completo, es perfectamente compatible con dispositivos y no necesita ser utilizado durante el uso Ventana emergente; la apariencia adopta un nuevo esquema de color, que es m\u00e1s distintivo; la carcasa est\u00e1 hecha de material ign\u00edfugo ABS + PC de alta calidad, con una superficie mate, resistencia a altas temperaturas, tacto delicado y durabilidad; La bater\u00eda es del mismo tama\u00f1o que la bater\u00eda original de la c\u00e1mara y se adapta perfectamente a la bater\u00eda de la c\u00e1mara. <\/p>\n<p style=\"text-align: justify\"><strong>Contenido del paquete:<\/strong><\/p>\n<ul>\n<li style=\"text-align: justify\">1 x Bater\u00eda de carga directa NP-FW50 USB-C<\/li>\n<li style=\"text-align: justify\">1 x Cubierta de protecci\u00f3n de la bater\u00eda<\/li>\n<li style=\"text-align: justify\">1 cable de carga USB-A a USB-C de 0,6 m<\/li>\n<\/ul>\n<p><strong>Compatibilidad:<\/strong><\/p>\n<p>Tipo de bater\u00eda: bater\u00eda de iones de litio<\/p>\n<p>Par\u00e1metros de la bater\u00eda: 1030mAh 7.2V 7.4Wh<\/p>\n<p>Voltaje de carga: 8,4 V<\/p>\n<p>P: 7,2 V<\/p>\n<p>Capacidad nominal de la celda: 1030 mAh<\/p>\n<p>Capacidad nominal de la bater\u00eda: 980 mAh<\/p>\n<p>Corriente de recarga: Carga est\u00e1ndar: 0,2 C (206 mA)<\/p>\n<p>Carga r\u00e1pida: 0,5 C (515 mA)<\/p>\n<p>Corriente de carga m\u00e1xima: 0,5 \u00b0C<\/p>\n<p>Entrada USB-C: 5V \/ 1A (m\u00e1x.)<\/p>\n<p>Corriente m\u00e1xima de descarga: 1C<\/p>\n<p>Punto de protecci\u00f3n de corriente de sobredescarga: 4.5 ~ 7.5A<\/p>\n<p>Voltaje de corte de descarga: 5.5V<\/p>\n<p>Temperatura de funcionamiento: 0?~55?<\/p>\n<p>Peso de la bater\u00eda: 46\u00b12g<\/p>\n<p>Material de la caja de la bater\u00eda: PC + ABS<\/p>\n<p>Luz indicadora de trabajo: durante la carga, la luz indicadora se vuelve roja; Cuando la bater\u00eda est\u00e1 llena, la luz indicadora se vuelve verde<\/p>\n<p><strong>Nota:<\/strong> Peso\/dimensiones indicadas por el fabricante.<\/p>\n<p>Productos relacionados con Smallrig: 3818, 4068, 4081<\/p>\n<p>Peso del producto: 67\u00b15g<\/p>\n<p>Tama\u00f1o del producto: 45,3 mm\u00d731,9 mm\u00d718,5 mm<\/p>\n<p>Peso del paquete: 101 g \u00b1 5 g<\/p>\n<p>Tama\u00f1o del embalaje: 108 * 94.5 * 35 mm<\/p>\n","protected":false},"excerpt":{"rendered":"<p>Bater\u00eda recargable SMALLRIG 4330 NP-FW50 USB-C para Sony 1030mAh Funciones: Viene con un puerto de carga USB-C, que admite carga<\/p>\n","protected":false},"featured_media":22676,"comment_status":"closed","ping_status":"closed","template":"","meta":{"_acf_changed":false},"product_brand":[2550],"product_cat":[864],"product_tag":[],"class_list":{"0":"post-75389","1":"product","2":"type-product","3":"status-publish","4":"has-post-thumbnail","6":"product_brand-smallrig-es","7":"product_cat-sony-es","9":"first","10":"instock","11":"taxable","12":"shipping-taxable","13":"purchasable","14":"product-type-simple"},"bundled_by":[],"bundle_stock_status":"instock","bundle_stock_quantity":2,"bundle_virtual":false,"bundle_layout":"","bundle_add_to_cart_form_location":"","bundle_editable_in_cart":false,"bundle_sold_individually_context":"","bundle_item_grouping":"","bundle_min_size":"","bundle_max_size":"","bundle_price":[],"bundled_items":[],"bundle_sell_ids":[],"acf":[],"_links":{"self":[{"href":"https:\/\/hi-techwonder.com\/es\/wp-json\/wp\/v2\/product\/75389","targetHints":{"allow":["GET"]}}],"collection":[{"href":"https:\/\/hi-techwonder.com\/es\/wp-json\/wp\/v2\/product"}],"about":[{"href":"https:\/\/hi-techwonder.com\/es\/wp-json\/wp\/v2\/types\/product"}],"replies":[{"embeddable":true,"href":"https:\/\/hi-techwonder.com\/es\/wp-json\/wp\/v2\/comments?post=75389"}],"wp:featuredmedia":[{"embeddable":true,"href":"https:\/\/hi-techwonder.com\/es\/wp-json\/wp\/v2\/media\/22676"}],"wp:attachment":[{"href":"https:\/\/hi-techwonder.com\/es\/wp-json\/wp\/v2\/media?parent=75389"}],"wp:term":[{"taxonomy":"product_brand","embeddable":true,"href":"https:\/\/hi-techwonder.com\/es\/wp-json\/wp\/v2\/product_brand?post=75389"},{"taxonomy":"product_cat","embeddable":true,"href":"https:\/\/hi-techwonder.com\/es\/wp-json\/wp\/v2\/product_cat?post=75389"},{"taxonomy":"product_tag","embeddable":true,"href":"https:\/\/hi-techwonder.com\/es\/wp-json\/wp\/v2\/product_tag?post=75389"}],"curies":[{"name":"wp","href":"https:\/\/api.w.org\/{rel}","templated":true}]}}