{"id":75392,"date":"2025-07-29T10:16:54","date_gmt":"2025-07-29T10:16:54","guid":{"rendered":"https:\/\/fv6qoy3ls0.wpdns.site\/product\/smallrig-4358-ra-d30-mini-antena-satelital-softbox-para-rc60b\/"},"modified":"2025-09-15T17:20:20","modified_gmt":"2025-09-15T17:20:20","slug":"smallrig-4358-ra-d30-mini-antena-satelital-softbox-para-rc60b","status":"publish","type":"product","link":"https:\/\/hi-techwonder.com\/es\/producto\/smallrig-4358-ra-d30-mini-antena-satelital-softbox-para-rc60b\/","title":{"rendered":"SMALLRIG 4358 RA-D30 Mini Antena Satelital Softbox para RC60B"},"content":{"rendered":"<p><strong>Smallrig 4358 RA-D30 Mini Antena Satelital Softbox para RC60B<\/strong><\/p>\n<p><strong>Caracter\u00edsticas principales:<\/strong><\/p>\n<ul>\n<li>Para monolight bicolor LED RC 60B<\/li>\n<li>Crea una salida suave<\/li>\n<li>Dise\u00f1o parab\u00f3lico compacto y ligero<\/li>\n<li>Montaje r\u00e1pido<\/li>\n<\/ul>\n<p>Optimizado para el monolight LED bicolor RC 60B, el RA-D30 Mini Parabolic Softbox de SmallRig es un modificador altamente compacto y liviano con un di\u00e1metro de 30 cm. Esta caja de luz de ocho lados utiliza un dise\u00f1o parab\u00f3lico de 22 cm de profundidad que proporciona una apariencia suave y una buena calidad de luz en cualquier sujeto. <\/p>\n<p>F\u00e1cil de instalar y operar, el RA-D30 es port\u00e1til, ideal para su uso en una amplia variedad de aplicaciones.<\/p>\n<p><strong>Siempre listo<\/strong><\/p>\n<p>El dise\u00f1o modificador le permite expandir la caja de luz sin complicaciones.&nbsp;  Su mecanismo de liberaci\u00f3n por compresi\u00f3n le ahorrar\u00e1 tiempo y esfuerzo tanto en el set como al aire libre.<\/p>\n<p><strong>Caja de luz ligera y port\u00e1til<\/strong><\/p>\n<p>Hecho para combinar con el color y el tama\u00f1o de su equipo RC 60B, el RA-D30 es liviano y pesa solo 440 gramos.<\/p>\n<p><strong>Contenido del paquete:<\/strong><\/p>\n<ul>\n<li>Mini caja de luz&nbsp;<\/li>\n<li>Pa\u00f1o difusor&nbsp;<\/li>\n<li>Parrilla de nido de abeja&nbsp;<\/li>\n<li>Manual de usuario&nbsp;<\/li>\n<li>Bolsa de transporte&nbsp;<\/li>\n<\/ul>\n","protected":false},"excerpt":{"rendered":"<p>Smallrig 4358 RA-D30 Mini Antena Satelital Softbox para RC60B Caracter\u00edsticas principales: Para monolight bicolor LED RC 60B Crea una salida<\/p>\n","protected":false},"featured_media":61048,"comment_status":"closed","ping_status":"open","template":"","meta":{"_acf_changed":false},"product_brand":[2550],"product_cat":[1011],"product_tag":[],"class_list":{"0":"post-75392","1":"product","2":"type-product","3":"status-publish","4":"has-post-thumbnail","6":"product_brand-smallrig-es","7":"product_cat-octogonales","9":"first","10":"onbackorder","11":"taxable","12":"shipping-taxable","13":"purchasable","14":"product-type-simple"},"bundled_by":[],"bundle_stock_status":"onbackorder","bundle_stock_quantity":null,"bundle_virtual":false,"bundle_layout":"","bundle_add_to_cart_form_location":"","bundle_editable_in_cart":false,"bundle_sold_individually_context":"","bundle_item_grouping":"","bundle_min_size":"","bundle_max_size":"","bundle_price":[],"bundled_items":[],"bundle_sell_ids":[],"acf":[],"_links":{"self":[{"href":"https:\/\/hi-techwonder.com\/es\/wp-json\/wp\/v2\/product\/75392","targetHints":{"allow":["GET"]}}],"collection":[{"href":"https:\/\/hi-techwonder.com\/es\/wp-json\/wp\/v2\/product"}],"about":[{"href":"https:\/\/hi-techwonder.com\/es\/wp-json\/wp\/v2\/types\/product"}],"replies":[{"embeddable":true,"href":"https:\/\/hi-techwonder.com\/es\/wp-json\/wp\/v2\/comments?post=75392"}],"wp:featuredmedia":[{"embeddable":true,"href":"https:\/\/hi-techwonder.com\/es\/wp-json\/wp\/v2\/media\/61048"}],"wp:attachment":[{"href":"https:\/\/hi-techwonder.com\/es\/wp-json\/wp\/v2\/media?parent=75392"}],"wp:term":[{"taxonomy":"product_brand","embeddable":true,"href":"https:\/\/hi-techwonder.com\/es\/wp-json\/wp\/v2\/product_brand?post=75392"},{"taxonomy":"product_cat","embeddable":true,"href":"https:\/\/hi-techwonder.com\/es\/wp-json\/wp\/v2\/product_cat?post=75392"},{"taxonomy":"product_tag","embeddable":true,"href":"https:\/\/hi-techwonder.com\/es\/wp-json\/wp\/v2\/product_tag?post=75392"}],"curies":[{"name":"wp","href":"https:\/\/api.w.org\/{rel}","templated":true}]}}