{"id":75395,"date":"2025-07-28T23:29:21","date_gmt":"2025-07-28T23:29:21","guid":{"rendered":"https:\/\/fv6qoy3ls0.wpdns.site\/product\/bateria-usb-c-smallrig-4331-np-f550-3500mah\/"},"modified":"2026-01-31T03:54:16","modified_gmt":"2026-01-31T03:54:16","slug":"smallrig-bateria-usb-c-smallrig-4331-np-f550-3500mah","status":"publish","type":"product","link":"https:\/\/hi-techwonder.com\/es\/producto\/smallrig-bateria-usb-c-smallrig-4331-np-f550-3500mah\/","title":{"rendered":"Bater\u00eda USB-C SMALLRIG 4331 NP-F550 &#8211; 3500mAh"},"content":{"rendered":"<p><strong>Bater\u00eda SMALLRIG 4331 NP-F550 USB-C de 3500 mAh<\/strong><\/p>\n<p><strong>Funciones:<\/strong><\/p>\n<ul>\n<li>La bater\u00eda de carga directa SmallRig NP-F550 USB-C 4331 viene con un puerto de carga USB-C, que admite carga de energ\u00eda m\u00f3vil, carga dom\u00e9stica, carga de autom\u00f3vil, carga de cargador especial y otros m\u00e9todos y, por lo tanto, es muy vers\u00e1til.<\/li>\n<li>Carga directa del puerto USB-C, voltaje de carga 5V 2.3A, puede lograr una carga completa r\u00e1pida en 3 horas<\/li>\n<li>3500mAh de alta capacidad real, que proporciona una bater\u00eda de larga duraci\u00f3n<\/li>\n<li>Nueva combinaci\u00f3n de colores, identificaci\u00f3n r\u00e1pida, m\u00e1s distintivo<\/li>\n<li>Las celdas de la bater\u00eda y el sistema de l\u00ednea de fabricantes famosos son seguros y confiables, lo que garantiza una salida estable de voltaje y corriente.<\/li>\n<\/ul>\n<p>Mensaje de texto<\/p>\n<p>La bater\u00eda de carga directa de la c\u00e1mara SmallRig NP-F550 USB-C 4331 viene con un puerto de carga USB-C y admite carga de energ\u00eda m\u00f3vil, carga dom\u00e9stica, carga de autom\u00f3vil, carga de cargador especial y otros m\u00e9todos. Se puede cargar en cualquier momento y en cualquier lugar; se puede cargar directamente desde el puerto USB-C utilizado, voltaje de carga 5V, corriente de carga m\u00e1xima 2.3A, puede lograr una carga completa r\u00e1pida en 3 horas; alta capacidad real de 3500 mAh, que brinda una larga duraci\u00f3n de la bater\u00eda; Fuerte compatibilidad y versatilidad, se puede utilizar para c\u00e1maras, LED Funciona con l\u00e1mparas, monitores, deslizadores el\u00e9ctricos y otros dispositivos; la apariencia adopta un nuevo esquema de color, que es m\u00e1s distintivo; La carcasa est\u00e1 hecha de material ign\u00edfugo ABS + PC de alta calidad, la superficie es mate, resistente a altas temperaturas, delicada al tacto y duradera. <\/p>\n<p><strong>Contenido del paquete:<\/strong><\/p>\n<ul>\n<li>1 x Bater\u00eda de carga directa USB-C NP-F550<\/li>\n<li>1 x Cubierta de protecci\u00f3n de la bater\u00eda<\/li>\n<li>1 cable de carga USB-A a USB-C de 0,6 m<\/li>\n<\/ul>\n<p><strong>Compatibilidad:<\/strong><\/p>\n<p>C\u00e1maras, videoc\u00e1maras, LED, iluminadores, etc.<\/p>\n<p><strong>Sony:<\/strong><\/p>\n<ul>\n<li>Serie CCD-TR (Hi8) de Sony: CCD-TR1, CCD-TR200, CCD-TR215, CCD-TR3, CCD-TR300, CCD-TR3000, CCD-TR3300, CCD-TR416, CCD-TR500, CCD-TR516, CCD-TR517, CCD-TR57, CCD-TR555, CCD-TR67, CCD-TR716, CCD-TR76, CCD-TR818, CCD-TR87, CCD-TR910, CCD-TR917, CCD-TR930, CCD-TR940, CCD-TRT97, CCD-TRV77EG<\/li>\n<li>Serie Sony CCD-TRV (MiniDV): CCD-TRV101, CCD-TRV119, CCD-TRV15, CCD-TRV16, CCD-TRV215, CCD-TRV25, CCD-TRV3000, CCD-TRV315, CCD-TRV315, CCD-TRV35, CCD-TRV36, CCD-TRV37, CCD-TRV4, CCD-TRV41, CCD-TRV43, CCD-TRV46, CCD-TRV51, CCD-TRV517, CCD-TRV57, CCD-TRV58, CCD-TRV615, CCD-TRV62, CCD-TRV65, CCD-TRV66, CCD-TRV67, CCD-TRV68, CCD-TRV715, CCD-TRV716, CCD-TRV772, CCD-TRV720, CCD-TRV75, CCD-TRV78E, CCD-TRV81, CCD-TRV815, CCD-TRV82, CCD-TRV85, CCD-TRV87, CCD-TRV88, CCD-TRV90, CCD-TRV91, CCD-TRV93,  CCD-TRV95, CCD-TRV98, CCD-TRV99<\/li>\n<li>Serie CCD-SC (Hi8) de Sony: CCD-SC5, CCD-SC55, CCD-SC65<\/li>\n<li>Serie Sony DCR-TR7: DCR-TR7000<\/li>\n<li>Serie Sony DCR-TR7: DCR-TR7000<\/li>\n<li>Serie DCR-TRV (MiniDV) de Sony: DCR-TR103, DCR-TRV110, DCR-TRV120, DCR-TRV125E, DCR-TRV130, DCR-TRV210, DCR-TRV310, DCR-TRV315, DCR-TRV320, DCR-TRV5, DCR-TRV510, DCR-TRV520, DCR-TRV525, DCR-TRV7, DCR-TRV720, DCR-TRV820, DCR-TRV9, DCR-TRV900<\/li>\n<li>Serie Sony DCR-TV: DCR-TV900, DCR-TV900E. Serie Sony DCR-VX (MiniDV): Serie DCR-VX1000, DCR-VX2000, DCR-VX2100, DCR-VX700, DCR-VX9. Serie DSC-CD de Sony: DSC-CD100, DSC-CD250, DSC-CD400<\/li>\n<li>Serie Sony DSC-D (Cyber-Shot Point &amp; Shoot): DSC-D700, DSC-D770<\/li>\n<li>Serie DSR de Sony: DSR-200, DSR-300, DSR-PD100A<\/li>\n<li>Serie GV (Video Walkman) de Sony: GV-A500, GV-A500E, GV-D200, GV-D800<\/li>\n<li>Serie Sony MVC-FD (Mavica): MVC-FD100, MVC-FD200, MVC-FD5, MVC-FD51, MVC-FD7, MVC-FD71, MVC-FD73, MVC-FD75, MVC-FD81, MVC-FD83, MVC-FD85, MVC-FD87, MVC-FD88, MVC-FD90, MVC-FD91, MVC-FD91AOL, MVC-FD92, MVC-FD95, MVC-FD97<\/li>\n<li>Esta bater\u00eda reemplaza los siguientes tipos de bater\u00edas originales: NP-530, NP-730, NP-930, NP-F330, NP-F530, NP-F550, NP-F730, NP-F750, NP-F750SP, NP-F930, NP-F950<\/li>\n<\/ul>\n<p><strong>Caracter\u00edsticas t\u00e9cnicas:<\/strong><\/p>\n<p>Tipo de bater\u00eda: bater\u00eda de iones de litio<\/p>\n<p>Par\u00e1metros de la bater\u00eda: 3500mAh 7.27V 25.4Wh<\/p>\n<p>Voltaje de carga: 8,4 V<\/p>\n<p>P: 7,27 V<\/p>\n<p>Capacidad nominal de la celda: 3500 mAh<\/p>\n<p>Capacidad nominal de la bater\u00eda<\/p>\n<p>3300mAh<\/p>\n<p>Corriente de recarga<\/p>\n<p>Carga est\u00e1ndar: 0,5 C (1700 mA)<\/p>\n<p>Carga r\u00e1pida: 1C (3400mA)<\/p>\n<p>Corriente de carga m\u00e1xima<\/p>\n<p>1C<\/p>\n<p>Entrada USB-C<\/p>\n<p>5 V\/23 A (m\u00e1x.)<\/p>\n<p>Corriente de descarga m\u00e1xima<\/p>\n<p>10A&nbsp;<\/p>\n<p>Punto de protecci\u00f3n de sobrecorriente de descarga<\/p>\n<p>12 ~ 18A<\/p>\n<p>Voltaje de corte de descarga<\/p>\n<p>5,0 V<\/p>\n<p>Temperatura de funcionamiento<\/p>\n<p>0?~45?<\/p>\n<p>Peso de la bater\u00eda<\/p>\n<p>\u00b15g<\/p>\n<p>Material de la caja de la bater\u00eda<\/p>\n<p>PC+ABS<\/p>\n<p>Luz indicadora de trabajo<\/p>\n<p>Durante la carga, la luz indicadora se vuelve roja; Cuando la bater\u00eda est\u00e1 llena, la luz indicadora se vuelve verde<\/p>\n<p>Nota: El peso\/dimensiones mencionadas son las indicadas por el fabricante.&nbsp;<\/p>\n<p>Peso del producto: 133\u00b15g<\/p>\n<p>Tama\u00f1o del producto: 70,6 mm\u00d738,5 mm\u00d722,8 mm<\/p>\n<p>Peso del paquete: 167 g \u00b1 5 g<\/p>\n<p>Tama\u00f1o del embalaje: 108 mm \u00d7 94,5 mm \u00d7 35 mm<\/p>\n","protected":false},"excerpt":{"rendered":"<p>Bater\u00eda SMALLRIG 4331 NP-F550 USB-C de 3500 mAh Funciones: La bater\u00eda de carga directa SmallRig NP-F550 USB-C 4331 viene con<\/p>\n","protected":false},"featured_media":22659,"comment_status":"closed","ping_status":"closed","template":"","meta":{"_acf_changed":false},"product_brand":[2550],"product_cat":[864],"product_tag":[],"class_list":{"0":"post-75395","1":"product","2":"type-product","3":"status-publish","4":"has-post-thumbnail","6":"product_brand-smallrig-es","7":"product_cat-sony-es","9":"first","10":"onbackorder","11":"taxable","12":"shipping-taxable","13":"purchasable","14":"product-type-simple"},"bundled_by":[],"bundle_stock_status":"onbackorder","bundle_stock_quantity":null,"bundle_virtual":false,"bundle_layout":"","bundle_add_to_cart_form_location":"","bundle_editable_in_cart":false,"bundle_sold_individually_context":"","bundle_item_grouping":"","bundle_min_size":"","bundle_max_size":"","bundle_price":[],"bundled_items":[],"bundle_sell_ids":[],"acf":[],"_links":{"self":[{"href":"https:\/\/hi-techwonder.com\/es\/wp-json\/wp\/v2\/product\/75395","targetHints":{"allow":["GET"]}}],"collection":[{"href":"https:\/\/hi-techwonder.com\/es\/wp-json\/wp\/v2\/product"}],"about":[{"href":"https:\/\/hi-techwonder.com\/es\/wp-json\/wp\/v2\/types\/product"}],"replies":[{"embeddable":true,"href":"https:\/\/hi-techwonder.com\/es\/wp-json\/wp\/v2\/comments?post=75395"}],"wp:featuredmedia":[{"embeddable":true,"href":"https:\/\/hi-techwonder.com\/es\/wp-json\/wp\/v2\/media\/22659"}],"wp:attachment":[{"href":"https:\/\/hi-techwonder.com\/es\/wp-json\/wp\/v2\/media?parent=75395"}],"wp:term":[{"taxonomy":"product_brand","embeddable":true,"href":"https:\/\/hi-techwonder.com\/es\/wp-json\/wp\/v2\/product_brand?post=75395"},{"taxonomy":"product_cat","embeddable":true,"href":"https:\/\/hi-techwonder.com\/es\/wp-json\/wp\/v2\/product_cat?post=75395"},{"taxonomy":"product_tag","embeddable":true,"href":"https:\/\/hi-techwonder.com\/es\/wp-json\/wp\/v2\/product_tag?post=75395"}],"curies":[{"name":"wp","href":"https:\/\/api.w.org\/{rel}","templated":true}]}}