{"id":75396,"date":"2025-07-28T23:25:59","date_gmt":"2025-07-28T23:25:59","guid":{"rendered":"https:\/\/fv6qoy3ls0.wpdns.site\/product\/smallrig-4700-kit-de-funda-de-cuero-correa-para-el-hombro-para-x100vi\/"},"modified":"2025-12-30T18:14:40","modified_gmt":"2025-12-30T18:14:40","slug":"smallrig-4700-kit-de-funda-de-cuero-correa-para-el-hombro-para-x100vi","status":"publish","type":"product","link":"https:\/\/hi-techwonder.com\/es\/producto\/smallrig-4700-kit-de-funda-de-cuero-correa-para-el-hombro-para-x100vi\/","title":{"rendered":"SMALLRIG 4700 Kit de funda de cuero + correa para el hombro para X100VI"},"content":{"rendered":"<p><strong>Smallrig 4699 Kit de funda de cuero + correa para el hombro para Fuji X100 VI (Negro)<\/strong><\/p>\n<p><\/p>\n<p><strong>Caracter\u00edsticas principales:<\/strong><\/p>\n<ol>\n<li data-list=\"bullet\">Contorno de la caja con tapa abatible.<\/li>\n<li data-list=\"bullet\">Construcci\u00f3n en cuero genuino.<\/li>\n<li data-list=\"bullet\">Cierre de velcro magn\u00e9tico.<\/li>\n<li data-list=\"bullet\">Montaje directo en tr\u00edpode ya que la pieza tiene un orificio roscado de 1\/4&#8243;-20.<\/li>\n<li data-list=\"bullet\">Marco de aluminio de grado aeron\u00e1utico que garantiza un ajuste perfecto y proporciona protecci\u00f3n contra impactos.<\/li>\n<li data-list=\"bullet\">Bandolera extra\u00edble, suave y c\u00f3moda.<\/li>\n<li data-list=\"bullet\">Acceso sin obst\u00e1culos a las funciones clave de la c\u00e1mara: compartimento de la bater\u00eda, modo de enfoque y ranura para tarjetas.<\/li>\n<\/ol>\n<p><\/p>\n<p>El kit incluye un estuche de cuero y una correa para el hombro. El material de cuero de grano superior duradero y transpirable de la carcasa central enriquece la est\u00e9tica y sensaci\u00f3n retro de la c\u00e1mara; Su forro de gamuza asegura la protecci\u00f3n contra ara\u00f1azos.   <\/p>\n<p><\/p>\n<p><strong style=\"color: rgb(230, 0, 0);\">Nota: Pueden ocurrir ligeras variaciones de color debido al material de cuero genuino.<\/strong><\/p>\n<p><\/p>\n","protected":false},"excerpt":{"rendered":"<p>Smallrig 4699 Kit de funda de cuero + correa para el hombro para Fuji X100 VI (Negro) Caracter\u00edsticas principales: Contorno<\/p>\n","protected":false},"featured_media":21559,"comment_status":"closed","ping_status":"open","template":"","meta":{"_acf_changed":false},"product_brand":[2550],"product_cat":[910],"product_tag":[],"class_list":{"0":"post-75396","1":"product","2":"type-product","3":"status-publish","4":"has-post-thumbnail","6":"product_brand-smallrig-es","7":"product_cat-para-compactas-es","9":"first","10":"instock","11":"taxable","12":"shipping-taxable","13":"purchasable","14":"product-type-simple"},"bundled_by":[],"bundle_stock_status":"instock","bundle_stock_quantity":1,"bundle_virtual":false,"bundle_layout":"","bundle_add_to_cart_form_location":"","bundle_editable_in_cart":false,"bundle_sold_individually_context":"","bundle_item_grouping":"","bundle_min_size":"","bundle_max_size":"","bundle_price":[],"bundled_items":[],"bundle_sell_ids":[],"acf":[],"_links":{"self":[{"href":"https:\/\/hi-techwonder.com\/es\/wp-json\/wp\/v2\/product\/75396","targetHints":{"allow":["GET"]}}],"collection":[{"href":"https:\/\/hi-techwonder.com\/es\/wp-json\/wp\/v2\/product"}],"about":[{"href":"https:\/\/hi-techwonder.com\/es\/wp-json\/wp\/v2\/types\/product"}],"replies":[{"embeddable":true,"href":"https:\/\/hi-techwonder.com\/es\/wp-json\/wp\/v2\/comments?post=75396"}],"wp:featuredmedia":[{"embeddable":true,"href":"https:\/\/hi-techwonder.com\/es\/wp-json\/wp\/v2\/media\/21559"}],"wp:attachment":[{"href":"https:\/\/hi-techwonder.com\/es\/wp-json\/wp\/v2\/media?parent=75396"}],"wp:term":[{"taxonomy":"product_brand","embeddable":true,"href":"https:\/\/hi-techwonder.com\/es\/wp-json\/wp\/v2\/product_brand?post=75396"},{"taxonomy":"product_cat","embeddable":true,"href":"https:\/\/hi-techwonder.com\/es\/wp-json\/wp\/v2\/product_cat?post=75396"},{"taxonomy":"product_tag","embeddable":true,"href":"https:\/\/hi-techwonder.com\/es\/wp-json\/wp\/v2\/product_tag?post=75396"}],"curies":[{"name":"wp","href":"https:\/\/api.w.org\/{rel}","templated":true}]}}