{"id":75397,"date":"2025-07-29T00:17:47","date_gmt":"2025-07-29T00:17:47","guid":{"rendered":"https:\/\/fv6qoy3ls0.wpdns.site\/product\/funda-de-cuero-smallrig-4558-para-fujifilm-x100vi\/"},"modified":"2026-03-20T14:17:40","modified_gmt":"2026-03-20T14:17:40","slug":"smallrig-funda-de-cuero-smallrig-4558-para-fujifilm-x100vi","status":"publish","type":"product","link":"https:\/\/hi-techwonder.com\/es\/producto\/smallrig-funda-de-cuero-smallrig-4558-para-fujifilm-x100vi\/","title":{"rendered":"Funda de cuero SMALLRIG 4558 para Fujifilm X100VI"},"content":{"rendered":"<p><strong>Funda de cuero Smallrig 4558 para Fujifilm X100VI (marr\u00f3n)<\/strong><\/p>\n<p><\/p>\n<p><strong>Funciones:<\/strong><\/p>\n<ul>\n<li>Media cubierta de cuero<\/li>\n<li>Cubierta abatible<\/li>\n<li>Correa de hombro desmontable<\/li>\n<li>Montaje en tr\u00edpode<\/li>\n<\/ul>\n<p><\/p>\n<p><b>Contenido del paquete:<\/b><\/p>\n<ul>\n<li>1 x Media funda de cuero<\/li>\n<li>1 x Cubierta abatible<\/li>\n<li>1 x Correa para el hombro<\/li>\n<\/ul>\n<p><\/p>\n<p><iframe loading=\"lazy\" frameborder=\"0\" src=\"https:\/\/www.youtube.com\/embed\/Smz3rMoLILc?start=1\" width=\"640\" height=\"360\"><\/iframe><\/p>\n<p><\/p>\n<p>Este kit incluye un estuche de medio cuero, una funda abatible y una correa para el hombro.&nbsp;<\/p>\n<p>Tanto la parte exterior de la funda de cuero central como la funda abatible est\u00e1n fabricadas en piel bovina de primera categor\u00eda, transpirable y resistente al desgaste, cuyo dise\u00f1o repite la silueta de la c\u00e1mara para crear un estilo llamativo.<\/p>\n<p>El interior est\u00e1 hecho de microfibra suave para brindar una protecci\u00f3n total para la c\u00e1mara y la lente.&nbsp;<\/p>\n<p>Se adapta perfectamente al cuerpo de la c\u00e1mara y permite el acceso a las interfaces y botones de la c\u00e1mara: compartimento de la bater\u00eda, modo MSC, ranura para tarjetas, etc.&nbsp;<\/p>\n<p>Construido con aleaci\u00f3n de aluminio de grado aeron\u00e1utico para soporte y protecci\u00f3n de la c\u00e1mara contra impactos.&nbsp;<\/p>\n<p>La rosca inferior de 1\/4&#8243;-20 permite montar la caja directamente en el tr\u00edpode sin quitar la caja;&nbsp;<\/p>\n<p>El estuche plegable cuenta con un cierre magn\u00e9tico y Velcro para mayor comodidad y seguridad; gracias a la correa de PU para el hombro, es f\u00e1cil transportar la c\u00e1mara.<\/p>\n<p><\/p>\n<p><strong>Datos t\u00e9cnicos:<\/strong><\/p>\n<p>Dimensiones del producto: 135 x 75 x 95 mm<\/p>\n<h2><\/h2>\n","protected":false},"excerpt":{"rendered":"<p>Funda de cuero Smallrig 4558 para Fujifilm X100VI (marr\u00f3n) Funciones: Media cubierta de cuero Cubierta abatible Correa de hombro desmontable<\/p>\n","protected":false},"featured_media":37441,"comment_status":"closed","ping_status":"open","template":"","meta":{"_acf_changed":false},"product_brand":[2550],"product_cat":[908],"product_tag":[],"class_list":{"0":"post-75397","1":"product","2":"type-product","3":"status-publish","4":"has-post-thumbnail","6":"product_brand-smallrig-es","7":"product_cat-organizadores-es","9":"first","10":"onbackorder","11":"taxable","12":"shipping-taxable","13":"purchasable","14":"product-type-simple"},"bundled_by":[],"bundle_stock_status":"onbackorder","bundle_stock_quantity":null,"bundle_virtual":false,"bundle_layout":"","bundle_add_to_cart_form_location":"","bundle_editable_in_cart":false,"bundle_sold_individually_context":"","bundle_item_grouping":"","bundle_min_size":"","bundle_max_size":"","bundle_price":[],"bundled_items":[],"bundle_sell_ids":[],"acf":[],"_links":{"self":[{"href":"https:\/\/hi-techwonder.com\/es\/wp-json\/wp\/v2\/product\/75397","targetHints":{"allow":["GET"]}}],"collection":[{"href":"https:\/\/hi-techwonder.com\/es\/wp-json\/wp\/v2\/product"}],"about":[{"href":"https:\/\/hi-techwonder.com\/es\/wp-json\/wp\/v2\/types\/product"}],"replies":[{"embeddable":true,"href":"https:\/\/hi-techwonder.com\/es\/wp-json\/wp\/v2\/comments?post=75397"}],"wp:featuredmedia":[{"embeddable":true,"href":"https:\/\/hi-techwonder.com\/es\/wp-json\/wp\/v2\/media\/37441"}],"wp:attachment":[{"href":"https:\/\/hi-techwonder.com\/es\/wp-json\/wp\/v2\/media?parent=75397"}],"wp:term":[{"taxonomy":"product_brand","embeddable":true,"href":"https:\/\/hi-techwonder.com\/es\/wp-json\/wp\/v2\/product_brand?post=75397"},{"taxonomy":"product_cat","embeddable":true,"href":"https:\/\/hi-techwonder.com\/es\/wp-json\/wp\/v2\/product_cat?post=75397"},{"taxonomy":"product_tag","embeddable":true,"href":"https:\/\/hi-techwonder.com\/es\/wp-json\/wp\/v2\/product_tag?post=75397"}],"curies":[{"name":"wp","href":"https:\/\/api.w.org\/{rel}","templated":true}]}}