{"id":75404,"date":"2025-07-28T23:25:59","date_gmt":"2025-07-28T23:25:59","guid":{"rendered":"https:\/\/fv6qoy3ls0.wpdns.site\/product\/smallrig-4555-l-grip-para-fujifilm-x100vi-x100v-plata\/"},"modified":"2026-03-23T21:53:47","modified_gmt":"2026-03-23T21:53:47","slug":"smallrig-4555-l-grip-para-fujifilm-x100vi-x100v-plata","status":"publish","type":"product","link":"https:\/\/hi-techwonder.com\/es\/producto\/smallrig-4555-l-grip-para-fujifilm-x100vi-x100v-plata\/","title":{"rendered":"SMALLRIG 4555 L-Grip para FUJIFILM X100VI\/X100V (Plata)"},"content":{"rendered":"<p><\/p>\n<p><strong>Smallrig 4555 L-Grip para FUJIFILM X100VI\/X100V (Plata)<\/strong><\/p>\n<p><\/p>\n<p><strong>Caracter\u00edsticas principales<\/strong><\/p>\n<ol>\n<li data-list=\"bullet\">Mango dedicado para FUJIFILM X100VI\/X100V<\/li>\n<li data-list=\"bullet\">Aumenta la estabilidad y la ergonom\u00eda<\/li>\n<li data-list=\"bullet\">Proporciona acceso sin obstrucciones a las puertas<\/li>\n<li data-list=\"bullet\">Caracter\u00edsticas Placa compatible Tipo Arca<\/li>\n<li data-list=\"bullet\">El acabado texturizado combina con el cuerpo de la c\u00e1mara<\/li>\n<li data-list=\"bullet\">Peso: 82g<\/li>\n<\/ol>\n<p><\/p>\n<p>Esta empu\u00f1adura plateada en forma de L es un accesorio peque\u00f1o pero esencial creado espec\u00edficamente para las c\u00e1maras FUJIFILM X100VI y X100V.  <\/p>\n<p>Se fija a la parte inferior del cuerpo mediante un tornillo de 1\/4&#8243;-20 con almohadillas de silicona integradas para evitar ara\u00f1azos en el cuerpo de la c\u00e1mara.  <\/p>\n<p>El dise\u00f1o mejora la ergonom\u00eda al tiempo que proporciona una placa Arca integrada y cuatro orificios roscados de 1\/4&#8243;-20 en la parte inferior para sujetar placas y tr\u00edpodes Manfrotto.  <\/p>\n<p>Tambi\u00e9n conserva el acceso completo a la bater\u00eda de la c\u00e1mara y a los puertos de la tarjeta de memoria.  <\/p>\n<p>La placa est\u00e1 acabada en aluminio plateado y el \u00e1rea de agarre presenta una superficie texturizada y antideslizante que combina perfectamente con el dise\u00f1o atemporal de la serie X100.<\/p>\n<p><\/p>\n<p><strong>Contenido del paquete:<\/strong><\/p>\n<p>1 x mango en forma de L  <\/p>\n<p>1 x Disparador  <\/p>\n<p>1x Cubierta de zapato  <\/p>\n","protected":false},"excerpt":{"rendered":"<p>Smallrig 4555 L-Grip para FUJIFILM X100VI\/X100V (Plata) Caracter\u00edsticas principales Mango dedicado para FUJIFILM X100VI\/X100V Aumenta la estabilidad y la ergonom\u00eda<\/p>\n","protected":false},"featured_media":21506,"comment_status":"closed","ping_status":"open","template":"","meta":{"_acf_changed":false},"product_brand":[2550],"product_cat":[1087],"product_tag":[],"class_list":{"0":"post-75404","1":"product","2":"type-product","3":"status-publish","4":"has-post-thumbnail","6":"product_brand-smallrig-es","7":"product_cat-zapatas-y-tornillos","9":"first","10":"onbackorder","11":"taxable","12":"shipping-taxable","13":"purchasable","14":"product-type-simple"},"bundled_by":[],"bundle_stock_status":"onbackorder","bundle_stock_quantity":null,"bundle_virtual":false,"bundle_layout":"","bundle_add_to_cart_form_location":"","bundle_editable_in_cart":false,"bundle_sold_individually_context":"","bundle_item_grouping":"","bundle_min_size":"","bundle_max_size":"","bundle_price":[],"bundled_items":[],"bundle_sell_ids":[],"acf":[],"_links":{"self":[{"href":"https:\/\/hi-techwonder.com\/es\/wp-json\/wp\/v2\/product\/75404","targetHints":{"allow":["GET"]}}],"collection":[{"href":"https:\/\/hi-techwonder.com\/es\/wp-json\/wp\/v2\/product"}],"about":[{"href":"https:\/\/hi-techwonder.com\/es\/wp-json\/wp\/v2\/types\/product"}],"replies":[{"embeddable":true,"href":"https:\/\/hi-techwonder.com\/es\/wp-json\/wp\/v2\/comments?post=75404"}],"wp:featuredmedia":[{"embeddable":true,"href":"https:\/\/hi-techwonder.com\/es\/wp-json\/wp\/v2\/media\/21506"}],"wp:attachment":[{"href":"https:\/\/hi-techwonder.com\/es\/wp-json\/wp\/v2\/media?parent=75404"}],"wp:term":[{"taxonomy":"product_brand","embeddable":true,"href":"https:\/\/hi-techwonder.com\/es\/wp-json\/wp\/v2\/product_brand?post=75404"},{"taxonomy":"product_cat","embeddable":true,"href":"https:\/\/hi-techwonder.com\/es\/wp-json\/wp\/v2\/product_cat?post=75404"},{"taxonomy":"product_tag","embeddable":true,"href":"https:\/\/hi-techwonder.com\/es\/wp-json\/wp\/v2\/product_tag?post=75404"}],"curies":[{"name":"wp","href":"https:\/\/api.w.org\/{rel}","templated":true}]}}