{"id":75405,"date":"2025-07-29T10:43:05","date_gmt":"2025-07-29T10:43:05","guid":{"rendered":"https:\/\/fv6qoy3ls0.wpdns.site\/product\/kit-de-tripode-de-video-smallrig-4475-ct210\/"},"modified":"2026-04-22T14:38:54","modified_gmt":"2026-04-22T13:38:54","slug":"smallrig-kit-de-tripode-de-video-smallrig-4475-ct210","status":"publish","type":"product","link":"https:\/\/hi-techwonder.com\/es\/producto\/smallrig-kit-de-tripode-de-video-smallrig-4475-ct210\/","title":{"rendered":"Kit de tr\u00edpode de video SMALLRIG 4475 CT210"},"content":{"rendered":"<p><b>Kit de tr\u00edpode de video Smallrig 4475 CT210&nbsp;<\/b><\/p>\n<p><b><br \/><\/b><\/p>\n<p><b>Caracter\u00edsticas principales:<\/b><\/p>\n<ul>\n<li>Tr\u00edpode de aleaci\u00f3n de aluminio con cabezal fluido.<\/li>\n<li>Capacidad de carga m\u00e1xima de 6 kg (cabezal de v\u00eddeo).<\/li>\n<li>Capacidad de carga m\u00e1xima de 15 kg (patas de tr\u00edpode).<\/li>\n<li>Rango de altura: de 29cm a 192cm.<\/li>\n<li>Altura m\u00e1xima (con la columna central hacia abajo): 155 cm<\/li>\n<li>Longitud cerrada: 61cm<\/li>\n<li>Patas reversibles y columna central.<\/li>\n<li>Se transforma f\u00e1cilmente en un monopie, gracias a la pata desmontable.<\/li>\n<li>Base de media bola de 60 mm de nivelaci\u00f3n r\u00e1pida.<\/li>\n<li>Zapato de liberaci\u00f3n r\u00e1pida Snap-On Manfrotto.<\/li>\n<li>Tornillos para c\u00e1maras de 1\/4&#8243;-20 y 3\/8&#8243;-16.<\/li>\n<li>Pies de goma y con puntas.<\/li>\n<li>Bolsa de transporte, bolsa de pesas, soporte para smartphone.<\/li>\n<\/ul>\n<p><b><\/b><\/p>\n<p>Dise\u00f1ado para videograf\u00eda de viajes, el tr\u00edpode de video CT210 con cabezal fluido de SmallRig cuenta con una pata desmontable para aplicaciones de monopie, una zapata de liberaci\u00f3n r\u00e1pida a presi\u00f3n para facilitar el montaje y una columna central reversible para tomas de \u00e1ngulo bajo. Construido con una aleaci\u00f3n de aluminio duradera y liviana, pesa solo 2,53 kg. <\/p>\n<p><\/p>\n<p>Ideal para c\u00e1maras y equipos compactos y medianos. La placa de liberaci\u00f3n r\u00e1pida es compatible con los cardanes DJI RS 2, RS 3 y RS 3 Pro, para cambios r\u00e1pidos entre tomas atascadas y en movimiento. <\/p>\n<p>El cabezal fluido puede girar 360 \u00b0 e inclinarse + 90 \u00b0 \/ -65 \u00b0, y la media bola de 60 mm facilita la nivelaci\u00f3n r\u00e1pida utilizando el nivel de burbuja. Otras caracter\u00edsticas incluyen una rosca adicional de accesorios de 1\/4&#8243;-20 y una barra de agarre fija de 13.8&#8243; que se puede conectar en cualquier lugar. <\/p>\n<p><\/p>\n<p>El tr\u00edpode tiene patas de cuatro secciones con pies de goma y p\u00faas con tres \u00e1ngulos de ajuste: 23, 55 y 80\u00b0. Las patas cuentan con cierres abatibles para cambios r\u00e1pidos de altura. La columna central ajustable es reversible para tomas de \u00e1ngulo bajo; Se puede montar una pata desmontable en el cabezal fluido para aplicaciones monopi\u00e9 con un rango de altura de 23,6 a 78,7&#8243;. Con la columna central bajada, el tr\u00edpode tiene un rango de altura de 11,4 a 61&#8243;.  &nbsp;<\/p>\n<p>Las patas plegables inversas permiten que el tr\u00edpode, cuando est\u00e1 plegado, sea f\u00e1cil de transportar (bolsa de transporte incluida).<\/p>\n<div class=\"name_fDXOr6EpR9 firstGroupInItem_fDXOr6EpR9\" data-selenium=\"specsItemGroupName\"><font style=\"vertical-align: inherit\"><font style=\"vertical-align: inherit\">Especificaciones principales<\/font><\/font><\/div>\n<table class=\"table_fDXOr6EpR9\" data-selenium=\"specsItemGroupTable\">\n<tbody>\n<tr class=\"pair_KqJ3Q3GPKv keySpec_KqJ3Q3GPKv\" data-selenium=\"specsItemGroupTableRow\">\n<td class=\"label_KqJ3Q3GPKv \" data-selenium=\"specsItemGroupTableColumnLabel\" style=\"border-top: none;padding: 1.25rem 0.625rem 1.25rem 1.8125rem;width: 355.918px;font-size: 1.125rem;font-weight: 600;line-height: 1.375rem;vertical-align: baseline\"><font style=\"vertical-align: inherit\">Tornillo de montaje de la c\u00e1mara<\/font><\/td>\n<td class=\"value_KqJ3Q3GPKv \" data-selenium=\"specsItemGroupTableColumnValue\" style=\"font-size: 1.125rem;line-height: 1.375rem;vertical-align: baseline;padding: 1.25rem 0px 1.25rem 2.5rem\">\n<div class=\"expandableValue_KqJ3Q3GPKv\" style=\"height: auto\"><font style=\"vertical-align: inherit\"><font style=\"vertical-align: inherit\">1x 1\/4&#8243;-20 macho con pasador de localizaci\u00f3n<\/font><\/font><br \/><font style=\"vertical-align: inherit\"><font style=\"vertical-align: inherit\">1x 3\/8&#8243;-16 macho<\/font><\/font><\/div>\n<\/td>\n<\/tr>\n<tr class=\"pair_KqJ3Q3GPKv keySpec_KqJ3Q3GPKv\" data-selenium=\"specsItemGroupTableRow\">\n<td class=\"label_KqJ3Q3GPKv\" data-selenium=\"specsItemGroupTableColumnLabel\" style=\"border-top: none;padding: 1.25rem 0.625rem 1.25rem 1.8125rem;width: 355.918px;font-size: 1.125rem;font-weight: 600;line-height: 1.375rem;vertical-align: baseline\"><font style=\"vertical-align: inherit\">Placa de c\u00e1mara<\/font><\/td>\n<td class=\"value_KqJ3Q3GPKv\" data-selenium=\"specsItemGroupTableColumnValue\" style=\"font-size: 1.125rem;line-height: 1.375rem;vertical-align: baseline;padding: 1.25rem 0px 1.25rem 2.5rem\">\n<div class=\"expandableValue_KqJ3Q3GPKv\" style=\"height: auto\">Liberaci\u00f3n r\u00e1pida: 501PL<\/div>\n<\/td>\n<\/tr>\n<tr class=\"pair_KqJ3Q3GPKv keySpec_KqJ3Q3GPKv\" data-selenium=\"specsItemGroupTableRow\">\n<td class=\"label_KqJ3Q3GPKv\" data-selenium=\"specsItemGroupTableColumnLabel\" style=\"border-top: none;padding: 1.25rem 0.625rem 1.25rem 1.8125rem;width: 355.918px;font-size: 1.125rem;font-weight: 600;line-height: 1.375rem;vertical-align: baseline\"><font style=\"vertical-align: inherit\">Tipo de cabeza<\/font><\/td>\n<td class=\"value_KqJ3Q3GPKv\" data-selenium=\"specsItemGroupTableColumnValue\" style=\"font-size: 1.125rem;line-height: 1.375rem;vertical-align: baseline;padding: 1.25rem 0px 1.25rem 2.5rem\">\n<div class=\"expandableValue_KqJ3Q3GPKv\" style=\"height: auto\">Cabezal fluido<\/div>\n<\/td>\n<\/tr>\n<tr class=\"pair_KqJ3Q3GPKv keySpec_KqJ3Q3GPKv\" data-selenium=\"specsItemGroupTableRow\">\n<td class=\"label_KqJ3Q3GPKv\" data-selenium=\"specsItemGroupTableColumnLabel\" style=\"border-top: none;padding: 1.25rem 0.625rem 1.25rem 1.8125rem;width: 355.918px;font-size: 1.125rem;font-weight: 600;line-height: 1.375rem;vertical-align: baseline\"><font style=\"vertical-align: inherit\">Control de arrastre<\/font><\/td>\n<td class=\"value_KqJ3Q3GPKv\" data-selenium=\"specsItemGroupTableColumnValue\" style=\"font-size: 1.125rem;line-height: 1.375rem;vertical-align: baseline;padding: 1.25rem 0px 1.25rem 2.5rem\">\n<div class=\"expandableValue_KqJ3Q3GPKv\" style=\"height: auto\">S\u00ed<\/div>\n<\/td>\n<\/tr>\n<tr class=\"pair_KqJ3Q3GPKv keySpec_KqJ3Q3GPKv\" data-selenium=\"specsItemGroupTableRow\">\n<td class=\"label_KqJ3Q3GPKv\" data-selenium=\"specsItemGroupTableColumnLabel\" style=\"border-top: none;padding: 1.25rem 0.625rem 1.25rem 1.8125rem;width: 355.918px;font-size: 1.125rem;font-weight: 600;line-height: 1.375rem;vertical-align: baseline\"><font style=\"vertical-align: inherit\">Material de la pata primaria<\/font><\/td>\n<td class=\"value_KqJ3Q3GPKv\" data-selenium=\"specsItemGroupTableColumnValue\" style=\"font-size: 1.125rem;line-height: 1.375rem;vertical-align: baseline;padding: 1.25rem 0px 1.25rem 2.5rem\">\n<div class=\"expandableValue_KqJ3Q3GPKv\" style=\"height: auto\">Aluminio<\/div>\n<\/td>\n<\/tr>\n<tr class=\"pair_KqJ3Q3GPKv keySpec_KqJ3Q3GPKv\" data-selenium=\"specsItemGroupTableRow\">\n<td class=\"label_KqJ3Q3GPKv\" data-selenium=\"specsItemGroupTableColumnLabel\" style=\"border-top: none;padding: 1.25rem 0.625rem 1.25rem 1.8125rem;width: 355.918px;font-size: 1.125rem;font-weight: 600;line-height: 1.375rem;vertical-align: baseline\"><font style=\"vertical-align: inherit\">Altura m\u00e1xima de trabajo<\/font><\/td>\n<td class=\"value_KqJ3Q3GPKv\" data-selenium=\"specsItemGroupTableColumnValue\" style=\"font-size: 1.125rem;line-height: 1.375rem;vertical-align: baseline;padding: 1.25rem 0px 1.25rem 2.5rem\">\n<div class=\"expandableValue_KqJ3Q3GPKv\" style=\"height: auto\">192 cm<\/div>\n<\/td>\n<\/tr>\n<tr class=\"pair_KqJ3Q3GPKv keySpec_KqJ3Q3GPKv\" data-selenium=\"specsItemGroupTableRow\">\n<td class=\"label_KqJ3Q3GPKv\" data-selenium=\"specsItemGroupTableColumnLabel\" style=\"border-top: none;padding: 1.25rem 0.625rem 1.25rem 1.8125rem;width: 355.918px;font-size: 1.125rem;font-weight: 600;line-height: 1.375rem;vertical-align: baseline\"><font style=\"vertical-align: inherit\">Altura m\u00ednima de trabajo<\/font><\/td>\n<td class=\"value_KqJ3Q3GPKv\" data-selenium=\"specsItemGroupTableColumnValue\" style=\"font-size: 1.125rem;line-height: 1.375rem;vertical-align: baseline;padding: 1.25rem 0px 1.25rem 2.5rem\">\n<div class=\"expandableValue_KqJ3Q3GPKv\" style=\"height: auto\">29 cm<\/div>\n<\/td>\n<\/tr>\n<tr class=\"pair_KqJ3Q3GPKv keySpec_KqJ3Q3GPKv\" data-selenium=\"specsItemGroupTableRow\">\n<td class=\"label_KqJ3Q3GPKv\" data-selenium=\"specsItemGroupTableColumnLabel\" style=\"border-top: none;padding: 1.25rem 0.625rem 1.25rem 1.8125rem;width: 355.918px;font-size: 1.125rem;font-weight: 600;line-height: 1.375rem;vertical-align: baseline\"><font style=\"vertical-align: inherit\">Longitud cerrada<\/font><\/td>\n<td class=\"value_KqJ3Q3GPKv\" data-selenium=\"specsItemGroupTableColumnValue\" style=\"font-size: 1.125rem;line-height: 1.375rem;vertical-align: baseline;padding: 1.25rem 0px 1.25rem 2.5rem\">\n<div class=\"expandableValue_KqJ3Q3GPKv\" style=\"height: auto\">61,0 cm<\/div>\n<\/td>\n<\/tr>\n<tr class=\"pair_KqJ3Q3GPKv keySpec_KqJ3Q3GPKv\" data-selenium=\"specsItemGroupTableRow\">\n<td class=\"label_KqJ3Q3GPKv\" data-selenium=\"specsItemGroupTableColumnLabel\" style=\"border-top: none;padding: 1.25rem 0.625rem 1.25rem 1.8125rem;width: 355.918px;font-size: 1.125rem;font-weight: 600;line-height: 1.375rem;vertical-align: baseline\"><font style=\"vertical-align: inherit\">Peso<\/font><\/td>\n<td class=\"value_KqJ3Q3GPKv\" data-selenium=\"specsItemGroupTableColumnValue\" style=\"font-size: 1.125rem;line-height: 1.375rem;vertical-align: baseline;padding: 1.25rem 0px 1.25rem 2.5rem\">\n<div class=\"expandableValue_KqJ3Q3GPKv\" style=\"height: auto\">&nbsp;2,53 kg<\/div>\n<\/td>\n<\/tr>\n<\/tbody>\n<\/table>\n<p><\/p>\n<div>\n<div><b>Contenido del paquete:<\/b><\/div>\n<div>1 x Kit de tr\u00edpode<\/div>\n<div>1 x Manual de usuario<\/div>\n<div>1 x soporte para tel\u00e9fono inteligente<\/div>\n<div>1 x Llave Allen<\/div>\n<div>1 x bolsa de transporte<\/div>\n<div>1 x Bolsa de Pesas<\/div>\n<\/div>\n","protected":false},"excerpt":{"rendered":"<p>Kit de tr\u00edpode de video Smallrig 4475 CT210&nbsp; Caracter\u00edsticas principales: Tr\u00edpode de aleaci\u00f3n de aluminio con cabezal fluido. Capacidad de<\/p>\n","protected":false},"featured_media":66561,"comment_status":"closed","ping_status":"open","template":"","meta":{"_acf_changed":false},"product_brand":[2550],"product_cat":[1091],"product_tag":[],"class_list":{"0":"post-75405","1":"product","2":"type-product","3":"status-publish","4":"has-post-thumbnail","6":"product_brand-smallrig-es","7":"product_cat-kits-de-video-es","9":"first","10":"instock","11":"taxable","12":"shipping-taxable","13":"purchasable","14":"product-type-simple"},"bundled_by":[],"bundle_stock_status":"instock","bundle_stock_quantity":1,"bundle_virtual":false,"bundle_layout":"","bundle_add_to_cart_form_location":"","bundle_editable_in_cart":false,"bundle_sold_individually_context":"","bundle_item_grouping":"","bundle_min_size":"","bundle_max_size":"","bundle_price":[],"bundled_items":[],"bundle_sell_ids":[],"acf":[],"_links":{"self":[{"href":"https:\/\/hi-techwonder.com\/es\/wp-json\/wp\/v2\/product\/75405","targetHints":{"allow":["GET"]}}],"collection":[{"href":"https:\/\/hi-techwonder.com\/es\/wp-json\/wp\/v2\/product"}],"about":[{"href":"https:\/\/hi-techwonder.com\/es\/wp-json\/wp\/v2\/types\/product"}],"replies":[{"embeddable":true,"href":"https:\/\/hi-techwonder.com\/es\/wp-json\/wp\/v2\/comments?post=75405"}],"wp:featuredmedia":[{"embeddable":true,"href":"https:\/\/hi-techwonder.com\/es\/wp-json\/wp\/v2\/media\/66561"}],"wp:attachment":[{"href":"https:\/\/hi-techwonder.com\/es\/wp-json\/wp\/v2\/media?parent=75405"}],"wp:term":[{"taxonomy":"product_brand","embeddable":true,"href":"https:\/\/hi-techwonder.com\/es\/wp-json\/wp\/v2\/product_brand?post=75405"},{"taxonomy":"product_cat","embeddable":true,"href":"https:\/\/hi-techwonder.com\/es\/wp-json\/wp\/v2\/product_cat?post=75405"},{"taxonomy":"product_tag","embeddable":true,"href":"https:\/\/hi-techwonder.com\/es\/wp-json\/wp\/v2\/product_tag?post=75405"}],"curies":[{"name":"wp","href":"https:\/\/api.w.org\/{rel}","templated":true}]}}